{"id":5,"date":"2018-09-23T21:21:24","date_gmt":"2018-09-23T20:21:24","guid":{"rendered":"http:\/\/blog.uclm.es\/proyectoeden\/?page_id=5"},"modified":"2018-09-23T21:21:24","modified_gmt":"2018-09-23T20:21:24","slug":"resumen","status":"publish","type":"page","link":"https:\/\/blog.uclm.es\/proyectoeden\/resumen\/","title":{"rendered":"2. Resumen"},"content":{"rendered":"<p>CTQ2017-91190-EXP<br \/>\nENERGIA DESCARBONIZADORA BASADA EN ELECTROQUIMICA<\/p>\n<p>El proyecto EDEN pretende desarrollar un nuevo sistema de acumulaci\u00f3n de energ\u00eda, basado en una celda electroqu\u00edmica reversible equipada con membranas PBI. El sistema se basa en la generaci\u00f3n, acumulaci\u00f3n y uso de corrientes de cloro e hidr\u00f3geno gas mediante la combinaci\u00f3n de sistemas electrol\u00edticos y de celda de combustible. Los primeros, encargados de la conversi\u00f3n de energ\u00eda el\u00e9ctrica en qu\u00edmica, son bien conocidos y se van a optimizar para la aplicaci\u00f3n que se est\u00e1 desarrollando. Los segundos, encargados de la conversi\u00f3n de energ\u00eda qu\u00edmica en el\u00e9ctrica, se encuentran en un estado muy incipiente, y se va a aprovechar la experiencia de m\u00e1s de quince a\u00f1os en el desarrollo de tecnolog\u00eda PEM de alta temperatura para adecuarlos a la aplicaci\u00f3n a desarrollar. El uso de tecnolog\u00eda de membranas PBI debe permitir operar la celda de combustible sin los problemas generados por la dif\u00edcil gesti\u00f3n del agua resultante de operar celdas de combustibles cloroalcalinas a temperaturas en las que se genera agua l\u00edquida. Adem\u00e1s, el proceso que se pretende desarrollar genera una corriente de sosa que puede ser empleada para la absorci\u00f3n de CO2 en corrientes gaseosas (plante\u00e1ndose la recuperaci\u00f3n de carbonato s\u00f3dico mediante cristalizaci\u00f3n asistida por membranas) y tambi\u00e9n puede reducir la salinidad de aguas salobres y \/o salinas (incluidos los rechazos de procesos de desalinizaci\u00f3n), generando \u00e1cido clorh\u00eddrico de elevada pureza. El sistema EDEN tiene aplicaci\u00f3n directa inmediata en el desarrollo de un nuevo concepto m\u00e1s sostenible de alimentaci\u00f3n el\u00e9ctrica de Estaciones Depuradoras de Aguas Residuales (EDAR) con integraci\u00f3n de procesos de regeneraci\u00f3n, mediante el uso de energ\u00edas renovables, la fijaci\u00f3n del CO2 generado en la incineraci\u00f3n de los gases del digestor y el aprovechamiento de la corriente de rechazo del proceso de desalinizaci\u00f3n producida en el proceso de regeneraci\u00f3n. Se van a caracterizar  todos los procesos y a realizar su integraci\u00f3n en una celda regenerativa prototipo que ser\u00e1 sometida a las condiciones de operaci\u00f3n generadas en el nuevo concepto de EDAR. El \u00e9xito en este proyecto puede suponer un cambio de paradigma en la depuraci\u00f3n de las aguas contribuyendo al desarrollo de procesos m\u00e1s sostenibles que los actuales con una menor huella de carbono. Esta propuesta tiene la belleza de la simplicidad: no trata de hacer tecnolog\u00eda compleja sino de utilizar de modo inteligente procesos existentes, aprovechando las principales caracter\u00edsticas de cada una de las tecnolog\u00edas implicadas<\/p>\n","protected":false},"excerpt":{"rendered":"<p>CTQ2017-91190-EXP ENERGIA DESCARBONIZADORA BASADA EN ELECTROQUIMICA El proyecto EDEN pretende desarrollar un nuevo sistema de acumulaci\u00f3n de energ\u00eda, basado en una celda electroqu\u00edmica reversible equipada con membranas PBI. El sistema se basa en la generaci\u00f3n, acumulaci\u00f3n y uso de corrientes de cloro e hidr\u00f3geno gas mediante la combinaci\u00f3n de sistemas electrol\u00edticos y de celda de &hellip; <\/p>\n<p class=\"link-more\"><a href=\"https:\/\/blog.uclm.es\/proyectoeden\/resumen\/\" class=\"more-link\">Continuar leyendo<span class=\"screen-reader-text\"> \u00ab2. Resumen\u00bb<\/span><\/a><\/p>\n","protected":false},"author":213,"featured_media":0,"parent":0,"menu_order":0,"comment_status":"closed","ping_status":"closed","template":"","meta":{"footnotes":""},"class_list":["post-5","page","type-page","status-publish","hentry"],"_links":{"self":[{"href":"https:\/\/blog.uclm.es\/proyectoeden\/wp-json\/wp\/v2\/pages\/5","targetHints":{"allow":["GET"]}}],"collection":[{"href":"https:\/\/blog.uclm.es\/proyectoeden\/wp-json\/wp\/v2\/pages"}],"about":[{"href":"https:\/\/blog.uclm.es\/proyectoeden\/wp-json\/wp\/v2\/types\/page"}],"author":[{"embeddable":true,"href":"https:\/\/blog.uclm.es\/proyectoeden\/wp-json\/wp\/v2\/users\/213"}],"replies":[{"embeddable":true,"href":"https:\/\/blog.uclm.es\/proyectoeden\/wp-json\/wp\/v2\/comments?post=5"}],"version-history":[{"count":0,"href":"https:\/\/blog.uclm.es\/proyectoeden\/wp-json\/wp\/v2\/pages\/5\/revisions"}],"wp:attachment":[{"href":"https:\/\/blog.uclm.es\/proyectoeden\/wp-json\/wp\/v2\/media?parent=5"}],"curies":[{"name":"wp","href":"https:\/\/api.w.org\/{rel}","templated":true}]}}