{"id":21,"date":"2018-09-23T21:30:29","date_gmt":"2018-09-23T20:30:29","guid":{"rendered":"http:\/\/blog.uclm.es\/proyectoeden\/?page_id=21"},"modified":"2022-10-25T16:37:54","modified_gmt":"2022-10-25T16:37:54","slug":"6-participa","status":"publish","type":"page","link":"https:\/\/blog.uclm.es\/proyectoeden\/6-participa\/","title":{"rendered":"6. Progreso del proyecto. Cumplimiento de Objetivos"},"content":{"rendered":"<p>El proyecto ha sido completado.<\/p>\n<p><strong>Cumplimiento de objetivos<\/strong><\/p>\n<p>Objetivo 1: Desarrollo tecnol\u00f3gico de sistemas de electrolisis<br \/>\nSe han cubierto los siguientes objetivos parciales:<br \/>\n1.Dise\u00f1o, construcci\u00f3n y comprobaci\u00f3n el\u00e9ctrica e hidr\u00e1ulica de prototipo de celda electroqu\u00edmica bicompartimentada con separador de membrana polim\u00e9rica, para operar en modo electrol\u00edtico (prototipo 1)<br \/>\n2. Dise\u00f1o, construcci\u00f3n y comprobaci\u00f3n el\u00e9ctrica e hidr\u00e1ulica de prototipo de celda electroqu\u00edmica con MEA (ensamblaje electrodo-membrana) para operar en modo electrol\u00edtico (prototipo 2)<br \/>\n3. Desarrollo de materiales electr\u00f3dicos con cuatro formulaciones del tipo Ti\/Rux Tiy Pt1-x-y, para ser evaluadas en la oxidaci\u00f3n de cloruros a cloro para acoplar a prototipo 1<br \/>\n4. Desarrollo de una formaci\u00f3n del tipo Ti\/ Tiy Pt1-y para la generaci\u00f3n de hidr\u00f3geno por reducci\u00f3n de agua.<br \/>\n5. Desarrollo de dos formulaciones Ti poroso\/Rux Tiy Pt1-x-y para acoplamiento en prototipo 2<br \/>\n6. Desarrollo de una formulaci\u00f3n C\/ Tiy Pt1-x-y para acoplamiento en prototipo 2<br \/>\n7. Desarrollo de formulaciones basadas en recubrimientos de diamante en colaboraci\u00f3n con empresa ADAMANT technologies para evaluar oxidaci\u00f3n de cloruro a cloro.<br \/>\n8. Evaluaci\u00f3n de la influencia de la composici\u00f3n de los electrolitos, incluyendo rechazos de electrodialisis<br \/>\n9. Desarrollo de gas\u00f3metros a nivel de laboratorio para retener el cloro y el hidr\u00f3geno<br \/>\n10. Dise\u00f1o, construcci\u00f3n y comprobaci\u00f3n el\u00e9ctrica e neum\u00e1tica de prototipo de celda electroqu\u00edmica con MEA (ensamblaje electrodo-membrana) para en fase gas sistemas con \u00e1cido clorh\u00eddrico (prototipo 3)<br \/>\n11. Evaluaci\u00f3n en modo electrolisis de la eficiencia en la generaci\u00f3n de cloro e hidr\u00f3geno operando en diferentes condiciones para cada una de las celdas y de los materiales electr\u00f3dicos.<br \/>\nCon todos estos objetivos parciales, el objetivo global inicial de desarrollar el sistema electrol\u00edtico ha sido cubierto completamente.<\/p>\n<p>Objetivo 2: Desarrollo de celdas de combustible PEM basadas en PBI para producci\u00f3n de energ\u00eda a partir de cloro e hidr\u00f3geno<br \/>\nSe han cubierto los siguientes objetivos parciales:<br \/>\n1. Adaptaci\u00f3n del prototipo 1 (celda bicompartimentada con separador de membrana) para trabajar en modo celda de combustible mediante su conversi\u00f3n en electro-absorbedor. Comprobaci\u00f3n de funcionamiento el\u00e9ctrico e hidr\u00e1ulico. (tarea compartida con objetivo 5)<br \/>\n2. Adaptaci\u00f3n del prototipo 2 (celda electroqu\u00edmica con MEA) para trabajar en modo celda de combustible mediante su conversi\u00f3n en electro-absorbedor. Comprobaci\u00f3n del funcionamiento el\u00e9ctrico e hidr\u00e1ulico. (tarea compartida con objetivo 5)<br \/>\n3. Dise\u00f1o, construcci\u00f3n y comprobaci\u00f3n el\u00e9ctrica e hidr\u00e1ulica de prototipo de celda electroqu\u00edmica con MEA (ensamblaje electrodo-membrana) para operar con gases a elevada temperatura utilizando membranas PBI (prototipo 3)<br \/>\n4. Dise\u00f1o, construcci\u00f3n y comprobaci\u00f3n de sistemas de absorci\u00f3n mediante dispositivos mezcladores Venturi y mediante dispositivos mec\u00e1nicos basados en cambio brusco de presiones<br \/>\n5. Evaluaci\u00f3n del comportamiento de las distintas formulaciones Ti\/Rux Tiy Pt1-x-y y carbono\/Rux Tiy Pt1-x-y para la generaci\u00f3n de electricidad a partir de hipoclorito y de hidr\u00f3geno gas.<br \/>\nCon todos estos objetivos parciales, el objetivo global inicial de desarrollar el sistema celda de combustible ha sido cubierto completamente.<\/p>\n<p>Objetivo 3: Absorci\u00f3n de CO2 y producci\u00f3n de carbonato s\u00f3dico<br \/>\nSe han cubierto los siguientes objetivos parciales:<br \/>\n1. Evaluaci\u00f3n de las mejores condiciones para el proceso de absorci\u00f3n mediante estudio de simulaci\u00f3n con ASPEN para ajustar el proceso de fijaci\u00f3n de di\u00f3xido de carbono<br \/>\n2. Dise\u00f1o, construcci\u00f3n y comprobaci\u00f3n hidr\u00e1ulica una planta de electro-absorci\u00f3n con columna de absorci\u00f3n de relleno equipada con reactor electroqu\u00edmico de doble compartimento.<br \/>\n3. Dise\u00f1o, construcci\u00f3n y comprobaci\u00f3n hidr\u00e1ulica una planta de electro-absorci\u00f3n con tecnolog\u00eda spray drying equipada con reactor electroqu\u00edmico de doble compartimento.<br \/>\n4. Estudios de fijaci\u00f3n de di\u00f3xido de carbono con las dos plantas de absorci\u00f3n construidas utilizando diferentes modelos de disoluci\u00f3n absorbente<br \/>\n5. Estudios de fijaci\u00f3n de di\u00f3xido de carbono con las dos plantas de absorci\u00f3n construidas utilizando diferentes el catolito del proceso electrol\u00edtico.<br \/>\n6. Desarrollo del sistema de secado de carbonatos \/bicarbonatos con prototipos el\u00e9ctricos y t\u00e9rmicos y obtenci\u00f3n de balances energ\u00e9ticos<br \/>\nCon todos estos objetivos parciales, el objetivo global inicial de desarrollar el sistema de absorci\u00f3n de di\u00f3xido de carbono y producci\u00f3n de bicarbonatos ha sido cubierto completamente.<\/p>\n<p>Objetivo 4: Alimentaci\u00f3n con fuentes de energ\u00eda renovable del proceso de producci\u00f3n de cloro y sosa. Se han cubierto los siguientes objetivos parciales:<br \/>\n1. Adecuaci\u00f3n del sistema de paneles y aerogeneradores existentes para conexionado con celdas proceso EDEN<br \/>\n2. Desarrollo de sistema de alimentaci\u00f3n reversible carga \/descarga<br \/>\n3. Obtenci\u00f3n de patrones solares y e\u00f3licos<br \/>\n4. evaluaci\u00f3n de las condiciones de alimentaci\u00f3n a sistemas con celda tipo EDEN.<br \/>\nCon todos estos objetivos parciales, el objetivo global inicial de conexionar energ\u00edas renovables con el sistema reversible electrolizador\/celda combustible ha sido cubierto completamente.<\/p>\n<p>Objetivo 5: Escalado, Integraci\u00f3n e Ingenier\u00eda de Procesos. Se han cubierto los siguientes objetivos parciales:<br \/>\n1. En coordinaci\u00f3n con los objetivos 1 y 2, se ha trabajado en la reversibilidad de la celda electroqu\u00edmica prototipo 1 para ser operada en modo pila de combustible y electrolizador incluyendo el desarrollo de gas\u00f3metros y el de sistemas de formaci\u00f3n de microburbuja.<br \/>\n2. En coordinaci\u00f3n con el objetivo 2, se ha trabajado en la reversibilidad de la celda electroqu\u00edmica prototipo 1 para ser operada en modo pila de combustible y electrolizador<br \/>\n3. En coordinaci\u00f3n con el objetivo 3, se ha desarrollado un simulador con ASPEN sobre el proceso de absorci\u00f3n de CO2 con corrientes fuertemente alcalinas de sosa y la posterior cristalizaci\u00f3n de las especies insolubles.<br \/>\n4. Se han integrado todos los elementos constructivos a nivel de laboratorio y se han realizado las pruebas de integraci\u00f3n necesarias para la obtenci\u00f3n de datos de dise\u00f1o del prototipo \u201cprueba de concepto\u201d<br \/>\n5. Se ha evaluado la utilizaci\u00f3n de concentradores parab\u00f3licos para realizar el secado de los carbonatos generados por absorci\u00f3n del di\u00f3xido de carbono en las disoluciones de sosa producidas electrol\u00edticamente.<br \/>\nCon todos estos objetivos parciales, el objetivo global inicial de desarrollar la ingenier\u00eda de proceso y obtener la informaci\u00f3n necesaria para la construcci\u00f3n del prototipo prueba de concepto ha sido cubierto completamente.<\/p>\n<p>Objetivo 6: Prueba de concepto de la tecnolog\u00eda completa. Se han cubierto los siguientes objetivos parciales:<br \/>\n1. Dise\u00f1o de una planta prototipo y adquisici\u00f3n y\/o construcci\u00f3n (para minimizar costes y ajustarnos al presupuesto) de todos los elementos, incluyendo paneles solares, gas\u00f3metros para acumulaci\u00f3n de cloro e hidr\u00f3geno, concentradores solares parab\u00f3licos<br \/>\n2. Construcci\u00f3n y realizaci\u00f3n de pruebas el\u00e9ctricas, hidr\u00e1ulicas y neum\u00e1ticas con la planta prueba de concepto<br \/>\n3. Realizaci\u00f3n de estudios para la comprobaci\u00f3n completa de la tecnolog\u00eda.<br \/>\nCon todos estos objetivos parciales, el objetivo global inicial de realizar la prueba de concepto del proyecto propuesto ha sido cubierto completamente.<\/p>\n<p>Objetivo 7. Gesti\u00f3n organizativa y del conocimiento.<br \/>\nSe ha desarrollado de acuerdo con lo planificado. Se han gestionado<br \/>\n1. Contrataci\u00f3n de personal<br \/>\n2. Trabajos fin de grado y de m\u00e1ster<br \/>\n3. Econom\u00eda del proyecto<br \/>\n4. Coordinaci\u00f3n y prospectiva de resultados cient\u00edfico t\u00e9cnicos obtenidos y relacionados con el proyecto<br \/>\n5. Presentaci\u00f3n de comunicaciones en congreso (un total del 11)<br \/>\n6. Publicaciones (un total de quince)<br \/>\n7. Colaboraci\u00f3n de grupos de investigaci\u00f3n y empresas.<br \/>\n8. La solicitud al plan nacional de un proyecto en la convocatoria Retos de la Sociedad (NEAT4SUsT+, PID2019-107271RB-I00), en el que una de las partes esta estrechamente ligada con este proyecto y que permitir\u00e1 aumentar el TRL desde el 3-4 que se ha conseguido con EDEN mejorando las aproximaciones realizadas en este proyecto. El proyecto NEAT4SUST+ fue concedido y actualmente se encuentra en ejecuci\u00f3n. Otros elementos de este proyecto (basados en el sistemas combinados de absorci\u00f3n\/electrolisis) est\u00e1n basados en los novedosos conceptos desarrollados en EDEN.<br \/>\n9. El registro de la marca EDEN\u00ae para la tecnolog\u00eda desarrollada en el proyecto ante la Oficina Nacional de Patentes y Marcas, dado que creemos firmemente que la idea puede conseguir materializarse.<br \/>\n10. La solicitud de dos proyectos en el plan nacional y regional para seguir desarrollando la tecnolog\u00eda aplicada al sector del vino (estrat\u00e9gico en castilla la Mancha) y en motores h\u00edbridos de automoci\u00f3n.<\/p>\n<p>Con todos estos objetivos parciales, el objetivo global inicial de realizar una correcta gesti\u00f3n organizativa y del conocimiento ha sido cubierto completamente.<\/p>\n","protected":false},"excerpt":{"rendered":"<p>El proyecto ha sido completado. Cumplimiento de objetivos Objetivo 1: Desarrollo tecnol\u00f3gico de sistemas de electrolisis Se han cubierto los siguientes objetivos parciales: 1.Dise\u00f1o, construcci\u00f3n y comprobaci\u00f3n el\u00e9ctrica e hidr\u00e1ulica de prototipo de celda electroqu\u00edmica bicompartimentada con separador de membrana polim\u00e9rica, para operar en modo electrol\u00edtico (prototipo 1) 2. Dise\u00f1o, construcci\u00f3n y comprobaci\u00f3n el\u00e9ctrica e &hellip; <\/p>\n<p class=\"link-more\"><a href=\"https:\/\/blog.uclm.es\/proyectoeden\/6-participa\/\" class=\"more-link\">Continuar leyendo<span class=\"screen-reader-text\"> \u00ab6. Progreso del proyecto. Cumplimiento de Objetivos\u00bb<\/span><\/a><\/p>\n","protected":false},"author":213,"featured_media":0,"parent":0,"menu_order":0,"comment_status":"closed","ping_status":"closed","template":"","meta":{"footnotes":""},"class_list":["post-21","page","type-page","status-publish","hentry"],"_links":{"self":[{"href":"https:\/\/blog.uclm.es\/proyectoeden\/wp-json\/wp\/v2\/pages\/21","targetHints":{"allow":["GET"]}}],"collection":[{"href":"https:\/\/blog.uclm.es\/proyectoeden\/wp-json\/wp\/v2\/pages"}],"about":[{"href":"https:\/\/blog.uclm.es\/proyectoeden\/wp-json\/wp\/v2\/types\/page"}],"author":[{"embeddable":true,"href":"https:\/\/blog.uclm.es\/proyectoeden\/wp-json\/wp\/v2\/users\/213"}],"replies":[{"embeddable":true,"href":"https:\/\/blog.uclm.es\/proyectoeden\/wp-json\/wp\/v2\/comments?post=21"}],"version-history":[{"count":1,"href":"https:\/\/blog.uclm.es\/proyectoeden\/wp-json\/wp\/v2\/pages\/21\/revisions"}],"predecessor-version":[{"id":75,"href":"https:\/\/blog.uclm.es\/proyectoeden\/wp-json\/wp\/v2\/pages\/21\/revisions\/75"}],"wp:attachment":[{"href":"https:\/\/blog.uclm.es\/proyectoeden\/wp-json\/wp\/v2\/media?parent=21"}],"curies":[{"name":"wp","href":"https:\/\/api.w.org\/{rel}","templated":true}]}}