{"id":19,"date":"2018-09-23T21:29:53","date_gmt":"2018-09-23T20:29:53","guid":{"rendered":"http:\/\/blog.uclm.es\/proyectoeden\/?page_id=19"},"modified":"2018-09-23T21:29:53","modified_gmt":"2018-09-23T20:29:53","slug":"5-difusion-de-resultados","status":"publish","type":"page","link":"https:\/\/blog.uclm.es\/proyectoeden\/5-difusion-de-resultados\/","title":{"rendered":"5. Difusi\u00f3n de resultados"},"content":{"rendered":"<p>Publicaciones en revista<\/p>\n<p>1.\tCarvela, M., Lobato, J., Rodrigo, M.A. Improving stability of chloralkaline high-temperature PBI-PEMFCs (2022) Journal of Electroanalytical Chemistry, 904, art. no. 115940, .  DOI: 10.1016\/j.jelechem.2021.115940<\/p>\n<p>2.\tCarvela, M., Mena, I.F., Raschitor, A., Lobato, J., Rodrigo, M.A. Towards the Electrochemical Retention of CO2: Is it Worth it? (2021) ChemElectroChem, 8 (20), pp. 3947-3953. DOI: 10.1002\/celc.202101080 OPEN ACCESS: All Open Access, Hybrid Gold<\/p>\n<p>3.\tCarvela, M., Santos, G.O.S., Gonzaga, I.M.D., Eguiluz, K.I.B., Lobato, J., Salazar-Banda, G.R., Rodrigo, M.A. Platinum: A key element in electrode composition for reversible chloralkaline electrochemical cells (2021) International Journal of Hydrogen Energy, 46 (64), pp. 32602-32611. DOI: 10.1016\/j.ijhydene.2021.07.089 OPEN ACCESS: All Open Access, Hybrid Gold<\/p>\n<p>4.\tAcosta-Santoyo, G., Le\u00f3n-Fern\u00e1ndez, L.F., Bustos, E., Ca\u00f1izares, P., Rodrigo, M.A., Llanos, J. Valorization of high-salinity effluents for CO2 fixation and hypochlorite generation (2021) Chemosphere, 285, art. no. 131359, . Cited 1 time. DOI: 10.1016\/j.chemosphere.2021.131359 OPEN ACCESS: All Open Access, Hybrid Gold<\/p>\n<p>5.\tCarvela, M., Lobato, J., Rodrigo, M.A. Chloralkali low temperature PEM reversible electrochemical cells (2021) Electrochimica Acta, 387, art. no. 138542, . Cited 2 times. DOI: 10.1016\/j.electacta.2021.138542. OPEN ACCESS: All Open Access, Hybrid Gold<\/p>\n<p>6.\tSouza, F.L., S\u00e1ez, C., Ca\u00f1izares, P., Rodrigo, M.A. Improving the degradation of low concentration of microcystin-LR with PEM electrolyzers and photo-electrolyzers (2021) Separation and Purification Technology, 259, art. no. 118189, . Cited 2 times. DOI: 10.1016\/j.seppur.2020.118189 OPEN ACCESS: All Open Access, Green<\/p>\n<p>7.\tCarvela, M., Raschitor, A., Rodrigo, M.A., Lobato, J. Recent progress in catalysts for hydrogen-chlorine regenerative fuel cells (2020) Catalysts, 10 (11), art. no. 1263, pp. 1-22. Cited 4 times. DOI: 10.3390\/catal10111263 OPEN ACCESS: All Open Access, Gold, Green<\/p>\n<p>8.\tCarvela, M., Conti, J., Lobato, J., Scialdone, O., Rodrigo, M.A. Effect of the anode composition on the performance of reversible chlor-alkali electro-absorption cells (2020) Separation and Purification Technology, 248, art. no. 117017, . Cited 4 times. DOI: 10.1016\/j.seppur.2020.117017<\/p>\n<p>9.\tCarvela, M., Lobato, J., Rodrigo, M.A. Storage of energy using a gas-liquid H2\/Cl2 fuel cell: A first approach to electrochemically-assisted absorbers (2020) Chemosphere, 254, art. no. 126795, . Cited 6 times. DOI: 10.1016\/j.chemosphere.2020.126795.OPEN ACCESS: All Open Access, Green<\/p>\n<p>10.\tGaniyu, S.O., Mart\u00ednez-Huitle, C.A., Rodrigo, M.A. Renewable energies driven electrochemical wastewater\/soil decontamination technologies: A critical review of fundamental concepts and applications (2020) Applied Catalysis B: Environmental, 270, art. no. 118857, . Cited 89 times. DOI: 10.1016\/j.apcatb.2020.118857 OPEN ACCESS: All Open Access, Green<\/p>\n<p>11.\tSantos, G.O.S., Eguiluz, K.I.B., Salazar-Banda, G.R., Saez, C., Rodrigo, M.A. Photoelectrolysis of clopyralid wastes with a novel laser-prepared MMO-RuO2TiO2 anode. (2020) Chemosphere, 244, art. no. 125455, . Cited 22 times. DOI: 10.1016\/j.chemosphere.2019.125455 OPEN ACCESS: All Open Access, Green<\/p>\n<p>12.\tSantos, G.O.S., Eguiluz, K.I.B., Salazar-Banda, G.R., S\u00e1ez, C., Rodrigo, M.A. Understanding the electrolytic generation of sulfate and chlorine oxidative species with different boron-doped diamond anodes. (2020) Journal of Electroanalytical Chemistry, 857, art. no. 113756, . Cited 21 times. DOI: 10.1016\/j.jelechem.2019.113756. OPEN ACCESS: All Open Access, Green<\/p>\n<p>13.\tMoraleda, I., Cotillas, S., Llanos, J., S\u00e1ez, C., Ca\u00f1izares, P., Pupunat, L., Rodrigo, M.A. Can the substrate of the diamond anodes influence on the performance of the electrosynthesis of oxidants? (2019) Journal of Electroanalytical Chemistry, 850, art. no. 113416, . Cited 8 times. DOI: 10.1016\/j.jelechem.2019.113416. OPEN ACCESS: All Open Access, Green<\/p>\n<p>14.\tLacasa, E., Cotillas, S., Saez, C., Lobato, J., Ca\u00f1izares, P., Rodrigo, M.A. Environmental applications of electrochemical technology. What is needed to enable full-scale applications? (2019) Current Opinion in Electrochemistry, 16, pp. 149-156. Cited 47 times. DOI: 10.1016\/j.coelec.2019.07.002<\/p>\n<p>15.\tCarvela, M., Mena, I.F., Lobato, J., Rodrigo, M.A.  Using solar power regulation to electrochemically capture carbon dioxide: process integration and case studies. Energy Reports 8 (2022) 4957\u20134963 DOI: https:\/\/doi.org\/10.1016\/j.egyr.2022.03.198<\/p>\n<p>Presentaciones en congreso<\/p>\n<p>1.\tM. Carvela, J.Lobato, C.M. Fern\u00e1ndez-Marchante, M.A. Rodrigo. Influence of the anode composition on performance of reversible chlorine PEM cells. 25th Topical Meeting of the International Society of Electrochemistry:  New electrochemical processes for energy and the environment. Toledo (Spain), 12-15 may 2019. Poster.<br \/>\n2.\tM. Carvela, S. D\u00edaz, C.M. Fern\u00e1ndez-Marchante, M.A. Rodrigo, J. Lobato. Reversible hydrogen-chlorine PEM cells. 3rd International Congress of Chemical Engineering. ANQUE-ICCE-CIBIQ 2019. Santander, June 19-21, 2019, Comunicaci\u00f3n Oral.<br \/>\n3.\tM. Carvela, S. D\u00edaz, C.M. Fern\u00e1ndez-Marchante, M.A. Rodrigo, J. Lobato. Influence of the anode composition on performance of reversible chlorine PEM cells. Symposium on Hydrogen, fuel cells and advanced batteries HYCELTEC 2019. Barcelona (Spain), 1-3 july 2019. Comunicaci\u00f3n Oral.<br \/>\n4.\tM.A. Rodrigo, P. Ca\u00f1izares, J. Villase\u00f1or, L. Rodriguez, J. Lobato, C. Saez, F.J. Fern\u00e1ndez, J. Llanos, C.M.Fernandez-Marchante, E. Lacasa. Nuevas fronteras de la tecnolog\u00eda electroqu\u00edmica en energ\u00eda y medio ambiente. 36 Jornadas Nacionales de Ingenier\u00eda Qu\u00edmica. Zaragoza (Spain), 4-6 september 2019, Conferencia Plenaria.<br \/>\n5.\tM. Carvela, J. Lobato, C.M. Fern\u00e1ndez Marchante, M.A.Rodrigo . Assessment of Reversible Hydrogen-Chlorine PEM cell working with different Mixed Metal Oxides electrodes. IX Jornadas doctorales UCLM. Ciudad Real, november 2019. Poster.<br \/>\n6.\tM. Carvela, J. Lobato, M.A. Rodrigo. Scale-up Effect on Performance of Reversible Chlor-Alkali Electro-Absortion Cells. 71st Annual Meeting of the International Society of Electrochemistry: Electrochemistry towards Excellence. Belgrade (Serbia), 30 august-4 september 2020. Poster.<br \/>\n7.\tM. Carvela, J. Lobato, M.A. Rodrigo. Celdas cloroalcalinas: un cl\u00e1sico para una nueva forma de almacenar energ\u00eda. V Workshop de la Red E3TECH \/ I Workshop Iberoamericano a Distancia E3TECH \u00abAplicaciones Medioambientales y Energ\u00e9ticas de la Tecnolog\u00eda Electroqu\u00edmica\u00bb. Online, 28-31 october. Comunicaci\u00f3n oral.<br \/>\n8.\tM. Carvela, I. F.Mena, M. Mill\u00e1n, J. Lobato, M.A. Rodrigo. New Findings in a Chlor-alkali PEM Reversible Fuel Cell. 29th Topical Meeting of the International Society of Electrochemistry: Energy and water: electrochemistry in securing the sustainable society development. Mikulov, (Czech Republic)-Online, 18-21 april 2021. Comunicaci\u00f3n oral.<br \/>\n9.\tM. Carvela, S.D\u00edaz-Abad, J. Lobato, M.A. Rodrigo. Effect of operation temperature on the performance of Hydrogen-Chlorine PEM Fuel Cells. 12th European Symposium on Electrochemical Engineering (ESEE): Electrochemistry for electrification and energy transition towards a sustainable future. Leeuwarden, (The Netherlands)-Online, 14-17 june 2021. Comunicaci\u00f3n oral.<br \/>\n10.\tM. Carvela, A. Raschitor, J. Lobato, M.A. Rodrigo. Study of Use of Sodium Hydroxide Produced in a Chlor Alkali Cell to Reduce Carbon Footprint Using a New Spraying System. 41st Meeting of the Electrochemistry Group of the Spanish Royal Society of Chemistry (RSEQ) \/ 1st French\u2010Spanish Atelier\/Workshop on Electrochemistry: Current Trends in Electrochemistry. Paris, (Francia)-Online, 6-9 july 2021. Comunicaci\u00f3n oral.<br \/>\n11.\tM. Carvela, I. F.Mena,  C.M. Fern\u00e1ndez Marchante, J. Lobato, M.A. Rodrigo. Electrochemically-assisted CO2 Capture using Solar Photovoltaic Powering. 72nd Annual Meeting of the International Society of Electrochemistry: Electrochemistry from Fundamentals to Products. Jeju, Island (Korea)-Online, 29 august-3 september 2021. Comunicaci\u00f3n oral.<\/p>\n","protected":false},"excerpt":{"rendered":"<p>Publicaciones en revista 1. Carvela, M., Lobato, J., Rodrigo, M.A. Improving stability of chloralkaline high-temperature PBI-PEMFCs (2022) Journal of Electroanalytical Chemistry, 904, art. no. 115940, . DOI: 10.1016\/j.jelechem.2021.115940 2. Carvela, M., Mena, I.F., Raschitor, A., Lobato, J., Rodrigo, M.A. Towards the Electrochemical Retention of CO2: Is it Worth it? (2021) ChemElectroChem, 8 (20), pp. 3947-3953. &hellip; <\/p>\n<p class=\"link-more\"><a href=\"https:\/\/blog.uclm.es\/proyectoeden\/5-difusion-de-resultados\/\" class=\"more-link\">Continuar leyendo<span class=\"screen-reader-text\"> \u00ab5. Difusi\u00f3n de resultados\u00bb<\/span><\/a><\/p>\n","protected":false},"author":213,"featured_media":0,"parent":0,"menu_order":0,"comment_status":"closed","ping_status":"closed","template":"","meta":{"footnotes":""},"class_list":["post-19","page","type-page","status-publish","hentry"],"_links":{"self":[{"href":"https:\/\/blog.uclm.es\/proyectoeden\/wp-json\/wp\/v2\/pages\/19","targetHints":{"allow":["GET"]}}],"collection":[{"href":"https:\/\/blog.uclm.es\/proyectoeden\/wp-json\/wp\/v2\/pages"}],"about":[{"href":"https:\/\/blog.uclm.es\/proyectoeden\/wp-json\/wp\/v2\/types\/page"}],"author":[{"embeddable":true,"href":"https:\/\/blog.uclm.es\/proyectoeden\/wp-json\/wp\/v2\/users\/213"}],"replies":[{"embeddable":true,"href":"https:\/\/blog.uclm.es\/proyectoeden\/wp-json\/wp\/v2\/comments?post=19"}],"version-history":[{"count":0,"href":"https:\/\/blog.uclm.es\/proyectoeden\/wp-json\/wp\/v2\/pages\/19\/revisions"}],"wp:attachment":[{"href":"https:\/\/blog.uclm.es\/proyectoeden\/wp-json\/wp\/v2\/media?parent=19"}],"curies":[{"name":"wp","href":"https:\/\/api.w.org\/{rel}","templated":true}]}}