{"id":11,"date":"2018-09-23T21:23:29","date_gmt":"2018-09-23T20:23:29","guid":{"rendered":"http:\/\/blog.uclm.es\/proyectoeden\/?page_id=11"},"modified":"2018-09-23T21:23:29","modified_gmt":"2018-09-23T20:23:29","slug":"3-investigadores","status":"publish","type":"page","link":"https:\/\/blog.uclm.es\/proyectoeden\/3-investigadores\/","title":{"rendered":"3. Investigadores"},"content":{"rendered":"<p>Equipo de investigaci\u00f3n<\/p>\n<p>Manuel Andr\u00e9s Rodrigo. Ha coordinado la optimizaci\u00f3n del electrolizador y las pruebas de concepto tecnol\u00f3gico, adem\u00e1s de coordinar el proyecto.<\/p>\n<p>Pablo Ca\u00f1izares. Ha sido el responsable de la optimizaci\u00f3n de la etapa f\u00edsico qu\u00edmica y participar\u00e1 en el desarrollo de la celda de combustible y en las etapas de integraci\u00f3n tecnol\u00f3gica.<\/p>\n<p>Justo Lobato. Aporta experiencia en desarrollo y caracterizaci\u00f3n de celdas de combustible PEM de alta temperatura, y  coordina la etapa 2, en la que se ha desarrollado la celda de combustible que utiliza Cl2 y H2 y la 5 en la que se integran todas las tecnolog\u00edas, participando tambi\u00e9n en la etapa de prueba de concepto tecnol\u00f3gico.<\/p>\n<p>Cristina S\u00e1ez. Aporta experiencia en sistemas electrol\u00edticos, en tecnolog\u00eda de cloro y en integraci\u00f3n de sistemas de generaci\u00f3n de energ\u00eda verde con sistemas electrol\u00edticos, ha participado en la actividad 1 y coordinar\u00e1 la etapa 4, participando en el resto de actividades de integraci\u00f3n.<\/p>\n<p>Javier Llanos. Ha trabajado en el desarrollo del electrolizador, prestando especial atenci\u00f3n a la corriente de sosa generada, ya que ha coordinado la transici\u00f3n entre la etapa 1 (Desarrollo tecnol\u00f3gico de sistemas de electrolisis de aguas salobres y salinas) y la 3 (Absorci\u00f3n de CO2 y producci\u00f3n de carbonato s\u00f3dico).<\/p>\n<p>Carmen Mar\u00eda Fern\u00e1ndez. Ha colaborado en la etapa 2 y en la integraci\u00f3n tecnol\u00f3gica mediante el desarrollo de la celda regenerativa. En la Figura 2 aparecen las actividades responsabilidad de cada investigador y los equipos de trabajo incluyendo los contratados solicitados.<\/p>\n<p>Equipo de Trabajo y colaboraciones:<\/p>\n<p>Mireya Carvela Soler. Contratada Segunda-O para realizar tareas de investigaci\u00f3n en las distintas actividades seg\u00fan se especifica en la memoria. Est\u00e1 desarrollando su tesis doctoral en el marco del proyecto<\/p>\n<p>Onofrio Scialdone. Colaboraci\u00f3n en desarrollo de celdas electroqu\u00edmicas<\/p>\n<p>Giancarlo Salazar Banda. Colaboraci\u00f3n en desarrollo de electrodos MMO para oxidaci\u00f3n de cloruros<\/p>\n<p>Ismael Fernandez Mena. Investigador JDC que est\u00e1 colaborando en varios paquetes de trabajo con una actuaci\u00f3n muy relevante en la integraci\u00f3n de procesos y en la verificaci\u00f3n de la prueba de concepto<\/p>\n<p>Miguel \u00c1ngel Montiel L\u00f3pez. Investigador JDC que est\u00e1 colaborando en varios paquetes de trabajo con una actuaci\u00f3n muy relevante en la integraci\u00f3n de procesos y en la verificaci\u00f3n de la prueba de concepto<\/p>\n<p>Gustavo Acosta Santoyo. Investigador postdoctoral mejicano que realiz\u00f3 estancia de 1 a\u00f1o en el marco del proyecto realizando experimentaci\u00f3n sobre WP 4<\/p>\n","protected":false},"excerpt":{"rendered":"<p>Equipo de investigaci\u00f3n Manuel Andr\u00e9s Rodrigo. Ha coordinado la optimizaci\u00f3n del electrolizador y las pruebas de concepto tecnol\u00f3gico, adem\u00e1s de coordinar el proyecto. Pablo Ca\u00f1izares. Ha sido el responsable de la optimizaci\u00f3n de la etapa f\u00edsico qu\u00edmica y participar\u00e1 en el desarrollo de la celda de combustible y en las etapas de integraci\u00f3n tecnol\u00f3gica. Justo &hellip; <\/p>\n<p class=\"link-more\"><a href=\"https:\/\/blog.uclm.es\/proyectoeden\/3-investigadores\/\" class=\"more-link\">Continuar leyendo<span class=\"screen-reader-text\"> \u00ab3. Investigadores\u00bb<\/span><\/a><\/p>\n","protected":false},"author":213,"featured_media":0,"parent":0,"menu_order":0,"comment_status":"closed","ping_status":"closed","template":"","meta":{"footnotes":""},"class_list":["post-11","page","type-page","status-publish","hentry"],"_links":{"self":[{"href":"https:\/\/blog.uclm.es\/proyectoeden\/wp-json\/wp\/v2\/pages\/11","targetHints":{"allow":["GET"]}}],"collection":[{"href":"https:\/\/blog.uclm.es\/proyectoeden\/wp-json\/wp\/v2\/pages"}],"about":[{"href":"https:\/\/blog.uclm.es\/proyectoeden\/wp-json\/wp\/v2\/types\/page"}],"author":[{"embeddable":true,"href":"https:\/\/blog.uclm.es\/proyectoeden\/wp-json\/wp\/v2\/users\/213"}],"replies":[{"embeddable":true,"href":"https:\/\/blog.uclm.es\/proyectoeden\/wp-json\/wp\/v2\/comments?post=11"}],"version-history":[{"count":0,"href":"https:\/\/blog.uclm.es\/proyectoeden\/wp-json\/wp\/v2\/pages\/11\/revisions"}],"wp:attachment":[{"href":"https:\/\/blog.uclm.es\/proyectoeden\/wp-json\/wp\/v2\/media?parent=11"}],"curies":[{"name":"wp","href":"https:\/\/api.w.org\/{rel}","templated":true}]}}