{"id":85,"date":"2025-06-02T18:09:22","date_gmt":"2025-06-02T16:09:22","guid":{"rendered":"https:\/\/blog.uclm.es\/proyectodynnova\/?page_id=85"},"modified":"2025-06-02T18:09:22","modified_gmt":"2025-06-02T16:09:22","slug":"curso-de-automocion","status":"publish","type":"page","link":"https:\/\/blog.uclm.es\/proyectodynnova\/curso-de-automocion\/","title":{"rendered":"Curso de automoci\u00f3n"},"content":{"rendered":"\n<p>P. Pintado, \u00abUN CURSO DE AUTOMOCI\u00d3N\u00bb, Colecci\u00f3n Ingenier\u00eda Mec\u00e1nica, Escuela T\u00e9cnica Superior de Ingenier\u00eda Industrial (1994)<\/p>\n\n\n\n<div data-wp-interactive=\"core\/file\" class=\"wp-block-file\"><object data-wp-bind--hidden=\"!state.hasPdfPreview\" hidden class=\"wp-block-file__embed\" data=\"https:\/\/blog.uclm.es\/proyectodynnova\/wp-content\/uploads\/sites\/322\/2025\/06\/Curso_Automocion.pdf\" type=\"application\/pdf\" style=\"width:100%;height:600px\" aria-label=\"Incrustado de Curso_Automocion.\"><\/object><a id=\"wp-block-file--media-ab7104a5-a678-412d-b70b-2fe57790c679\" href=\"https:\/\/blog.uclm.es\/proyectodynnova\/wp-content\/uploads\/sites\/322\/2025\/06\/Curso_Automocion.pdf\">Curso_Automocion<\/a><a href=\"https:\/\/blog.uclm.es\/proyectodynnova\/wp-content\/uploads\/sites\/322\/2025\/06\/Curso_Automocion.pdf\" class=\"wp-block-file__button wp-element-button\" download aria-describedby=\"wp-block-file--media-ab7104a5-a678-412d-b70b-2fe57790c679\">Descarga<\/a><\/div>\n","protected":false},"excerpt":{"rendered":"<p>P. Pintado, \u00abUN CURSO DE AUTOMOCI\u00d3N\u00bb, Colecci\u00f3n Ingenier\u00eda Mec\u00e1nica, Escuela T\u00e9cnica Superior de Ingenier\u00eda Industrial (1994)<\/p>\n","protected":false},"author":531,"featured_media":0,"parent":0,"menu_order":0,"comment_status":"closed","ping_status":"closed","template":"","meta":{"footnotes":""},"class_list":["post-85","page","type-page","status-publish","hentry"],"_links":{"self":[{"href":"https:\/\/blog.uclm.es\/proyectodynnova\/wp-json\/wp\/v2\/pages\/85","targetHints":{"allow":["GET"]}}],"collection":[{"href":"https:\/\/blog.uclm.es\/proyectodynnova\/wp-json\/wp\/v2\/pages"}],"about":[{"href":"https:\/\/blog.uclm.es\/proyectodynnova\/wp-json\/wp\/v2\/types\/page"}],"author":[{"embeddable":true,"href":"https:\/\/blog.uclm.es\/proyectodynnova\/wp-json\/wp\/v2\/users\/531"}],"replies":[{"embeddable":true,"href":"https:\/\/blog.uclm.es\/proyectodynnova\/wp-json\/wp\/v2\/comments?post=85"}],"version-history":[{"count":1,"href":"https:\/\/blog.uclm.es\/proyectodynnova\/wp-json\/wp\/v2\/pages\/85\/revisions"}],"predecessor-version":[{"id":87,"href":"https:\/\/blog.uclm.es\/proyectodynnova\/wp-json\/wp\/v2\/pages\/85\/revisions\/87"}],"wp:attachment":[{"href":"https:\/\/blog.uclm.es\/proyectodynnova\/wp-json\/wp\/v2\/media?parent=85"}],"curies":[{"name":"wp","href":"https:\/\/api.w.org\/{rel}","templated":true}]}}