{"id":57,"date":"2025-05-20T13:01:37","date_gmt":"2025-05-20T11:01:37","guid":{"rendered":"https:\/\/blog.uclm.es\/proyectodynnova\/?page_id=57"},"modified":"2025-05-20T14:01:13","modified_gmt":"2025-05-20T12:01:13","slug":"formula-student","status":"publish","type":"page","link":"https:\/\/blog.uclm.es\/proyectodynnova\/formula-student\/","title":{"rendered":"Formula Student"},"content":{"rendered":"\n<figure class=\"wp-block-image size-large\"><img loading=\"lazy\" decoding=\"async\" width=\"1024\" height=\"337\" src=\"https:\/\/blog.uclm.es\/proyectodynnova\/wp-content\/uploads\/sites\/322\/2025\/05\/FStudent_01-1024x337.jpg\" alt=\"\" class=\"wp-image-58\" srcset=\"https:\/\/blog.uclm.es\/proyectodynnova\/wp-content\/uploads\/sites\/322\/2025\/05\/FStudent_01-1024x337.jpg 1024w, https:\/\/blog.uclm.es\/proyectodynnova\/wp-content\/uploads\/sites\/322\/2025\/05\/FStudent_01-300x99.jpg 300w, https:\/\/blog.uclm.es\/proyectodynnova\/wp-content\/uploads\/sites\/322\/2025\/05\/FStudent_01-768x253.jpg 768w, https:\/\/blog.uclm.es\/proyectodynnova\/wp-content\/uploads\/sites\/322\/2025\/05\/FStudent_01-1536x505.jpg 1536w, https:\/\/blog.uclm.es\/proyectodynnova\/wp-content\/uploads\/sites\/322\/2025\/05\/FStudent_01-2048x674.jpg 2048w, https:\/\/blog.uclm.es\/proyectodynnova\/wp-content\/uploads\/sites\/322\/2025\/05\/FStudent_01-1200x395.jpg 1200w\" sizes=\"auto, (max-width: 709px) 85vw, (max-width: 909px) 67vw, (max-width: 1362px) 62vw, 840px\" \/><\/figure>\n\n\n\n<p>La&nbsp;<strong>Formula Student<\/strong>, tambi\u00e9n conocida como Formula SAE, es una competici\u00f3n entre estudiantes de universidades de todo el mundo que promueve la excelencia en ingenier\u00eda a trav\u00e9s de una competici\u00f3n entre universidades que dise\u00f1an, construyen, desarrollan y compiten como un peque\u00f1o equipo con un monoplaza.<\/p>\n\n\n\n<p class=\"has-medium-font-size\">(2012) <strong><a href=\"https:\/\/fstudentuclm.blogspot.com\">FS UCLM Racing Team<\/a><\/strong> Equipo ETSII-CR<\/p>\n\n\n\n<p><\/p>\n","protected":false},"excerpt":{"rendered":"<p>La&nbsp;Formula Student, tambi\u00e9n conocida como Formula SAE, es una competici\u00f3n entre estudiantes de universidades de todo el mundo que promueve la excelencia en ingenier\u00eda a trav\u00e9s de una competici\u00f3n entre universidades que dise\u00f1an, construyen, desarrollan y compiten como un peque\u00f1o equipo con un monoplaza. (2012) FS UCLM Racing Team Equipo ETSII-CR<\/p>\n","protected":false},"author":531,"featured_media":0,"parent":0,"menu_order":0,"comment_status":"closed","ping_status":"closed","template":"","meta":{"footnotes":""},"class_list":["post-57","page","type-page","status-publish","hentry"],"_links":{"self":[{"href":"https:\/\/blog.uclm.es\/proyectodynnova\/wp-json\/wp\/v2\/pages\/57","targetHints":{"allow":["GET"]}}],"collection":[{"href":"https:\/\/blog.uclm.es\/proyectodynnova\/wp-json\/wp\/v2\/pages"}],"about":[{"href":"https:\/\/blog.uclm.es\/proyectodynnova\/wp-json\/wp\/v2\/types\/page"}],"author":[{"embeddable":true,"href":"https:\/\/blog.uclm.es\/proyectodynnova\/wp-json\/wp\/v2\/users\/531"}],"replies":[{"embeddable":true,"href":"https:\/\/blog.uclm.es\/proyectodynnova\/wp-json\/wp\/v2\/comments?post=57"}],"version-history":[{"count":3,"href":"https:\/\/blog.uclm.es\/proyectodynnova\/wp-json\/wp\/v2\/pages\/57\/revisions"}],"predecessor-version":[{"id":77,"href":"https:\/\/blog.uclm.es\/proyectodynnova\/wp-json\/wp\/v2\/pages\/57\/revisions\/77"}],"wp:attachment":[{"href":"https:\/\/blog.uclm.es\/proyectodynnova\/wp-json\/wp\/v2\/media?parent=57"}],"curies":[{"name":"wp","href":"https:\/\/api.w.org\/{rel}","templated":true}]}}