{"id":28,"date":"2025-05-20T11:47:53","date_gmt":"2025-05-20T09:47:53","guid":{"rendered":"https:\/\/blog.uclm.es\/proyectodynnova\/?page_id=28"},"modified":"2025-09-14T19:28:49","modified_gmt":"2025-09-14T17:28:49","slug":"libros","status":"publish","type":"page","link":"https:\/\/blog.uclm.es\/proyectodynnova\/libros\/","title":{"rendered":"Libros"},"content":{"rendered":"\n<figure class=\"wp-block-image size-large is-resized\"><img loading=\"lazy\" decoding=\"async\" width=\"1024\" height=\"480\" src=\"https:\/\/blog.uclm.es\/proyectodynnova\/wp-content\/uploads\/sites\/322\/2025\/05\/DYNAMO-con-texto-1024x480.png\" alt=\"\" class=\"wp-image-23\" style=\"width:480px;height:auto\" srcset=\"https:\/\/blog.uclm.es\/proyectodynnova\/wp-content\/uploads\/sites\/322\/2025\/05\/DYNAMO-con-texto-1024x480.png 1024w, https:\/\/blog.uclm.es\/proyectodynnova\/wp-content\/uploads\/sites\/322\/2025\/05\/DYNAMO-con-texto-300x141.png 300w, https:\/\/blog.uclm.es\/proyectodynnova\/wp-content\/uploads\/sites\/322\/2025\/05\/DYNAMO-con-texto-768x360.png 768w, https:\/\/blog.uclm.es\/proyectodynnova\/wp-content\/uploads\/sites\/322\/2025\/05\/DYNAMO-con-texto-1536x720.png 1536w, https:\/\/blog.uclm.es\/proyectodynnova\/wp-content\/uploads\/sites\/322\/2025\/05\/DYNAMO-con-texto-1200x562.png 1200w, https:\/\/blog.uclm.es\/proyectodynnova\/wp-content\/uploads\/sites\/322\/2025\/05\/DYNAMO-con-texto.png 2013w\" sizes=\"auto, (max-width: 709px) 85vw, (max-width: 909px) 67vw, (max-width: 1362px) 62vw, 840px\" \/><\/figure>\n\n\n\n<p class=\"has-dark-red-color has-text-color has-link-color has-large-font-size wp-elements-de7e2671d92553ddf2a6cca54a20c53a\"><strong>Libros ingenier\u00eda mec\u00e1nica:<\/strong><\/p>\n\n\n\n<h2 class=\"wp-block-heading has-large-font-size\">Transmisi\u00f3n<\/h2>\n\n\n\n<p>Publio Pintado Sanju\u00e1n, <a href=\"https:\/\/blog.uclm.es\/proyectodynnova\/transmision-publio-pintado-sanjuan\/\">\u00abTransmisi\u00f3n\u00bb <\/a>, \u00c1rea de Ingenier\u00eda Mec\u00e1nica, Escuela T\u00e9cnica Superior de Ingenieros Industriales (2000)<\/p>\n\n\n\n<p class=\"has-large-font-size\"><strong>Ingenier\u00eda de veh\u00edculos<\/strong><\/p>\n\n\n\n<p>P. Pintado, <a href=\"https:\/\/blog.uclm.es\/proyectodynnova\/curso-de-automocion\/\" data-type=\"page\" data-id=\"85\">\u00abUn curso de automoci\u00f3n\u00bb<\/a>, Colecci\u00f3n Ingenier\u00eda Mec\u00e1nica, Escuela T\u00e9cnica Superior de Ingenier\u00eda Industrial (1994)<\/p>\n\n\n\n<h2 class=\"wp-block-heading has-dark-red-color has-text-color has-link-color has-large-font-size wp-elements-9a2db83a88cf4b7d85353f3192439548\">Vibraciones<\/h2>\n\n\n\n<p>J.M. Chicharro, A. Garc\u00eda-Berrocal y R. Medina, <a href=\"https:\/\/blog.uclm.es\/proyectodynnova\/introduccion-a-la-medida-y-control-de-vibraciones-y-ruido\/\" data-type=\"page\" data-id=\"48\">\u00abIntroducci\u00f3n a la medida y control de vibraciones y ruido\u00bb<\/a>, Colecci\u00f3n Fundamentos F\u00edsicos de la Ingenier\u00eda, Servicio de Publicaciones Fundaci\u00f3n G\u00f3mez-Pardo (2002)<\/p>\n\n\n\n<h2 class=\"wp-block-heading has-dark-red-color has-text-color has-link-color wp-elements-2b9307a3a1b5a543d0552058dfa01128\">Incertidumbre en la medida<\/h2>\n\n\n\n<p>Balb\u00e1s M., Chicharro J.M., Garc\u00eda-Berrocal, A., <a href=\"https:\/\/blog.uclm.es\/proyectodynnova\/incertidumbre-de-medida-en-laboratorio\/\" data-type=\"page\" data-id=\"70\">\u00abIncertidumbre de medida en laboratorio\u00bb<\/a>, Servicio de Publicaciones Fundaci\u00f3n G\u00f3mez-Pardo, ISBN: 84-95063-18-2 (2001)<\/p>\n\n\n\n<p><\/p>\n","protected":false},"excerpt":{"rendered":"<p>Libros ingenier\u00eda mec\u00e1nica: Transmisi\u00f3n Publio Pintado Sanju\u00e1n, \u00abTransmisi\u00f3n\u00bb , \u00c1rea de Ingenier\u00eda Mec\u00e1nica, Escuela T\u00e9cnica Superior de Ingenieros Industriales (2000) Ingenier\u00eda de veh\u00edculos P. Pintado, \u00abUn curso de automoci\u00f3n\u00bb, Colecci\u00f3n Ingenier\u00eda Mec\u00e1nica, Escuela T\u00e9cnica Superior de Ingenier\u00eda Industrial (1994) Vibraciones J.M. Chicharro, A. Garc\u00eda-Berrocal y R. Medina, \u00abIntroducci\u00f3n a la medida y control de vibraciones &hellip; <a href=\"https:\/\/blog.uclm.es\/proyectodynnova\/libros\/\" class=\"more-link\">Continuar leyendo<span class=\"screen-reader-text\"> \u00abLibros\u00bb<\/span><\/a><\/p>\n","protected":false},"author":531,"featured_media":0,"parent":0,"menu_order":0,"comment_status":"closed","ping_status":"closed","template":"","meta":{"footnotes":""},"class_list":["post-28","page","type-page","status-publish","hentry"],"_links":{"self":[{"href":"https:\/\/blog.uclm.es\/proyectodynnova\/wp-json\/wp\/v2\/pages\/28","targetHints":{"allow":["GET"]}}],"collection":[{"href":"https:\/\/blog.uclm.es\/proyectodynnova\/wp-json\/wp\/v2\/pages"}],"about":[{"href":"https:\/\/blog.uclm.es\/proyectodynnova\/wp-json\/wp\/v2\/types\/page"}],"author":[{"embeddable":true,"href":"https:\/\/blog.uclm.es\/proyectodynnova\/wp-json\/wp\/v2\/users\/531"}],"replies":[{"embeddable":true,"href":"https:\/\/blog.uclm.es\/proyectodynnova\/wp-json\/wp\/v2\/comments?post=28"}],"version-history":[{"count":21,"href":"https:\/\/blog.uclm.es\/proyectodynnova\/wp-json\/wp\/v2\/pages\/28\/revisions"}],"predecessor-version":[{"id":124,"href":"https:\/\/blog.uclm.es\/proyectodynnova\/wp-json\/wp\/v2\/pages\/28\/revisions\/124"}],"wp:attachment":[{"href":"https:\/\/blog.uclm.es\/proyectodynnova\/wp-json\/wp\/v2\/media?parent=28"}],"curies":[{"name":"wp","href":"https:\/\/api.w.org\/{rel}","templated":true}]}}