{"id":114,"date":"2025-09-11T10:41:58","date_gmt":"2025-09-11T08:41:58","guid":{"rendered":"https:\/\/blog.uclm.es\/proyectodynnova\/?page_id=114"},"modified":"2025-09-11T10:48:12","modified_gmt":"2025-09-11T08:48:12","slug":"transmision-publio-pintado-sanjuan","status":"publish","type":"page","link":"https:\/\/blog.uclm.es\/proyectodynnova\/transmision-publio-pintado-sanjuan\/","title":{"rendered":"Transmisi\u00f3n"},"content":{"rendered":"\n<p>Publio Pintado Sanju\u00e1n, \u00abTransmisi\u00f3n\u00bb , \u00c1rea de Ingenier\u00eda Mec\u00e1nica, , Escuela T\u00e9cnica Superior de Ingenieros Industriales (2000)<\/p>\n\n\n\n<div data-wp-interactive=\"core\/file\" class=\"wp-block-file\"><object data-wp-bind--hidden=\"!state.hasPdfPreview\" hidden class=\"wp-block-file__embed\" data=\"https:\/\/blog.uclm.es\/proyectodynnova\/wp-content\/uploads\/sites\/322\/2025\/09\/Libro_Transmision.pdf\" type=\"application\/pdf\" style=\"width:100%;height:600px\" aria-label=\"Incrustado de Libro_Transmision.\"><\/object><a id=\"wp-block-file--media-526f574a-19c6-4251-9c81-2eab0c907426\" href=\"https:\/\/blog.uclm.es\/proyectodynnova\/wp-content\/uploads\/sites\/322\/2025\/09\/Libro_Transmision.pdf\">Libro_Transmision<\/a><a href=\"https:\/\/blog.uclm.es\/proyectodynnova\/wp-content\/uploads\/sites\/322\/2025\/09\/Libro_Transmision.pdf\" class=\"wp-block-file__button wp-element-button\" download aria-describedby=\"wp-block-file--media-526f574a-19c6-4251-9c81-2eab0c907426\">Descarga<\/a><\/div>\n","protected":false},"excerpt":{"rendered":"<p>Publio Pintado Sanju\u00e1n, \u00abTransmisi\u00f3n\u00bb , \u00c1rea de Ingenier\u00eda Mec\u00e1nica, , Escuela T\u00e9cnica Superior de Ingenieros Industriales (2000)<\/p>\n","protected":false},"author":531,"featured_media":0,"parent":0,"menu_order":0,"comment_status":"closed","ping_status":"closed","template":"","meta":{"footnotes":""},"class_list":["post-114","page","type-page","status-publish","hentry"],"_links":{"self":[{"href":"https:\/\/blog.uclm.es\/proyectodynnova\/wp-json\/wp\/v2\/pages\/114","targetHints":{"allow":["GET"]}}],"collection":[{"href":"https:\/\/blog.uclm.es\/proyectodynnova\/wp-json\/wp\/v2\/pages"}],"about":[{"href":"https:\/\/blog.uclm.es\/proyectodynnova\/wp-json\/wp\/v2\/types\/page"}],"author":[{"embeddable":true,"href":"https:\/\/blog.uclm.es\/proyectodynnova\/wp-json\/wp\/v2\/users\/531"}],"replies":[{"embeddable":true,"href":"https:\/\/blog.uclm.es\/proyectodynnova\/wp-json\/wp\/v2\/comments?post=114"}],"version-history":[{"count":3,"href":"https:\/\/blog.uclm.es\/proyectodynnova\/wp-json\/wp\/v2\/pages\/114\/revisions"}],"predecessor-version":[{"id":120,"href":"https:\/\/blog.uclm.es\/proyectodynnova\/wp-json\/wp\/v2\/pages\/114\/revisions\/120"}],"wp:attachment":[{"href":"https:\/\/blog.uclm.es\/proyectodynnova\/wp-json\/wp\/v2\/media?parent=114"}],"curies":[{"name":"wp","href":"https:\/\/api.w.org\/{rel}","templated":true}]}}