{"id":1791,"date":"2022-05-26T07:28:07","date_gmt":"2022-05-26T06:28:07","guid":{"rendered":"https:\/\/blog.uclm.es\/proyectodpch\/?page_id=1791"},"modified":"2022-12-02T12:58:41","modified_gmt":"2022-12-02T12:58:41","slug":"seminario-derecho-penal-y-comportamiento-adolescentes","status":"publish","type":"page","link":"https:\/\/blog.uclm.es\/proyectodpch\/seminario-derecho-penal-y-comportamiento-adolescentes\/","title":{"rendered":"Seminario Derecho penal y comportamiento adolescentes"},"content":{"rendered":"\n<div class=\"wp-block-group alignfull has-vivid-red-background-color has-background is-layout-flow wp-block-group-is-layout-flow\">\n<h3 class=\"has-base-color has-vivid-red-background-color has-text-color has-background wp-block-heading\">DERECHO PENAL Y COMPORTAMIENTO EN ADOLESCENTES<\/h3>\n\n\n\n<h4 class=\"has-base-color has-vivid-red-background-color has-text-color has-background wp-block-heading\">\u00bfQu\u00e9 hacer con adolescentes delincuentes? (Seminario online)<\/h4>\n<\/div>\n\n\n\n<div style=\"height:100px\" aria-hidden=\"true\" class=\"wp-block-spacer\"><\/div>\n\n\n\n<h4 class=\"alignwide has-vivid-red-color has-text-color wp-block-heading\"><strong>Programa<\/strong><\/h4>\n\n\n\n<hr class=\"wp-block-separator alignwide has-text-color has-vivid-red-color has-alpha-channel-opacity has-vivid-red-background-color has-background\" \/>\n\n\n\n<figure class=\"wp-block-gallery alignwide has-nested-images columns-default is-cropped wp-block-gallery-1 is-layout-flex wp-block-gallery-is-layout-flex\">\n<figure class=\"wp-block-image size-large is-style-default\"><a href=\"http:\/\/blog.uclm.es\/proyectodpch\/files\/2022\/05\/Draf-Publishing.pdf\" target=\"_blank\" rel=\"noreferrer noopener\"><img loading=\"lazy\" decoding=\"async\" width=\"1024\" height=\"724\" data-id=\"1808\" src=\"https:\/\/blog.uclm.es\/proyectodpch\/wp-content\/uploads\/sites\/144\/2022\/05\/Draf-Publishing-1_page-0001-1024x724.jpg\" alt=\"\" class=\"wp-image-1808\" srcset=\"https:\/\/blog.uclm.es\/proyectodpch\/wp-content\/uploads\/sites\/144\/2022\/05\/Draf-Publishing-1_page-0001-1024x724.jpg 1024w, https:\/\/blog.uclm.es\/proyectodpch\/wp-content\/uploads\/sites\/144\/2022\/05\/Draf-Publishing-1_page-0001-300x212.jpg 300w, https:\/\/blog.uclm.es\/proyectodpch\/wp-content\/uploads\/sites\/144\/2022\/05\/Draf-Publishing-1_page-0001-768x543.jpg 768w, https:\/\/blog.uclm.es\/proyectodpch\/wp-content\/uploads\/sites\/144\/2022\/05\/Draf-Publishing-1_page-0001-1536x1086.jpg 1536w, https:\/\/blog.uclm.es\/proyectodpch\/wp-content\/uploads\/sites\/144\/2022\/05\/Draf-Publishing-1_page-0001.jpg 1755w\" sizes=\"auto, (max-width: 1024px) 100vw, 1024px\" \/><\/a><\/figure>\n\n\n\n<figure class=\"wp-block-image size-large\"><img loading=\"lazy\" decoding=\"async\" width=\"1024\" height=\"724\" data-id=\"1810\" src=\"https:\/\/blog.uclm.es\/proyectodpch\/wp-content\/uploads\/sites\/144\/2022\/05\/Draf-Publishing-2_page-0001-1024x724.jpg\" alt=\"\" class=\"wp-image-1810\" srcset=\"https:\/\/blog.uclm.es\/proyectodpch\/wp-content\/uploads\/sites\/144\/2022\/05\/Draf-Publishing-2_page-0001-1024x724.jpg 1024w, https:\/\/blog.uclm.es\/proyectodpch\/wp-content\/uploads\/sites\/144\/2022\/05\/Draf-Publishing-2_page-0001-300x212.jpg 300w, https:\/\/blog.uclm.es\/proyectodpch\/wp-content\/uploads\/sites\/144\/2022\/05\/Draf-Publishing-2_page-0001-768x543.jpg 768w, https:\/\/blog.uclm.es\/proyectodpch\/wp-content\/uploads\/sites\/144\/2022\/05\/Draf-Publishing-2_page-0001-1536x1086.jpg 1536w, https:\/\/blog.uclm.es\/proyectodpch\/wp-content\/uploads\/sites\/144\/2022\/05\/Draf-Publishing-2_page-0001.jpg 1755w\" sizes=\"auto, (max-width: 1024px) 100vw, 1024px\" \/><\/figure>\n<\/figure>\n\n\n\n<div class=\"wp-block-group alignwide is-layout-flow wp-block-group-is-layout-flow\">\n<p>Pinche sobre las im\u00e1genes para ver el Programa<\/p>\n\n\n\n<div style=\"height:100px\" aria-hidden=\"true\" class=\"wp-block-spacer\"><\/div>\n\n\n\n<h4 class=\"has-vivid-red-color has-text-color wp-block-heading\"><strong>Organizaci\u00f3n<\/strong><\/h4>\n<\/div>\n\n\n\n<hr class=\"wp-block-separator alignwide has-text-color has-vivid-red-color has-alpha-channel-opacity has-vivid-red-background-color has-background\" \/>\n\n\n\n<div class=\"wp-block-columns alignwide is-layout-flex wp-container-core-columns-is-layout-28f84493 wp-block-columns-is-layout-flex\">\n<div class=\"wp-block-column is-layout-flow wp-block-column-is-layout-flow\">\n<p class=\"has-medium-font-size\"><strong>Fecha<\/strong>: Martes, 12 de julio de 2022<\/p>\n\n\n\n<p><strong>Lugar<\/strong>: Plataforma virtual Microsoft Teams<\/p>\n\n\n\n<p><strong>Hora<\/strong>: 18.30 p.m. (Espa\u00f1a)<\/p>\n\n\n\n<p>&nbsp; 13.30 p.m. (Argentina\/Brasil)<\/p>\n\n\n\n<p>&nbsp; 12.30 p.m. (Chile)<\/p>\n\n\n\n<p>&nbsp; 11.30 p.m&nbsp;(Per\u00fa\/Colombia\/M\u00e9xico)<\/p>\n<\/div>\n\n\n\n<div class=\"wp-block-column is-layout-flow wp-block-column-is-layout-flow\">\n<p><strong>Direcci\u00f3n:<\/strong><\/p>\n\n\n\n<p><strong>Prof. Dr. Bernardo Feijoo S\u00e1nchez<\/strong><\/p>\n\n\n\n<p>(Universidad Aut\u00f3noma de Madrid)<\/p>\n\n\n\n<p><strong>Prof. Dr. Jos\u00e9 \u00c1ngel Marinaro<\/strong><\/p>\n\n\n\n<p>(Universidad de la Matanza de Argentina)<\/p>\n<\/div>\n\n\n\n<div class=\"wp-block-column is-layout-flow wp-block-column-is-layout-flow\">\n<p><strong>Coordinaci\u00f3n:<\/strong><\/p>\n\n\n\n<p><strong>Faustino Garc\u00eda de la Torre Garc\u00eda<\/strong><\/p>\n\n\n\n<p>(Universidad de Castilla-La Mancha)<\/p>\n\n\n\n<p><a href=\"https:\/\/www.linkedin.com\/in\/francisco-valdez-1976ba83?lipi=urn%3Ali%3Apage%3Ad_flagship3_profile_view_base_contact_details%3BshQJKmUOQGS1j%2BgFDmTCkw%3D%3D\"><strong>Francisco Valdez Silva<\/strong><\/a><\/p>\n\n\n\n<p>(Universidad de Castilla-La Mancha)<\/p>\n\n\n\n<p><strong>Contacto:<\/strong><\/p>\n\n\n\n<p><a href=\"mailto:Faustino.GarciaTorre@uclm.es\">Faustino.GarciaTorre@uclm.es<\/a><\/p>\n<\/div>\n<\/div>\n\n\n\n<div class=\"wp-block-group alignwide is-layout-flow wp-block-group-is-layout-flow\">\n<p class=\"has-large-font-size\"><strong>Inscripci\u00f3n abierta,<\/strong><\/p>\n\n\n\n<p class=\"has-large-font-size\"><strong>mediante registro en el siguiente enlace:<\/strong>\u00a0\u00a0<a href=\"https:\/\/bit.ly\/3lLv3zS\">https:\/\/bit.ly\/3lLv3zS<\/a><\/p>\n<\/div>\n\n\n\n<div style=\"height:100px\" aria-hidden=\"true\" class=\"wp-block-spacer\"><\/div>\n\n\n\n<h4 class=\"alignwide has-vivid-red-color has-text-color wp-block-heading\"><strong>Intervenciones<\/strong><\/h4>\n\n\n\n<p><\/p>\n\n\n\n<hr class=\"wp-block-separator alignwide has-text-color has-vivid-red-color has-alpha-channel-opacity has-vivid-red-background-color has-background\" \/>\n\n\n\n<div class=\"wp-block-group alignwide is-layout-flow wp-block-group-is-layout-flow\">\n<p class=\"has-large-font-size\"><a href=\"https:\/\/blog.uclm.es\/proyectodpch\/files\/2022\/05\/Draf-Publishing.pdf\">Descargar el programa<\/a><\/p>\n<\/div>\n\n\n\n<div class=\"wp-block-columns alignwide is-layout-flex wp-container-core-columns-is-layout-28f84493 wp-block-columns-is-layout-flex\">\n<div class=\"wp-block-column is-layout-flow wp-block-column-is-layout-flow\">\n<p>18.30 p.m.&nbsp;<strong>Presentaci\u00f3n&nbsp;<\/strong><\/p>\n\n\n\n<p>A cargo de:<\/p>\n\n\n\n<p><strong>Feijoo S\u00e1nchez, Bernardo<\/strong><\/p>\n\n\n\n<p>Catedr\u00e1tico de Derecho penal en Universidad Aut\u00f3noma de Madrid.<\/p>\n\n\n\n<p><strong>Marinaro, Jos\u00e9 \u00c1ngel<\/strong><\/p>\n\n\n\n<p>Profesor de Derecho penal en Universidad Nacional de la Matanza-Argentina.<\/p>\n<\/div>\n\n\n\n<div class=\"wp-block-column is-layout-flow wp-block-column-is-layout-flow\">\n<p>18:45 pm.&nbsp;<strong><u>Ponencias<\/u><\/strong><\/p>\n\n\n\n<p>Intervienen:<\/p>\n\n\n\n<p>Bueno I Torrens, David<\/p>\n\n\n\n<p><em>Director de la C\u00e1tedra de Neuroeducaci\u00f3n de la Universidad de Barcelona<\/em>.<\/p>\n\n\n\n<p><strong>\u201cEl cerebro adolescente\u201d<\/strong><\/p>\n\n\n\n<p>Garc\u00eda P\u00e9rez, Octavio<\/p>\n\n\n\n<p><em>Catedr\u00e1tico de la Universidad de M\u00e1laga<\/em>.<\/p>\n\n\n\n<p><strong>\u201cLa culpabilidad del menor\u201d<\/strong><\/p>\n\n\n\n<p>Mercurio, Ezequiel<\/p>\n\n\n\n<p><em>Miembro de la Academia Nacional de Ciencias de Argentina<\/em>.<\/p>\n\n\n\n<p><strong>\u201cLa neurociencia del cerebro adolescente en la justicia penal y civil\u201d<\/strong><\/p>\n\n\n\n<p>Scaglione, Guillermo<\/p>\n\n\n\n<p><em>Neurocient\u00edfico en Universidad La Matanza<\/em>.<\/p>\n\n\n\n<p><strong>\u201cAdolescencia: un cerebro entre el adulterismo y pluralismo\u201d<\/strong><\/p>\n<\/div>\n\n\n\n<div class=\"wp-block-column is-layout-flow wp-block-column-is-layout-flow\">\n<p>20:00 pm.&nbsp;<strong><u>Debate<\/u><\/strong><\/p>\n\n\n\n<p>20:30 pm.&nbsp;<strong><u>Clausura<\/u><\/strong><\/p>\n\n\n\n<p>A cargo de:<\/p>\n\n\n\n<p><a href=\"https:\/\/blog.uclm.es\/eduardodemetrio\/\">Demetrio Crespo, Eduardo<\/a><\/p>\n\n\n\n<p><em>Catedr\u00e1tico de Derecho penal en&nbsp;<\/em><a href=\"https:\/\/blog.uclm.es\/areadpenalto\/\"><em>UCLM (Toledo)<\/em><\/a><\/p>\n\n\n\n<p><em>IP del Proyecto&nbsp;<\/em><a href=\"https:\/\/blog.uclm.es\/proyectodpch\/\"><em>Derecho penal y Comportamiento Humano<\/em><\/a><em>.<\/em><\/p>\n<\/div>\n<\/div>\n\n\n\n<div style=\"height:100px\" aria-hidden=\"true\" class=\"wp-block-spacer\"><\/div>\n\n\n\n<hr class=\"wp-block-separator alignwide has-text-color has-vivid-red-color has-alpha-channel-opacity has-vivid-red-background-color has-background\" \/>\n\n\n\n<div style=\"height:100px\" aria-hidden=\"true\" class=\"wp-block-spacer\"><\/div>\n","protected":false},"excerpt":{"rendered":"<p>DERECHO PENAL Y COMPORTAMIENTO EN ADOLESCENTES \u00bfQu\u00e9 hacer con adolescentes delincuentes? (Seminario online) Programa Pinche sobre las im\u00e1genes para ver el Programa Organizaci\u00f3n Fecha: Martes, 12 de julio de 2022 Lugar: Plataforma virtual Microsoft Teams Hora: 18.30 p.m. (Espa\u00f1a) &nbsp; 13.30 p.m. (Argentina\/Brasil) &nbsp; 12.30 p.m. (Chile) &nbsp; 11.30 p.m&nbsp;(Per\u00fa\/Colombia\/M\u00e9xico) Direcci\u00f3n: Prof. Dr. Bernardo Feijoo [&hellip;]<\/p>\n","protected":false},"author":132,"featured_media":0,"parent":0,"menu_order":0,"comment_status":"closed","ping_status":"closed","template":"","meta":{"footnotes":""},"class_list":["post-1791","page","type-page","status-publish","hentry"],"_links":{"self":[{"href":"https:\/\/blog.uclm.es\/proyectodpch\/wp-json\/wp\/v2\/pages\/1791","targetHints":{"allow":["GET"]}}],"collection":[{"href":"https:\/\/blog.uclm.es\/proyectodpch\/wp-json\/wp\/v2\/pages"}],"about":[{"href":"https:\/\/blog.uclm.es\/proyectodpch\/wp-json\/wp\/v2\/types\/page"}],"author":[{"embeddable":true,"href":"https:\/\/blog.uclm.es\/proyectodpch\/wp-json\/wp\/v2\/users\/132"}],"replies":[{"embeddable":true,"href":"https:\/\/blog.uclm.es\/proyectodpch\/wp-json\/wp\/v2\/comments?post=1791"}],"version-history":[{"count":9,"href":"https:\/\/blog.uclm.es\/proyectodpch\/wp-json\/wp\/v2\/pages\/1791\/revisions"}],"predecessor-version":[{"id":2085,"href":"https:\/\/blog.uclm.es\/proyectodpch\/wp-json\/wp\/v2\/pages\/1791\/revisions\/2085"}],"wp:attachment":[{"href":"https:\/\/blog.uclm.es\/proyectodpch\/wp-json\/wp\/v2\/media?parent=1791"}],"curies":[{"name":"wp","href":"https:\/\/api.w.org\/{rel}","templated":true}]}}