{"id":1657,"date":"2021-11-18T08:44:37","date_gmt":"2021-11-18T07:44:37","guid":{"rendered":"https:\/\/blog.uclm.es\/proyectodpch\/?page_id=1657"},"modified":"2022-12-02T12:24:33","modified_gmt":"2022-12-02T12:24:33","slug":"seminario-internacional-neurociencias-y-neuroderechos","status":"publish","type":"page","link":"https:\/\/blog.uclm.es\/proyectodpch\/seminario-internacional-neurociencias-y-neuroderechos\/","title":{"rendered":"Seminario internacional neurociencias y neuroderechos"},"content":{"rendered":"\n<div class=\"wp-block-group alignfull has-vivid-red-background-color has-background is-layout-flow wp-block-group-is-layout-flow\">\n<h3 class=\"has-base-color has-vivid-red-background-color has-text-color has-background wp-block-heading\">Seminario internacional de Neurociencias y Neuroderechos<\/h3>\n<\/div>\n\n\n\n<figure class=\"wp-block-gallery alignwide has-nested-images columns-4 is-cropped wp-block-gallery-1 is-layout-flex wp-block-gallery-is-layout-flex\">\n<figure class=\"wp-block-image size-large\"><a href=\"http:\/\/blog.uclm.es\/proyectodpch\/files\/2021\/11\/programa-SEMINARIO-INTERNACIONAL-DE-NEUROCIENCIAS-Y-NEURODERECHOS-virtual.pdf\" target=\"_blank\" rel=\"noreferrer noopener\"><img loading=\"lazy\" decoding=\"async\" width=\"725\" height=\"1024\" data-id=\"1669\" src=\"https:\/\/blog.uclm.es\/proyectodpch\/wp-content\/uploads\/sites\/144\/2021\/11\/programa-SEMINARIO-INTERNACIONAL-DE-NEUROCIENCIAS-Y-NEURODERECHOS-virtual_page-0001-725x1024.jpg\" alt=\"\" class=\"wp-image-1669\" srcset=\"https:\/\/blog.uclm.es\/proyectodpch\/wp-content\/uploads\/sites\/144\/2021\/11\/programa-SEMINARIO-INTERNACIONAL-DE-NEUROCIENCIAS-Y-NEURODERECHOS-virtual_page-0001-725x1024.jpg 725w, https:\/\/blog.uclm.es\/proyectodpch\/wp-content\/uploads\/sites\/144\/2021\/11\/programa-SEMINARIO-INTERNACIONAL-DE-NEUROCIENCIAS-Y-NEURODERECHOS-virtual_page-0001-212x300.jpg 212w, https:\/\/blog.uclm.es\/proyectodpch\/wp-content\/uploads\/sites\/144\/2021\/11\/programa-SEMINARIO-INTERNACIONAL-DE-NEUROCIENCIAS-Y-NEURODERECHOS-virtual_page-0001-768x1085.jpg 768w, https:\/\/blog.uclm.es\/proyectodpch\/wp-content\/uploads\/sites\/144\/2021\/11\/programa-SEMINARIO-INTERNACIONAL-DE-NEUROCIENCIAS-Y-NEURODERECHOS-virtual_page-0001-1087x1536.jpg 1087w, https:\/\/blog.uclm.es\/proyectodpch\/wp-content\/uploads\/sites\/144\/2021\/11\/programa-SEMINARIO-INTERNACIONAL-DE-NEUROCIENCIAS-Y-NEURODERECHOS-virtual_page-0001.jpg 1241w\" sizes=\"auto, (max-width: 725px) 100vw, 725px\" \/><\/a><\/figure>\n\n\n\n<figure class=\"wp-block-image size-large\"><a href=\"http:\/\/blog.uclm.es\/proyectodpch\/files\/2021\/11\/programa-SEMINARIO-INTERNACIONAL-DE-NEUROCIENCIAS-Y-NEURODERECHOS-virtual.pdf\" target=\"_blank\" rel=\"noreferrer noopener\"><img loading=\"lazy\" decoding=\"async\" width=\"725\" height=\"1024\" data-id=\"1671\" src=\"https:\/\/blog.uclm.es\/proyectodpch\/wp-content\/uploads\/sites\/144\/2021\/11\/programa-SEMINARIO-INTERNACIONAL-DE-NEUROCIENCIAS-Y-NEURODERECHOS-virtual_page-0003-725x1024.jpg\" alt=\"\" class=\"wp-image-1671\" srcset=\"https:\/\/blog.uclm.es\/proyectodpch\/wp-content\/uploads\/sites\/144\/2021\/11\/programa-SEMINARIO-INTERNACIONAL-DE-NEUROCIENCIAS-Y-NEURODERECHOS-virtual_page-0003-725x1024.jpg 725w, https:\/\/blog.uclm.es\/proyectodpch\/wp-content\/uploads\/sites\/144\/2021\/11\/programa-SEMINARIO-INTERNACIONAL-DE-NEUROCIENCIAS-Y-NEURODERECHOS-virtual_page-0003-212x300.jpg 212w, https:\/\/blog.uclm.es\/proyectodpch\/wp-content\/uploads\/sites\/144\/2021\/11\/programa-SEMINARIO-INTERNACIONAL-DE-NEUROCIENCIAS-Y-NEURODERECHOS-virtual_page-0003-768x1085.jpg 768w, https:\/\/blog.uclm.es\/proyectodpch\/wp-content\/uploads\/sites\/144\/2021\/11\/programa-SEMINARIO-INTERNACIONAL-DE-NEUROCIENCIAS-Y-NEURODERECHOS-virtual_page-0003-1087x1536.jpg 1087w, https:\/\/blog.uclm.es\/proyectodpch\/wp-content\/uploads\/sites\/144\/2021\/11\/programa-SEMINARIO-INTERNACIONAL-DE-NEUROCIENCIAS-Y-NEURODERECHOS-virtual_page-0003.jpg 1241w\" sizes=\"auto, (max-width: 725px) 100vw, 725px\" \/><\/a><\/figure>\n\n\n\n<figure class=\"wp-block-image size-large\"><a href=\"http:\/\/blog.uclm.es\/proyectodpch\/files\/2021\/11\/programa-SEMINARIO-INTERNACIONAL-DE-NEUROCIENCIAS-Y-NEURODERECHOS-virtual.pdf\" target=\"_blank\" rel=\"noreferrer noopener\"><img loading=\"lazy\" decoding=\"async\" width=\"725\" height=\"1024\" data-id=\"1672\" src=\"https:\/\/blog.uclm.es\/proyectodpch\/wp-content\/uploads\/sites\/144\/2021\/11\/programa-SEMINARIO-INTERNACIONAL-DE-NEUROCIENCIAS-Y-NEURODERECHOS-virtual_page-0004-725x1024.jpg\" alt=\"\" class=\"wp-image-1672\" srcset=\"https:\/\/blog.uclm.es\/proyectodpch\/wp-content\/uploads\/sites\/144\/2021\/11\/programa-SEMINARIO-INTERNACIONAL-DE-NEUROCIENCIAS-Y-NEURODERECHOS-virtual_page-0004-725x1024.jpg 725w, https:\/\/blog.uclm.es\/proyectodpch\/wp-content\/uploads\/sites\/144\/2021\/11\/programa-SEMINARIO-INTERNACIONAL-DE-NEUROCIENCIAS-Y-NEURODERECHOS-virtual_page-0004-212x300.jpg 212w, https:\/\/blog.uclm.es\/proyectodpch\/wp-content\/uploads\/sites\/144\/2021\/11\/programa-SEMINARIO-INTERNACIONAL-DE-NEUROCIENCIAS-Y-NEURODERECHOS-virtual_page-0004-768x1085.jpg 768w, https:\/\/blog.uclm.es\/proyectodpch\/wp-content\/uploads\/sites\/144\/2021\/11\/programa-SEMINARIO-INTERNACIONAL-DE-NEUROCIENCIAS-Y-NEURODERECHOS-virtual_page-0004-1087x1536.jpg 1087w, https:\/\/blog.uclm.es\/proyectodpch\/wp-content\/uploads\/sites\/144\/2021\/11\/programa-SEMINARIO-INTERNACIONAL-DE-NEUROCIENCIAS-Y-NEURODERECHOS-virtual_page-0004.jpg 1241w\" sizes=\"auto, (max-width: 725px) 100vw, 725px\" \/><\/a><\/figure>\n\n\n\n<figure class=\"wp-block-image size-large\"><a href=\"http:\/\/blog.uclm.es\/proyectodpch\/files\/2021\/11\/programa-SEMINARIO-INTERNACIONAL-DE-NEUROCIENCIAS-Y-NEURODERECHOS-virtual.pdf\" target=\"_blank\" rel=\"noreferrer noopener\"><img loading=\"lazy\" decoding=\"async\" width=\"725\" height=\"1024\" data-id=\"1673\" src=\"https:\/\/blog.uclm.es\/proyectodpch\/wp-content\/uploads\/sites\/144\/2021\/11\/programa-SEMINARIO-INTERNACIONAL-DE-NEUROCIENCIAS-Y-NEURODERECHOS-virtual_page-0005-725x1024.jpg\" alt=\"\" class=\"wp-image-1673\" srcset=\"https:\/\/blog.uclm.es\/proyectodpch\/wp-content\/uploads\/sites\/144\/2021\/11\/programa-SEMINARIO-INTERNACIONAL-DE-NEUROCIENCIAS-Y-NEURODERECHOS-virtual_page-0005-725x1024.jpg 725w, https:\/\/blog.uclm.es\/proyectodpch\/wp-content\/uploads\/sites\/144\/2021\/11\/programa-SEMINARIO-INTERNACIONAL-DE-NEUROCIENCIAS-Y-NEURODERECHOS-virtual_page-0005-212x300.jpg 212w, https:\/\/blog.uclm.es\/proyectodpch\/wp-content\/uploads\/sites\/144\/2021\/11\/programa-SEMINARIO-INTERNACIONAL-DE-NEUROCIENCIAS-Y-NEURODERECHOS-virtual_page-0005-768x1085.jpg 768w, https:\/\/blog.uclm.es\/proyectodpch\/wp-content\/uploads\/sites\/144\/2021\/11\/programa-SEMINARIO-INTERNACIONAL-DE-NEUROCIENCIAS-Y-NEURODERECHOS-virtual_page-0005-1087x1536.jpg 1087w, https:\/\/blog.uclm.es\/proyectodpch\/wp-content\/uploads\/sites\/144\/2021\/11\/programa-SEMINARIO-INTERNACIONAL-DE-NEUROCIENCIAS-Y-NEURODERECHOS-virtual_page-0005.jpg 1241w\" sizes=\"auto, (max-width: 725px) 100vw, 725px\" \/><\/a><\/figure>\n<\/figure>\n\n\n\n<div class=\"wp-block-columns alignwide is-layout-flex wp-container-core-columns-is-layout-28f84493 wp-block-columns-is-layout-flex\">\n<div class=\"wp-block-column is-layout-flow wp-block-column-is-layout-flow\" style=\"flex-basis:25%\">\n<p>Pinche sobre las im\u00e1genes para ver el Programa<\/p>\n<\/div>\n\n\n\n<div class=\"wp-block-column is-layout-flow wp-block-column-is-layout-flow\" style=\"flex-basis:50%\"><\/div>\n\n\n\n<div class=\"wp-block-column is-layout-flow wp-block-column-is-layout-flow\" style=\"flex-basis:25%\"><\/div>\n<\/div>\n\n\n\n<div style=\"height:100px\" aria-hidden=\"true\" class=\"wp-block-spacer\"><\/div>\n\n\n\n<h4 class=\"alignwide has-vivid-red-color has-text-color wp-block-heading\">Fundamentos<\/h4>\n\n\n\n<hr class=\"wp-block-separator alignwide has-text-color has-vivid-red-color has-alpha-channel-opacity has-vivid-red-background-color has-background\" \/>\n\n\n\n<div class=\"wp-block-group alignwide is-layout-flow wp-block-group-is-layout-flow\">\n<p>El neuroderecho introduce un nuevo y desafiante abordaje sobre el sistema jur\u00eddico, sus \u00f3rganos y sus pr\u00e1cticas, el comportamiento humano y la ejecuci\u00f3n de la justicia a trav\u00e9s del prisma y los avances de las neurociencias; las cuales contribuyen a mejorar la comprensi\u00f3n del ser humano, planteando la necesidad de avanzar en un proceso que proporciona un beneficio inmediato sobre nuestra noci\u00f3n acerca del comportamiento humano.<\/p>\n\n\n\n<p>Los avances de las neurociencias y el desarrollo de las neurotecnolog\u00edas, requieren de una reflexi\u00f3n profunda por parte de todos los actores, y la adopci\u00f3n de medidas concretas que permitan que estas innovaciones contribuyan al bienestar com\u00fan. Por ello, es necesario el involucramiento de los Estados, el sector privado,<br>la academia y el mundo cient\u00edfico.<\/p>\n\n\n\n<p>Es una cuesti\u00f3n de vital importancia, anticiparse a estas preocupaciones y prestar debida atenci\u00f3n al desarrollo de estas tecnolog\u00edas mediante regulaciones, que ofrezcan salvaguardas suficientes para que su desarrollo e implementaci\u00f3n progresiva no constituyan amenazas a los derechos y libertades protegidos jur\u00eddicamente. Asimismo, es imprescindible a dichos efectos, impulsar acciones de pol\u00edticas p\u00fablicas que generen conciencia y educaci\u00f3n sobre los beneficios y riesgos de las neurociencias, incorporando actividades de ense\u00f1anza e investigaci\u00f3n que permitan una adecuada comprensi\u00f3n de los impactos de las neurociencias.<\/p>\n\n\n\n<p>Por estas razones, la Presidencia de la HCDN (Honorable C\u00e1mara de Diputados de la Naci\u00f3n), junto al ICaP (Instituto de Capacitaci\u00f3n Parlamentaria), y la Direcci\u00f3n General de Diplomacia Parlamentaria, Cooperaci\u00f3n Internacional y Culto de la HCDN proponen este Seminario, convocando catedr\u00e1ticos\/as e investigadores\/as de m\u00e1ximo prestigio nacional e internacional para abordar los avances y las interacciones que tienen las neurociencias con las pol\u00edticas p\u00fablicas, la vida social y el universo del derecho.<\/p>\n\n\n\n<p>Con el seminario se pretenden alcanzar objetivos como&nbsp; promover un espacio de di\u00e1logo para el debate de los principios de las neurociencias y los neuroderechos; impulsar acciones de pol\u00edticas p\u00fablicas que generen conciencia sobre las potencialidades y riesgos de las neurotecnolog\u00edas, como as\u00ed tambi\u00e9n, su impacto en las sociedades a nivel nacional e internacional; contribuir en el desarrollo de conocimientos y competencias de la ciudadan\u00eda, sobre las pr\u00e1cticas y el debate legislativo nacional e internacional en la tem\u00e1tica.<\/p>\n\n\n\n<div style=\"height:30px\" aria-hidden=\"true\" class=\"wp-block-spacer\"><\/div>\n\n\n\n<h4 class=\"has-vivid-red-color has-text-color wp-block-heading\">Datos sobre el Seminario<\/h4>\n\n\n\n<p><strong>Fecha<\/strong>: Viernes 26 de noviembre de 2021.<\/p>\n\n\n\n<p><strong>Horario<\/strong>: De 11:00 hs. a 18:30 hs.<\/p>\n\n\n\n<p><strong>Modalidad<\/strong>: Seminario online, que ser\u00e1 retransmitido en el canal del ICap de Youtube (se enviar\u00e1 a los inscritos el enlace)<\/p>\n<\/div>\n\n\n\n<div style=\"height:50px\" aria-hidden=\"true\" class=\"wp-block-spacer\"><\/div>\n\n\n\n<h4 class=\"alignwide has-vivid-red-color has-text-color wp-block-heading\">Intervenciones<\/h4>\n\n\n\n<hr class=\"wp-block-separator alignwide has-text-color has-vivid-red-color has-alpha-channel-opacity has-vivid-red-background-color has-background\" \/>\n\n\n\n<div class=\"wp-block-group alignwide is-layout-flow wp-block-group-is-layout-flow\">\n<p><a href=\"http:\/\/blog.uclm.es\/proyectodpch\/files\/2021\/11\/programa-SEMINARIO-INTERNACIONAL-DE-NEUROCIENCIAS-Y-NEURODERECHOS-virtual.pdf\">Descargar el programa<\/a><\/p>\n\n\n\n<p class=\"has-text-align-center has-large-font-size\"><strong>APERTURA<\/strong><\/p>\n\n\n\n<p><br>11:00 hs:&nbsp;Bienvenida al Seminario a cargo del Lic. Carlos Lazzarini, Director del Instituto de Capacitaci\u00f3n Parlamentaria \u2013 HCDN.<\/p>\n\n\n\n<p>11:10 hs:&nbsp;Palabras de la Diputada Nacional Cecilia Moreau, Presidenta de la Comisi\u00f3n de Legislaci\u00f3n General de la HCDN.<\/p>\n\n\n\n<p>11:20 hs:&nbsp;Presentaci\u00f3n acad\u00e9mica a cargo del Dr. Jos\u00e9 \u00c1ngel Marinaro, Director de los Proyectos de Investigaci\u00f3n sobre Neurociencias y Derecho Penal de la UNLaM (Universidad Nacional de La Matanza).<\/p>\n\n\n\n<p>11:30 hs:&nbsp;Palabras del Dr. Gustavo Mart\u00ednez Pandiani, Diplom\u00e1tico de carrera ISEN \u2013 UBA \u2013 Harvard.<\/p>\n\n\n\n<p>11:40 hs:&nbsp;Inauguraci\u00f3n del Seminario a cargo del Dr. Sergio Massa, Presidente de la HCDN.<\/p>\n\n\n\n<p class=\"has-text-align-center has-large-font-size\"><strong>INICIO DE PONENCIAS:<\/strong><br><strong>NEUROCIENCIAS: DESAFIOS E IMPLICANCIAS INTERNACIONALES<\/strong><\/p>\n\n\n\n<p><br>12:00 hs:&nbsp;\u201cRedes neuronales e inteligencia artificial: nuevos desaf\u00edos para el Derecho Penal del S. XXI\u201d.<br><em>Dr. Eduardo Demetrio Crespo (Universidad de Castilla de la Mancha).<\/em><\/p>\n\n\n\n<p>12:20 hs:&nbsp;\u201cNeuroderechos: estado actual y retos inmediatos\u201d<br><em>Dr. Jos\u00e9 Manuel Mu\u00f1oz (CINET y Universidad de Navarra).<\/em><\/p>\n\n\n\n<p>12:40 hs:&nbsp;\u201cEdad penal y Neurociencia en el Sistema de Justicia para Adolescentes\u201d.<br><em>Dr. Eric Garc\u00eda L\u00f3pez (INACIPE M\u00e9xico).<\/em><\/p>\n\n\n\n<p>13:00 hs:&nbsp;\u201cNeuroprevenci\u00f3n: \u00bfuna alternativa para analizar la reincidencia delictiva?\u201d.<br><em>Aura Ruiz Guarneros (INACIPE, M\u00e9xico).<\/em><\/p>\n\n\n\n<p>Moderaci\u00f3n:&nbsp;<em>Mag. Gonzalo Varela (Mag\u00edster en Derecho Penal Universidad<\/em><em>Austral).<\/em><\/p>\n\n\n\n<p class=\"has-text-align-center has-large-font-size\"><strong>CUARTO INTERMEDIO<\/strong><br><strong>PERSPECTIVAS DE REGULACI\u00d3N JUR\u00cdDICA DE LOS NEURODERECHOS<\/strong><\/p>\n\n\n\n<p><br>14:30 hs:&nbsp;\u201cLas venideras y actuales necesidades regulatorias de Neuroderechos en la regi\u00f3n. Los lados internos y externos de los Estados: algunas propuestas\u201d.<br><em>Dr. Jos\u00e9 \u00c1ngel Marinaro (UNLaM).<\/em><\/p>\n\n\n\n<p>14:50 hs:&nbsp;\u201cLegislando futuro\u201d.<br><em>Diputado Nacional Dr. Ramiro Guti\u00e9rrez.<\/em><\/p>\n\n\n\n<p>15:10 hs:&nbsp;\u201cLa privacidad mental como clave para pensar la regulaci\u00f3n de la neurotecnolog\u00eda: un punto de encuentro entre privacidad, identidad y autonom\u00eda\u201d.<br><em>Dr. Abel Wajnerman Paz (Universidad Alberto Hurtado, Chile).<\/em><\/p>\n\n\n\n<p>15:30 hs:&nbsp;\u201cNeuroderecho: una ventana de las neurociencias hacia el cerebro para comprender la conducta humana\u201d.<br><em>Dr. Guillermo Scaglione (UBA \u2013 UNLaM).<\/em><\/p>\n\n\n\n<p>Moderaci\u00f3n:<em>&nbsp;Dr. Mario Patricio Levita (Doctor en Ciencias Jur\u00eddicas UNLaM).<\/em><\/p>\n\n\n\n<p class=\"has-text-align-center has-large-font-size\"><strong>PAUSA<\/strong><br><strong>NEUROCIENCIAS Y DERECHO PENAL<\/strong><\/p>\n\n\n\n<p><br>16:30 hs:&nbsp;\u201cAportes de las Neurociencias al Derecho Penal\u201d.<br><em>Dr. Daniel Silva (UBA).<\/em><\/p>\n\n\n\n<p>16:50 hs:&nbsp;\u201cNeuroimagenolog\u00eda traslacional aplicada al trastorno paraf\u00edlico por pedofilia\u201d.<br><em>Mart\u00edn J. Mazzoglio y Nabar (CPF CABA).<\/em><\/p>\n\n\n\n<p>17:10 hs:&nbsp;\u201cAspectos Neurobiol\u00f3gicos de la adicci\u00f3n a las drogas\u201d.<br><em>Jos\u00e9 Pedro Pietro (Instituto de Investigaciones Biol\u00f3gicas Clemente Estable de&nbsp;<\/em><em>Uruguay).<\/em><\/p>\n\n\n\n<p>17:30 hs:&nbsp;\u201cPersona, tiempo, responsabilidad: Proleg\u00f3menos de la retribuci\u00f3n diacr\u00f3nica\u201d.<br><em>Dr. Jos\u00e9 Carlos Porci\u00fancula&nbsp;(IDP Brasil).<\/em><\/p>\n\n\n\n<p>17:50 hs:&nbsp;\u201cLas neurociencias en la escuela secundaria\u201d.<br><em>Giacomo Ponta (Ex-Director del Instituto los Tabaquillos, C\u00f3rdoba).<\/em><\/p>\n\n\n\n<p>Moderaci\u00f3n a cargo de:&nbsp;Lic. Ariel Sotelo Diplomacia Parlamentaria, Cooperaci\u00f3n Internacional y Culto de la HCDN.<\/p>\n\n\n\n<p class=\"has-text-align-center has-large-font-size\"><br><strong>CIERRE<\/strong><\/p>\n\n\n\n<p><br>18:00 hs:&nbsp;\u201cParlamentos del Futuro\u201d<br><em>Juan Manuel Cheppi, Secretario General de la HCDN.<\/em><\/p>\n\n\n\n<div style=\"height:100px\" aria-hidden=\"true\" class=\"wp-block-spacer\"><\/div>\n\n\n\n<hr class=\"wp-block-separator alignwide has-text-color has-vivid-red-color has-alpha-channel-opacity has-vivid-red-background-color has-background\" \/>\n\n\n\n<div style=\"height:100px\" aria-hidden=\"true\" class=\"wp-block-spacer\"><\/div>\n<\/div>\n","protected":false},"excerpt":{"rendered":"<p>Seminario internacional de Neurociencias y Neuroderechos Pinche sobre las im\u00e1genes para ver el Programa Fundamentos El neuroderecho introduce un nuevo y desafiante abordaje sobre el sistema jur\u00eddico, sus \u00f3rganos y sus pr\u00e1cticas, el comportamiento humano y la ejecuci\u00f3n de la justicia a trav\u00e9s del prisma y los avances de las neurociencias; las cuales contribuyen a [&hellip;]<\/p>\n","protected":false},"author":132,"featured_media":0,"parent":0,"menu_order":0,"comment_status":"closed","ping_status":"closed","template":"","meta":{"footnotes":""},"class_list":["post-1657","page","type-page","status-publish","hentry"],"_links":{"self":[{"href":"https:\/\/blog.uclm.es\/proyectodpch\/wp-json\/wp\/v2\/pages\/1657","targetHints":{"allow":["GET"]}}],"collection":[{"href":"https:\/\/blog.uclm.es\/proyectodpch\/wp-json\/wp\/v2\/pages"}],"about":[{"href":"https:\/\/blog.uclm.es\/proyectodpch\/wp-json\/wp\/v2\/types\/page"}],"author":[{"embeddable":true,"href":"https:\/\/blog.uclm.es\/proyectodpch\/wp-json\/wp\/v2\/users\/132"}],"replies":[{"embeddable":true,"href":"https:\/\/blog.uclm.es\/proyectodpch\/wp-json\/wp\/v2\/comments?post=1657"}],"version-history":[{"count":5,"href":"https:\/\/blog.uclm.es\/proyectodpch\/wp-json\/wp\/v2\/pages\/1657\/revisions"}],"predecessor-version":[{"id":2076,"href":"https:\/\/blog.uclm.es\/proyectodpch\/wp-json\/wp\/v2\/pages\/1657\/revisions\/2076"}],"wp:attachment":[{"href":"https:\/\/blog.uclm.es\/proyectodpch\/wp-json\/wp\/v2\/media?parent=1657"}],"curies":[{"name":"wp","href":"https:\/\/api.w.org\/{rel}","templated":true}]}}