{"id":1616,"date":"2021-09-30T15:18:48","date_gmt":"2021-09-30T14:18:48","guid":{"rendered":"https:\/\/blog.uclm.es\/proyectodpch\/?page_id=1616"},"modified":"2022-12-02T12:00:22","modified_gmt":"2022-12-02T12:00:22","slug":"seminario-neuroderechos","status":"publish","type":"page","link":"https:\/\/blog.uclm.es\/proyectodpch\/seminario-neuroderechos\/","title":{"rendered":"Seminario Neuroderechos"},"content":{"rendered":"\n<div class=\"wp-block-group alignfull has-vivid-red-background-color has-background is-layout-flow wp-block-group-is-layout-flow\">\n<h3 class=\"has-base-color has-vivid-red-background-color has-text-color has-background wp-block-heading\">Seminario Neuroderechos<\/h3>\n\n\n\n<h4 class=\"has-base-color has-vivid-red-background-color has-text-color has-background wp-block-heading\">Desaf\u00edos e implicaciones internacionales<\/h4>\n<\/div>\n\n\n\n<div style=\"height:100px\" aria-hidden=\"true\" class=\"wp-block-spacer\"><\/div>\n\n\n\n<h4 class=\"alignwide has-vivid-red-color has-text-color wp-block-heading\">Informaci\u00f3n sobre el evento<\/h4>\n\n\n\n<hr class=\"wp-block-separator alignwide has-text-color has-vivid-red-color has-alpha-channel-opacity has-vivid-red-background-color has-background is-style-wide\" \/>\n\n\n\n<div class=\"wp-block-media-text alignwide has-media-on-the-right is-stacked-on-mobile\" style=\"grid-template-columns:auto 33%\"><div class=\"wp-block-media-text__content\">\n<p>Coordinaci\u00f3n<\/p>\n\n\n\n<p><strong>Dr. Jos\u00e9 Manuel Mu\u00f1oz<\/strong>&nbsp;(Moderador)<br>(Universidad de Navarra \u2013 Centro Internacional de Neurociencia y \u00c9tica, Espa\u00f1a)<\/p>\n\n\n\n<p><strong>Dr. Jos\u00e9 \u00c1ngel Marinaro<\/strong>,<br>(Universidad Nacional de La Matanza, Argentina)<\/p>\n\n\n\n<p>Plataforma y Registro<\/p>\n\n\n\n<p>Se desarrollar\u00e1 en&nbsp;<strong>Microsoft Teams<\/strong>, siendo necesario previo registro enviando sus datos a la direcci\u00f3n&nbsp;<a href=\"mailto:seminario.neuroderechos.registro@gmail.com,\">seminario.neuroderechos.registro@gmail.com,<\/a>&nbsp;para que el d\u00eda del evento se reciba el enlace a la plataforma<\/p>\n\n\n\n<p><a href=\"http:\/\/blog.uclm.es\/proyectodpch\/files\/2021\/09\/Seminario_Neuroderechos-01.10.2021-DPCH.pdf\">Descarga el Cartel<\/a><\/p>\n\n\n\n<p><a href=\"https:\/\/www.facebook.com\/Neuro-Artificial-Criminal-Law-105732891359969\">S\u00edguenos en Facebook<\/a><\/p>\n<\/div><figure class=\"wp-block-media-text__media\"><img loading=\"lazy\" decoding=\"async\" width=\"217\" height=\"313\" src=\"https:\/\/blog.uclm.es\/proyectodpch\/wp-content\/uploads\/sites\/144\/2021\/09\/Seminario_Neuroderechos-01.10.2021-DPCH_page-0001-4.jpg\" alt=\"\" class=\"wp-image-1634 size-full\" srcset=\"https:\/\/blog.uclm.es\/proyectodpch\/wp-content\/uploads\/sites\/144\/2021\/09\/Seminario_Neuroderechos-01.10.2021-DPCH_page-0001-4.jpg 217w, https:\/\/blog.uclm.es\/proyectodpch\/wp-content\/uploads\/sites\/144\/2021\/09\/Seminario_Neuroderechos-01.10.2021-DPCH_page-0001-4-208x300.jpg 208w\" sizes=\"auto, (max-width: 217px) 100vw, 217px\" \/><\/figure><\/div>\n\n\n\n<div style=\"height:100px\" aria-hidden=\"true\" class=\"wp-block-spacer\"><\/div>\n\n\n\n<h4 class=\"alignwide has-vivid-red-color has-text-color wp-block-heading\">Intervenciones<\/h4>\n\n\n\n<hr class=\"wp-block-separator alignwide has-text-color has-vivid-red-color has-alpha-channel-opacity has-vivid-red-background-color has-background is-style-default\" \/>\n\n\n\n<div class=\"wp-block-group alignwide is-layout-flow wp-block-group-is-layout-flow\">\n<p style=\"font-size:clamp(0.875rem, 0.875rem + ((1vw - 0.2rem) * 0.773), 1.3rem);\"><strong>Conferencia<\/strong><\/p>\n\n\n\n<p><strong>16:00 horas, a cargo del Cnel. Pedro Ba\u00f1os Bajo (Ej\u00e9rcito de tierra)&nbsp;<\/strong><br><em>\u00abGeopol\u00edtica de la Neurotecnolog\u00eda\u00bb<\/em><\/p>\n\n\n\n<p>Bienvenida y presentaci\u00f3n al Seminario<em><\/em><\/p>\n\n\n\n<p style=\"font-size:clamp(0.875rem, 0.875rem + ((1vw - 0.2rem) * 0.773), 1.3rem);\"><strong>Ponencias<\/strong><\/p>\n\n\n\n<p><strong>17:15 horas, a cargo del Dr. Javier Bern\u00e1cer Mar\u00eda (Universidad de Navarra y Centro Internacional de Neurociencia)<\/strong><br><em>\u00abNeuroderechos: fundamentos y l\u00edmites desde la perspectiva de la neurociencia\u00bb<\/em><\/p>\n\n\n\n<p><strong>18:00 horas, a cargo del Dr. Dr. Jos\u00e9 \u00c1ngel Marinaro (Universidad de la Matanza)<\/strong><em><br>\u00abEs hora de neuroderechos: los caminos alternativos en las estrategias de promoci\u00f3n de neuroderechos<br>de \u00edndole universal. El insoslayable protagonismo de los organismos regionales de DDHH de todo el orbe\u00bb<\/em><\/p>\n\n\n\n<p><strong>18:45 horas, a cargo del Dr. Abel Wajnerman Paz (Universidad Alberto Hurtado)<\/strong><em><br>\u00abLa privacidad mental como un componente de la identidad relacional\u00bb<\/em><\/p>\n\n\n\n<p><strong>19:00 horas, a cargo del Dr. Eduardo Demetrio Crespo (Universidad de Castilla-La Mancha)<\/strong><em><br>\u00abNeuroderechos Humanos y Derecho penal\u00bb<\/em><\/p>\n<\/div>\n\n\n\n<div style=\"height:100px\" aria-hidden=\"true\" class=\"wp-block-spacer\"><\/div>\n\n\n\n<hr class=\"wp-block-separator alignwide has-text-color has-vivid-red-color has-alpha-channel-opacity has-vivid-red-background-color has-background\" \/>\n\n\n\n<div style=\"height:143px\" aria-hidden=\"true\" class=\"wp-block-spacer\"><\/div>\n","protected":false},"excerpt":{"rendered":"<p>Seminario Neuroderechos Desaf\u00edos e implicaciones internacionales Informaci\u00f3n sobre el evento Coordinaci\u00f3n Dr. Jos\u00e9 Manuel Mu\u00f1oz&nbsp;(Moderador)(Universidad de Navarra \u2013 Centro Internacional de Neurociencia y \u00c9tica, Espa\u00f1a) Dr. Jos\u00e9 \u00c1ngel Marinaro,(Universidad Nacional de La Matanza, Argentina) Plataforma y Registro Se desarrollar\u00e1 en&nbsp;Microsoft Teams, siendo necesario previo registro enviando sus datos a la direcci\u00f3n&nbsp;seminario.neuroderechos.registro@gmail.com,&nbsp;para que el d\u00eda del [&hellip;]<\/p>\n","protected":false},"author":132,"featured_media":0,"parent":0,"menu_order":0,"comment_status":"closed","ping_status":"closed","template":"","meta":{"footnotes":""},"class_list":["post-1616","page","type-page","status-publish","hentry"],"_links":{"self":[{"href":"https:\/\/blog.uclm.es\/proyectodpch\/wp-json\/wp\/v2\/pages\/1616","targetHints":{"allow":["GET"]}}],"collection":[{"href":"https:\/\/blog.uclm.es\/proyectodpch\/wp-json\/wp\/v2\/pages"}],"about":[{"href":"https:\/\/blog.uclm.es\/proyectodpch\/wp-json\/wp\/v2\/types\/page"}],"author":[{"embeddable":true,"href":"https:\/\/blog.uclm.es\/proyectodpch\/wp-json\/wp\/v2\/users\/132"}],"replies":[{"embeddable":true,"href":"https:\/\/blog.uclm.es\/proyectodpch\/wp-json\/wp\/v2\/comments?post=1616"}],"version-history":[{"count":8,"href":"https:\/\/blog.uclm.es\/proyectodpch\/wp-json\/wp\/v2\/pages\/1616\/revisions"}],"predecessor-version":[{"id":2070,"href":"https:\/\/blog.uclm.es\/proyectodpch\/wp-json\/wp\/v2\/pages\/1616\/revisions\/2070"}],"wp:attachment":[{"href":"https:\/\/blog.uclm.es\/proyectodpch\/wp-json\/wp\/v2\/media?parent=1616"}],"curies":[{"name":"wp","href":"https:\/\/api.w.org\/{rel}","templated":true}]}}