{"id":1607,"date":"2021-09-30T14:55:19","date_gmt":"2021-09-30T13:55:19","guid":{"rendered":"https:\/\/blog.uclm.es\/proyectodpch\/?page_id=1607"},"modified":"2022-12-02T09:37:13","modified_gmt":"2022-12-02T09:37:13","slug":"seminariomias","status":"publish","type":"page","link":"https:\/\/blog.uclm.es\/proyectodpch\/seminariomias\/","title":{"rendered":"SeminarioMIAS"},"content":{"rendered":"\n<div class=\"wp-block-group alignfull has-vivid-red-background-color has-background is-layout-flow wp-block-group-is-layout-flow\">\n<h3 class=\"has-base-color has-vivid-red-background-color has-text-color has-background wp-block-heading\">Seminario MIAS-EHEHI<\/h3>\n\n\n\n<h4 class=\"has-base-color has-vivid-red-background-color has-text-color has-background wp-block-heading\">Derecho Penal y comportamiento humano: estudio del caso de Phineas Gage<\/h4>\n<\/div>\n\n\n\n<div style=\"height:100px\" aria-hidden=\"true\" class=\"wp-block-spacer\"><\/div>\n\n\n\n<h4 class=\"alignwide has-vivid-red-color has-text-color wp-block-heading\">Ponentes<\/h4>\n\n\n\n<hr class=\"wp-block-separator alignwide has-text-color has-vivid-red-color has-alpha-channel-opacity has-vivid-red-background-color has-background is-style-wide\" \/>\n\n\n\n<div class=\"wp-block-media-text alignwide has-media-on-the-right is-stacked-on-mobile\" style=\"grid-template-columns:auto 39%\"><div class=\"wp-block-media-text__content\">\n<p><strong>Eduardo DEMETRIO<\/strong><br><strong>Universidad de Castilla la Mancha<\/strong><\/p>\n\n\n\n<p><strong>Eric GARC\u00cdA-L\u00d3PEZ<\/strong><br><strong>Instituto Nacional de Ciencias Penales (INACIPE), M\u00e9xico<\/strong><\/p>\n\n\n\n<p><strong>Cristina NOMBELA<\/strong><br><strong>MIAS \/ Universidad Aut\u00f3noma de Madrid<\/strong><\/p>\n\n\n\n<p><a href=\"https:\/\/blog.uclm.es\/proyectodpch\/wp-content\/uploads\/sites\/144\/2021\/05\/INVITATION_MIAS_170521V3.pdf\" target=\"_blank\" rel=\"noreferrer noopener\">Descarga el Cartel<\/a><\/p>\n<\/div><figure class=\"wp-block-media-text__media\"><img loading=\"lazy\" decoding=\"async\" width=\"660\" height=\"1024\" src=\"https:\/\/blog.uclm.es\/proyectodpch\/wp-content\/uploads\/sites\/144\/2021\/09\/INVITATION_MIAS_170521V3_page-0001-1-660x1024.jpg\" alt=\"\" class=\"wp-image-1612 size-full\" srcset=\"https:\/\/blog.uclm.es\/proyectodpch\/wp-content\/uploads\/sites\/144\/2021\/09\/INVITATION_MIAS_170521V3_page-0001-1-660x1024.jpg 660w, https:\/\/blog.uclm.es\/proyectodpch\/wp-content\/uploads\/sites\/144\/2021\/09\/INVITATION_MIAS_170521V3_page-0001-1-193x300.jpg 193w, https:\/\/blog.uclm.es\/proyectodpch\/wp-content\/uploads\/sites\/144\/2021\/09\/INVITATION_MIAS_170521V3_page-0001-1-768x1191.jpg 768w, https:\/\/blog.uclm.es\/proyectodpch\/wp-content\/uploads\/sites\/144\/2021\/09\/INVITATION_MIAS_170521V3_page-0001-1.jpg 800w\" sizes=\"auto, (max-width: 660px) 100vw, 660px\" \/><\/figure><\/div>\n\n\n\n<hr class=\"wp-block-separator alignwide has-text-color has-vivid-red-color has-alpha-channel-opacity has-vivid-red-background-color has-background\" \/>\n\n\n\n<p><\/p>\n\n\n\n<div style=\"height:145px\" aria-hidden=\"true\" class=\"wp-block-spacer\"><\/div>\n","protected":false},"excerpt":{"rendered":"<p>Seminario MIAS-EHEHI Derecho Penal y comportamiento humano: estudio del caso de Phineas Gage Ponentes Eduardo DEMETRIOUniversidad de Castilla la Mancha Eric GARC\u00cdA-L\u00d3PEZInstituto Nacional de Ciencias Penales (INACIPE), M\u00e9xico Cristina NOMBELAMIAS \/ Universidad Aut\u00f3noma de Madrid Descarga el Cartel<\/p>\n","protected":false},"author":132,"featured_media":0,"parent":0,"menu_order":0,"comment_status":"closed","ping_status":"closed","template":"","meta":{"footnotes":""},"class_list":["post-1607","page","type-page","status-publish","hentry"],"_links":{"self":[{"href":"https:\/\/blog.uclm.es\/proyectodpch\/wp-json\/wp\/v2\/pages\/1607","targetHints":{"allow":["GET"]}}],"collection":[{"href":"https:\/\/blog.uclm.es\/proyectodpch\/wp-json\/wp\/v2\/pages"}],"about":[{"href":"https:\/\/blog.uclm.es\/proyectodpch\/wp-json\/wp\/v2\/types\/page"}],"author":[{"embeddable":true,"href":"https:\/\/blog.uclm.es\/proyectodpch\/wp-json\/wp\/v2\/users\/132"}],"replies":[{"embeddable":true,"href":"https:\/\/blog.uclm.es\/proyectodpch\/wp-json\/wp\/v2\/comments?post=1607"}],"version-history":[{"count":3,"href":"https:\/\/blog.uclm.es\/proyectodpch\/wp-json\/wp\/v2\/pages\/1607\/revisions"}],"predecessor-version":[{"id":2059,"href":"https:\/\/blog.uclm.es\/proyectodpch\/wp-json\/wp\/v2\/pages\/1607\/revisions\/2059"}],"wp:attachment":[{"href":"https:\/\/blog.uclm.es\/proyectodpch\/wp-json\/wp\/v2\/media?parent=1607"}],"curies":[{"name":"wp","href":"https:\/\/api.w.org\/{rel}","templated":true}]}}