{"id":1440,"date":"2020-11-20T15:43:13","date_gmt":"2020-11-20T14:43:13","guid":{"rendered":"http:\/\/blog.uclm.es\/proyectodpch\/?page_id=1440"},"modified":"2022-11-30T13:00:52","modified_gmt":"2022-11-30T13:00:52","slug":"seminariointernacionalonlinederechopenalycomportamientohumano","status":"publish","type":"page","link":"https:\/\/blog.uclm.es\/proyectodpch\/seminariointernacionalonlinederechopenalycomportamientohumano\/","title":{"rendered":"seminario_internacional_online_derecho_penal_y_comportamiento_humano"},"content":{"rendered":"\n<figure class=\"wp-block-image alignwide size-full\"><img loading=\"lazy\" decoding=\"async\" width=\"2000\" height=\"703\" src=\"https:\/\/blog.uclm.es\/proyectodpch\/wp-content\/uploads\/sites\/144\/2020\/11\/FolletoDigital_DerechoHumano_page-0001-1.jpg\" alt=\"\" class=\"wp-image-1522\" srcset=\"https:\/\/blog.uclm.es\/proyectodpch\/wp-content\/uploads\/sites\/144\/2020\/11\/FolletoDigital_DerechoHumano_page-0001-1.jpg 2000w, https:\/\/blog.uclm.es\/proyectodpch\/wp-content\/uploads\/sites\/144\/2020\/11\/FolletoDigital_DerechoHumano_page-0001-1-300x105.jpg 300w, https:\/\/blog.uclm.es\/proyectodpch\/wp-content\/uploads\/sites\/144\/2020\/11\/FolletoDigital_DerechoHumano_page-0001-1-1024x360.jpg 1024w, https:\/\/blog.uclm.es\/proyectodpch\/wp-content\/uploads\/sites\/144\/2020\/11\/FolletoDigital_DerechoHumano_page-0001-1-768x270.jpg 768w, https:\/\/blog.uclm.es\/proyectodpch\/wp-content\/uploads\/sites\/144\/2020\/11\/FolletoDigital_DerechoHumano_page-0001-1-1536x540.jpg 1536w\" sizes=\"auto, (max-width: 2000px) 100vw, 2000px\" \/><\/figure>\n\n\n\n<div class=\"wp-block-group alignwide is-layout-flow wp-block-group-is-layout-flow\">\n<div class=\"wp-block-group alignwide is-layout-flow wp-block-group-is-layout-flow\">\n<div style=\"height:100px\" aria-hidden=\"true\" class=\"wp-block-spacer\"><\/div>\n\n\n\n<p class=\"has-vivid-red-color has-text-color has-large-font-size\">Organizaci\u00f3n<\/p>\n\n\n\n<hr class=\"wp-block-separator alignwide has-text-color has-vivid-red-color has-alpha-channel-opacity has-vivid-red-background-color has-background is-style-wide\" \/>\n\n\n\n<div style=\"height:100px\" aria-hidden=\"true\" class=\"wp-block-spacer\"><\/div>\n<\/div>\n\n\n\n<div class=\"wp-block-columns alignwide is-layout-flex wp-container-core-columns-is-layout-28f84493 wp-block-columns-is-layout-flex\">\n<div class=\"wp-block-column is-layout-flow wp-block-column-is-layout-flow\" style=\"flex-basis:66.66%\">\n<p class=\"has-large-font-size\"><strong>Direcci\u00f3n<\/strong><\/p>\n\n\n\n<p class=\"has-large-font-size\">Prof. Dr. Eduardo Demetrio Crespo<\/p>\n\n\n\n<p class=\"has-large-font-size\"><strong>Coordinaci\u00f3n<\/strong><\/p>\n\n\n\n<p class=\"has-large-font-size\">D.\u00aa M\u00f3nica de la Cuerda Mart\u00edn.<br>D. Faustino Garc\u00eda de la Torre Garc\u00eda.<\/p>\n\n\n\n<p class=\"has-large-font-size\"><strong>Modalidad<\/strong><\/p>\n\n\n\n<p class=\"has-large-font-size\">Seminario on-line.<br>Pataforma Microsoft Teams.<\/p>\n\n\n\n<p class=\"has-large-font-size\"><a href=\"http:\/\/blog.uclm.es\/proyectodpch\/files\/2020\/12\/NACL_N2_Curso-de-postgrado-y-Seminario-Internacional_DEFINITIVO-1-1.pdf\">Descarga el Folleto informativo<\/a><\/p>\n<\/div>\n\n\n\n<div class=\"wp-block-column is-layout-flow wp-block-column-is-layout-flow\" style=\"flex-basis:33.33%\">\n<figure class=\"wp-block-image size-large\"><img loading=\"lazy\" decoding=\"async\" width=\"430\" height=\"1024\" src=\"https:\/\/blog.uclm.es\/proyectodpch\/wp-content\/uploads\/sites\/144\/2020\/11\/FolletoDigital_DerechoHumano_page-0001-scaled-1-430x1024.jpg\" alt=\"\" class=\"wp-image-1495\" srcset=\"https:\/\/blog.uclm.es\/proyectodpch\/wp-content\/uploads\/sites\/144\/2020\/11\/FolletoDigital_DerechoHumano_page-0001-scaled-1-430x1024.jpg 430w, https:\/\/blog.uclm.es\/proyectodpch\/wp-content\/uploads\/sites\/144\/2020\/11\/FolletoDigital_DerechoHumano_page-0001-scaled-1-126x300.jpg 126w, https:\/\/blog.uclm.es\/proyectodpch\/wp-content\/uploads\/sites\/144\/2020\/11\/FolletoDigital_DerechoHumano_page-0001-scaled-1-768x1827.jpg 768w, https:\/\/blog.uclm.es\/proyectodpch\/wp-content\/uploads\/sites\/144\/2020\/11\/FolletoDigital_DerechoHumano_page-0001-scaled-1-861x2048.jpg 861w, https:\/\/blog.uclm.es\/proyectodpch\/wp-content\/uploads\/sites\/144\/2020\/11\/FolletoDigital_DerechoHumano_page-0001-scaled-1.jpg 1076w\" sizes=\"auto, (max-width: 430px) 100vw, 430px\" \/><\/figure>\n<\/div>\n<\/div>\n\n\n\n<div class=\"wp-block-group alignwide is-layout-flow wp-block-group-is-layout-flow\">\n<p class=\"has-vivid-red-color has-text-color has-large-font-size\">Programa\u00a0(se actualizar\u00e1 conforme a modificaciones sobrevenidas)<\/p>\n\n\n\n<hr class=\"wp-block-separator has-text-color has-vivid-red-color has-alpha-channel-opacity has-vivid-red-background-color has-background is-style-wide\" \/>\n\n\n\n<div class=\"wp-block-group alignwide is-layout-flow wp-block-group-is-layout-flow\">\n<div style=\"height:100px\" aria-hidden=\"true\" class=\"wp-block-spacer\"><\/div>\n\n\n\n<h4 class=\"has-text-align-center has-vivid-red-color has-text-color wp-block-heading\"><strong>Mi\u00e9rcoles, 13 de enero de 2021<\/strong>&nbsp;<\/h4>\n\n\n\n<h4 class=\"has-text-align-center wp-block-heading\"><strong>Mesa redonda&nbsp;1<\/strong><\/h4>\n\n\n\n<h4 class=\"has-text-align-center wp-block-heading\"><strong>\u201cDerecho penal y comportamiento humano desde las neurociencias\u201d&nbsp;<\/strong><\/h4>\n\n\n\n<p class=\"has-medium-font-size\">Presentaci\u00f3n \/ Moderaci\u00f3n a cargo de:&nbsp;&nbsp;<\/p>\n\n\n\n<p>Prof\u00aa. Dr\u00aa\u00a0M\u00aa\u00a0Isabel\u00a0Gonz\u00e1lez Tapia\u00a0\u00a0(Universidad de C\u00f3rdoba)\u00a0\u00a0<\/p>\n\n\n\n<p>Ponentes:<\/p>\n\n\n\n<p><strong>16:00 h.<\/strong><\/p>\n\n\n\n<p>-Prof. Dr.&nbsp;Jose&nbsp;M\u00aa&nbsp;Delgado Garc\u00eda&nbsp;(Universidad Pablo de Olavide)<\/p>\n\n\n\n<p>\u201c<em>Una introducci\u00f3n a la neurociencia de los procesos cognitivos\u201d.<\/em>&nbsp;&nbsp;<\/p>\n\n\n\n<p><strong>16:15 h.<\/strong><\/p>\n\n\n\n<p>-Prof\u00aa Dr\u00aa Cristina Nombela Otero&nbsp;(Universidad Aut\u00f3noma de Madrid)<\/p>\n\n\n\n<p><em>\u201c<\/em><em>EL algoritmo bioqu\u00edmico del comportamiento humano<\/em><em>\u201d<\/em><em>.<\/em>&nbsp;<\/p>\n\n\n\n<p><strong>16:30 h.<\/strong><\/p>\n\n\n\n<p>-Prof\u00aa Dr\u00aa&nbsp;Mercedes Alonso \u00c1lamo&nbsp;(Universidad de Valladolid)&nbsp;<\/p>\n\n\n\n<p><em>\u201cIncapacidad de acci\u00f3n e incapacidad de culpabilidad a la luz de las neurociencias\u201d.<\/em>&nbsp;&nbsp;<\/p>\n\n\n\n<p><strong>16:45 h.<\/strong><\/p>\n\n\n\n<p>-Prof. Dr.&nbsp;Bernardo Feijoo&nbsp;S\u00e1nchez&nbsp;(Universidad Aut\u00f3noma de Madrid)<\/p>\n\n\n\n<p><em>\u201cLa funci\u00f3n del Derecho penal en un sistema basado en la libertad\u201d<\/em><em>.<\/em>&nbsp;<\/p>\n\n\n\n<p><strong>17:00 h.<\/strong><\/p>\n\n\n\n<p>-Prof\u00aa. Dr\u00aa.&nbsp;Carmen Salinero Alonso&nbsp;(Universidad de las Palmas de Gran Canaria)<\/p>\n\n\n\n<p><em>\u201cNeurociencias, minor\u00eda de edad y Derecho penal\u201d<\/em>&nbsp;<\/p>\n\n\n\n<p><strong>17:15 h.<\/strong><\/p>\n\n\n\n<p>-Prof. Dr.&nbsp;Eric Garc\u00eda L\u00f3pez&nbsp;(UNAM\/INACIPE)<\/p>\n\n\n\n<p><em>\u00abNeuroderecho&nbsp;y&nbsp;Neuroderechos&nbsp;en Iberoam\u00e9rica. Repercusiones jur\u00eddicas y forenses\u201d.<\/em>&nbsp;<\/p>\n\n\n\n<p><strong>17:30 h.\u00a0Debate<\/strong>\u00a0<\/p>\n\n\n\n<div style=\"height:151px\" aria-hidden=\"true\" class=\"wp-block-spacer\"><\/div>\n\n\n\n<h4 class=\"has-text-align-center wp-block-heading\"><strong>Mesa redonda&nbsp;2<\/strong><\/h4>\n\n\n\n<h4 class=\"has-text-align-center wp-block-heading\">\u201c<strong>Derecho penal y comportamiento humano desde la inteligencia artificial<\/strong><strong>\u201d<\/strong><\/h4>\n\n\n\n<p>Presentaci\u00f3n \/ Moderaci\u00f3n a cargo de:&nbsp;&nbsp;<\/p>\n\n\n\n<p>Prof. Dr.&nbsp;Dr. h. c.&nbsp;mult.&nbsp;Luis&nbsp;A.&nbsp;Arroyo Zapatero&nbsp;(Universidad de&nbsp;Castilla-La Mancha)&nbsp;&nbsp;<\/p>\n\n\n\n<p>Ponentes&nbsp;<\/p>\n\n\n\n<p><strong>18:45 h<\/strong><\/p>\n\n\n\n<p>-Prof. Dr.&nbsp;Fernando Mir\u00f3 Llinares&nbsp;(Universidad Miguel&nbsp;Hernandez&nbsp;de Elche)<\/p>\n\n\n\n<p><em>\u201cDerecho penal e inteligencia artificial: esperando a la causalidad\u201d.<\/em>&nbsp;&nbsp;<\/p>\n\n\n\n<p><strong>19:00 h<\/strong><\/p>\n\n\n\n<p>-Prof. Dr.&nbsp;Fernando Molina Fern\u00e1ndez&nbsp;(Universidad Aut\u00f3noma de Madrid)<\/p>\n\n\n\n<p><em>\u00abProgramaci\u00f3n de veh\u00edculos aut\u00f3nomos y responsabilidad penal: desorientaci\u00f3n de la dogm\u00e1tica penal\u00bb<\/em><em>.<\/em>&nbsp;<\/p>\n\n\n\n<p><strong>19:15 h<\/strong><\/p>\n\n\n\n<p>-Prof. Dr.&nbsp;Ad\u00e1n Nieto Mart\u00edn&nbsp;(Universidad de Castilla-La Mancha)<\/p>\n\n\n\n<p><em>\u201cProgramas de inteligencia artificial en la prevenci\u00f3n y detecci\u00f3n de hechos delictivos\u201d.<\/em>&nbsp;&nbsp;&nbsp;<\/p>\n\n\n\n<p><strong>19:30 h<\/strong><\/p>\n\n\n\n<p>-Prof. Dr.&nbsp;Dino Carlos Caro Coria&nbsp;(Centro de Estudios de Derecho penal Econ\u00f3mico y de la Empresa)<\/p>\n\n\n\n<p>\u201c<em>Compliance<\/em><em>, neurociencia y corrupci\u00f3n\u201d.<\/em>&nbsp;<\/p>\n\n\n\n<p><strong>19:45 h<\/strong><\/p>\n\n\n\n<p>-Prof. Dr. Paulo Cesar&nbsp;Busato&nbsp;(Universidad de Paran\u00e1)<\/p>\n\n\n\n<p><em>\u201cDe m\u00e1quinas y seres vivos: \u00bfQui\u00e9n act\u00faa en los resultados delictivos derivados de decisiones cibern\u00e9ticas?\u00bb<\/em><\/p>\n\n\n\n<p><strong>20:00 h<\/strong>\u2013&nbsp;<strong>Debate<\/strong>&nbsp;<\/p>\n\n\n\n<div style=\"height:100px\" aria-hidden=\"true\" class=\"wp-block-spacer\"><\/div>\n\n\n\n<h4 class=\"has-text-align-center has-vivid-red-color has-text-color wp-block-heading\"><strong>Viernes, 15 de enero de 2021&nbsp;<\/strong><\/h4>\n\n\n\n<h4 class=\"has-text-align-center wp-block-heading\"><strong>Conferencia magistral<\/strong><\/h4>\n\n\n\n<p><strong>Presentaci\u00f3n \/ Moderaci\u00f3n a cargo de<\/strong>:&nbsp;&nbsp;<\/p>\n\n\n\n<p>Prof. Dr.&nbsp;Eduardo Demetrio Crespo&nbsp;&nbsp;(Universidad de Castilla \u2013 La Mancha)<\/p>\n\n\n\n<p>Investigador Principal del&nbsp;<a href=\"http:\/\/blog.uclm.es\/proyectodpch\/\">Proyecto Derecho penal y comportamiento humano (RTI2018-097838-B-I00)<\/a><\/p>\n\n\n\n<p>Director del&nbsp;<a href=\"http:\/\/blog.uclm.es\/proyectodpch\/curso-de-postgrado-dpch\/\">Curso de Postgrado&nbsp;Derecho penal y Comportamiento Humano: avances desde la neurociencia y la inteligencia artificial<\/a><\/p>\n\n\n\n<p><strong>Interviene<\/strong><strong>:<\/strong>&nbsp;<\/p>\n\n\n\n<p><strong>16:00 h<\/strong><\/p>\n\n\n\n<p>Prof. Dr.&nbsp;Iur. Dr.&nbsp;Med.&nbsp;Dr. h. c.&nbsp;Mult.&nbsp;Carlos&nbsp;M\u00aa&nbsp;Romeo&nbsp;Casabona&nbsp;(Universidad del Pa\u00eds Vasco&nbsp;\u2013&nbsp;Director&nbsp;de la C\u00e1tedra de Derecho y Genoma Humano).&nbsp;<\/p>\n\n\n\n<p>&nbsp;<em>\u00abAvances cient\u00edficos y Derecho penal\u00bb<\/em><\/p>\n\n\n\n<div style=\"height:100px\" aria-hidden=\"true\" class=\"wp-block-spacer\"><\/div>\n\n\n\n<h4 class=\"has-text-align-center wp-block-heading\"><strong>Mesa redonda&nbsp;3<\/strong><\/h4>\n\n\n\n<h4 class=\"has-text-align-center wp-block-heading\"><strong>\u201cNeuro-tecnolog\u00edas&nbsp;y sistema penal\u201d<\/strong><\/h4>\n\n\n\n<p>Presentaci\u00f3n \/ Moderaci\u00f3n a cargo de:&nbsp;&nbsp;<\/p>\n\n\n\n<p>Prof. Dr.&nbsp;Nicol\u00e1s Garc\u00eda Rivas&nbsp;&nbsp;(Universidad de&nbsp;Castilla La \u2013 Mancha)&nbsp;&nbsp;<\/p>\n\n\n\n<p>Ponentes&nbsp;<\/p>\n\n\n\n<p><strong>18:45 h<\/strong><\/p>\n\n\n\n<p>-Prof. Dr.&nbsp;Jos\u00e9 \u00c1ngel&nbsp;Marinaro&nbsp;(Universidad de la Matanza)<\/p>\n\n\n\n<p>\u201c<em>Neurotecnolog\u00edas&nbsp;y Derecho penal<\/em><em>\u201d.<\/em>&nbsp;<\/p>\n\n\n\n<p><strong>19:00 h<\/strong><\/p>\n\n\n\n<p>-Prof. Dr.&nbsp;Roberto&nbsp;Andorno&nbsp;(University&nbsp;of&nbsp;Zurich)<\/p>\n\n\n\n<p>\u201c<em>Neurotecnolog\u00edas&nbsp;y Derechos Humanos\u201d.<\/em>&nbsp;<\/p>\n\n\n\n<p><strong>19:15 h<\/strong><\/p>\n\n\n\n<p>-Prof. Dr.&nbsp;Daniel R. Pastor&nbsp;(Universidad de Buenos Aires)<\/p>\n\n\n\n<p>\u201c<em>Neurociencias, inteligencia artificial<\/em><em>&nbsp;y jurisdicci\u00f3n: \u00bfHacia una nueva idea de justicia?<\/em><em>\u201d.<\/em>&nbsp;<\/p>\n\n\n\n<p><strong>19:30 h<\/strong><\/p>\n\n\n\n<p>-Prof. Dr.&nbsp;Jes\u00fas Iv\u00e1n Mora Gonz\u00e1lez&nbsp;(Universidad de Granada)<\/p>\n\n\n\n<p>\u201c<em>Neutralidad en la red y cumplimiento normativo<\/em><em>\u201d<\/em><em>.<\/em>&nbsp;<\/p>\n\n\n\n<p><strong>19:45 h&nbsp;<\/strong><\/p>\n\n\n\n<p>-Prof. Dr.&nbsp;Jos\u00e9 Manuel Mu\u00f1oz Ortega&nbsp;(Universidad Europea de Valencia)<\/p>\n\n\n\n<p><em>El libre albedr\u00edo y la identidad personal como&nbsp;<\/em><em>N<\/em><em>euroderechos: desaf\u00edos filos\u00f3ficos y socioculturales\u201d<\/em><em>.<\/em>&nbsp;<\/p>\n\n\n\n<p><strong>20:00. \u2013<\/strong>&nbsp;<strong>&nbsp;<\/strong><strong>Debate<\/strong>&nbsp;<\/p>\n\n\n\n<div style=\"height:100px\" aria-hidden=\"true\" class=\"wp-block-spacer\"><\/div>\n\n\n\n<h4 class=\"has-text-align-center has-vivid-red-color has-text-color wp-block-heading\"><strong>Mi\u00e9rcoles, 20 de enero de 2021<\/strong><\/h4>\n\n\n\n<h4 class=\"has-text-align-center wp-block-heading\"><strong>Mesa redonda&nbsp;4<\/strong><\/h4>\n\n\n\n<h4 class=\"has-text-align-center wp-block-heading\"><strong>\u201cNeuro-predicci\u00f3n, Derechos Fundamentales y sistema penal\u201d<\/strong><\/h4>\n\n\n\n<p>Presentaci\u00f3n \/ Moderaci\u00f3n a cargo de:&nbsp;&nbsp;<\/p>\n\n\n\n<p>Prof. Dr.&nbsp;Dr. h. c.&nbsp;Manuel&nbsp;Cancio&nbsp;Meli\u00e1&nbsp;&nbsp;(Universidad&nbsp;Aut\u00f3noma de Madrid)&nbsp;&nbsp;<\/p>\n\n\n\n<p>Ponentes&nbsp;<\/p>\n\n\n\n<p><strong>16:00 h<\/strong><\/p>\n\n\n\n<p>-Prof\u00aa Dr\u00aa&nbsp;Grischa&nbsp;Merkel&nbsp;(University&nbsp;of&nbsp;Bremen)<\/p>\n\n\n\n<p><em>Criminal&nbsp;Law&nbsp;and&nbsp;Brain&nbsp;Decoding<\/em><em>\u201d<\/em><em>.<\/em>&nbsp;<\/p>\n\n\n\n<p><strong>16:&nbsp;15 h<\/strong><\/p>\n\n\n\n<p>-Dr.&nbsp;Thomas&nbsp;Grosse-Wilde&nbsp;(University&nbsp;of&nbsp;Bonn)<\/p>\n\n\n\n<p><em>\u201c<\/em><em>Predictive&nbsp;Sentencing<\/em><em>\u201d.<\/em>&nbsp;<\/p>\n\n\n\n<p><strong>16:30 h<\/strong><\/p>\n\n\n\n<p>-Prof\u00aa Dr\u00aa&nbsp;Bettina&nbsp;Weisser&nbsp;(University&nbsp;of&nbsp;Cologne)<\/p>\n\n\n\n<p><em>\u201c<\/em><em>Punishing&nbsp;dangerous&nbsp;thoughts&nbsp;and&nbsp;opinions&nbsp;\u2013&nbsp;the&nbsp;fine line&nbsp;between&nbsp;incitement&nbsp;and&nbsp;the&nbsp;freedom&nbsp;of&nbsp;expresi\u00f3n<\/em><em>\u201d.<\/em>&nbsp;<\/p>\n\n\n\n<p><strong>16:45 h<\/strong><\/p>\n\n\n\n<p>-Prof. Dr.&nbsp;Reinhard Merkel&nbsp;\u2013&nbsp;(University&nbsp;of&nbsp;Hamburg)<\/p>\n\n\n\n<p><em>\u201c<\/em><em>Neuroenhancement&nbsp;and&nbsp;the&nbsp;Right&nbsp;to&nbsp;Mental&nbsp;Self-determination<\/em><em>\u201d<\/em>&nbsp;<\/p>\n\n\n\n<p><strong>17:00. \u2013&nbsp;Debate&nbsp;&nbsp;<\/strong><\/p>\n\n\n\n<div style=\"height:100px\" aria-hidden=\"true\" class=\"wp-block-spacer\"><\/div>\n\n\n\n<h4 class=\"has-text-align-center wp-block-heading\"><strong>Mesa redonda&nbsp;5<\/strong><\/h4>\n\n\n\n<h4 class=\"has-text-align-center wp-block-heading\"><strong>\u201cNeurociencias, culpabilidad y peligrosidad criminal\u201d<\/strong><\/h4>\n\n\n\n<p>Presentaci\u00f3n \/ Moderaci\u00f3n a cargo de:&nbsp;&nbsp;<\/p>\n\n\n\n<p>Prof\u00aa. Dr\u00aa.&nbsp;Rosario de Vicente Mart\u00ednez&nbsp;&nbsp;(Universidad de Castilla \u2013 La Mancha)&nbsp;&nbsp;<\/p>\n\n\n\n<p>Ponentes&nbsp;<\/p>\n\n\n\n<p><strong>18:45 h<\/strong><\/p>\n\n\n\n<p>-Prof. Dr.&nbsp;V\u00edctor G. Rodr\u00edguez&nbsp;(Universidade&nbsp;de S\u00e3o Paulo)<\/p>\n\n\n\n<p>\u201c<em>Los avances neurocient\u00edficos y el renacimiento de las discusiones sobre determinismo y libre albedr\u00edo en derecho penal<\/em><em>\u201d.<\/em><em>&nbsp;<\/em>&nbsp;<\/p>\n\n\n\n<p><strong>19:00 h<\/strong><\/p>\n\n\n\n<p>-Prof. Dr.&nbsp;Ciro Grandi&nbsp;(Universit\u00e0 degli Studi di Ferrara)<\/p>\n\n\n\n<p>\u00ab<em>Il ruolo delle neuroscienze nel&nbsp;guidizio&nbsp;di imputabilit\u00e0 e nella prognosi di pericolosit\u00e0: Il&nbsp;debattito&nbsp;teorico e le ricadute pratiche&nbsp;nell\u00b4esperienza&nbsp;italiana\u00bb.<\/em>&nbsp;<\/p>\n\n\n\n<p><strong>19:15 h<\/strong><\/p>\n\n\n\n<p>-Prof\u00aa. Dr\u00aa.&nbsp;Marta Mar\u00eda Aguilar C\u00e1ceres&nbsp;(Universidad de Murcia)<\/p>\n\n\n\n<p><em>\u00abNeurociencia, culpabilidad y patolog\u00eda mental\u00bb<\/em>&nbsp;<\/p>\n\n\n\n<p><strong>19:30 h&nbsp;<\/strong><\/p>\n\n\n\n<p>-Prof. Dr.&nbsp;Antonio Andr\u00e9s Pueyo&nbsp;(Universidad de Barcelona)<\/p>\n\n\n\n<p><em>\u00abPeligrosidad criminal, riesgo de violencia y toma de decisiones\u201d.<\/em>&nbsp;<\/p>\n\n\n\n<p><strong>19:45 h<\/strong><\/p>\n\n\n\n<p>-Prof\u00aa. Dr\u00aa.&nbsp;Karen Herrera&nbsp;(Asociaci\u00f3n Mexicana de&nbsp;Neuro\u00e9tica&nbsp;y Georgetown&nbsp;University)<\/p>\n\n\n\n<p>\u00ab<em>Reclasificaci\u00f3n de la conducta violenta recurrente: Implicaciones m\u00e9dicas,&nbsp;neuro\u00e9tico-legales y sociales\u201d<\/em><em>.<\/em>&nbsp;<\/p>\n\n\n\n<p><strong>20:00 h<\/strong><\/p>\n\n\n\n<p>-Prof\u00aa. Dr\u00aa.&nbsp;&nbsp;M\u00aa&nbsp;Pilar Marco Francia&nbsp;(Universidad de Castilla \u2013 La Mancha)<\/p>\n\n\n\n<p><em>\u201cDelincuencia sexual, pedofilia y neurociencias<\/em><em>\u201d<\/em><em>.<\/em>&nbsp;<\/p>\n\n\n\n<p><strong>20:15. \u2013\u00a0Debate\u00a0<\/strong><\/p>\n\n\n\n<div style=\"height:100px\" aria-hidden=\"true\" class=\"wp-block-spacer\"><\/div>\n\n\n\n<h4 class=\"has-text-align-center has-vivid-red-color has-text-color wp-block-heading\"><strong>Viernes, 22 de enero de 2021<\/strong><\/h4>\n\n\n\n<h4 class=\"has-text-align-center wp-block-heading\"><strong>Conferencia magistral<\/strong><\/h4>\n\n\n\n<p>Presentaci\u00f3n \/ Moderaci\u00f3n a cargo de:&nbsp;&nbsp;<\/p>\n\n\n\n<p>Prof. Dr.&nbsp;Eduardo Demetrio Crespo&nbsp;&nbsp;(Universidad de Castilla \u2013 La Mancha)<\/p>\n\n\n\n<p>Investigador Principal del&nbsp;<a href=\"http:\/\/blog.uclm.es\/proyectodpch\/\">Proyecto Derecho penal y comportamiento humano (RTI2018-097838-B-I00)<\/a><\/p>\n\n\n\n<p>Director del&nbsp;<a href=\"http:\/\/blog.uclm.es\/proyectodpch\/curso-de-postgrado-dpch\/\">Curso de Postgrado&nbsp;Derecho penal y Comportamiento Humano: avances desde la neurociencia y la inteligencia artificial<\/a><\/p>\n\n\n\n<p class=\"has-large-font-size\"><strong>Interviene<\/strong><strong>:<\/strong>&nbsp;<\/p>\n\n\n\n<p><strong>16:00 h<\/strong><\/p>\n\n\n\n<p>Prof. Dr.&nbsp;Dr. h. c.&nbsp;mult.&nbsp;Ignacio&nbsp;Berdugo&nbsp;G\u00f3mez de la Torre&nbsp;(Universidad de Salamanca)&nbsp;<\/p>\n\n\n\n<p>\u00abPol\u00edticas de desarrollo versus Derechos de los pueblos ind\u00edgenas y medio ambiente<em>\u00ab<\/em><\/p>\n\n\n\n<h4 class=\"alignwide has-text-align-center wp-block-heading\"><strong>Mesa redonda&nbsp;6<\/strong><\/h4>\n\n\n\n<h4 class=\"alignwide has-text-align-center wp-block-heading\"><strong>\u201cNeuro-predicci\u00f3n, Derechos Fundamentales y sistema penal\u201d<\/strong><\/h4>\n\n\n\n<p>Presentaci\u00f3n \/ Moderaci\u00f3n a cargo de:&nbsp;&nbsp;<\/p>\n\n\n\n<p>Prof\u00aa. Dr\u00aa.&nbsp;Mercedes P\u00e9rez Manzano&nbsp;(Universidad&nbsp;Aut\u00f3noma de Madrid)&nbsp;&nbsp;<\/p>\n\n\n\n<p>Ponentes&nbsp;<\/p>\n\n\n\n<p><strong>18:45 h<\/strong><\/p>\n\n\n\n<p>-Prof\u00aa&nbsp;Dr\u00aa&nbsp;M\u00aa&nbsp;Fernanda Palma&nbsp;(Universidad de Lisboa)&nbsp;<\/p>\n\n\n\n<p><em>\u00abThe&nbsp;problem&nbsp;of&nbsp;unity&nbsp;of&nbsp;sciences&nbsp;and&nbsp;the&nbsp;relationship&nbsp;from&nbsp;Law&nbsp;and&nbsp;Neurosciences- a&nbsp;third&nbsp;perspective&nbsp;between\u202f \u202fnaturalistic&nbsp;fallacy&nbsp;and&nbsp;normative&nbsp;fallacy\u00bb.<\/em>&nbsp;<\/p>\n\n\n\n<p><strong>19:00 h<\/strong><\/p>\n\n\n\n<p>-Prof. Dr.&nbsp;Luis Greco&nbsp;(Humbolt&nbsp;Universit\u00e4t&nbsp;zu&nbsp;Berlin)<\/p>\n\n\n\n<p>\u201c<em>\u00bfQu\u00e9 aprendimos los penalistas de la discusi\u00f3n de los&nbsp;neurocientistas?<\/em><em>\u201d<\/em><em>.<\/em>&nbsp;<\/p>\n\n\n\n<p><strong>19:15 h<\/strong><\/p>\n\n\n\n<p>-Dr.&nbsp;Jos\u00e9 Carlos Porci\u00fancula&nbsp;(Instituto Brasiliense de&nbsp;Direito&nbsp;P\u00fablico)<\/p>\n\n\n\n<p>\u201c<em>Persona, tiempo, responsabilidad: proleg\u00f3menos a una teor\u00eda de la retribuci\u00f3n diacr\u00f3nica\u201d.<\/em>&nbsp;<\/p>\n\n\n\n<p><strong>19:30 h<\/strong><\/p>\n\n\n\n<p>-Prof. Dr.&nbsp;Luis Chiesa&nbsp;(University&nbsp;at&nbsp;Buffalo)<\/p>\n\n\n\n<p>\u201c<em>Incompatibilismo&nbsp;selectivo<\/em><em>\u201d<\/em>.&nbsp;<\/p>\n\n\n\n<p><strong>19:45 h<\/strong><\/p>\n\n\n\n<p>-Prof. Dr.&nbsp;Eduardo Demetrio Crespo&nbsp;(Universidad de Castilla \u2013 La Mancha)<\/p>\n\n\n\n<p><em>\u201cCompatibilismo&nbsp;<\/em><em>humanista\u201d<\/em><em>.<\/em>&nbsp;<\/p>\n\n\n\n<p><strong>20:15. \u2013&nbsp;Debate<\/strong>&nbsp;<\/p>\n<\/div>\n<\/div>\n<\/div>\n\n\n\n<div style=\"height:252px\" aria-hidden=\"true\" class=\"wp-block-spacer\"><\/div>\n","protected":false},"excerpt":{"rendered":"<p>Organizaci\u00f3n Direcci\u00f3n Prof. Dr. Eduardo Demetrio Crespo Coordinaci\u00f3n D.\u00aa M\u00f3nica de la Cuerda Mart\u00edn.D. Faustino Garc\u00eda de la Torre Garc\u00eda. Modalidad Seminario on-line.Pataforma Microsoft Teams. Descarga el Folleto informativo Programa\u00a0(se actualizar\u00e1 conforme a modificaciones sobrevenidas) Mi\u00e9rcoles, 13 de enero de 2021&nbsp; Mesa redonda&nbsp;1 \u201cDerecho penal y comportamiento humano desde las neurociencias\u201d&nbsp; Presentaci\u00f3n \/ Moderaci\u00f3n a [&hellip;]<\/p>\n","protected":false},"author":132,"featured_media":0,"parent":0,"menu_order":0,"comment_status":"closed","ping_status":"closed","template":"","meta":{"footnotes":""},"class_list":["post-1440","page","type-page","status-publish","hentry"],"_links":{"self":[{"href":"https:\/\/blog.uclm.es\/proyectodpch\/wp-json\/wp\/v2\/pages\/1440","targetHints":{"allow":["GET"]}}],"collection":[{"href":"https:\/\/blog.uclm.es\/proyectodpch\/wp-json\/wp\/v2\/pages"}],"about":[{"href":"https:\/\/blog.uclm.es\/proyectodpch\/wp-json\/wp\/v2\/types\/page"}],"author":[{"embeddable":true,"href":"https:\/\/blog.uclm.es\/proyectodpch\/wp-json\/wp\/v2\/users\/132"}],"replies":[{"embeddable":true,"href":"https:\/\/blog.uclm.es\/proyectodpch\/wp-json\/wp\/v2\/comments?post=1440"}],"version-history":[{"count":6,"href":"https:\/\/blog.uclm.es\/proyectodpch\/wp-json\/wp\/v2\/pages\/1440\/revisions"}],"predecessor-version":[{"id":2010,"href":"https:\/\/blog.uclm.es\/proyectodpch\/wp-json\/wp\/v2\/pages\/1440\/revisions\/2010"}],"wp:attachment":[{"href":"https:\/\/blog.uclm.es\/proyectodpch\/wp-json\/wp\/v2\/media?parent=1440"}],"curies":[{"name":"wp","href":"https:\/\/api.w.org\/{rel}","templated":true}]}}