{"id":1393,"date":"2020-10-27T14:59:08","date_gmt":"2020-10-27T13:59:08","guid":{"rendered":"http:\/\/blog.uclm.es\/proyectodpch\/?page_id=1393"},"modified":"2022-11-30T12:27:18","modified_gmt":"2022-11-30T12:27:18","slug":"seminario-discapacidad-intelectual-y-dp","status":"publish","type":"page","link":"https:\/\/blog.uclm.es\/proyectodpch\/seminario-discapacidad-intelectual-y-dp\/","title":{"rendered":"Seminario discapacidad"},"content":{"rendered":"\n<div class=\"wp-block-group alignwide is-layout-flow wp-block-group-is-layout-flow\">\n<p class=\"has-base-color has-vivid-red-background-color has-text-color has-background has-x-large-font-size\">Seminario Discapacidad intelectual, acceso<\/p>\n<\/div>\n\n\n\n<div style=\"height:100px\" aria-hidden=\"true\" class=\"wp-block-spacer\"><\/div>\n\n\n\n<div class=\"wp-block-group alignwide is-layout-flow wp-block-group-is-layout-flow\">\n<p><strong>Discapacidad intelectual, Derecho penal y acceso a la justicia<\/strong><br>Seminario<\/p>\n\n\n\n<p>Directores:&nbsp;<a href=\"https:\/\/blog.uclm.es\/eduardodemetrio\/eduardo-demetrio-crespo\/\">Eduardo Demetrio Crespo<\/a>&nbsp;&amp; Rebeca Arce Mart\u00ednez &amp; M\u00aa Luisa Escudero Serrano.<\/p>\n\n\n\n<p>Coordinaci\u00f3n:&nbsp;<a href=\"http:\/\/blog.uclm.es\/eduardodemetrio\/monica-de-la-cuerda\/\">M\u00f3nica de la Cuerda Mart\u00edn<\/a>&nbsp;&amp;&nbsp;<a href=\"http:\/\/blog.uclm.es\/eduardodemetrio\/faustino-garcia-de-la-torre\/\"><\/a><a href=\"http:\/\/blog.uclm.es\/eduardodemetrio\/faustino-garcia-de-la-torre\/\">Faustino Garc\u00eda de la Torre Garc\u00eda.&nbsp;<\/a><\/p>\n\n\n\n<p>Marco: Proyecto de investigaci\u00f3n&nbsp;<a href=\"https:\/\/blog.uclm.es\/proyectocresta\/\">\u201cCrisis del Derecho Penal del Estado de Derecho: Manifestaciones y tendencias\u201d (SBPLY\/17\/18501\/000223)<\/a>&nbsp;y Proyecto de investigaci\u00f3n&nbsp;<a href=\"https:\/\/blog.uclm.es\/proyectodpch\/\">\u201cDerecho penal y comportamiento humano\u201d (RTI2018-097838-B-100)<\/a>.&nbsp;<\/p>\n\n\n\n<p>Lugar:&nbsp;Facultad de Ciencias jur\u00eddicas y sociales de Toledo (Aula Magna)<br>Fecha: 19\/02\/2020&nbsp;<\/p>\n\n\n\n<p><a href=\"http:\/\/blog.uclm.es\/eduardodemetrio\/files\/2020\/02\/02.-Programa_Seminario-discapacidad_ok.pdf\">Descargar el Tr\u00edptico<\/a><\/p>\n\n\n\n<figure class=\"wp-block-gallery has-nested-images columns-4 is-cropped wp-block-gallery-1 is-layout-flex wp-block-gallery-is-layout-flex\">\n<figure class=\"wp-block-image size-medium\"><img loading=\"lazy\" decoding=\"async\" width=\"212\" height=\"300\" data-id=\"556\" src=\"https:\/\/blog.uclm.es\/proyectodpch\/wp-content\/uploads\/sites\/144\/2020\/03\/01.-Cartel_Seminario_Discapacidad-intelectual_ok_page-0001-2-212x300.jpg\" alt=\"\" class=\"wp-image-556\" srcset=\"https:\/\/blog.uclm.es\/proyectodpch\/wp-content\/uploads\/sites\/144\/2020\/03\/01.-Cartel_Seminario_Discapacidad-intelectual_ok_page-0001-2-212x300.jpg 212w, https:\/\/blog.uclm.es\/proyectodpch\/wp-content\/uploads\/sites\/144\/2020\/03\/01.-Cartel_Seminario_Discapacidad-intelectual_ok_page-0001-2-724x1024.jpg 724w, https:\/\/blog.uclm.es\/proyectodpch\/wp-content\/uploads\/sites\/144\/2020\/03\/01.-Cartel_Seminario_Discapacidad-intelectual_ok_page-0001-2-768x1086.jpg 768w, https:\/\/blog.uclm.es\/proyectodpch\/wp-content\/uploads\/sites\/144\/2020\/03\/01.-Cartel_Seminario_Discapacidad-intelectual_ok_page-0001-2-1086x1536.jpg 1086w, https:\/\/blog.uclm.es\/proyectodpch\/wp-content\/uploads\/sites\/144\/2020\/03\/01.-Cartel_Seminario_Discapacidad-intelectual_ok_page-0001-2-1448x2048.jpg 1448w, https:\/\/blog.uclm.es\/proyectodpch\/wp-content\/uploads\/sites\/144\/2020\/03\/01.-Cartel_Seminario_Discapacidad-intelectual_ok_page-0001-2.jpg 1754w\" sizes=\"auto, (max-width: 212px) 100vw, 212px\" \/><\/figure>\n\n\n\n<figure class=\"wp-block-image size-medium\"><img loading=\"lazy\" decoding=\"async\" width=\"300\" height=\"225\" data-id=\"557\" src=\"https:\/\/blog.uclm.es\/proyectodpch\/wp-content\/uploads\/sites\/144\/2020\/03\/IMG_20200219_094606-scaled-1-300x225.jpg\" alt=\"\" class=\"wp-image-557\" srcset=\"https:\/\/blog.uclm.es\/proyectodpch\/wp-content\/uploads\/sites\/144\/2020\/03\/IMG_20200219_094606-scaled-1-300x225.jpg 300w, https:\/\/blog.uclm.es\/proyectodpch\/wp-content\/uploads\/sites\/144\/2020\/03\/IMG_20200219_094606-scaled-1-1024x768.jpg 1024w, https:\/\/blog.uclm.es\/proyectodpch\/wp-content\/uploads\/sites\/144\/2020\/03\/IMG_20200219_094606-scaled-1-768x576.jpg 768w, https:\/\/blog.uclm.es\/proyectodpch\/wp-content\/uploads\/sites\/144\/2020\/03\/IMG_20200219_094606-scaled-1-1536x1152.jpg 1536w, https:\/\/blog.uclm.es\/proyectodpch\/wp-content\/uploads\/sites\/144\/2020\/03\/IMG_20200219_094606-scaled-1-2048x1536.jpg 2048w\" sizes=\"auto, (max-width: 300px) 100vw, 300px\" \/><\/figure>\n\n\n\n<figure class=\"wp-block-image size-medium\"><img loading=\"lazy\" decoding=\"async\" width=\"300\" height=\"225\" data-id=\"558\" src=\"https:\/\/blog.uclm.es\/proyectodpch\/wp-content\/uploads\/sites\/144\/2020\/03\/IMG_9841-300x225.jpg\" alt=\"\" class=\"wp-image-558\" srcset=\"https:\/\/blog.uclm.es\/proyectodpch\/wp-content\/uploads\/sites\/144\/2020\/03\/IMG_9841-300x225.jpg 300w, https:\/\/blog.uclm.es\/proyectodpch\/wp-content\/uploads\/sites\/144\/2020\/03\/IMG_9841-768x576.jpg 768w, https:\/\/blog.uclm.es\/proyectodpch\/wp-content\/uploads\/sites\/144\/2020\/03\/IMG_9841.jpg 833w\" sizes=\"auto, (max-width: 300px) 100vw, 300px\" \/><\/figure>\n\n\n\n<figure class=\"wp-block-image size-medium\"><img loading=\"lazy\" decoding=\"async\" width=\"300\" height=\"225\" data-id=\"559\" src=\"https:\/\/blog.uclm.es\/proyectodpch\/wp-content\/uploads\/sites\/144\/2020\/03\/IMG_9859-300x225.jpg\" alt=\"\" class=\"wp-image-559\" srcset=\"https:\/\/blog.uclm.es\/proyectodpch\/wp-content\/uploads\/sites\/144\/2020\/03\/IMG_9859-300x225.jpg 300w, https:\/\/blog.uclm.es\/proyectodpch\/wp-content\/uploads\/sites\/144\/2020\/03\/IMG_9859.jpg 768w\" sizes=\"auto, (max-width: 300px) 100vw, 300px\" \/><\/figure>\n<\/figure>\n<\/div>\n\n\n\n<hr class=\"wp-block-separator alignwide has-text-color has-vivid-red-color has-alpha-channel-opacity has-vivid-red-background-color has-background\" \/>\n\n\n\n<div style=\"height:187px\" aria-hidden=\"true\" class=\"wp-block-spacer\"><\/div>\n","protected":false},"excerpt":{"rendered":"<p>Seminario Discapacidad intelectual, acceso Discapacidad intelectual, Derecho penal y acceso a la justiciaSeminario Directores:&nbsp;Eduardo Demetrio Crespo&nbsp;&amp; Rebeca Arce Mart\u00ednez &amp; M\u00aa Luisa Escudero Serrano. Coordinaci\u00f3n:&nbsp;M\u00f3nica de la Cuerda Mart\u00edn&nbsp;&amp;&nbsp;Faustino Garc\u00eda de la Torre Garc\u00eda.&nbsp; Marco: Proyecto de investigaci\u00f3n&nbsp;\u201cCrisis del Derecho Penal del Estado de Derecho: Manifestaciones y tendencias\u201d (SBPLY\/17\/18501\/000223)&nbsp;y Proyecto de investigaci\u00f3n&nbsp;\u201cDerecho penal y comportamiento [&hellip;]<\/p>\n","protected":false},"author":132,"featured_media":0,"parent":0,"menu_order":0,"comment_status":"closed","ping_status":"closed","template":"","meta":{"footnotes":""},"class_list":["post-1393","page","type-page","status-publish","hentry"],"_links":{"self":[{"href":"https:\/\/blog.uclm.es\/proyectodpch\/wp-json\/wp\/v2\/pages\/1393","targetHints":{"allow":["GET"]}}],"collection":[{"href":"https:\/\/blog.uclm.es\/proyectodpch\/wp-json\/wp\/v2\/pages"}],"about":[{"href":"https:\/\/blog.uclm.es\/proyectodpch\/wp-json\/wp\/v2\/types\/page"}],"author":[{"embeddable":true,"href":"https:\/\/blog.uclm.es\/proyectodpch\/wp-json\/wp\/v2\/users\/132"}],"replies":[{"embeddable":true,"href":"https:\/\/blog.uclm.es\/proyectodpch\/wp-json\/wp\/v2\/comments?post=1393"}],"version-history":[{"count":5,"href":"https:\/\/blog.uclm.es\/proyectodpch\/wp-json\/wp\/v2\/pages\/1393\/revisions"}],"predecessor-version":[{"id":1996,"href":"https:\/\/blog.uclm.es\/proyectodpch\/wp-json\/wp\/v2\/pages\/1393\/revisions\/1996"}],"wp:attachment":[{"href":"https:\/\/blog.uclm.es\/proyectodpch\/wp-json\/wp\/v2\/media?parent=1393"}],"curies":[{"name":"wp","href":"https:\/\/api.w.org\/{rel}","templated":true}]}}