{"id":1378,"date":"2020-10-27T14:48:57","date_gmt":"2020-10-27T13:48:57","guid":{"rendered":"http:\/\/blog.uclm.es\/proyectodpch\/?page_id=1378"},"modified":"2023-02-27T13:44:03","modified_gmt":"2023-02-27T13:44:03","slug":"seminarios","status":"publish","type":"page","link":"https:\/\/blog.uclm.es\/proyectodpch\/seminarios\/","title":{"rendered":""},"content":{"rendered":"\n<div class=\"wp-block-group alignwide is-layout-flow wp-block-group-is-layout-flow\">\n<div class=\"wp-block-group alignfull has-vivid-red-background-color has-background is-layout-flow wp-block-group-is-layout-flow\">\n<h3 class=\"has-base-color has-vivid-red-background-color has-text-color has-background wp-block-heading\">Seminarios y Congresos en el marco del Proyecto<\/h3>\n<\/div>\n\n\n\n<div class=\"wp-block-media-text alignwide is-stacked-on-mobile\" style=\"grid-template-columns:20% auto\"><figure class=\"wp-block-media-text__media\"><a href=\"https:\/\/blog.uclm.es\/proyectodpch\/seminario-internacional-neurociencias-y-neuroderechos\/\" target=\"_blank\" rel=\"noreferrer noopener\"><img loading=\"lazy\" decoding=\"async\" width=\"200\" height=\"320\" src=\"https:\/\/blog.uclm.es\/proyectodpch\/wp-content\/uploads\/sites\/144\/2023\/02\/csm_LOGO_MIAS-1000_d2d5b7d2fd.png\" alt=\"\" class=\"wp-image-2169 size-full\" srcset=\"https:\/\/blog.uclm.es\/proyectodpch\/wp-content\/uploads\/sites\/144\/2023\/02\/csm_LOGO_MIAS-1000_d2d5b7d2fd.png 200w, https:\/\/blog.uclm.es\/proyectodpch\/wp-content\/uploads\/sites\/144\/2023\/02\/csm_LOGO_MIAS-1000_d2d5b7d2fd-188x300.png 188w\" sizes=\"auto, (max-width: 200px) 100vw, 200px\" \/><\/a><\/figure><div class=\"wp-block-media-text__content\">\n<h5 class=\"wp-block-heading\">Seminario internacional Neurociencias y Neuroderechos \u00bfSe puede predecir la conducta delictiva? \u00bfQu\u00e9 aporta la neurociencia al derecho penal y procesal penal?<\/h5>\n\n\n\n<p><em>Seminario<\/em> <em>de profundizaci\u00f3n<\/em><\/p>\n\n\n\n<p><strong>Disertantes<\/strong>: Garc\u00eda L\u00f3pez, \u00c9ric &amp; Nombela Otero, Cristina &amp; Juli\u00e0 Pijuan, Miquel.<\/p>\n\n\n\n<p><strong>Fecha<\/strong>:&nbsp;Viernes, 26 de noviembre de 2021<br><strong>Hora<\/strong>:&nbsp;11:00 h<\/p>\n\n\n\n<p><a href=\"http:\/\/blog.uclm.es\/proyectodpch\/files\/2021\/11\/programa-SEMINARIO-INTERNACIONAL-DE-NEUROCIENCIAS-Y-NEURODERECHOS-virtual.pdf\">Descargar el cartel<\/a><\/p>\n<\/div><\/div>\n\n\n\n<hr class=\"wp-block-separator has-text-color has-vivid-red-color has-alpha-channel-opacity has-vivid-red-background-color has-background is-style-wide\" \/>\n\n\n\n<div class=\"wp-block-media-text alignwide is-stacked-on-mobile\" style=\"grid-template-columns:20% auto\"><figure class=\"wp-block-media-text__media\"><a href=\"https:\/\/blog.uclm.es\/proyectodpch\/seminario-internacional-neurociencias-y-neuroderechos\/\" target=\"_blank\" rel=\"noreferrer noopener\"><img loading=\"lazy\" decoding=\"async\" width=\"724\" height=\"1024\" src=\"https:\/\/blog.uclm.es\/proyectodpch\/wp-content\/uploads\/sites\/144\/2023\/02\/Cartel_DchoPenalHumano_2022_1_-1-724x1024.jpg\" alt=\"\" class=\"wp-image-2123 size-full\" srcset=\"https:\/\/blog.uclm.es\/proyectodpch\/wp-content\/uploads\/sites\/144\/2023\/02\/Cartel_DchoPenalHumano_2022_1_-1-724x1024.jpg 724w, https:\/\/blog.uclm.es\/proyectodpch\/wp-content\/uploads\/sites\/144\/2023\/02\/Cartel_DchoPenalHumano_2022_1_-1-212x300.jpg 212w, https:\/\/blog.uclm.es\/proyectodpch\/wp-content\/uploads\/sites\/144\/2023\/02\/Cartel_DchoPenalHumano_2022_1_-1-768x1086.jpg 768w, https:\/\/blog.uclm.es\/proyectodpch\/wp-content\/uploads\/sites\/144\/2023\/02\/Cartel_DchoPenalHumano_2022_1_-1-1086x1536.jpg 1086w, https:\/\/blog.uclm.es\/proyectodpch\/wp-content\/uploads\/sites\/144\/2023\/02\/Cartel_DchoPenalHumano_2022_1_-1-1448x2048.jpg 1448w, https:\/\/blog.uclm.es\/proyectodpch\/wp-content\/uploads\/sites\/144\/2023\/02\/Cartel_DchoPenalHumano_2022_1_-1-scaled.jpg 1810w\" sizes=\"auto, (max-width: 724px) 100vw, 724px\" \/><\/a><\/figure><div class=\"wp-block-media-text__content\">\n<h5 class=\"wp-block-heading\">CONGRESO INTERNACIONAL DE DERECHO PENAL Y COMPORTAMIENTO HUMANO: DESAF\u00cdOS DESDE LA NEUROCIENCIA Y LA INTELIGENCIA ARTIFICIAL<\/h5>\n\n\n\n<p><em>Congreso internacional<\/em><\/p>\n\n\n\n<p><strong>Direcci\u00f3n<\/strong>: Eduardo Demetrio Crespo &amp; Eric Garc\u00eda-L\u00f3pez<br><strong>Coordinaci\u00f3n<\/strong>: de la Cuerda Mart\u00edn, M\u00f3nica &amp; Garc\u00eda de la Torre Garc\u00eda, Faustino &amp; Rodr\u00edguez Casta\u00f1o, Carlos &amp; Rodr\u00edguez Castro, Carolina Soledad &amp; Ruiz Guarneros, Aura Itzel &amp; Valdez Silva, Francisco.<\/p>\n\n\n\n<p><strong>Disertantes<\/strong>: Alonso \u00c1lamo, Mercedes &amp; de la Cuerda Mart\u00edn, M\u00f3nica &amp; de Vicente Mart\u00ednez, Rosario &amp; Delgado Garc\u00eda, Jos\u00e9 M\u00aa &amp; Feijoo S\u00e1nchez, Bernardo &amp;Garc\u00eda L\u00f3pez, \u00c9ric &amp; Garc\u00eda de la Torre Garc\u00eda, Faustino &amp; Gonz\u00e1lez Tapia, M\u00aa Isabel &amp; Mart\u00ednez Garay, Luc\u00eda &amp; Molina Fern\u00e1ndez Fernando &amp; Mu\u00f1oz Ortega, Jos\u00e9 Manuel &amp; Nombela Otero, Cristina &amp; Pacheco Rodr\u00edguez, Miguel \u00c1ngel &amp; Paredes Casta\u00f1\u00f3n, Jos\u00e9 Manuel &amp; P\u00e9rez Manzano, Mercedes &amp; Ramos V\u00e1zquez, J. Antonio &amp; Rodr\u00edguez, V\u00edctor Gabriel &amp; S\u00e1nchez L\u00e1zaro, Fernando G. &amp; Vilanova S\u00e1nchez, Mar\u00eda, entre otros. <\/p>\n\n\n\n<p><strong>Fecha<\/strong>:&nbsp;21-23 de septiembre de 2022<br><strong>Lugar<\/strong>:&nbsp;Facultad de Ciencias jur\u00eddicas y sociales de Toledo (UCLM).<\/p>\n\n\n\n<p>M\u00e1s informaci\u00f3n<\/p>\n<\/div><\/div>\n\n\n\n<hr class=\"wp-block-separator has-text-color has-vivid-red-color has-alpha-channel-opacity has-vivid-red-background-color has-background is-style-wide\" \/>\n\n\n\n<div class=\"wp-block-media-text alignwide is-stacked-on-mobile\" style=\"grid-template-columns:20% auto\"><figure class=\"wp-block-media-text__media\"><a href=\"https:\/\/blog.uclm.es\/proyectodpch\/seminario-internacional-neurociencias-y-neuroderechos\/\" target=\"_blank\" rel=\"noreferrer noopener\"><img loading=\"lazy\" decoding=\"async\" width=\"200\" height=\"318\" src=\"https:\/\/blog.uclm.es\/proyectodpch\/wp-content\/uploads\/sites\/144\/2023\/02\/285665995_456649766268278_1569108094541173660_n.png\" alt=\"\" class=\"wp-image-2172 size-full\" srcset=\"https:\/\/blog.uclm.es\/proyectodpch\/wp-content\/uploads\/sites\/144\/2023\/02\/285665995_456649766268278_1569108094541173660_n.png 200w, https:\/\/blog.uclm.es\/proyectodpch\/wp-content\/uploads\/sites\/144\/2023\/02\/285665995_456649766268278_1569108094541173660_n-189x300.png 189w\" sizes=\"auto, (max-width: 200px) 100vw, 200px\" \/><\/a><\/figure><div class=\"wp-block-media-text__content\">\n<h5 class=\"wp-block-heading\">Derecho penal y comportamiento en adolescentes<\/h5>\n\n\n\n<p><em>Seminario de profundizaci\u00f3n online<\/em><\/p>\n\n\n\n<p><strong>Direcci\u00f3n<\/strong>: Feijoo S\u00e1nchez, Bernardo &amp; Marinaro, Jos\u00e9 \u00c1ngel.<br><strong>Coordinaci\u00f3n<\/strong>: Garc\u00eda de la Torre Garc\u00eda, Faustino &amp; Valdez Silva, Francisco.<\/p>\n\n\n\n<p><strong>Disertantes<\/strong>: Demetrio Crespo, Eduardo &amp; Feijoo S\u00e1nchez, Bernardo &amp; Marinaro, Jos\u00e9 \u00c1ngel, entre otros.<\/p>\n\n\n\n<p><strong>Fecha<\/strong>:&nbsp;Viernes, 26 de noviembre de 2021<br><strong>Hora<\/strong>:&nbsp;18:00 h-20:00 h<\/p>\n\n\n\n<p><a href=\"http:\/\/blog.uclm.es\/proyectodpch\/files\/2021\/11\/programa-SEMINARIO-INTERNACIONAL-DE-NEUROCIENCIAS-Y-NEURODERECHOS-virtual.pdf\">Descargar el cartel<\/a><\/p>\n<\/div><\/div>\n\n\n\n<hr class=\"wp-block-separator has-text-color has-vivid-red-color has-alpha-channel-opacity has-vivid-red-background-color has-background is-style-wide\" \/>\n\n\n\n<div class=\"wp-block-media-text alignwide is-stacked-on-mobile\" style=\"grid-template-columns:20% auto\"><figure class=\"wp-block-media-text__media\"><a href=\"https:\/\/blog.uclm.es\/proyectodpch\/seminario-internacional-neurociencias-y-neuroderechos\/\" target=\"_blank\" rel=\"noreferrer noopener\"><img loading=\"lazy\" decoding=\"async\" width=\"200\" height=\"318\" src=\"https:\/\/blog.uclm.es\/proyectodpch\/wp-content\/uploads\/sites\/144\/2023\/02\/273009855_10158740632626864_8211897693438057678_n.png\" alt=\"\" class=\"wp-image-2173 size-full\" srcset=\"https:\/\/blog.uclm.es\/proyectodpch\/wp-content\/uploads\/sites\/144\/2023\/02\/273009855_10158740632626864_8211897693438057678_n.png 200w, https:\/\/blog.uclm.es\/proyectodpch\/wp-content\/uploads\/sites\/144\/2023\/02\/273009855_10158740632626864_8211897693438057678_n-189x300.png 189w\" sizes=\"auto, (max-width: 200px) 100vw, 200px\" \/><\/a><\/figure><div class=\"wp-block-media-text__content\">\n<h5 class=\"wp-block-heading\">La protecci\u00f3n de los neuroderechos a trav\u00e9s del derecho penal. Aspectos dogm\u00e1tico-constitucionales<\/h5>\n\n\n\n<p><em>Seminario de profundizaci\u00f3n online<\/em><\/p>\n\n\n\n<p><strong>Direcci\u00f3n<\/strong>: Garc\u00eda L\u00f3pez, \u00c9ric.<\/p>\n\n\n\n<p><strong>Disertantes<\/strong>: Garc\u00eda de la Torre Garc\u00eda, Faustino, entre otros.<\/p>\n\n\n\n<p><strong>Fecha<\/strong>:&nbsp;3 de febrero de 2022<br><strong>Hora<\/strong>:&nbsp;18:00 h-20:00 h<\/p>\n\n\n\n<p><a href=\"http:\/\/blog.uclm.es\/proyectodpch\/files\/2021\/11\/programa-SEMINARIO-INTERNACIONAL-DE-NEUROCIENCIAS-Y-NEURODERECHOS-virtual.pdf\">Descargar el cartel<\/a><\/p>\n<\/div><\/div>\n\n\n\n<hr class=\"wp-block-separator has-text-color has-vivid-red-color has-alpha-channel-opacity has-vivid-red-background-color has-background is-style-wide\" \/>\n\n\n\n<div class=\"wp-block-media-text alignwide is-stacked-on-mobile\" style=\"grid-template-columns:20% auto\"><figure class=\"wp-block-media-text__media\"><a href=\"https:\/\/blog.uclm.es\/proyectodpch\/seminario-internacional-neurociencias-y-neuroderechos\/\" target=\"_blank\" rel=\"noreferrer noopener\"><img loading=\"lazy\" decoding=\"async\" width=\"217\" height=\"307\" src=\"https:\/\/blog.uclm.es\/proyectodpch\/wp-content\/uploads\/sites\/144\/2021\/11\/programa-SEMINARIO-INTERNACIONAL-DE-NEUROCIENCIAS-Y-NEURODERECHOS-virtual_page-0001-1.jpg\" alt=\"\" class=\"wp-image-1688 size-full\" srcset=\"https:\/\/blog.uclm.es\/proyectodpch\/wp-content\/uploads\/sites\/144\/2021\/11\/programa-SEMINARIO-INTERNACIONAL-DE-NEUROCIENCIAS-Y-NEURODERECHOS-virtual_page-0001-1.jpg 217w, https:\/\/blog.uclm.es\/proyectodpch\/wp-content\/uploads\/sites\/144\/2021\/11\/programa-SEMINARIO-INTERNACIONAL-DE-NEUROCIENCIAS-Y-NEURODERECHOS-virtual_page-0001-1-212x300.jpg 212w\" sizes=\"auto, (max-width: 217px) 100vw, 217px\" \/><\/a><\/figure><div class=\"wp-block-media-text__content\">\n<h5 class=\"wp-block-heading\">Seminario internacional Neurociencias y Neuroderechos<\/h5>\n\n\n\n<p><em>Seminario internacional online<\/em><\/p>\n\n\n\n<p><strong>Disertantes<\/strong>: Demetrio Crespo, Eduardo &amp; Marinaro, Jos\u00e9 \u00c1ngel, entre otros.<\/p>\n\n\n\n<p><strong>Fecha<\/strong>:&nbsp;Viernes, 26 de noviembre de 2021<br><strong>Hora<\/strong>:&nbsp;16:00 h-20:00 h<\/p>\n\n\n\n<p><a href=\"http:\/\/blog.uclm.es\/proyectodpch\/files\/2021\/11\/programa-SEMINARIO-INTERNACIONAL-DE-NEUROCIENCIAS-Y-NEURODERECHOS-virtual.pdf\">Descargar el cartel<\/a><\/p>\n<\/div><\/div>\n\n\n\n<hr class=\"wp-block-separator has-text-color has-vivid-red-color has-alpha-channel-opacity has-vivid-red-background-color has-background is-style-wide\" \/>\n\n\n\n<div class=\"wp-block-media-text alignwide is-stacked-on-mobile\" style=\"grid-template-columns:20% auto\"><figure class=\"wp-block-media-text__media\"><a href=\"https:\/\/blog.uclm.es\/proyectodpch\/seminario-internacional-neurociencias-y-neuroderechos\/\" target=\"_blank\" rel=\"noreferrer noopener\"><img loading=\"lazy\" decoding=\"async\" width=\"200\" height=\"318\" src=\"https:\/\/blog.uclm.es\/proyectodpch\/wp-content\/uploads\/sites\/144\/2023\/02\/242980755_298380428761880_6462411782731624466_n.png\" alt=\"\" class=\"wp-image-2174 size-full\" srcset=\"https:\/\/blog.uclm.es\/proyectodpch\/wp-content\/uploads\/sites\/144\/2023\/02\/242980755_298380428761880_6462411782731624466_n.png 200w, https:\/\/blog.uclm.es\/proyectodpch\/wp-content\/uploads\/sites\/144\/2023\/02\/242980755_298380428761880_6462411782731624466_n-189x300.png 189w\" sizes=\"auto, (max-width: 200px) 100vw, 200px\" \/><\/a><\/figure><div class=\"wp-block-media-text__content\">\n<h5 class=\"wp-block-heading\">Neuroderechos: Desaf\u00edos e implicaciones internacionales<\/h5>\n\n\n\n<p><em>Seminario de profundizaci\u00f3n online<\/em><\/p>\n\n\n\n<p><strong>Direcci\u00f3n<\/strong>: Mu\u00f1oz, Jos\u00e9 Manuel &amp; Marinaro, Jos\u00e9 \u00c1ngel.<\/p>\n\n\n\n<p><strong>Disertantes<\/strong>: Jos\u00e9 manuel Mu\u00f1oz Molina &amp; Jos\u00e9 \u00c1ngel Marinaro &amp; Pedro Ba\u00f1os Bajo &amp; Abel Wajnerman Paz &amp;&nbsp;<a href=\"https:\/\/blog.uclm.es\/eduardodemetrio\/\">Eduardo Demetrio Crespo<\/a>&nbsp;<\/p>\n\n\n\n<p><strong>Fecha<\/strong>:&nbsp;Viernes, 1 de octubre de 2021<br><strong>Hora<\/strong>:&nbsp;16:00 h-20:00 h<\/p>\n\n\n\n<p><a href=\"https:\/\/blog.uclm.es\/proyectodpch\/files\/2021\/09\/Seminario_Neuroderechos-01.10.2021-DPCH.pdf\">Descargar el cartel<\/a><\/p>\n<\/div><\/div>\n\n\n\n<hr class=\"wp-block-separator has-text-color has-vivid-red-color has-alpha-channel-opacity has-vivid-red-background-color has-background is-style-wide\" \/>\n\n\n\n<div class=\"wp-block-media-text alignwide is-stacked-on-mobile\" style=\"grid-template-columns:20% auto\"><figure class=\"wp-block-media-text__media\"><a href=\"https:\/\/blog.uclm.es\/proyectodpch\/seminario-internacional-neurociencias-y-neuroderechos\/\" target=\"_blank\" rel=\"noreferrer noopener\"><img loading=\"lazy\" decoding=\"async\" width=\"217\" height=\"313\" src=\"https:\/\/blog.uclm.es\/proyectodpch\/wp-content\/uploads\/sites\/144\/2021\/05\/INVITATION_MIAS_170521V3_page-0001-1.jpg\" alt=\"\" class=\"wp-image-1589 size-full\" srcset=\"https:\/\/blog.uclm.es\/proyectodpch\/wp-content\/uploads\/sites\/144\/2021\/05\/INVITATION_MIAS_170521V3_page-0001-1.jpg 217w, https:\/\/blog.uclm.es\/proyectodpch\/wp-content\/uploads\/sites\/144\/2021\/05\/INVITATION_MIAS_170521V3_page-0001-1-208x300.jpg 208w\" sizes=\"auto, (max-width: 217px) 100vw, 217px\" \/><\/a><\/figure><div class=\"wp-block-media-text__content\">\n<h5 class=\"wp-block-heading\">Seminario MIAS-EHEHI Derecho Penal y comportamiento humano: estudio del caso de Phineas Gage<\/h5>\n\n\n\n<p><em>Seminario de profundizaci\u00f3n online<\/em><\/p>\n\n\n\n<p><strong>Disertantes<\/strong>:&nbsp;<a href=\"https:\/\/blog.uclm.es\/eduardodemetrio\/\">Eduardo Demetrio Crespo<\/a>&nbsp;&amp; Eric Garc\u00eda L\u00f3pez &amp; Cristina Garc\u00eda Nombela<\/p>\n\n\n\n<p><strong>Fecha<\/strong>:&nbsp;Lunes 17 de mayo de 2021<br><strong>Hora<\/strong>:&nbsp;17h-18h<\/p>\n\n\n\n<p><a href=\"http:\/\/blog.uclm.es\/proyectodpch\/files\/2021\/05\/INVITATION_MIAS_170521V3.pdf\">Descargar el cartel<\/a><\/p>\n<\/div><\/div>\n\n\n\n<hr class=\"wp-block-separator has-text-color has-vivid-red-color has-alpha-channel-opacity has-vivid-red-background-color has-background is-style-wide\" \/>\n\n\n\n<div class=\"wp-block-media-text alignwide is-stacked-on-mobile\" style=\"grid-template-columns:20% auto\"><figure class=\"wp-block-media-text__media\"><a href=\"https:\/\/blog.uclm.es\/proyectodpch\/seminario-internacional-neurociencias-y-neuroderechos\/\" target=\"_blank\" rel=\"noreferrer noopener\"><img loading=\"lazy\" decoding=\"async\" width=\"411\" height=\"512\" src=\"https:\/\/blog.uclm.es\/proyectodpch\/wp-content\/uploads\/sites\/144\/2020\/11\/unnamed.jpg\" alt=\"\" class=\"wp-image-1421 size-full\" srcset=\"https:\/\/blog.uclm.es\/proyectodpch\/wp-content\/uploads\/sites\/144\/2020\/11\/unnamed.jpg 411w, https:\/\/blog.uclm.es\/proyectodpch\/wp-content\/uploads\/sites\/144\/2020\/11\/unnamed-241x300.jpg 241w\" sizes=\"auto, (max-width: 411px) 100vw, 411px\" \/><\/a><\/figure><div class=\"wp-block-media-text__content\">\n<h5 class=\"wp-block-heading\">Curso de postgrado (UCLM) Derecho penal y comportamiento humano<\/h5>\n\n\n\n<p><em>Formaci\u00f3n acad\u00e9mica de tercer ciclo<\/em><\/p>\n\n\n\n<p><strong>Direcci\u00f3n<\/strong>: Eduardo Demetrio Crespo &amp; Eric Garc\u00eda-L\u00f3pez<br><strong>Coordinaci\u00f3n<\/strong>: de la Cuerda Mart\u00edn, M\u00f3nica &amp; Garc\u00eda de la Torre Garc\u00eda, Faustino.<\/p>\n\n\n\n<p><strong>Disertantes<\/strong>: Alonso \u00c1lamo, Mercedes &amp; de la Cuerda Mart\u00edn, M\u00f3nica &amp; de Vicente Mart\u00ednez, Rosario &amp; Delgado Garc\u00eda, Jos\u00e9 M\u00aa &amp; Feijoo S\u00e1nchez, Bernardo &amp; Garc\u00eda L\u00f3pez, \u00c9ric &amp; Garc\u00eda de la Torre Garc\u00eda, Faustino &amp; Gonz\u00e1lez Tapia, M\u00aa Isabel &amp; Mart\u00ednez Garay, Luc\u00eda &amp; Molina Fern\u00e1ndez Fernando &amp; Mu\u00f1oz Ortega, Jos\u00e9 Manuel &amp; Nombela Otero, Cristina &amp; Pacheco Rodr\u00edguez, Miguel \u00c1ngel &amp; Paredes Casta\u00f1\u00f3n, Jos\u00e9 Manuel &amp; P\u00e9rez Manzano, Mercedes &amp; Ramos V\u00e1zquez, J. Antonio &amp; Rodr\u00edguez, V\u00edctor Gabriel &amp; S\u00e1nchez L\u00e1zaro, Fernando G. &amp; Vilanova S\u00e1nchez, Mar\u00eda, entre otros. <\/p>\n\n\n\n<p><strong>Fecha<\/strong>:&nbsp;21-23 de septiembre de 2022<br><strong>Lugar<\/strong>:&nbsp;Facultad de Ciencias jur\u00eddicas y sociales de Toledo (UCLM).<\/p>\n\n\n\n<p>M\u00e1s informaci\u00f3n<\/p>\n<\/div><\/div>\n\n\n\n<hr class=\"wp-block-separator has-text-color has-vivid-red-color has-alpha-channel-opacity has-vivid-red-background-color has-background is-style-wide\" \/>\n\n\n\n<div class=\"wp-block-media-text alignwide is-stacked-on-mobile\" style=\"grid-template-columns:20% auto\"><figure class=\"wp-block-media-text__media\"><a href=\"https:\/\/blog.uclm.es\/proyectodpch\/seminario-internacional-neurociencias-y-neuroderechos\/\" target=\"_blank\" rel=\"noreferrer noopener\"><img loading=\"lazy\" decoding=\"async\" width=\"200\" height=\"318\" src=\"https:\/\/blog.uclm.es\/proyectodpch\/wp-content\/uploads\/sites\/144\/2023\/02\/FolletoDigital_DerechoHumano_page-0001-1.png\" alt=\"\" class=\"wp-image-2179 size-full\" srcset=\"https:\/\/blog.uclm.es\/proyectodpch\/wp-content\/uploads\/sites\/144\/2023\/02\/FolletoDigital_DerechoHumano_page-0001-1.png 200w, https:\/\/blog.uclm.es\/proyectodpch\/wp-content\/uploads\/sites\/144\/2023\/02\/FolletoDigital_DerechoHumano_page-0001-1-189x300.png 189w\" sizes=\"auto, (max-width: 200px) 100vw, 200px\" \/><\/a><\/figure><div class=\"wp-block-media-text__content\">\n<h5 class=\"wp-block-heading\"> seminario internacional Derecho penal y comportamiento humano<\/h5>\n\n\n\n<p><em>Seminario internacional online<\/em><\/p>\n\n\n\n<p><strong>Direcci\u00f3n<\/strong>: Eduardo Demetrio Crespo &amp; Eric Garc\u00eda-L\u00f3pez<br><strong>Coordinaci\u00f3n<\/strong>: de la Cuerda Mart\u00edn, M\u00f3nica &amp; Garc\u00eda de la Torre Garc\u00eda, Faustino.<\/p>\n\n\n\n<p><strong>Disertantes<\/strong>: Aguilar C\u00e1rce\u00f1es, Marta M\u00aa &amp; Alonso \u00c1lamo, Mercedes &amp; Busato, Paulo C\u00e9sar &amp; Cancio Meli\u00e1, Manuel &amp; de la Cuerda Mart\u00edn, M\u00f3nica &amp; de Vicente Mart\u00ednez, Rosario &amp; Delgado Garc\u00eda, Jos\u00e9 M\u00aa &amp; Feijoo S\u00e1nchez, Bernardo &amp; Garc\u00eda L\u00f3pez, \u00c9ric &amp; Garc\u00eda de la Torre Garc\u00eda, Faustino &amp; Gonz\u00e1lez Lagier, Daniel &amp; Gonz\u00e1lez Tapia, M\u00aa Isabel &amp; Greco, Luis &amp; Jim\u00e9nez Mart\u00ednez, Custodia &amp; Marco Francia, Maria Pilar &amp; Mart\u00ednez Garay, Luc\u00eda &amp; Merkel, Grischa &amp; Merkel, Reinhard &amp; Molina Fern\u00e1ndez Fernando &amp; Mu\u00f1oz Ortega, Jos\u00e9 Manuel Mora Gonz\u00e1lez, Iv\u00e1n &amp; &amp; Navarro Cardoso, Fernando &amp;  Nombela Otero, Cristina &amp; Osbuth, Ingrid &amp; Pacheco Rodr\u00edguez, Miguel \u00c1ngel &amp; Palma, M\u00aa Fernanda &amp; Paredes Casta\u00f1\u00f3n, Jos\u00e9 Manuel &amp; Pastor, Daniel &amp; P\u00e9rez Manzano, Mercedes &amp; Ramos V\u00e1zquez, J. Antonio &amp; Ruggeri, Stefano &amp; Porci\u00fancula, J. Carlos &amp; Rodr\u00edguez, V\u00edctor Gabriel &amp; S\u00e1nchez L\u00e1zaro, Fernando G. &amp; Vilanova S\u00e1nchez, Mar\u00eda &amp; Weisser, Bettina entre otros. <\/p>\n\n\n\n<p><strong>Fecha<\/strong>:&nbsp;21-23 de septiembre de 2022<\/p>\n\n\n\n<p>M\u00e1s informaci\u00f3n<\/p>\n<\/div><\/div>\n\n\n\n<hr class=\"wp-block-separator has-text-color has-vivid-red-color has-alpha-channel-opacity has-vivid-red-background-color has-background is-style-wide\" \/>\n\n\n\n<div class=\"wp-block-media-text alignwide is-stacked-on-mobile\" style=\"grid-template-columns:20% auto\"><figure class=\"wp-block-media-text__media\"><a href=\"https:\/\/blog.uclm.es\/proyectodpch\/seminario-internacional-neurociencias-y-neuroderechos\/\" target=\"_blank\" rel=\"noreferrer noopener\"><img loading=\"lazy\" decoding=\"async\" width=\"200\" height=\"318\" src=\"https:\/\/blog.uclm.es\/proyectodpch\/wp-content\/uploads\/sites\/144\/2023\/02\/285665995_456649766268278_1569108094541173660_n.png\" alt=\"\" class=\"wp-image-2172 size-full\" srcset=\"https:\/\/blog.uclm.es\/proyectodpch\/wp-content\/uploads\/sites\/144\/2023\/02\/285665995_456649766268278_1569108094541173660_n.png 200w, https:\/\/blog.uclm.es\/proyectodpch\/wp-content\/uploads\/sites\/144\/2023\/02\/285665995_456649766268278_1569108094541173660_n-189x300.png 189w\" sizes=\"auto, (max-width: 200px) 100vw, 200px\" \/><\/a><\/figure><div class=\"wp-block-media-text__content\">\n<h5 class=\"wp-block-heading\">Seminario internacional Neurociencias y Neuroderechos<\/h5>\n\n\n\n<p><em>Seminario de profundizaci\u00f3n online<\/em><\/p>\n\n\n\n<p><strong>Direcci\u00f3n<\/strong>: Feijoo S\u00e1nchez, Bernardo &amp; Marinaro, Jos\u00e9 \u00c1ngel.<br><strong>Coordinaci\u00f3n<\/strong>: Garc\u00eda de la Torre Garc\u00eda, Faustino &amp; Valdez Silva, Francisco.<\/p>\n\n\n\n<p><strong>Disertantes<\/strong>: Demetrio Crespo, Eduardo &amp; Feijoo S\u00e1nchez, Bernardo &amp; Marinaro, Jos\u00e9 \u00c1ngel, entre otros.<\/p>\n\n\n\n<p><strong>Fecha<\/strong>:&nbsp;Viernes, 26 de noviembre de 2021<br><strong>Hora<\/strong>:&nbsp;18:00 h-20:00 h<\/p>\n\n\n\n<p><a href=\"http:\/\/blog.uclm.es\/proyectodpch\/files\/2021\/11\/programa-SEMINARIO-INTERNACIONAL-DE-NEUROCIENCIAS-Y-NEURODERECHOS-virtual.pdf\">Descargar el cartel<\/a><\/p>\n<\/div><\/div>\n\n\n\n<hr class=\"wp-block-separator has-text-color has-vivid-red-color has-alpha-channel-opacity has-vivid-red-background-color has-background is-style-wide\" \/>\n\n\n\n<div class=\"wp-block-media-text alignwide is-stacked-on-mobile\" style=\"grid-template-columns:20% auto\"><figure class=\"wp-block-media-text__media\"><a href=\"https:\/\/blog.uclm.es\/proyectodpch\/seminario-internacional-neurociencias-y-neuroderechos\/\" target=\"_blank\" rel=\"noreferrer noopener\"><img loading=\"lazy\" decoding=\"async\" width=\"724\" height=\"1024\" src=\"https:\/\/blog.uclm.es\/proyectodpch\/wp-content\/uploads\/sites\/144\/2020\/03\/GetFileAttachment_page-0001-724x1024.jpg\" alt=\"\" class=\"wp-image-904 size-full\" srcset=\"https:\/\/blog.uclm.es\/proyectodpch\/wp-content\/uploads\/sites\/144\/2020\/03\/GetFileAttachment_page-0001-724x1024.jpg 724w, https:\/\/blog.uclm.es\/proyectodpch\/wp-content\/uploads\/sites\/144\/2020\/03\/GetFileAttachment_page-0001-212x300.jpg 212w, https:\/\/blog.uclm.es\/proyectodpch\/wp-content\/uploads\/sites\/144\/2020\/03\/GetFileAttachment_page-0001-768x1086.jpg 768w, https:\/\/blog.uclm.es\/proyectodpch\/wp-content\/uploads\/sites\/144\/2020\/03\/GetFileAttachment_page-0001-1086x1536.jpg 1086w, https:\/\/blog.uclm.es\/proyectodpch\/wp-content\/uploads\/sites\/144\/2020\/03\/GetFileAttachment_page-0001-1448x2048.jpg 1448w, https:\/\/blog.uclm.es\/proyectodpch\/wp-content\/uploads\/sites\/144\/2020\/03\/GetFileAttachment_page-0001.jpg 1754w\" sizes=\"auto, (max-width: 724px) 100vw, 724px\" \/><\/a><\/figure><div class=\"wp-block-media-text__content\">\n<h6 class=\"wp-block-heading\"><strong>Discapacidad intelectual, Derecho penal y acceso a la justicia<\/strong><\/h6>\n\n\n\n<p>Seminario presencial<\/p>\n\n\n\n<p><strong>Direcci\u00f3n<\/strong>: <a href=\"https:\/\/blog.uclm.es\/eduardodemetrio\/eduardo-demetrio-crespo\/\">Eduardo Demetrio Crespo<\/a>&nbsp;&amp; Rebeca Arce Mart\u00ednez &amp; M\u00aa Luisa Escudero Serrano.<br><strong>Coordinaci\u00f3n<\/strong>: <a href=\"http:\/\/blog.uclm.es\/eduardodemetrio\/monica-de-la-cuerda\/\">M\u00f3nica de la Cuerda Mart\u00edn<\/a>&nbsp;&amp;&nbsp;<a href=\"http:\/\/blog.uclm.es\/eduardodemetrio\/faustino-garcia-de-la-torre\/\"><\/a><a href=\"http:\/\/blog.uclm.es\/eduardodemetrio\/faustino-garcia-de-la-torre\/\">Faustino Garc\u00eda de la Torre Garc\u00eda.&nbsp;<\/a><\/p>\n\n\n\n<p><strong>Lugar:<\/strong>&nbsp;Facultad de Ciencias jur\u00eddicas y sociales de Toledo (Aula Magna).<br><strong>Fecha:<\/strong> 19\/02\/2020<\/p>\n\n\n\n<p><a href=\"http:\/\/blog.uclm.es\/proyectodpch\/files\/2021\/05\/INVITATION_MIAS_170521V3.pdf\">Descargar el cartel<\/a><\/p>\n<\/div><\/div>\n<\/div>\n\n\n\n<div class=\"wp-block-group alignwide has-global-padding is-layout-constrained wp-block-group-is-layout-constrained\">\n<hr class=\"wp-block-separator alignfull has-text-color has-vivid-red-color has-alpha-channel-opacity has-vivid-red-background-color has-background is-style-wide\" \/>\n\n\n\n<div style=\"height:142px\" aria-hidden=\"true\" class=\"wp-block-spacer\"><\/div>\n<\/div>\n","protected":false},"excerpt":{"rendered":"<p>Seminario internacional Neurociencias y Neuroderechos \u00bfSe puede predecir la conducta delictiva? \u00bfQu\u00e9 aporta la neurociencia al derecho penal y procesal penal? Seminario de profundizaci\u00f3n Disertantes: Garc\u00eda L\u00f3pez, \u00c9ric &amp; Nombela Otero, Cristina &amp; Juli\u00e0 Pijuan, Miquel. Fecha:&nbsp;Viernes, 26 de noviembre de 2021Hora:&nbsp;11:00 h Descargar el cartel CONGRESO INTERNACIONAL DE DERECHO PENAL Y COMPORTAMIENTO HUMANO: DESAF\u00cdOS [&hellip;]<\/p>\n","protected":false},"author":132,"featured_media":0,"parent":0,"menu_order":0,"comment_status":"closed","ping_status":"closed","template":"","meta":{"footnotes":""},"class_list":["post-1378","page","type-page","status-publish","hentry"],"_links":{"self":[{"href":"https:\/\/blog.uclm.es\/proyectodpch\/wp-json\/wp\/v2\/pages\/1378","targetHints":{"allow":["GET"]}}],"collection":[{"href":"https:\/\/blog.uclm.es\/proyectodpch\/wp-json\/wp\/v2\/pages"}],"about":[{"href":"https:\/\/blog.uclm.es\/proyectodpch\/wp-json\/wp\/v2\/types\/page"}],"author":[{"embeddable":true,"href":"https:\/\/blog.uclm.es\/proyectodpch\/wp-json\/wp\/v2\/users\/132"}],"replies":[{"embeddable":true,"href":"https:\/\/blog.uclm.es\/proyectodpch\/wp-json\/wp\/v2\/comments?post=1378"}],"version-history":[{"count":15,"href":"https:\/\/blog.uclm.es\/proyectodpch\/wp-json\/wp\/v2\/pages\/1378\/revisions"}],"predecessor-version":[{"id":2185,"href":"https:\/\/blog.uclm.es\/proyectodpch\/wp-json\/wp\/v2\/pages\/1378\/revisions\/2185"}],"wp:attachment":[{"href":"https:\/\/blog.uclm.es\/proyectodpch\/wp-json\/wp\/v2\/media?parent=1378"}],"curies":[{"name":"wp","href":"https:\/\/api.w.org\/{rel}","templated":true}]}}