{"id":1332,"date":"2020-10-21T15:56:25","date_gmt":"2020-10-21T14:56:25","guid":{"rendered":"http:\/\/blog.uclm.es\/proyectodpch\/?page_id=1332"},"modified":"2022-11-30T12:33:02","modified_gmt":"2022-11-30T12:33:02","slug":"perspectivas-de-futuro-del-derecho-penal-y-penitenciario","status":"publish","type":"page","link":"https:\/\/blog.uclm.es\/proyectodpch\/perspectivas-de-futuro-del-derecho-penal-y-penitenciario\/","title":{"rendered":"perspectivas de futuro del derecho penal y penitenciario"},"content":{"rendered":"\n<div class=\"wp-block-group alignwide is-layout-flow wp-block-group-is-layout-flow\">\n<p>Para matricularse<\/p>\n\n\n\n<hr class=\"wp-block-separator alignwide has-text-color has-cyan-bluish-gray-color has-alpha-channel-opacity has-cyan-bluish-gray-background-color has-background\" \/>\n\n\n\n<div style=\"height:100px\" aria-hidden=\"true\" class=\"wp-block-spacer\"><\/div>\n\n\n\n<p><strong>Lugar de matr\u00edcula:<\/strong>Unidad de apoyo a la docencia:&nbsp;<a href=\"mailto:cursos.juridicasysociales.to@uclm.es\">cursos.juridicasysociales.to@uclm.es<\/a><\/p>\n\n\n\n<p><strong>Matr\u00edcula, inscripci\u00f3n&nbsp;y pago online:<\/strong>&nbsp;<em><a href=\"http:\/\/cursosweb.uclm.es\/index.aspx?ccurso=230&amp;academico=20\/21\">http:\/\/cursosweb.uclm.es\/index.aspx?ccurso=230&amp;academico=20\/21<\/a><\/em><\/p>\n\n\n\n<p><strong>C\u00f3digo de curso:<\/strong>&nbsp;230<\/p>\n\n\n\n<p>Hecha la inscripci\u00f3n, da opci\u00f3n&nbsp;a imprimir la carta de pago e ir al&nbsp;banco y entregar posteriormente&nbsp;la carta de pago en apoyo a la&nbsp;docencia, o bien pago con tarjeta&nbsp;de cr\u00e9dito.<\/p>\n\n\n\n<p>Precio: 7 \u20ac<\/p>\n\n\n\n<p><strong>Destinatarios:<\/strong><br>Alumnado de Derecho Penal&nbsp;y Penitenciario de la Facultad&nbsp;de Ciencias Jur\u00eddicas y Sociales&nbsp;Facultad de Ciencias<br>Jur\u00eddicas y Sociales.<\/p>\n\n\n\n<div style=\"height:175px\" aria-hidden=\"true\" class=\"wp-block-spacer\"><\/div>\n<\/div>\n","protected":false},"excerpt":{"rendered":"<p>Para matricularse Lugar de matr\u00edcula:Unidad de apoyo a la docencia:&nbsp;cursos.juridicasysociales.to@uclm.es Matr\u00edcula, inscripci\u00f3n&nbsp;y pago online:&nbsp;http:\/\/cursosweb.uclm.es\/index.aspx?ccurso=230&amp;academico=20\/21 C\u00f3digo de curso:&nbsp;230 Hecha la inscripci\u00f3n, da opci\u00f3n&nbsp;a imprimir la carta de pago e ir al&nbsp;banco y entregar posteriormente&nbsp;la carta de pago en apoyo a la&nbsp;docencia, o bien pago con tarjeta&nbsp;de cr\u00e9dito. Precio: 7 \u20ac Destinatarios:Alumnado de Derecho Penal&nbsp;y Penitenciario de [&hellip;]<\/p>\n","protected":false},"author":132,"featured_media":0,"parent":0,"menu_order":0,"comment_status":"closed","ping_status":"closed","template":"","meta":{"footnotes":""},"class_list":["post-1332","page","type-page","status-publish","hentry"],"_links":{"self":[{"href":"https:\/\/blog.uclm.es\/proyectodpch\/wp-json\/wp\/v2\/pages\/1332","targetHints":{"allow":["GET"]}}],"collection":[{"href":"https:\/\/blog.uclm.es\/proyectodpch\/wp-json\/wp\/v2\/pages"}],"about":[{"href":"https:\/\/blog.uclm.es\/proyectodpch\/wp-json\/wp\/v2\/types\/page"}],"author":[{"embeddable":true,"href":"https:\/\/blog.uclm.es\/proyectodpch\/wp-json\/wp\/v2\/users\/132"}],"replies":[{"embeddable":true,"href":"https:\/\/blog.uclm.es\/proyectodpch\/wp-json\/wp\/v2\/comments?post=1332"}],"version-history":[{"count":3,"href":"https:\/\/blog.uclm.es\/proyectodpch\/wp-json\/wp\/v2\/pages\/1332\/revisions"}],"predecessor-version":[{"id":1999,"href":"https:\/\/blog.uclm.es\/proyectodpch\/wp-json\/wp\/v2\/pages\/1332\/revisions\/1999"}],"wp:attachment":[{"href":"https:\/\/blog.uclm.es\/proyectodpch\/wp-json\/wp\/v2\/media?parent=1332"}],"curies":[{"name":"wp","href":"https:\/\/api.w.org\/{rel}","templated":true}]}}