{"id":1255,"date":"2021-10-20T12:29:05","date_gmt":"2021-10-20T11:29:05","guid":{"rendered":"https:\/\/blog.uclm.es\/proyectocresta\/?page_id=1255"},"modified":"2022-12-16T10:25:16","modified_gmt":"2022-12-16T10:25:16","slug":"iii-seminario-cresta","status":"publish","type":"page","link":"https:\/\/blog.uclm.es\/proyectocresta\/iii-seminario-cresta\/","title":{"rendered":"III Seminario Cresta"},"content":{"rendered":"<div class=\"wp-block-image\">\n<figure class=\"aligncenter size-full is-resized\"><img loading=\"lazy\" decoding=\"async\" src=\"https:\/\/blog.uclm.es\/proyectocresta\/wp-content\/uploads\/sites\/143\/2021\/10\/Eventos_Sem-Dcho-Penal_Filos_Dcho_Cab_460x200.png\" alt=\"\" class=\"wp-image-1259\" width=\"689\" height=\"300\" srcset=\"https:\/\/blog.uclm.es\/proyectocresta\/wp-content\/uploads\/sites\/143\/2021\/10\/Eventos_Sem-Dcho-Penal_Filos_Dcho_Cab_460x200.png 460w, https:\/\/blog.uclm.es\/proyectocresta\/wp-content\/uploads\/sites\/143\/2021\/10\/Eventos_Sem-Dcho-Penal_Filos_Dcho_Cab_460x200-300x130.png 300w\" sizes=\"auto, (max-width: 689px) 100vw, 689px\" \/><\/figure>\n<\/div>\n\n\n<h2 class=\"has-text-color wp-block-heading\" style=\"color:#b30033\"><strong>Presentaci\u00f3n<\/strong><\/h2>\n\n\n\n<p>El proyecto \u201cCrisis del Derecho penal en el Estado de Derecho: Manifestaciones y tendencias\u201d, bajo el acr\u00f3nimo CRESTA, surge como resultado de la preocupaci\u00f3n por la situaci\u00f3n actual del Estado constitucional de Derecho, una de cuyas variables democr\u00e1ticas m\u00e1s sensible, como es el poder punitivo, est\u00e1 siendo objeto una utilizaci\u00f3n crecientemente irreflexiva. Dado que el tema entronca de manera directa con las l\u00edneas de investigaci\u00f3n emprendidas hace tiempo por los tres investigadores principales (Profs. Drs.&nbsp;Eduardo Demetrio Crespo, Alfonso J. Garc\u00eda Figuera y Gema M\u00aa Marcilla C\u00f3rdoba) las&nbsp;\u00c1reas de Derecho penal de Toledo&nbsp;y Filosof\u00eda del Derecho de Toledo\/Albacete, se han unido en este proyecto coordinado, a fin de tratar los graves problemas que surgen de una manera integral y acorde a la dificultad que presenta este objeto de estudio, tanto en el plano de la Teor\u00eda del Estado como en el del Derecho penal.<\/p>\n\n\n\n<div class=\"wp-block-columns is-layout-flex wp-container-core-columns-is-layout-9d6595d7 wp-block-columns-is-layout-flex\">\n<div class=\"wp-block-column is-layout-flow wp-block-column-is-layout-flow\" style=\"flex-basis:33.33%\">\n<figure class=\"wp-block-image size-full\"><img loading=\"lazy\" decoding=\"async\" width=\"150\" height=\"150\" src=\"https:\/\/blog.uclm.es\/proyectocresta\/wp-content\/uploads\/sites\/143\/2020\/03\/la-foto-2-2.jpg\" alt=\"\" class=\"wp-image-571\" \/><\/figure>\n<\/div>\n\n\n\n<div class=\"wp-block-column is-layout-flow wp-block-column-is-layout-flow\" style=\"flex-basis:66.66%\">\n<figure class=\"wp-block-table\"><table><thead><tr><th>Eduardo Demetrio Crespo (IP)<\/th><\/tr><\/thead><tbody><tr><td>Catedr\u00e1tico de Derecho penal<br>Universidad de Castilla-La Mancha<\/td><\/tr><\/tbody><\/table><\/figure>\n<\/div>\n<\/div>\n\n\n\n<div class=\"wp-block-columns is-layout-flex wp-container-core-columns-is-layout-9d6595d7 wp-block-columns-is-layout-flex\">\n<div class=\"wp-block-column is-layout-flow wp-block-column-is-layout-flow\" style=\"flex-basis:33.33%\">\n<figure class=\"wp-block-image size-full\"><img loading=\"lazy\" decoding=\"async\" width=\"150\" height=\"150\" src=\"https:\/\/blog.uclm.es\/proyectocresta\/wp-content\/uploads\/sites\/143\/2020\/03\/unnamed-1.png\" alt=\"\" class=\"wp-image-701\" \/><\/figure>\n<\/div>\n\n\n\n<div class=\"wp-block-column is-layout-flow wp-block-column-is-layout-flow\" style=\"flex-basis:66.66%\">\n<figure class=\"wp-block-table\"><table><thead><tr><th>Alfonso Jaime Garc\u00eda Figueroa (IP)<\/th><\/tr><\/thead><tbody><tr><td>Catedr\u00e1tico de Filosof\u00eda del Derecho<br>Universidad de Castilla-La Mancha<\/td><\/tr><\/tbody><\/table><\/figure>\n<\/div>\n<\/div>\n\n\n\n<div class=\"wp-block-columns is-layout-flex wp-container-core-columns-is-layout-9d6595d7 wp-block-columns-is-layout-flex\">\n<div class=\"wp-block-column is-layout-flow wp-block-column-is-layout-flow\" style=\"flex-basis:33.33%\">\n<figure class=\"wp-block-image size-full\"><img loading=\"lazy\" decoding=\"async\" width=\"150\" height=\"150\" src=\"https:\/\/blog.uclm.es\/proyectocresta\/wp-content\/uploads\/sites\/143\/2020\/03\/Gema-Marcilla.png\" alt=\"\" class=\"wp-image-702\" \/><\/figure>\n<\/div>\n\n\n\n<div class=\"wp-block-column is-layout-flow wp-block-column-is-layout-flow\" style=\"flex-basis:66.66%\">\n<figure class=\"wp-block-table\"><table><thead><tr><th>Gema Mar\u00eda Marcilla C\u00f3rdoba (IP)<\/th><\/tr><\/thead><tbody><tr><td>Gema Mar\u00eda Marcilla C\u00f3rdoba (IP)<br>Universidad de Castilla-La Mancha<\/td><\/tr><\/tbody><\/table><\/figure>\n<\/div>\n<\/div>\n\n\n\n<p>El proyecto \u201cCrisis del Derecho penal en el Estado de Derecho: Manifestaciones y tendencias\u201d, celebr\u00f3 su&nbsp;<a href=\"https:\/\/blog.uclm.es\/proyectocresta\/iseminariocresta\/\" target=\"_blank\" rel=\"noreferrer noopener\">I Seminario<\/a>&nbsp;en mayo de 2019, donde los&nbsp;<a href=\"https:\/\/blog.uclm.es\/proyectocresta\/investigadores\/\" target=\"_blank\" rel=\"noreferrer noopener\">investigadores del Proyecto<\/a>&nbsp;expusieron los resultados provisionales de sus indagaciones en cada una de las \u00e1reas del proyecto que les fueron asignadas en el plan inicial de trabajo, gener\u00e1ndose un debate enriquecedor e interesante sobre el estado actual de las m\u00e1ximas del Derecho penal del Estado de Derecho.<\/p>\n\n\n\n<p>En el&nbsp;<a href=\"https:\/\/blog.uclm.es\/proyectocresta\/2seminariocresta\/\" target=\"_blank\" rel=\"noreferrer noopener\">II Seminario<\/a>&nbsp;del proyecto \u201cCrisis del Derecho penal en el Estado de Derecho: Manifestaciones y tendencias\u201d, que se celebr\u00f3 entre los d\u00edas del 30 de septiembre al 2 de octubre,&nbsp;<a href=\"https:\/\/blog.uclm.es\/proyectocresta\/investigadores\/\" target=\"_blank\" rel=\"noreferrer noopener\">los investigadores del Proyecto<\/a>&nbsp;expusieron los resultados finales de sus indagaciones en cada una de las \u00e1reas del proyecto que les fueron asignadas en el plan inicial de trabajo, con el fin de aprovechar los debates para la conformaci\u00f3n de los trabajos definitivos.<\/p>\n\n\n\n<p>Tras dicho Seminario, se alcanz\u00f3 la publicaci\u00f3n en Anales de la C\u00e1tedra de Francisco Su\u00e1rez el \u201c<a href=\"https:\/\/dialnet.unirioja.es\/ejemplar\/585141\" target=\"_blank\" rel=\"noreferrer noopener\">Protocolo I. Crisis del Derecho Penal del Estado de Derecho: Manifestaciones y Tendencias<\/a>\u201c, que recoge buena parte de los resultados de \u00e9ste proyecto de investigaci\u00f3n, el cual ser\u00e1 presentado, junto con las conferencias de invitados externos, en el III Seminario del proyecto \u201cCrisis del Derecho penal en el Estado de Derecho: Manifestaciones y tendencias\u201d que acabamos de presentar.&nbsp;<\/p>\n\n\n\n<h2 class=\"has-text-color wp-block-heading\" style=\"color:#b30033\"><strong>Organizaci\u00f3n<\/strong><\/h2>\n\n\n\n<figure class=\"wp-block-table\"><table><thead><tr><th><strong>Direcci\u00f3n<\/strong><\/th><\/tr><\/thead><tbody><tr><td>Prof. Dr. Eduardo Demetrio Crespo<br>Prof. Dr. Alfonso J. Garc\u00eda Figueroa.<br>Prof.\u00aa Dr.\u00aa Gema M.\u00aa Marcilla C\u00f3rdoba<\/td><\/tr><\/tbody><\/table><\/figure>\n\n\n\n<figure class=\"wp-block-table\"><table><thead><tr><th><strong>Coordinaci\u00f3n<\/strong><\/th><\/tr><\/thead><tbody><tr><td>D.\u00aa M\u00f3nica de la Cuerda Mart\u00edn.<br>D. Faustino Garc\u00eda de la Torre Garc\u00eda<\/td><\/tr><\/tbody><\/table><\/figure>\n\n\n\n<figure class=\"wp-block-table\"><table><thead><tr><th><strong>Modalidad<\/strong><\/th><\/tr><\/thead><tbody><tr><td>Seminario Presencial<br>AFORO LIMITADO<\/td><\/tr><\/tbody><\/table><\/figure>\n\n\n\n<figure class=\"wp-block-table\"><table><thead><tr><th><strong>Inscripci\u00f3n<\/strong><\/th><\/tr><\/thead><tbody><tr><td>A trav\u00e9s de Cursos Web UCLM (<a href=\"https:\/\/cursosweb.uclm.es\/index.aspx\" target=\"_blank\" rel=\"noreferrer noopener\">pinche aqu\u00ed<\/a>)<\/td><\/tr><\/tbody><\/table><\/figure>\n\n\n<div class=\"wp-block-image\">\n<figure class=\"aligncenter size-large\"><img loading=\"lazy\" decoding=\"async\" width=\"724\" height=\"1024\" src=\"https:\/\/blog.uclm.es\/proyectocresta\/wp-content\/uploads\/sites\/143\/2021\/10\/Cartel-A3_Seminario-Dcho-Penal_Filos_Dcho_page-0001-3-724x1024.jpg\" alt=\"\" class=\"wp-image-1268\" srcset=\"https:\/\/blog.uclm.es\/proyectocresta\/wp-content\/uploads\/sites\/143\/2021\/10\/Cartel-A3_Seminario-Dcho-Penal_Filos_Dcho_page-0001-3-724x1024.jpg 724w, https:\/\/blog.uclm.es\/proyectocresta\/wp-content\/uploads\/sites\/143\/2021\/10\/Cartel-A3_Seminario-Dcho-Penal_Filos_Dcho_page-0001-3-212x300.jpg 212w, https:\/\/blog.uclm.es\/proyectocresta\/wp-content\/uploads\/sites\/143\/2021\/10\/Cartel-A3_Seminario-Dcho-Penal_Filos_Dcho_page-0001-3-768x1087.jpg 768w, https:\/\/blog.uclm.es\/proyectocresta\/wp-content\/uploads\/sites\/143\/2021\/10\/Cartel-A3_Seminario-Dcho-Penal_Filos_Dcho_page-0001-3.jpg 800w\" sizes=\"auto, (max-width: 724px) 100vw, 724px\" \/><\/figure>\n<\/div>\n\n\n<h2 class=\"has-text-color wp-block-heading\" style=\"color:#b30033;font-size:26px\"><strong>Programa<\/strong><\/h2>\n\n\n\n<p><a href=\"https:\/\/blog.uclm.es\/proyectocresta\/wp-content\/uploads\/sites\/143\/2021\/10\/Diptico_Seminario-Dcho-Penal_Filos_Dcho-2.pdf\" target=\"_blank\" rel=\"noreferrer noopener\">&nbsp;Descargar el D\u00edptico<\/a><\/p>\n\n\n\n<p class=\"has-text-align-center\"><strong>JUEVES, 11 DE NOVIEMBRE<\/strong><\/p>\n\n\n\n<p><strong>16:30 h. Inauguraci\u00f3n<\/strong><\/p>\n\n\n\n<p>Prof. Dr. Jos\u00e9 Juli\u00e1n Garde L\u00f3pez-Brea<br><em>Excmo. Rector de la Universidad de Castilla\u2013La Mancha<\/em><br>Prof. Dr. Jos\u00e9 Alberto Sanz D\u00edaz-Palacios<br><em>Ilmo. Decano de la Facultad de Ciencias Jur\u00eddicas y Sociales de Toledo<\/em><\/p>\n\n\n\n<p>Palabras de Bienvenida<\/p>\n\n\n\n<p>Dr. Eduardo Demetrio Crespo<br><em>Catedr\u00e1tico de Derecho Penal. Universidad de Castilla-La Mancha<\/em><br>Dr. Alfonso Garc\u00eda Figueroa<br><em>Catedr\u00e1tico de Filosof\u00eda del Derecho. Universidad de Castilla-La Mancha<\/em><br>Dr.\u00aa Gema M.\u00aa Marcilla C\u00f3rdoba<br><em>Profesora titular de Filosof\u00eda del Derecho. Universidad de Castilla-La Mancha<\/em><\/p>\n\n\n\n<p><strong>17:00 h. Bloque 1\u00ba: \u00abSobre el principio de proporcionalidad penal: luces y sombras\u00bb<\/strong><\/p>\n\n\n\n<p style=\"text-decoration:underline\">Ponencias:<br><strong><\/strong><\/p>\n\n\n\n<p><strong>17:00 h.<\/strong>&nbsp;\u00abProporcionalidad entre delitos y penas\u00bb<\/p>\n\n\n\n<p>Prof. Dr. Juan Antonio Garc\u00eda Amado (<em>Universidad de Le\u00f3n<\/em>)<br>Presentaci\u00f3n a cargo de la Prof.\u00aa Dra. Marina Gasc\u00f3n Abell\u00e1n<br><strong><\/strong><\/p>\n\n\n\n<p><strong>17:30 h.<\/strong>&nbsp;\u00abLa regresi\u00f3n de la doctrina del efecto de desaliento<br>en la jurisprudencia del Tribunal Constitucional\u00bb<\/p>\n\n\n\n<p>Prof.\u00aa Dra. M.\u00aa Luisa Cuerda Arnau (<em>Universidad Jaume I de Castell\u00f3n<\/em>)<br>Presentaci\u00f3n a cargo de D.\u00aa M\u00f3nica de la Cuerda Mart\u00edn<br><strong><\/strong><\/p>\n\n\n\n<p>Coffe Break<\/p>\n\n\n\n<p><strong>18:30 h.<\/strong>&nbsp;Reflexiones a modo de contraponencias<br>desde la Filosof\u00eda del Derecho y el Derecho penal<\/p>\n\n\n\n<p>Prof. Dr. Alfonso Garc\u00eda Figueroa (UCLM)<\/p>\n\n\n\n<p>D. Faustino Garc\u00eda de la Torre Garc\u00eda (UCLM)<br><strong><\/strong><\/p>\n\n\n\n<p><strong>19:00 h.<\/strong>&nbsp;Investigaciones finalizadas o en curso en el marco del proyecto<\/p>\n\n\n\n<p>&nbsp;Prof.\u00aa Dra. Teresa Montero Ruiz (UCLM)<br><em>Moderadora<\/em><br><strong><\/strong><\/p>\n\n\n\n<p><em>\u00abEvidencia emp\u00edrica y populismo punitivo\u00bb<br><\/em>Prof.\u00aa Dra. Demelsa Benito S\u00e1nchez (Universidad de Deusto)<em><\/em><\/p>\n\n\n\n<p><em>\u00abLas implicaciones de la Directiva Dac 6 y sus leyes de<br>transposici\u00f3n en la responsabilidad penal del asesor fiscal\u00bb<br><\/em>D.\u00aa M\u00f3nica de la Cuerda Mart\u00edn (UCLM)<em><\/em><\/p>\n\n\n\n<p><em>\u00abEl asesinato\u00bb<br><\/em>Prof.\u00aa Dra. Ana M.\u00aa Garrocho Salcedo (Universidad Carlos III de Madrid)<em><\/em><\/p>\n\n\n\n<p><em>\u00abPrivatizaci\u00f3n de la censura y justicia algor\u00edtmica\u00bb<br>Prof. Dr. Jes\u00fas Iv\u00e1n Mora Gonz\u00e1lez (Universidad de Granada)<\/em><\/p>\n\n\n\n<p><strong>20:10 h.<\/strong>&nbsp;Debate general y conclusiones<\/p>\n\n\n\n<p><strong>20:40 h.<\/strong>&nbsp;Finalizaci\u00f3n<\/p>\n\n\n\n<p><\/p>\n\n\n\n<p class=\"has-text-align-center\"><strong>VIERNES, 12 DE NOVIEMBRE<\/strong><\/p>\n\n\n\n<p><strong>09:00 h. Bloque 2\u00ba: \u00abTeor\u00eda del Estado, Derechos Fundamentales y Derecho penal\u00bb<\/strong><\/p>\n\n\n\n<p style=\"text-decoration:underline\">Ponencias:<br><strong><\/strong><\/p>\n\n\n\n<p><strong>19:00 h.<\/strong>&nbsp;\u00abEstado de Derecho y neutralidad ideol\u00f3gica<br>de las Instituciones P\u00fablicas\u00bb<\/p>\n\n\n\n<p>Prof. Dr. Ricardo Garc\u00eda Manrique (<em>Universidad de Barcelona<\/em>)<br>Presentaci\u00f3n a cargo del Prof. Dr. Alfonso Garc\u00eda Figueroa<br><strong><\/strong><\/p>\n\n\n\n<p><strong>09:30 h.<\/strong>&nbsp;\u00abInvoluci\u00f3n del Estado de Derecho mediante<br>afectaci\u00f3n a Derechos Fundamentales, excepcionalidad permanente y Derecho penal\u00bb<\/p>\n\n\n\n<p>Prof.\u00aa Dra. M.\u00aa Luisa Cuerda Arnau (<em>Universidad Jaume I de Castell\u00f3n<\/em>)<br>Presentaci\u00f3n a cargo de D. Faustino Garc\u00eda de la Torre Garc\u00eda<strong><\/strong><\/p>\n\n\n\n<p><strong>10:00 h.<\/strong>&nbsp;Reflexiones a modo de contraponencias<br>desde la Filosof\u00eda del Derecho y el Derecho penal<\/p>\n\n\n\n<p>Prof.\u00aa Dra. Gema M\u00aa Marcilla C\u00f3rdoba<\/p>\n\n\n\n<p>D. Faustino Garc\u00eda de la Torre Garc\u00eda (UCLM)<br><strong><\/strong><\/p>\n\n\n\n<p>Coffe Break<\/p>\n\n\n\n<p><strong>11:00 h.<\/strong>&nbsp;Investigaciones finalizadas o en curso en el marco del proyecto<\/p>\n\n\n\n<p>&nbsp;Prof.\u00aa Dra. Teresa Montero Ruiz (UCLM)<br><em>Moderadora<\/em><br><strong><\/strong><\/p>\n\n\n\n<p><em>\u00abEntre las incumbencias, la atipicidad y el sinsentido.<br>Algunas reflexiones sobre la naturaleza jur\u00eddica<br>de los modelos de prevenci\u00f3n\u00bb<br><\/em>Prof. Dr. V\u00edctor G\u00f3mez Mart\u00edn (Universidad de Barcelona)<\/p>\n\n\n\n<p><em>\u00abLas fronteras del coto vedado: Los CIEs\u00bb<br><\/em>Prof. Dr. Fernando Rovetta Klyver (UCLM)<\/p>\n\n\n\n<p><em>\u00ab\u00bfExiste una parte general del Derecho Penal?<br>Principales tensiones\u00bb<br><\/em>Prof.\u00aa Dr.\u00aa Laura Z\u00faniga Rodr\u00edguez (Universidad de Salamanca)<\/p>\n\n\n\n<p>Conferencia de clausura:<br><strong><\/strong><\/p>\n\n\n\n<p><strong>11:50 h.<\/strong>&nbsp;\u00abDemocracia y teor\u00eda del delito\u00bb<\/p>\n\n\n\n<p>Prof.\u00aa Dra. Mirentxu Corcoy Bidasolo (<em>Universidad de Barcelona<\/em>)<br>Presentaci\u00f3n a cargo del Prof. Dr. Eduardo Demetrio Crespo<\/p>\n\n\n\n<p><strong>12:30 h.<\/strong>&nbsp;Debate general, conclusiones<\/p>\n\n\n\n<p><strong>13:30 h.<\/strong>&nbsp;. Presentaci\u00f3n de los resultados del proyecto y despedida<\/p>\n\n\n\n<figure class=\"wp-block-image size-large\"><img loading=\"lazy\" decoding=\"async\" width=\"1024\" height=\"768\" src=\"https:\/\/blog.uclm.es\/proyectocresta\/wp-content\/uploads\/sites\/143\/2021\/11\/IMG_20211111_194201-scaled-1-1024x768.jpg\" alt=\"\" class=\"wp-image-1294\" srcset=\"https:\/\/blog.uclm.es\/proyectocresta\/wp-content\/uploads\/sites\/143\/2021\/11\/IMG_20211111_194201-scaled-1-1024x768.jpg 1024w, https:\/\/blog.uclm.es\/proyectocresta\/wp-content\/uploads\/sites\/143\/2021\/11\/IMG_20211111_194201-scaled-1-300x225.jpg 300w, https:\/\/blog.uclm.es\/proyectocresta\/wp-content\/uploads\/sites\/143\/2021\/11\/IMG_20211111_194201-scaled-1-768x576.jpg 768w, https:\/\/blog.uclm.es\/proyectocresta\/wp-content\/uploads\/sites\/143\/2021\/11\/IMG_20211111_194201-scaled-1-1536x1152.jpg 1536w, https:\/\/blog.uclm.es\/proyectocresta\/wp-content\/uploads\/sites\/143\/2021\/11\/IMG_20211111_194201-scaled-1-2048x1536.jpg 2048w\" sizes=\"auto, (max-width: 767px) 89vw, (max-width: 1000px) 54vw, (max-width: 1071px) 543px, 580px\" \/><\/figure>\n","protected":false},"excerpt":{"rendered":"<p>Presentaci\u00f3n El proyecto \u201cCrisis del Derecho penal en el Estado de Derecho: Manifestaciones y tendencias\u201d, bajo el acr\u00f3nimo CRESTA, surge como resultado de la preocupaci\u00f3n por la situaci\u00f3n actual del Estado constitucional de Derecho, una de cuyas variables democr\u00e1ticas m\u00e1s sensible, como es el poder punitivo, est\u00e1 siendo objeto una utilizaci\u00f3n crecientemente irreflexiva. Dado que &hellip; <\/p>\n<p class=\"link-more\"><a href=\"https:\/\/blog.uclm.es\/proyectocresta\/iii-seminario-cresta\/\" class=\"more-link\">Continuar leyendo<span class=\"screen-reader-text\"> \u00abIII Seminario Cresta\u00bb<\/span><\/a><\/p>\n","protected":false},"author":132,"featured_media":0,"parent":0,"menu_order":0,"comment_status":"closed","ping_status":"closed","template":"","meta":{"footnotes":""},"class_list":["post-1255","page","type-page","status-publish","hentry"],"_links":{"self":[{"href":"https:\/\/blog.uclm.es\/proyectocresta\/wp-json\/wp\/v2\/pages\/1255","targetHints":{"allow":["GET"]}}],"collection":[{"href":"https:\/\/blog.uclm.es\/proyectocresta\/wp-json\/wp\/v2\/pages"}],"about":[{"href":"https:\/\/blog.uclm.es\/proyectocresta\/wp-json\/wp\/v2\/types\/page"}],"author":[{"embeddable":true,"href":"https:\/\/blog.uclm.es\/proyectocresta\/wp-json\/wp\/v2\/users\/132"}],"replies":[{"embeddable":true,"href":"https:\/\/blog.uclm.es\/proyectocresta\/wp-json\/wp\/v2\/comments?post=1255"}],"version-history":[{"count":9,"href":"https:\/\/blog.uclm.es\/proyectocresta\/wp-json\/wp\/v2\/pages\/1255\/revisions"}],"predecessor-version":[{"id":1419,"href":"https:\/\/blog.uclm.es\/proyectocresta\/wp-json\/wp\/v2\/pages\/1255\/revisions\/1419"}],"wp:attachment":[{"href":"https:\/\/blog.uclm.es\/proyectocresta\/wp-json\/wp\/v2\/media?parent=1255"}],"curies":[{"name":"wp","href":"https:\/\/api.w.org\/{rel}","templated":true}]}}