{"id":400,"date":"2023-05-02T07:33:46","date_gmt":"2023-05-02T07:33:46","guid":{"rendered":"https:\/\/blog.uclm.es\/proyectociuecon\/?page_id=400"},"modified":"2023-05-03T11:44:19","modified_gmt":"2023-05-03T11:44:19","slug":"aportaciones","status":"publish","type":"page","link":"https:\/\/blog.uclm.es\/proyectociuecon\/aportaciones\/","title":{"rendered":"APORTACIONES"},"content":{"rendered":"\n<p>SELECCI\u00d3N DE APORTACIONES DEL PROYECTO CIUECON (\u00faltima consulta de los datos espec\u00edficos de las publicaciones: 02\/05\/2023)<\/p>\n\n\n\n<ul class=\"wp-block-list\">\n<li><strong>PUBLICACIONES EN REVISTAS INDEXADAS:<\/strong><br><strong> <\/strong><br><\/li>\n\n\n\n<li>\u00d3. L\u00f3pez G\u00f3mez, <a href=\"https:\/\/muse.jhu.edu\/pub\/114\/article\/849679\" target=\"_blank\" rel=\"noreferrer noopener\">\u201c\u2018Soplar\u00e1 el odrero\u2026\u2019. Profec\u00eda, difamaci\u00f3n y lenguaje subversivo en la revuelta toledana de 1449\u201d<\/a>, <em>La Cor\u00f3nica. A Journal of Medieval Hispanic Languages, Literatures &amp; Cultures<\/em>, 49\/2 (2021), pp. 35-69.<\/li>\n\n\n\n<li>\u00d3. L\u00f3pez G\u00f3mez, <a rel=\"noreferrer noopener\" href=\"https:\/\/doi.org\/10.3989\/hispania.2021.v81.i269\" target=\"_blank\">\u201cViolencia, saqueos y abusos de poder. La problem\u00e1tica en torno a las \u00faltimas voluntades de don Pedro Gir\u00f3n, maestre de la Orden de Calatrava (1466-1496)\u201d<\/a>, <em>Hispania. Revista Espa\u00f1ola de Historia<\/em>, 269 (2021), pp. 591-619.<\/li>\n\n\n\n<li>\u00d3. L\u00f3pez G\u00f3mez, <a href=\"https:\/\/www.ehumanista.ucsb.edu\/conversos\/9\" target=\"_blank\" rel=\"noreferrer noopener\">\u201cLa revuelta de 1449 en Toledo. Historiograf\u00eda y estado de la cuesti\u00f3n\u201d<\/a>, <em>eHumanista. Journal of Iberian Studies<\/em>, 9 (2021), pp. 253-283.<\/li>\n\n\n\n<li>\u00d3. L\u00f3pez G\u00f3mez, <a href=\"https:\/\/doi.org\/10.14198\/medieval.23139\" target=\"_blank\" rel=\"noreferrer noopener\">\u201cLa violencia de la comunidad. Movilizaciones colectivas, luchas antise\u00f1oriales y control del territorio en la sublevaci\u00f3n de Toledo de 1449\u201d<\/a>, <em>Anales de la Universidad de Alicante. Historia Medieval<\/em>, 24 (2023), pp. 117-150.<\/li>\n\n\n\n<li>C. Ayll\u00f3n Guti\u00e9rrez, <a href=\"https:\/\/www.iealbacetenses.com\/es\/2\/418\/0\/16\/AL-BASIT-Revista-de-Estudios-Albacetenses-numero-66.html\">\u201cDecadencia urbana y clero conventual femenino. Sobre la fundaci\u00f3n del monasterio de Santa Ana de Chinchilla\u201d<\/a>, <em>Al-Basit. Revista del Instituto de Estudios Albacetenses<\/em>, 66 (2021), pp. 279-300.<\/li>\n\n\n\n<li>C. Ayll\u00f3n Guti\u00e9rrez, <a rel=\"noreferrer noopener\" href=\"https:\/\/doi.org\/10.12795\/hid.2022.i49.3\" target=\"_blank\">\u201c\u00d3rdenes religiosas, sociedad civil y propiedad. Los Dominicos de Chinchilla en el Bajo Medievo\u201d<\/a>, <em>Historia. Instituciones. Documentos<\/em>, 49 (2022), pp. 59-81.<\/li>\n\n\n\n<li>C. Ayll\u00f3n Guti\u00e9rrez, <a href=\"https:\/\/doi.org\/10.17811\/rm.11.14.2022.97-114\" target=\"_blank\" rel=\"noreferrer noopener\">\u201cAlfombras de Alcaraz en contextos palaciegos: de Isabel I a la Casa de Alba. Nuevas aportaciones\u201d<\/a>, <em>Res Mobilis. Revista internacional de investigaci\u00f3n en mobiliario y objetos decorativos<\/em>, 11\/14 (2022), pp. 97-114.<\/li>\n\n\n\n<li>C. Ayll\u00f3n Guti\u00e9rrez, <a href=\"https:\/\/doi.org\/10.14198\/medieval.21624\" target=\"_blank\" rel=\"noreferrer noopener\">\u201cDevoci\u00f3n, propiedad y posici\u00f3n social. En torno a una capellan\u00eda: Albacete, 1486\u201d<\/a>, <em>Anales de la Universidad de Alicante. Historia Medieval<\/em>, 23 (2022), pp. 161-181.<\/li>\n\n\n\n<li>\u00c1. Rozas Espa\u00f1ol, <a href=\"https:\/\/doi.org\/10.6018\/medievalismo.505041\" target=\"_blank\" rel=\"noreferrer noopener\">\u201cLos inicios de la nueva industria sedera en Toledo (1475-1508)\u201d<\/a>, <em>Medievalismo<\/em>, 31 (2021), pp. 409-428.<\/li>\n<\/ul>\n\n\n\n<ul class=\"wp-block-list\">\n<li><strong>LIBROS Y CAP\u00cdTULOS DE LIBROS: <\/strong><\/li>\n<\/ul>\n\n\n\n<ul class=\"wp-block-list\">\n<li>[LIBRO] D. Igual Luis (ed.), <em>En torno a la ciudad. Sociedad, econom\u00eda y territorio en la Pen\u00ednsula Ib\u00e9rica (siglos XIII-XV)<\/em>, Sociedad Espa\u00f1ola de Estudios Medievales, Madrid, en prensa.<\/li>\n\n\n\n<li>[LIBRO] J. A. Jara Fuente y J. F. Ruiz L\u00f3pez (coords.), <em>Cuenca: su historia y sus tierras<\/em>, Universidad de Castilla-La Mancha, Cuenca, en prensa.<\/li>\n\n\n\n<li>[CAP\u00cdTULO] D. Igual Luis, \u201cEl comercio y las ciudades en la Baja Edad Media: balance historiogr\u00e1fico, espacios de inter\u00e9s y posibilidades de estudio\u201d, en <em>La ciudad medieval. Nuevas aproximaciones<\/em>, ed. por \u00c1. Mu\u00f1oz Fern\u00e1ndez y F. Ruiz G\u00f3mez, Universidad de C\u00e1diz, C\u00e1diz, 2020, pp. 157-173.<\/li>\n\n\n\n<li>[CAP\u00cdTULO] D. Igual Luis, \u201cElementos de integraci\u00f3n en la econom\u00eda mercantil bajomedieval. Apuntes para (y desde) el caso hisp\u00e1nico\u201d, en <em>Ciudades en expansi\u00f3n. Din\u00e1micas urbanas entre los siglos XIV-XVI<\/em>, ed. por M. Asenjo Gonz\u00e1lez, D. Alonso Garc\u00eda y S. M. P\u00e9rez Gonz\u00e1lez, Editorial Dykinson, Madrid, 2022, pp. 61-78.<\/li>\n\n\n\n<li>[CAP\u00cdTULO] D. Igual Luis, <a href=\"https:\/\/doi.org\/10.34619\/b7lr-f8v5\" target=\"_blank\" rel=\"noreferrer noopener\">\u201cEl comercio urbano en la Baja Edad Media: su cotidianidad y sus agentes sociales\u201d<\/a>, en <em>A vida quotidiana da cidade na Europa medieval \/ Everyday Life in medieval Urban Europe<\/em>, ed. por A. A. Andrade e G. M. da Silva, IEM &#8211; Instituto de Estudos Medievais \/ C\u00e2mara Municipal de Castelo de Vide, Lisboa, 2022, pp. 211-236<\/li>\n\n\n\n<li>[CAP\u00cdTULO] D. Igual Luis, \u201cNo solo lana. El comercio entre Cuenca y Valencia a finales del siglo XV\u201d, en <em>Cuenca: su historia y sus tierras<\/em>, coord. por J. A. Jara Fuente y J. F. Ruiz L\u00f3pez, Universidad de Castilla-La Mancha, Cuenca, en prensa.<\/li>\n\n\n\n<li>[CAP\u00cdTULO] D. Igual Luis, \u201cTerritorios e identidades en la fiscalidad. Consideraciones a partir de la Valencia bajomedieval\u201d, en <em>Sistemas fiscales y cultura pol\u00edtica (siglos XIII-XVII)<\/em>, ed. por \u00c1. Gal\u00e1n S\u00e1nchez y otros, Sociedad Espa\u00f1ola de Estudios Medievales, Madrid, en prensa<\/li>\n\n\n\n<li>[CAP\u00cdTULO] D. Igual Luis, \u201c\u00bfUn modelo de grandes mercaderes para la Pen\u00ednsula Ib\u00e9rica? El caso de los toledanos De la Fuente en los siglos XV y XVI\u201d, en <em>En torno a la ciudad. Sociedad, econom\u00eda y territorio en la Pen\u00ednsula Ib\u00e9rica (siglos XIII-XV)<\/em>, ed. por D. Igual Luis, Sociedad Espa\u00f1ola de Estudios Medievales, Madrid, en prensa.<\/li>\n\n\n\n<li>[CAP\u00cdTULO] J. A. Jara Fuente, \u201cContribuir (al rey y) a la ciudad: la fiscalidad urbana en Castilla en la Baja Edad Media, un estado de la cuesti\u00f3n\u201d, en <em>La ciudad medieval. Nuevas aproximaciones<\/em>, ed. por \u00c1. Mu\u00f1oz Fern\u00e1ndez y F. Ruiz G\u00f3mez, Universidad de C\u00e1diz, C\u00e1diz, 2020, pp. 129-143.<\/li>\n\n\n\n<li>[CAP\u00cdTULO] J. A. Jara Fuente, \u201cFiscal Attitudes and Practices and the Construction of Identity in Late Medieval Cuenca\u201d, en <em>Identity in the Middle Ages. Approaches from Southwestern Europe<\/em>, ed. by F. Sabat\u00e9, ARC-Humanities Press, Leeds, 2021, pp. 365-378.<\/li>\n\n\n\n<li>[CAP\u00cdTULO] J. A. Jara Fuente, \u201cLos repartimientos fiscales en Cuenca en el siglo XV: entre la generaci\u00f3n de desigualdad y la matizaci\u00f3n de la diferenciaci\u00f3n\u201d, en <em>En torno a la ciudad. Sociedad, econom\u00eda y territorio en la Pen\u00ednsula Ib\u00e9rica (siglos XIII-XV)<\/em>, ed. por D. Igual Luis, Sociedad Espa\u00f1ola de Estudios Medievales, Madrid, en prensa.<\/li>\n\n\n\n<li>[CAP\u00cdTULO] M. J. Lop Ot\u00edn, \u201cCatedrales y cabildos hispanos en la Edad Media. Nueva aproximaci\u00f3n quince a\u00f1os despu\u00e9s\u201d, en <em>La ciudad medieval. Nuevas aproximaciones<\/em>, ed. por \u00c1. Mu\u00f1oz Fern\u00e1ndez y F. Ruiz G\u00f3mez, Universidad de C\u00e1diz, C\u00e1diz, 2020, pp. 175-188.<\/li>\n\n\n\n<li>[CAP\u00cdTULO] M. J. Lop Ot\u00edn, \u201cLa defensa de la primac\u00eda de Toledo y la construcci\u00f3n de una identidad diocesana (ss. XII-XIII)\u201d, en <em>La construcci\u00f3n del espacio diocesano en la Europa Medieval: actores, din\u00e1micas y conflictos<\/em>, ed. por S. Guijarro Gonz\u00e1lez y otros, en prensa.<\/li>\n\n\n\n<li>[CAP\u00cdTULO] \u00d3. L\u00f3pez G\u00f3mez, \u201cResistance to Jurisdictional Predominance and Hierarchical Ambitions: Cadahalso versus Escalona (1232-1480)\u201d, en <em>The Interaction between Towns and Cities in Europe in Late Medieval and Early Modern Times<\/em>, ed. by M. Asenjo Gonz\u00e1lez and others, Brepols, Turnhout, 2021, pp. 183-209.<\/li>\n\n\n\n<li>[CAP\u00cdTULO] C. Ayll\u00f3n Guti\u00e9rrez, \u201cPolitical interests concerning the tithe in the Marquisate of Villena (Bishopric of Cuenca)\u201d, en <em>Tithe in the Middle Ages. New perspectives<\/em>, ed. by A. Furi\u00f3 and F. Aparisi, Universitat de Val\u00e8ncia, Valencia, en prensa.<\/li>\n\n\n\n<li>[CAP\u00cdTULO] C. Ayll\u00f3n Guti\u00e9rrez, \u201cConexiones judeoconversas de la familia de fray Luis de Le\u00f3n en Hell\u00edn (Albacete)\u201d, en <em>Cuenca: su historia y sus tierras<\/em>, coord. por J. A. Jara Fuente y J. F. Ruiz L\u00f3pez, Universidad de Castilla-La Mancha, Cuenca, en prensa.<\/li>\n\n\n\n<li>[CAP\u00cdTULO] C. Ayll\u00f3n Guti\u00e9rrez, \u201cPropiedad y conflicto en torno a un oligopolio. Las salinas de la Tierra de Alcaraz (ss. XIII-XVI)\u201d, en <em>En torno a la ciudad. Sociedad, econom\u00eda y territorio en la Pen\u00ednsula Ib\u00e9rica (siglos XIII-XV)<\/em>, ed. por D. Igual Luis, Sociedad Espa\u00f1ola de Estudios Medievales, Madrid, en prensa.<\/li>\n\n\n\n<li>[CAP\u00cdTULO] \u00c1. Rozas Espa\u00f1ol, \u201cLos genoveses y la lana merina conquense entre finales del siglo XV y comienzos del XVI\u201d, en <em>Cuenca: su historia y sus tierras<\/em>, coord. por J. A. Jara Fuente y J. F. Ruiz L\u00f3pez, Universidad de Castilla-La Mancha, Cuenca, en prensa.<\/li>\n\n\n\n<li>[CAP\u00cdTULO] \u00c1. Rozas Espa\u00f1ol, \u201cLa manufactura de tejidos de lana de Toledo a la luz de las ordenanzas de pa\u00f1os de los Reyes Cat\u00f3licos\u201d, en <em>En torno a la ciudad. Sociedad, econom\u00eda y territorio en la Pen\u00ednsula Ib\u00e9rica (siglos XIII-XV)<\/em>, ed. por D. Igual Luis, Sociedad Espa\u00f1ola de Estudios Medievales, Madrid, en prensa.<\/li>\n\n\n\n<li>[CAP\u00cdTULO] M. J. L\u00f3pez-Guadalupe Pallar\u00e9s, \u201cRedes y jerarqu\u00edas urbanas en el territorio segoviano (c. 1400-1520)\u201d, en <em>En torno a la ciudad. Sociedad, econom\u00eda y territorio en la Pen\u00ednsula Ib\u00e9rica (siglos XIII-XV)<\/em>, ed. por D. Igual Luis, Sociedad Espa\u00f1ola de Estudios Medievales, Madrid, en prensa.<\/li>\n<\/ul>\n\n\n\n<ul class=\"wp-block-list\">\n<li><strong>CONTRIBUCIONES A ENCUENTROS CIENT\u00cdFICOS:<\/strong><\/li>\n<\/ul>\n\n\n\n<ul class=\"wp-block-list\">\n<li>D. Igual Luis, \u201cPor los reinos de Toledo y Murcia: descripciones e \u2018instant\u00e1neas\u2019 de ciudades y villas entre finales del siglo XV e inicios del XVI\u201d, <em>Seminario de investigaci\u00f3n \u201cCiudades y villas de la Baja Edad Media en Castilla-La Mancha. Fuentes y perspectivas para la comparaci\u00f3n y el an\u00e1lisis\u201d<\/em>, Universidad de Castilla-La Mancha, Albacete (<em>online<\/em>), 11 de marzo de 2021.<\/li>\n\n\n\n<li>D. Igual Luis, <a href=\"https:\/\/www.researchgate.net\/publication\/350639573_Economic_Ties_v_Political_Boundaries_Trading_Relations_Between_Castile_and_Valencia_During_the_Fifteenth_Century\" target=\"_blank\" rel=\"noreferrer noopener\">\u201cEconomic Ties v. Political Boundaries: Trading Relations Between Castile and Valencia During the Fifteenth Century\u201d<\/a>, <em>European Social Science History Conference <\/em>(sesi\u00f3n<em> Social Dynamics and Boundaries in a Regional Framework: Spanish Cities and Territories, 1400-1600<\/em>), International Institute of Social History, Leiden (<em>online<\/em>), 24-27 de marzo de 2021.<\/li>\n\n\n\n<li>D. Igual Luis, \u201cEmpresas mercantiles y negocios cambiarios entre Italia, Valencia y Castilla (1475-1500)\u201d, <em>Coloquio internacional \u201cRecursos relacionales en el cr\u00e9dito, la moneda y las finanzas p\u00fablicas. Comparando instituciones financieras y soberanas, actores sociales y gesti\u00f3n de recursos (siglos XIV-XIX). Segunda parte\u201d<\/em>, Casa de Vel\u00e1zquez, Madrid, 10-11 de marzo de 2022.<\/li>\n\n\n\n<li>D. Igual Luis, \u201cMercanc\u00edas y mercaderes de Castilla a Valencia. Din\u00e1micas econ\u00f3micas y sociales en los siglos XIV y XV\u201d, <em>Seminario \u201cL\u2019interscambio fra la costa e l\u2019entroterra. Dinamiche economiche, strutture sociali e insediative (secoli XIV-XV)\u201d<\/em>, Universit\u00e0 degli Studi di Torino, Tur\u00edn, 10-11 de noviembre de 2022.<\/li>\n\n\n\n<li>D. Igual Luis, \u201cDe la tierra al mar en el siglo XV: agentes fiscales y comerciales en las relaciones econ\u00f3micas entre Castilla y el reino de Valencia\u201d, <em>Seminario de investigaci\u00f3n \u201cEspacios y sociedades de frontera en la Edad Media. El sureste ib\u00e9rico (ss. XIII-XVI)\u201d<\/em>, Universidad de Alicante, Torrevieja (Alicante), 24-25 de noviembre de 2022.<\/li>\n\n\n\n<li>D. Igual Luis, \u201cEntre (o sin) fronteras a finales del Medievo: la proyecci\u00f3n econ\u00f3mica castellana hacia la Corona de Arag\u00f3n\u201d, <em>Seminario de investigaci\u00f3n \u201cEspacios y sociedades de frontera en la Edad Media, II: Gentes, territorios e intercambios entre Castilla y el Mediterr\u00e1neo (siglos XIII-XVI)\u201d<\/em>, Universidad de Castilla-La Mancha, Albacete, 27-28 de febrero de 2023.<\/li>\n\n\n\n<li>J. A. Jara Fuente, \u201cLas fuentes fiscales, financieras y comerciales del concejo de Cuenca: posibilidades de an\u00e1lisis y campos de actuaci\u00f3n\u201d, <em>Seminario de investigaci\u00f3n \u201cCiudades y villas de la Baja Edad Media en Castilla-La Mancha. Fuentes y perspectivas para la comparaci\u00f3n y el an\u00e1lisis\u201d<\/em>, Universidad de Castilla-La Mancha, Albacete (<em>online<\/em>), 11 de marzo de 2021.<\/li>\n\n\n\n<li>J. A. Jara Fuente, \u201cLa distribuci\u00f3n de la riqueza a trav\u00e9s del impacto de la fiscalidad local. Cuenca en el siglo XV\u201d, <em>Seminario \u201cLa desigualdad en la Pen\u00ednsula Ib\u00e9rica (XIV-XIX). Una aproximaci\u00f3n desde las fuentes fiscales\u201d<\/em>, Universidad de Valladolid, Valladolid, 3-4 de noviembre de 2022.<\/li>\n\n\n\n<li>M. J. Lop Ot\u00edn, \u201cEl binomio ciudad-catedral en Castilla-La Mancha (siglos XI-XV)\u201d, <em>Seminario de investigaci\u00f3n \u201cDin\u00e1micas socioecon\u00f3micas y territoriales en torno al mundo urbano. Castilla y otros ejemplos de la Pen\u00ednsula Ib\u00e9rica en la Baja Edad Media\u201d<\/em>, Universidad de Castilla-La Mancha, Albacete, 22-23 de noviembre de 2022.<\/li>\n\n\n\n<li>\u00d3. L\u00f3pez G\u00f3mez, \u201cPobreza y persecuci\u00f3n del delito en los territorios castellano-manchegos: problem\u00e1tica y posibilidades de estudio en las fuentes contables\u201d, <em>Seminario de investigaci\u00f3n \u201cCiudades y villas de la Baja Edad Media en Castilla-La Mancha. Fuentes y perspectivas para la comparaci\u00f3n y el an\u00e1lisis\u201d<\/em>, Universidad de Castilla-La Mancha, Albacete (<em>online<\/em>), 11 de marzo de 2021.<\/li>\n\n\n\n<li>\u00d3. L\u00f3pez G\u00f3mez, \u201cInfrajusticia y resoluci\u00f3n pac\u00edfica del conflicto en la Castilla del siglo XV. Los registros de los escribanos de Toledo\u201d, <em>Workshop Internacional \u201cFuentes, problemas y nuevas perspectivas en historia urbana (1250-1600)\u201d<\/em>, Universidad Complutense de Madrid, Madrid, 28-29 de octubre de 2021.<\/li>\n\n\n\n<li>\u00d3. L\u00f3pez G\u00f3mez, \u201cGuerra, poder y linaje. La violencia banderiza en Toledo y su territorio (siglos XIV y XV)\u201d, <em>Seminario de investigaci\u00f3n \u201cDin\u00e1micas socioecon\u00f3micas y territoriales en torno al mundo urbano. Castilla y otros ejemplos de la Pen\u00ednsula Ib\u00e9rica en la Baja Edad Media\u201d<\/em>, Universidad de Castilla-La Mancha, Albacete, 22-23 de noviembre de 2022.<\/li>\n\n\n\n<li>C. Ayll\u00f3n Guti\u00e9rrez, \u201cEl espacio bajomedieval albacetense: fuentes, proyecci\u00f3n y limitaciones\u201d, <em>Seminario de investigaci\u00f3n \u201cCiudades y villas de la Baja Edad Media en Castilla-La Mancha. Fuentes y perspectivas para la comparaci\u00f3n y el an\u00e1lisis\u201d<\/em>, Universidad de Castilla-La Mancha, Albacete (<em>online<\/em>), 11 de marzo de 2021.<\/li>\n\n\n\n<li>\u00c1. Rozas Espa\u00f1ol, \u201cLas bancarrotas de los financieros toledanos y la llegada de Felipe el Hermoso\u201d, <em>Workshop<\/em> <em>\u201cTensi\u00f3n y negociaci\u00f3n ante el cambio de reinado en los or\u00edgenes de la Monarqu\u00eda de Espa\u00f1a (1474-1558)\u201d<\/em>, Universidad Aut\u00f3noma de Madrid, Madrid (<em>online<\/em>), 29 de octubre de 2020.<\/li>\n\n\n\n<li>\u00c1. Rozas Espa\u00f1ol, \u201cEl comercio regional en torno a la ciudad de Toledo, 1480-1520\u201d, <em>Seminario de investigaci\u00f3n \u201cCiudades y villas de la Baja Edad Media en Castilla-La Mancha. Fuentes y perspectivas para la comparaci\u00f3n y el an\u00e1lisis\u201d<\/em>, Universidad de Castilla-La Mancha, Albacete (<em>online<\/em>), 11 de marzo de 2021.<\/li>\n\n\n\n<li>\u00c1. Rozas Espa\u00f1ol, \u201cLas quiebras de los hombres de negocio toledanos a inicios del s. XVI: un camino de inestabilidad hacia las Comunidades\u201d, <em>Seminario \u201cLas rebeliones en \u00e9poca de transici\u00f3n hist\u00f3rica. De la Edad Media al alzamiento comunero\u201d<\/em>, Universidad de Castilla-La Mancha, Toledo, 1-3 de febrero de 2022.<\/li>\n\n\n\n<li>\u00c1. Rozas Espa\u00f1ol, \u201cDel Mediterr\u00e1neo al interior peninsular: un lucrativo negocio transfronterizo entre los siglos XV y XVI\u201d, <em>Seminario de investigaci\u00f3n \u201cEspacios y sociedades de frontera en la Edad Media, II: Gentes, territorios e intercambios entre Castilla y el Mediterr\u00e1neo (siglos XIII-XVI)\u201d<\/em>, Universidad de Castilla-La Mancha, Albacete, 27-28 de febrero de 2023.<\/li>\n\n\n\n<li>M. J. L\u00f3pez-Guadalupe Pallar\u00e9s, \u201cCiudades en frontera. Modelos territoriales en la Extremadura castellano-oriental al final del Medievo\u201d, <em>Seminario de investigaci\u00f3n \u201cEspacios y sociedades de frontera en la Edad Media, II: Gentes, territorios e intercambios entre Castilla y el Mediterr\u00e1neo (siglos XIII-XVI)\u201d<\/em>, Universidad de Castilla-La Mancha, Albacete, 27-28 de febrero de 2023.<\/li>\n<\/ul>\n\n\n\n<ul class=\"wp-block-list\">\n<li><strong>CONFERENCIAS: <\/strong><\/li>\n<\/ul>\n\n\n\n<ul class=\"wp-block-list\">\n<li>D. Igual Luis, \u201cEl final de la Edad Media en Castilla-La Mancha: tan lejos y, sin embargo, tan cerca\u201d, <em>Programa Universitario \u201cJos\u00e9 Saramago\u201d 50 plus<\/em>, Universidad de Castilla-La Mancha, Albacete (<em>online<\/em>), 12 de noviembre de 2020.<\/li>\n\n\n\n<li>D. Igual Luis, \u201c\u00bfHacia la nobleza? La evoluci\u00f3n social de los grupos comerciales de los reinos hisp\u00e1nicos a finales de la Edad Media\u201d, <em>M\u00e1ster Universitario en \u201cHistoria del mundo mediterr\u00e1neo y sus regiones. De la Prehistoria a la Edad Media\u201d<\/em>, Universidad de Alicante, Alicante (<em>online<\/em>), 2 de marzo de 2021.<\/li>\n\n\n\n<li>D. Igual Luis, \u201cUna mirada <em>externa<\/em> a las ciudades castellanas del periodo 1450-1530: entre viajeros y agentes fiscales\u201d, <em>M\u00e1ster Universitario en \u201cHistoria de la Formaci\u00f3n del Mundo Occidental\u201d<\/em>, Universidad de Valencia, Valencia, 8 de junio de 2021.<\/li>\n\n\n\n<li>D. Igual Luis, \u201cLos mercados medievales: lugares, protagonistas, comportamientos\u201d, <em>Departamento de Historia Medieval y Ciencias y T\u00e9cnicas Historiogr\u00e1ficas de la Facultad de Geograf\u00eda e Historia de la Universidad de Sevilla<\/em>, Sevilla (<em>online<\/em>), 11 de noviembre de 2021.<\/li>\n\n\n\n<li>D. Igual Luis, \u201cFinancieros del siglo XV en los reinos hisp\u00e1nicos\u201d, VII Ciclo de Conferencias <em>D\u00edas de Oto\u00f1o. Tardes de Archivo: \u201cCr\u00e9dito y hombres de finanzas en la Espa\u00f1a preindustrial\u201d<\/em>, Universidad de Valladolid, Valladolid, 13 de octubre de 2022.<\/li>\n\n\n\n<li>D. Igual Luis, \u201cCiudad y comercio en la Edad Media: algunas perspectivas actuales de la historiograf\u00eda\u201d, <em>M\u00e1ster Universitario en \u201cEstudios Hist\u00f3ricos Avanzados\u201d<\/em>, Universidad de Sevilla, Sevilla, 14 de noviembre de 2022.<\/li>\n\n\n\n<li>\u00d3. L\u00f3pez G\u00f3mez, \u201cLa alta nobleza en el mundo urbano. Linajes moz\u00e1rabes y ricahombr\u00eda en la Toledo bajomedieval\u201d, <em>M\u00e1ster Universitario en \u201cEuropa y el Mundo Atl\u00e1ntico: Poder, Cultura y Sociedad\u201d<\/em>, Universidad del Pa\u00eds Vasco, Vitoria, 29 de noviembre de 2022.<\/li>\n\n\n\n<li>M. J. L\u00f3pez-Guadalupe Pallar\u00e9s, \u201cEl an\u00e1lisis de redes sociales en la investigaci\u00f3n hist\u00f3rica\u201d, Taller de Historia Moderna <em>Usos y aplicaciones TIC en la ense\u00f1anza y la investigaci\u00f3n<\/em>, Universidad de Castilla-La Mancha, Albacete, 3 de noviembre de 2022.<\/li>\n<\/ul>\n","protected":false},"excerpt":{"rendered":"<p>SELECCI\u00d3N DE APORTACIONES DEL PROYECTO CIUECON (\u00faltima consulta de los datos espec\u00edficos de las publicaciones: 02\/05\/2023)<\/p>\n","protected":false},"author":408,"featured_media":0,"parent":0,"menu_order":0,"comment_status":"closed","ping_status":"closed","template":"","meta":{"footnotes":""},"class_list":["post-400","page","type-page","status-publish","hentry"],"_links":{"self":[{"href":"https:\/\/blog.uclm.es\/proyectociuecon\/wp-json\/wp\/v2\/pages\/400","targetHints":{"allow":["GET"]}}],"collection":[{"href":"https:\/\/blog.uclm.es\/proyectociuecon\/wp-json\/wp\/v2\/pages"}],"about":[{"href":"https:\/\/blog.uclm.es\/proyectociuecon\/wp-json\/wp\/v2\/types\/page"}],"author":[{"embeddable":true,"href":"https:\/\/blog.uclm.es\/proyectociuecon\/wp-json\/wp\/v2\/users\/408"}],"replies":[{"embeddable":true,"href":"https:\/\/blog.uclm.es\/proyectociuecon\/wp-json\/wp\/v2\/comments?post=400"}],"version-history":[{"count":26,"href":"https:\/\/blog.uclm.es\/proyectociuecon\/wp-json\/wp\/v2\/pages\/400\/revisions"}],"predecessor-version":[{"id":447,"href":"https:\/\/blog.uclm.es\/proyectociuecon\/wp-json\/wp\/v2\/pages\/400\/revisions\/447"}],"wp:attachment":[{"href":"https:\/\/blog.uclm.es\/proyectociuecon\/wp-json\/wp\/v2\/media?parent=400"}],"curies":[{"name":"wp","href":"https:\/\/api.w.org\/{rel}","templated":true}]}}