{"id":393,"date":"2023-03-20T11:58:26","date_gmt":"2023-03-20T11:58:26","guid":{"rendered":"https:\/\/blog.uclm.es\/proyectociuecon\/?page_id=393"},"modified":"2023-05-02T07:52:08","modified_gmt":"2023-05-02T07:52:08","slug":"colaboraciones","status":"publish","type":"page","link":"https:\/\/blog.uclm.es\/proyectociuecon\/colaboraciones\/","title":{"rendered":"COLABORACIONES"},"content":{"rendered":"\n<p>A lo largo de su desarrollo, el proyecto CIUECON ha establecido colaboraciones con las siguientes iniciativas, ya sea de manera colectiva, ya sea a trav\u00e9s de la implicaci\u00f3n individual de alguno de los siete integrantes del equipo:<\/p>\n\n\n\n<ul class=\"wp-block-list\" type=\"1\">\n<li>REDES, GRUPOS Y PROYECTOS DE INVESTIGACI\u00d3N:\n<ul class=\"wp-block-list\">\n<li>Red de Investigaci\u00f3n coordinada desde la Universidad de M\u00e1laga: <a href=\"http:\/\/www.arcacomunis.uma.es\/\" target=\"_blank\" rel=\"noreferrer noopener\">Arca Comunis<\/a>, \u201cRed de Investigaci\u00f3n sobre Historia de la Fiscalidad Medieval y Moderna\u201d.<\/li>\n\n\n\n<li>Grupo de Investigaci\u00f3n de la Universidad de Castilla-La Mancha: <a href=\"http:\/\/sehisp.uclm.es\/\" target=\"_blank\" rel=\"noreferrer noopener\">SEHISP<\/a>, \u201cSeminario de Historia Social de la Poblaci\u00f3n\u201d.<\/li>\n\n\n\n<li>Grupo de Investigaci\u00f3n de la Universidad Complutense de Madrid: <a href=\"https:\/\/produccioncientifica.ucm.es\/grupos\/5394\/detalle\" target=\"_blank\" rel=\"noreferrer noopener\">HISEURAM<\/a>, \u201cHistoria de las ciudades hispanas y europeas y su proyecci\u00f3n a Am\u00e9rica (1250-1650)\u201d.<\/li>\n\n\n\n<li>Grupo de Investigaci\u00f3n de la Universidad de Alicante: <a href=\"https:\/\/cvnet.cpd.ua.es\/curriculum-breve\/grp\/es\/poder-publico-sociedad-y-cultura-en-el-reino-de-valencia-ss-xiii-xv\/386\" target=\"_blank\" rel=\"noreferrer noopener\">\u201cPoder p\u00fablico, sociedad y cultura en el Reino de Valencia, ss. XIII-XV\u201d<\/a>.<\/li>\n\n\n\n<li>Proyecto de investigaci\u00f3n financiado por la Generalidad Valenciana (Universidad de Alicante, 2022-2024): FROMEDVAL, \u201cFrontera, identidad y transferencias en las transformaciones del sur del reino de Valencia en la Edad Media (siglos XIII-XVI)\u201d.<\/li>\n<\/ul>\n<\/li>\n<\/ul>\n\n\n\n<ul class=\"wp-block-list\">\n<li>PROYECTOS DE INNOVACI\u00d3N DID\u00c1CTICA Y DIVULGACI\u00d3N:\n<ul class=\"wp-block-list\">\n<li>Proyecto <a href=\"https:\/\/www.modernalia.es\/\" target=\"_blank\" rel=\"noreferrer noopener\">\u201cModernalia. Recursos para la ense\u00f1anza de la Historia Moderna\u201d<\/a>, dirigido desde la Universidad de Castilla-La Mancha.<\/li>\n\n\n\n<li>Proyecto \u201cRecursos documentales para la ense\u00f1anza de la Historia Medieval: la aplicaci\u00f3n de metodolog\u00edas de humanidades digitales\u201d, desarrollado en la Universidad de Castilla-La Mancha (2021-2023).<\/li>\n\n\n\n<li>Proyecto financiado por la Fundaci\u00f3n Espa\u00f1ola para la Ciencia y la Tecnolog\u00eda (FECyT): <a href=\"https:\/\/humanidadesab.uclm.es\/actividades\/2022\/09\/05\/humanidades-ab-investiga\/\" target=\"_blank\" rel=\"noreferrer noopener\">\u201cHumanidades_AB Investiga\u201d<\/a>, desarrollado en la Universidad de Castilla-La Mancha (2022-2023).<\/li>\n<\/ul>\n<\/li>\n<\/ul>\n\n\n\n<p>El proyecto CIUECON tambi\u00e9n ha ofrecido un marco complementario de apoyo adecuado para la culminaci\u00f3n de tres tesis doctorales en la Universidad de Castilla-La Mancha, dirigidas o codirigidas por integrantes del equipo:<\/p>\n\n\n\n<ul class=\"wp-block-list\">\n<li>\u00c1ngel Rozas Espa\u00f1ol, <em>Econom\u00eda e impacto urbano: Toledo y sus mercaderes en la Pen\u00ednsula Ib\u00e9rica (1475-1520)<\/em>, codirigida por David Igual Luis (fecha de lectura: 27 de enero de 2022).<\/li>\n\n\n\n<li>Manuel Gonz\u00e1lez Gonz\u00e1lez, <em>Trabajos y oficios en la villa de Albacete durante el tr\u00e1nsito de la Edad Media a la Edad Moderna. Fuentes y argumentos para el periodo 1497-1548<\/em>, dirigida por David Igual Luis (fecha de lectura: 27 de octubre de 2022).<\/li>\n\n\n\n<li>Jes\u00fas Olivet Garc\u00eda-Dorado, <em>El cabildo de curas y beneficiados de Toledo en el siglo XV<\/em>, codirigida por Mar\u00eda Jos\u00e9 Lop Ot\u00edn (fecha de lectura: 21 de noviembre de 2022).<\/li>\n<\/ul>\n","protected":false},"excerpt":{"rendered":"<p>A lo largo de su desarrollo, el proyecto CIUECON ha establecido colaboraciones con las siguientes iniciativas, ya sea de manera colectiva, ya sea a trav\u00e9s de la implicaci\u00f3n individual de alguno de los siete integrantes del equipo: El proyecto CIUECON &hellip; <a href=\"https:\/\/blog.uclm.es\/proyectociuecon\/colaboraciones\/\">Sigue leyendo <span class=\"meta-nav\">&rarr;<\/span><\/a><\/p>\n","protected":false},"author":408,"featured_media":0,"parent":0,"menu_order":0,"comment_status":"closed","ping_status":"closed","template":"","meta":{"footnotes":""},"class_list":["post-393","page","type-page","status-publish","hentry"],"_links":{"self":[{"href":"https:\/\/blog.uclm.es\/proyectociuecon\/wp-json\/wp\/v2\/pages\/393","targetHints":{"allow":["GET"]}}],"collection":[{"href":"https:\/\/blog.uclm.es\/proyectociuecon\/wp-json\/wp\/v2\/pages"}],"about":[{"href":"https:\/\/blog.uclm.es\/proyectociuecon\/wp-json\/wp\/v2\/types\/page"}],"author":[{"embeddable":true,"href":"https:\/\/blog.uclm.es\/proyectociuecon\/wp-json\/wp\/v2\/users\/408"}],"replies":[{"embeddable":true,"href":"https:\/\/blog.uclm.es\/proyectociuecon\/wp-json\/wp\/v2\/comments?post=393"}],"version-history":[{"count":4,"href":"https:\/\/blog.uclm.es\/proyectociuecon\/wp-json\/wp\/v2\/pages\/393\/revisions"}],"predecessor-version":[{"id":420,"href":"https:\/\/blog.uclm.es\/proyectociuecon\/wp-json\/wp\/v2\/pages\/393\/revisions\/420"}],"wp:attachment":[{"href":"https:\/\/blog.uclm.es\/proyectociuecon\/wp-json\/wp\/v2\/media?parent=393"}],"curies":[{"name":"wp","href":"https:\/\/api.w.org\/{rel}","templated":true}]}}