{"id":390,"date":"2023-03-20T11:03:55","date_gmt":"2023-03-20T11:03:55","guid":{"rendered":"https:\/\/blog.uclm.es\/proyectociuecon\/?page_id=390"},"modified":"2023-05-02T07:38:37","modified_gmt":"2023-05-02T07:38:37","slug":"objetivos","status":"publish","type":"page","link":"https:\/\/blog.uclm.es\/proyectociuecon\/objetivos\/","title":{"rendered":"OBJETIVOS"},"content":{"rendered":"\n<p>El proyecto ha abordado tres grandes problemas de investigaci\u00f3n: 1) c\u00f3mo la propia evoluci\u00f3n de las econom\u00edas urbanas y sus coyunturas de crisis y crecimiento interactuaban con el sistema institucional y financiero de las ciudades y villas; 2) c\u00f3mo se produc\u00eda la territorializaci\u00f3n de la econom\u00eda en \u00e1reas urbanas y extraurbanas y su dependencia de factores pol\u00edticos, sociales y\/o puramente econ\u00f3micos; y 3) cu\u00e1l era el grado de apertura o cierre de los mundos urbanos en sus relaciones con el exterior y qu\u00e9 din\u00e1micas conduc\u00edan al establecimiento, o no, de tales relaciones. El marco de observaci\u00f3n de estos problemas ha sido, por supuesto, el del conjunto de la actual Castilla-La Mancha, si bien el equipo se ha focalizado en cuatro \u00e1reas y en sus zonas asociadas de influencia hist\u00f3rica: las ciudades de Toledo, Cuenca y Alcaraz y el eje Chinchilla-Albacete. De manera m\u00e1s espec\u00edfica, cabe encuadrar los objetivos que se han desarrollado en tres grandes apartados:<\/p>\n\n\n\n<ul class=\"wp-block-list\" type=\"1\">\n<li>EN CUANTO A LOS CONTENIDOS:\n<ul class=\"wp-block-list\">\n<li>Estudiar la evoluci\u00f3n de las econom\u00edas urbanas y su interactuaci\u00f3n con el sistema institucional y financiero de las ciudades y villas, con el fin de observar entre otras cuestiones la relaci\u00f3n pol\u00edtica-econom\u00eda.<\/li>\n\n\n\n<li>Analizar la concreci\u00f3n territorial de las actividades econ\u00f3micas en el espacio jurisdiccional urbano, tanto dentro de las ciudades y villas como en los distritos rurales vinculados. En dicha concreci\u00f3n, se ha prestado una atenci\u00f3n particular a la actuaci\u00f3n de diversos tipos de agentes sociales y econ\u00f3micos.<\/li>\n\n\n\n<li>Examinar las relaciones externas de las ciudades y villas castellano-manchegas, en tres escalas: a) los contactos establecidos entre las mismas localidades consideradas; b) las conexiones mantenidas en el interior de los \u00e1mbitos hist\u00f3ricos a los que pertenec\u00edan esas localidades; c) los v\u00ednculos proyectados lejos de estos espacios m\u00e1s o menos pr\u00f3ximos, en direcci\u00f3n hacia otras \u00e1reas castellanas del norte y el sur o hacia zonas de la antigua Corona de Arag\u00f3n.<\/li>\n<\/ul>\n<\/li>\n<\/ul>\n\n\n\n<ul class=\"wp-block-list\">\n<li>EN CUANTO A LAS BASES HEUR\u00cdSTICAS:\n<ul class=\"wp-block-list\">\n<li>Recopilar y estudiar la producci\u00f3n bibliogr\u00e1fica pertinente para la investigaci\u00f3n, en relaci\u00f3n especialmente con los aspectos metodol\u00f3gicos e interpretativos del trabajo propuesto y con las ediciones de fuentes sobre la realidad castellano-manchega, susceptibles de ofrecer informaciones relevantes para el equipo.<\/li>\n\n\n\n<li>Localizar y examinar fuentes in\u00e9ditas, tanto en los archivos de Castilla-La Mancha como en archivos de fuera de la regi\u00f3n, pertenecientes a los \u00e1mbitos hist\u00f3ricos de las antiguas Corona de Castilla y Corona de Arag\u00f3n.<\/li>\n<\/ul>\n<\/li>\n<\/ul>\n\n\n\n<ul class=\"wp-block-list\">\n<li>EN CUANTO A LA TRANSFERENCIA SOCIAL:\n<ul class=\"wp-block-list\">\n<li>Aportar conocimientos y desarrollar planteamientos cient\u00edficos que resulten de utilidad social, siempre desde el campo de la historia y desde el avance del conocimiento en este terreno.<\/li>\n\n\n\n<li>Emprender acciones de difusi\u00f3n docente y social de los elementos contemplados en el proyecto.<\/li>\n<\/ul>\n<\/li>\n<\/ul>\n","protected":false},"excerpt":{"rendered":"<p>El proyecto ha abordado tres grandes problemas de investigaci\u00f3n: 1) c\u00f3mo la propia evoluci\u00f3n de las econom\u00edas urbanas y sus coyunturas de crisis y crecimiento interactuaban con el sistema institucional y financiero de las ciudades y villas; 2) c\u00f3mo se &hellip; <a href=\"https:\/\/blog.uclm.es\/proyectociuecon\/objetivos\/\">Sigue leyendo <span class=\"meta-nav\">&rarr;<\/span><\/a><\/p>\n","protected":false},"author":408,"featured_media":0,"parent":0,"menu_order":0,"comment_status":"closed","ping_status":"closed","template":"","meta":{"footnotes":""},"class_list":["post-390","page","type-page","status-publish","hentry"],"_links":{"self":[{"href":"https:\/\/blog.uclm.es\/proyectociuecon\/wp-json\/wp\/v2\/pages\/390","targetHints":{"allow":["GET"]}}],"collection":[{"href":"https:\/\/blog.uclm.es\/proyectociuecon\/wp-json\/wp\/v2\/pages"}],"about":[{"href":"https:\/\/blog.uclm.es\/proyectociuecon\/wp-json\/wp\/v2\/types\/page"}],"author":[{"embeddable":true,"href":"https:\/\/blog.uclm.es\/proyectociuecon\/wp-json\/wp\/v2\/users\/408"}],"replies":[{"embeddable":true,"href":"https:\/\/blog.uclm.es\/proyectociuecon\/wp-json\/wp\/v2\/comments?post=390"}],"version-history":[{"count":7,"href":"https:\/\/blog.uclm.es\/proyectociuecon\/wp-json\/wp\/v2\/pages\/390\/revisions"}],"predecessor-version":[{"id":409,"href":"https:\/\/blog.uclm.es\/proyectociuecon\/wp-json\/wp\/v2\/pages\/390\/revisions\/409"}],"wp:attachment":[{"href":"https:\/\/blog.uclm.es\/proyectociuecon\/wp-json\/wp\/v2\/media?parent=390"}],"curies":[{"name":"wp","href":"https:\/\/api.w.org\/{rel}","templated":true}]}}