{"id":369,"date":"2023-03-20T10:47:50","date_gmt":"2023-03-20T10:47:50","guid":{"rendered":"https:\/\/blog.uclm.es\/proyectociuecon\/?page_id=369"},"modified":"2023-05-02T07:50:20","modified_gmt":"2023-05-02T07:50:20","slug":"actividades","status":"publish","type":"page","link":"https:\/\/blog.uclm.es\/proyectociuecon\/actividades\/","title":{"rendered":"ACTIVIDADES"},"content":{"rendered":"\n<p>Seminario <em>online<\/em> de investigaci\u00f3n (11 de marzo de 2021): <a rel=\"noreferrer noopener\" href=\"https:\/\/humanidadesab.uclm.es\/actividades\/2021\/02\/23\/ciudades-y-villas-de-la-baja-edad-media-en-castilla-la-mancha\/\" target=\"_blank\">\u201cCiudades y villas de la Baja Edad Media en Castilla-La Mancha. Fuentes y perspectivas para la comparaci\u00f3n y el an\u00e1lisis\u201d<\/a> <br>&#8211; <a rel=\"noreferrer noopener\" href=\"https:\/\/blog.uclm.es\/proyectociuecon\/wp-content\/uploads\/sites\/248\/2023\/03\/Actividad-1.pdf\" target=\"_blank\">Programa en pdf<\/a><\/p>\n\n\n\n<p>Conferencia de Manuel Gonz\u00e1lez Gonz\u00e1lez (Albacete, 13 de mayo de 2021): <a rel=\"noreferrer noopener\" href=\"https:\/\/humanidadesab.uclm.es\/actividades\/2021\/05\/06\/un-recorrido-de-investigacion-sobre-la-edad-media-el-artesanado-y-el-caso-de-albacete\/\" target=\"_blank\">\u201cUn recorrido de investigaci\u00f3n sobre la Edad Media: El artesanado y el caso de Albacete\u201d<\/a><br>&#8211; <a rel=\"noreferrer noopener\" href=\"https:\/\/blog.uclm.es\/proyectociuecon\/wp-content\/uploads\/sites\/248\/2023\/03\/Actividad-2.pdf\" target=\"_blank\">Cartel en pdf <\/a><\/p>\n\n\n\n<p>Seminario (Toledo, 1-3 de febrero de 2022): <a rel=\"noreferrer noopener\" href=\"https:\/\/humanidadestoledo.uclm.es\/las-rebeliones-en-epoca-de-transicion-historica-de-la-edad-media-al-alzamiento-comunero\/\" target=\"_blank\">\u201cLas rebeliones en \u00e9poca de transici\u00f3n hist\u00f3rica. De la Edad Media al alzamiento comunero\u201d<\/a><br>&#8211; <a href=\"https:\/\/blog.uclm.es\/proyectociuecon\/wp-content\/uploads\/sites\/248\/2023\/03\/Actividad-3.pdf\">Programa en pdf<\/a> <\/p>\n\n\n\n<p>Seminario de Miguel Jos\u00e9 L\u00f3pez-Guadalupe Pallar\u00e9s (Albacete, 19 de octubre de 2022): <a rel=\"noreferrer noopener\" href=\"https:\/\/humanidadesab.uclm.es\/actividades\/2022\/10\/18\/la-cultura-material-a-traves-de-la-moda-medieval\/\" target=\"_blank\">\u201cLa cultura material a trav\u00e9s de la moda medieval\u201d<\/a><br>&#8211; <a rel=\"noreferrer noopener\" href=\"https:\/\/blog.uclm.es\/proyectociuecon\/wp-content\/uploads\/sites\/248\/2023\/03\/Actividad-4.pdf\" target=\"_blank\">Cartel en pdf<\/a> <\/p>\n\n\n\n<p>Seminario de investigaci\u00f3n (Albacete, 22-23 de noviembre de 2022): <a rel=\"noreferrer noopener\" href=\"https:\/\/humanidadesab.uclm.es\/actividades\/2022\/10\/27\/dinamicas-socioeconomicas-y-territoriales-en-torno-al-mundo-urbano\/\" target=\"_blank\">\u201cDin\u00e1micas socioecon\u00f3micas y territoriales en torno al mundo urbano. Castilla y otros ejemplos de la Pen\u00ednsula Ib\u00e9rica en la Baja Edad Media\u201d<\/a><br>&#8211; <a href=\"https:\/\/blog.uclm.es\/proyectociuecon\/wp-content\/uploads\/sites\/248\/2023\/03\/Actividad-5.pdf\">Programa en pdf <\/a><\/p>\n\n\n\n<p>Seminario de investigaci\u00f3n (Albacete, 27-28 de febrero de 2023): <a rel=\"noreferrer noopener\" href=\"https:\/\/humanidadesab.uclm.es\/actividades\/2023\/02\/14\/espacios-y-sociedades-de-frontera-en-la-edad-media-ii\/\" target=\"_blank\">\u201cEspacios y sociedades de frontera en la Edad Media, II: Gentes, territorios e intercambios entre Castilla y el Mediterr\u00e1neo (siglos XIII-XVI)\u201d<\/a><br>&#8211; <a rel=\"noreferrer noopener\" href=\"https:\/\/blog.uclm.es\/proyectociuecon\/wp-content\/uploads\/sites\/248\/2023\/03\/Actividad-6.pdf\" target=\"_blank\">Programa en pdf<\/a> <\/p>\n\n\n\n<p>Seminario de formaci\u00f3n, I edici\u00f3n (Albacete, 2 de marzo de 2023): <a rel=\"noreferrer noopener\" href=\"https:\/\/humanidadesab.uclm.es\/actividades\/2023\/02\/26\/metodologia-de-la-investigacion-y-doctorado-seminario-de-formacion\/\" target=\"_blank\">\u201cMetodolog\u00eda de la investigaci\u00f3n y doctorado: Entre la historia econ\u00f3mica y la historia social, entre la Edad Media y la Edad Moderna\u201d<\/a><br>&#8211; <a rel=\"noreferrer noopener\" href=\"https:\/\/blog.uclm.es\/proyectociuecon\/wp-content\/uploads\/sites\/248\/2023\/03\/Actividad-7.pdf\" target=\"_blank\">Programa en pdf<\/a><\/p>\n","protected":false},"excerpt":{"rendered":"<p>Seminario online de investigaci\u00f3n (11 de marzo de 2021): \u201cCiudades y villas de la Baja Edad Media en Castilla-La Mancha. Fuentes y perspectivas para la comparaci\u00f3n y el an\u00e1lisis\u201d &#8211; Programa en pdf Conferencia de Manuel Gonz\u00e1lez Gonz\u00e1lez (Albacete, 13 &hellip; <a href=\"https:\/\/blog.uclm.es\/proyectociuecon\/actividades\/\">Sigue leyendo <span class=\"meta-nav\">&rarr;<\/span><\/a><\/p>\n","protected":false},"author":408,"featured_media":0,"parent":0,"menu_order":0,"comment_status":"closed","ping_status":"closed","template":"","meta":{"footnotes":""},"class_list":["post-369","page","type-page","status-publish","hentry"],"_links":{"self":[{"href":"https:\/\/blog.uclm.es\/proyectociuecon\/wp-json\/wp\/v2\/pages\/369","targetHints":{"allow":["GET"]}}],"collection":[{"href":"https:\/\/blog.uclm.es\/proyectociuecon\/wp-json\/wp\/v2\/pages"}],"about":[{"href":"https:\/\/blog.uclm.es\/proyectociuecon\/wp-json\/wp\/v2\/types\/page"}],"author":[{"embeddable":true,"href":"https:\/\/blog.uclm.es\/proyectociuecon\/wp-json\/wp\/v2\/users\/408"}],"replies":[{"embeddable":true,"href":"https:\/\/blog.uclm.es\/proyectociuecon\/wp-json\/wp\/v2\/comments?post=369"}],"version-history":[{"count":8,"href":"https:\/\/blog.uclm.es\/proyectociuecon\/wp-json\/wp\/v2\/pages\/369\/revisions"}],"predecessor-version":[{"id":418,"href":"https:\/\/blog.uclm.es\/proyectociuecon\/wp-json\/wp\/v2\/pages\/369\/revisions\/418"}],"wp:attachment":[{"href":"https:\/\/blog.uclm.es\/proyectociuecon\/wp-json\/wp\/v2\/media?parent=369"}],"curies":[{"name":"wp","href":"https:\/\/api.w.org\/{rel}","templated":true}]}}