{"id":2,"date":"2023-02-23T08:51:46","date_gmt":"2023-02-23T08:51:46","guid":{"rendered":"https:\/\/blog.uclm.es\/proyectociuecon\/?page_id=2"},"modified":"2023-05-02T07:45:38","modified_gmt":"2023-05-02T07:45:38","slug":"pagina-ejemplo","status":"publish","type":"page","link":"https:\/\/blog.uclm.es\/proyectociuecon\/pagina-ejemplo\/","title":{"rendered":"EQUIPO"},"content":{"rendered":"\n<p><a rel=\"noreferrer noopener\" href=\"https:\/\/orcid.org\/0000-0002-4472-0961\" target=\"_blank\">David Igual Luis<\/a> (Universidad de Castilla-La Mancha). Investigador principal del proyecto CIUECON (2020-2023)<br>&#8211; <a rel=\"noreferrer noopener\" href=\"https:\/\/uclm.academia.edu\/DavidIgualLuis\" target=\"_blank\">Academia.edu<\/a> \/ <a rel=\"noreferrer noopener\" href=\"https:\/\/dialnet.unirioja.es\/servlet\/autor?codigo=27977\" target=\"_blank\">Dialnet<\/a><\/p>\n\n\n\n<p><a rel=\"noreferrer noopener\" href=\"https:\/\/orcid.org\/0000-0003-1480-044X\" target=\"_blank\">Jos\u00e9 Antonio Jara Fuente<\/a> (Universidad de Castilla-La Mancha)<br>&#8211; <a rel=\"noreferrer noopener\" href=\"https:\/\/uclm.academia.edu\/JJaraFuente\" target=\"_blank\">Academia.edu<\/a> \/ <a rel=\"noreferrer noopener\" href=\"https:\/\/dialnet.unirioja.es\/servlet\/autor?codigo=9597\" target=\"_blank\">Dialnet<\/a><\/p>\n\n\n\n<p><a rel=\"noreferrer noopener\" href=\"https:\/\/orcid.org\/0000-0002-2273-8618\" target=\"_blank\">Mar\u00eda Jos\u00e9 Lop Ot\u00edn<\/a> (Universidad de Castilla-La Mancha)<br>&#8211; <a rel=\"noreferrer noopener\" href=\"https:\/\/uclm.academia.edu\/Mar%C3%ADaJos%C3%A9LopOt%C3%ADn\" target=\"_blank\">Academia.edu<\/a> \/ <a href=\"https:\/\/dialnet.unirioja.es\/servlet\/autor?codigo=119333\">Dialnet<\/a><\/p>\n\n\n\n<p><a rel=\"noreferrer noopener\" href=\"https:\/\/orcid.org\/0000-0002-9847-7178\" target=\"_blank\">\u00d3scar L\u00f3pez G\u00f3mez<\/a> (Universidad de Castilla-La Mancha)<br>&#8211; <a rel=\"noreferrer noopener\" href=\"https:\/\/uclm.academia.edu\/%C3%93scarL%C3%B3pezG%C3%B3mez\" target=\"_blank\">Academia.edu<\/a> \/ <a rel=\"noreferrer noopener\" href=\"https:\/\/dialnet.unirioja.es\/servlet\/autor?codigo=965460\" target=\"_blank\">Dialnet<\/a><\/p>\n\n\n\n<p><a rel=\"noreferrer noopener\" href=\"https:\/\/orcid.org\/0000-0002-2599-3593\" target=\"_blank\">Carlos Ayll\u00f3n Guti\u00e9rrez<\/a> (Junta de Comunidades de Castilla-La Mancha, Instituto de Estudios Albacetenses \u201cDon Juan Manuel\u201d)<br>&#8211; <a rel=\"noreferrer noopener\" href=\"https:\/\/independentscholar.academia.edu\/CarlosAyll%C3%B3n\" target=\"_blank\">Academia.edu<\/a> \/ <a rel=\"noreferrer noopener\" href=\"https:\/\/dialnet.unirioja.es\/servlet\/autor?codigo=51746\" target=\"_blank\">Dialnet<\/a><\/p>\n\n\n\n<p><a rel=\"noreferrer noopener\" href=\"https:\/\/orcid.org\/0000-0002-8523-2876\" target=\"_blank\">\u00c1ngel Rozas Espa\u00f1ol<\/a> (Universidad de Castilla-La Mancha \/ Universidad Complutense de Madrid)<br>&#8211; <a rel=\"noreferrer noopener\" href=\"https:\/\/uclm.academia.edu\/AngelRozasEspa%C3%B1ol\" target=\"_blank\">Academia.edu<\/a> \/ <a href=\"https:\/\/dialnet.unirioja.es\/servlet\/autor?codigo=4232156\">Dialnet<\/a><\/p>\n\n\n\n<p><a rel=\"noreferrer noopener\" href=\"https:\/\/orcid.org\/0000-0003-0916-1970\" target=\"_blank\">Miguel Jos\u00e9 L\u00f3pez-Guadalupe Pallar\u00e9s<\/a> (Universidad de Castilla-La Mancha)<br>&#8211; <a rel=\"noreferrer noopener\" href=\"https:\/\/uclm.academia.edu\/MiguelJos%C3%A9L%C3%B3pezGuadalupePallar%C3%A9s\" target=\"_blank\">Academia.edu<\/a> \/ <a rel=\"noreferrer noopener\" href=\"https:\/\/dialnet.unirioja.es\/servlet\/autor?codigo=4365602\" target=\"_blank\">Dialnet<\/a><\/p>\n","protected":false},"excerpt":{"rendered":"<p>David Igual Luis (Universidad de Castilla-La Mancha). Investigador principal del proyecto CIUECON (2020-2023)&#8211; Academia.edu \/ Dialnet Jos\u00e9 Antonio Jara Fuente (Universidad de Castilla-La Mancha)&#8211; Academia.edu \/ Dialnet Mar\u00eda Jos\u00e9 Lop Ot\u00edn (Universidad de Castilla-La Mancha)&#8211; Academia.edu \/ Dialnet \u00d3scar L\u00f3pez &hellip; <a href=\"https:\/\/blog.uclm.es\/proyectociuecon\/pagina-ejemplo\/\">Sigue leyendo <span class=\"meta-nav\">&rarr;<\/span><\/a><\/p>\n","protected":false},"author":408,"featured_media":0,"parent":0,"menu_order":0,"comment_status":"closed","ping_status":"open","template":"","meta":{"footnotes":""},"class_list":["post-2","page","type-page","status-publish","hentry"],"_links":{"self":[{"href":"https:\/\/blog.uclm.es\/proyectociuecon\/wp-json\/wp\/v2\/pages\/2","targetHints":{"allow":["GET"]}}],"collection":[{"href":"https:\/\/blog.uclm.es\/proyectociuecon\/wp-json\/wp\/v2\/pages"}],"about":[{"href":"https:\/\/blog.uclm.es\/proyectociuecon\/wp-json\/wp\/v2\/types\/page"}],"author":[{"embeddable":true,"href":"https:\/\/blog.uclm.es\/proyectociuecon\/wp-json\/wp\/v2\/users\/408"}],"replies":[{"embeddable":true,"href":"https:\/\/blog.uclm.es\/proyectociuecon\/wp-json\/wp\/v2\/comments?post=2"}],"version-history":[{"count":7,"href":"https:\/\/blog.uclm.es\/proyectociuecon\/wp-json\/wp\/v2\/pages\/2\/revisions"}],"predecessor-version":[{"id":415,"href":"https:\/\/blog.uclm.es\/proyectociuecon\/wp-json\/wp\/v2\/pages\/2\/revisions\/415"}],"wp:attachment":[{"href":"https:\/\/blog.uclm.es\/proyectociuecon\/wp-json\/wp\/v2\/media?parent=2"}],"curies":[{"name":"wp","href":"https:\/\/api.w.org\/{rel}","templated":true}]}}