{"id":98,"date":"2019-10-31T13:02:03","date_gmt":"2019-10-31T12:02:03","guid":{"rendered":"http:\/\/blog.uclm.es\/proyectocirculecon\/?page_id=98"},"modified":"2019-10-31T13:02:03","modified_gmt":"2019-10-31T12:02:03","slug":"entidades-interesadas","status":"publish","type":"page","link":"https:\/\/blog.uclm.es\/proyectocirculecon\/entidades-interesadas\/","title":{"rendered":"Entidades interesadas"},"content":{"rendered":"\n<p>Foro de intercambio de conocimiento sobre residuos y econom\u00eda circular: <a href=\"https:\/\/forocircular.com\/\" data-type=\"URL\" data-id=\"https:\/\/forocircular.com\/\">https:\/\/forocircular.com\/<\/a><\/p>\n\n\n\n<p><a href=\"http:\/\/www.derecho.uba.ar\/institucional\/centro-derecho-ambiental\/\">Centro de Derecho Ambiental &#8211; Observatorios y centros de estudios &#8211; Institucional | Facultad de Derecho &#8211; Universidad de Buenos Aires (uba.ar)<\/a><\/p>\n\n\n\n<p>Instituto de Pol\u00edticas Clim\u00e1ticas, think tank de Per\u00fa para incidir en pol\u00edticas p\u00fablicas ambientales: <a href=\"http:\/\/www.politicasclimaticas.com\/\">Instituto de Pol\u00edticas Clim\u00e1ticas | Seamos parte del cambio (politicasclimaticas.com)<\/a><\/p>\n","protected":false},"excerpt":{"rendered":"<p>Foro de intercambio de conocimiento sobre residuos y econom\u00eda circular: https:\/\/forocircular.com\/ Centro de Derecho Ambiental &#8211; Observatorios y centros de estudios &#8211; Institucional | Facultad de Derecho &#8211; Universidad de Buenos Aires (uba.ar) Instituto de Pol\u00edticas Clim\u00e1ticas, think tank de &hellip; <a href=\"https:\/\/blog.uclm.es\/proyectocirculecon\/entidades-interesadas\/\">Sigue leyendo <span class=\"meta-nav\">&rarr;<\/span><\/a><\/p>\n","protected":false},"author":130,"featured_media":0,"parent":0,"menu_order":0,"comment_status":"closed","ping_status":"closed","template":"","meta":{"footnotes":""},"class_list":["post-98","page","type-page","status-publish","hentry"],"_links":{"self":[{"href":"https:\/\/blog.uclm.es\/proyectocirculecon\/wp-json\/wp\/v2\/pages\/98","targetHints":{"allow":["GET"]}}],"collection":[{"href":"https:\/\/blog.uclm.es\/proyectocirculecon\/wp-json\/wp\/v2\/pages"}],"about":[{"href":"https:\/\/blog.uclm.es\/proyectocirculecon\/wp-json\/wp\/v2\/types\/page"}],"author":[{"embeddable":true,"href":"https:\/\/blog.uclm.es\/proyectocirculecon\/wp-json\/wp\/v2\/users\/130"}],"replies":[{"embeddable":true,"href":"https:\/\/blog.uclm.es\/proyectocirculecon\/wp-json\/wp\/v2\/comments?post=98"}],"version-history":[{"count":0,"href":"https:\/\/blog.uclm.es\/proyectocirculecon\/wp-json\/wp\/v2\/pages\/98\/revisions"}],"wp:attachment":[{"href":"https:\/\/blog.uclm.es\/proyectocirculecon\/wp-json\/wp\/v2\/media?parent=98"}],"curies":[{"name":"wp","href":"https:\/\/api.w.org\/{rel}","templated":true}]}}