{"id":28,"date":"2019-10-25T11:33:40","date_gmt":"2019-10-25T10:33:40","guid":{"rendered":"http:\/\/blog.uclm.es\/proyectocirculecon\/?page_id=28"},"modified":"2024-07-04T19:06:54","modified_gmt":"2024-07-04T19:06:54","slug":"proyecto-circulecon","status":"publish","type":"page","link":"https:\/\/blog.uclm.es\/proyectocirculecon\/","title":{"rendered":"PROYECTOS DE INVESTIGACI\u00d3N"},"content":{"rendered":"<h1><\/h1>\n<h2 class=\"wp-block-heading\">CIRCULECON III: REFORMA FISCAL Y ECONOM\u00cdA CIRCULAR: FACTORES CLAVE PARA LA TRANSICI\u00d3N ECOL\u00d3GICA<\/h2>\n<h1> <\/h1>\n<h2 class=\"wp-block-heading\">EJES<\/h2>\n<h1> <\/h1>\n<p>1\u00ba.Formular una reforma tributaria orientada a colaborar en el fomento del modelo de econom\u00eda circular.<\/p>\n<h1> <\/h1>\n<p>2\u00ba.Analizar la aplicaci\u00f3n de la fiscalidad de los residuos.<\/p>\n<h1> <\/h1>\n<p>3\u00ba.Abordar el dise\u00f1o circular de la implantaci\u00f3n del pago por generaci\u00f3n en la tasa local o PPCP.<\/p>\n<h1>\u00a0<\/h1>\n<h1>CIRCULECON II: ESTRATEGIAS FISCALES APLICADAS AL TERRITORIO EN LA TRANSICI\u00d3N HACIA UNA ECONOM\u00cdA CIRCULAR<\/h1>\n<h1>EJES:<\/h1>\n<p style=\"text-align: left\">1\u00ba : Analizar y revisar los mecanismos financieros para la protecci\u00f3n y conservaci\u00f3n ambiental tradicionales e innovadores.<\/p>\n<p style=\"text-align: left\">2\u00ba : Formular propuestas de reforma fiscal para adoptar de forma progresiva medidas que colaboren en la sostenibilidad ambiental de acuerdo a la estrategia de econom\u00eda circular.<\/p>\n<p style=\"text-align: left\">3\u00ba : Estudiar la operatividad y eficacia de los instrumentos financieros y fiscales como est\u00edmulo de la responsabilidad social ambiental que permita incidir en el comportamiento de empresas y consumidores, actores protagonistas de la econom\u00eda circular.<\/p>\n\n\n<p><\/p>\n\n\n\n<h2 class=\"wp-block-heading\"><\/h2>\n","protected":false},"excerpt":{"rendered":"<p>CIRCULECON III: REFORMA FISCAL Y ECONOM\u00cdA CIRCULAR: FACTORES CLAVE PARA LA TRANSICI\u00d3N ECOL\u00d3GICA EJES 1\u00ba.Formular una reforma tributaria orientada a colaborar en el fomento del modelo de econom\u00eda circular. 2\u00ba.Analizar la aplicaci\u00f3n de la fiscalidad de los residuos. 3\u00ba.Abordar el &hellip; <a href=\"https:\/\/blog.uclm.es\/proyectocirculecon\/\">Sigue leyendo <span class=\"meta-nav\">&rarr;<\/span><\/a><\/p>\n","protected":false},"author":130,"featured_media":0,"parent":0,"menu_order":1,"comment_status":"closed","ping_status":"closed","template":"","meta":{"footnotes":""},"class_list":["post-28","page","type-page","status-publish","hentry"],"_links":{"self":[{"href":"https:\/\/blog.uclm.es\/proyectocirculecon\/wp-json\/wp\/v2\/pages\/28","targetHints":{"allow":["GET"]}}],"collection":[{"href":"https:\/\/blog.uclm.es\/proyectocirculecon\/wp-json\/wp\/v2\/pages"}],"about":[{"href":"https:\/\/blog.uclm.es\/proyectocirculecon\/wp-json\/wp\/v2\/types\/page"}],"author":[{"embeddable":true,"href":"https:\/\/blog.uclm.es\/proyectocirculecon\/wp-json\/wp\/v2\/users\/130"}],"replies":[{"embeddable":true,"href":"https:\/\/blog.uclm.es\/proyectocirculecon\/wp-json\/wp\/v2\/comments?post=28"}],"version-history":[{"count":3,"href":"https:\/\/blog.uclm.es\/proyectocirculecon\/wp-json\/wp\/v2\/pages\/28\/revisions"}],"predecessor-version":[{"id":457,"href":"https:\/\/blog.uclm.es\/proyectocirculecon\/wp-json\/wp\/v2\/pages\/28\/revisions\/457"}],"wp:attachment":[{"href":"https:\/\/blog.uclm.es\/proyectocirculecon\/wp-json\/wp\/v2\/media?parent=28"}],"curies":[{"name":"wp","href":"https:\/\/api.w.org\/{rel}","templated":true}]}}