{"id":106,"date":"2019-10-31T13:14:24","date_gmt":"2019-10-31T12:14:24","guid":{"rendered":"http:\/\/blog.uclm.es\/proyectocirculecon\/?page_id=106"},"modified":"2024-07-04T19:05:11","modified_gmt":"2024-07-04T19:05:11","slug":"miembros-del-equipo","status":"publish","type":"page","link":"https:\/\/blog.uclm.es\/proyectocirculecon\/miembros-del-equipo\/","title":{"rendered":"Miembros del equipo"},"content":{"rendered":"\n<h2 class=\"wp-block-heading\">CIRCULECON III<\/h2>\n\n\n\n<h2 class=\"wp-block-heading\">REFORMA FISCAL Y ECONOM\u00cdA CIRCULAR: FACTORES CLAVES PARA LA TRANSICI\u00d3N ECOL\u00d3GICA PARA EL CUMPLIMIENTO DE LOS OBJETIVOS AMBIENTALES.<\/h2>\n\n\n\n<p><strong>EQUIPO DE INVESTIGACI\u00d3N:<\/strong><\/p>\n\n\n\n<p><strong>Gemma Pat\u00f3n Garc\u00eda<\/strong> Investigadora Principal &#8211; Universidad de Castilla La Mancha<\/p>\n\n\n\n<p><strong>Gracia Mar\u00eda Luchena Mozo<\/strong> &#8211; Universidad de Castilla La Mancha<\/p>\n\n\n\n<p><strong>Juan Jos\u00e9 Rubio Guerrero<\/strong> &#8211; Universidad de Castilla La Mancha<\/p>\n\n\n\n<p><strong>Gemma Dur\u00e1n Romero<\/strong> &#8211; Universidad Aut\u00f3noma de Madrid<\/p>\n\n\n\n<p><strong>Rodolfo Salassa Boix<\/strong> &#8211; Universidad Pompeu Fabra<\/p>\n\n\n\n<p><strong>Juan Jos\u00e9 Pernas Garc\u00eda<\/strong> &#8211; Universidad de La Coru\u00f1a<\/p>\n\n\n\n<p><strong>\u00c1ngel Ru\u00edz de Apodaca Espinosa<\/strong> &#8211; Universidad de Navarra<\/p>\n\n\n\n<p><strong>Bel\u00e9n Garc\u00eda Carretero<\/strong> &#8211; Universidad Complutense de Madrid<\/p>\n\n\n\n<p><strong>Antonio Vaquera Garc\u00eda<\/strong> &#8211; Universidad de Le\u00f3n<\/p>\n\n\n\n<p><strong>Mar\u00eda Jos\u00e9 Fern\u00e1ndez Pav\u00e9s<\/strong> &#8211; Universidad de Granada<\/p>\n\n\n\n<p><strong>Mar\u00eda Garc\u00eda Caracuel<\/strong> -Universidad de Granada<\/p>\n\n\n\n<p><strong>Jos\u00e9 Francisco Sede\u00f1o L\u00f3pez<\/strong> &#8211; Universidad de M\u00e1laga<\/p>\n\n\n\n<p><strong>EQUIPO DE TRABAJO<\/strong><\/p>\n\n\n\n<p><strong>Alberto Comelli<\/strong> &#8211; Universidad de Parma (Italia)<\/p>\n\n\n\n<p><strong>C\u00e9sar Romero Molina<\/strong> &#8211; Universidad Santo Tom\u00e1s Bucaramanga (Colombia)<\/p>\n\n\n\n<p><strong>Yesenia del Carmen Trejo Cruz<\/strong> &#8211; Universidad Veracruzana (M\u00e9xico)<\/p>\n\n\n\n<p><strong>Betty Andrade<\/strong> &#8211; Universidad Aut\u00f3noma de Madrid<\/p>\n\n\n\n<p><strong>Arantxa Serrano Ca\u00f1adas<\/strong> &#8211; Universidad de Castilla La Mancha<\/p>\n\n\n\n<p><strong>Oscar Hernando Carre\u00f1o Gait\u00e1n<\/strong> &#8211; Universidad de Castilla La Mancha<\/p>\n\n\n\n<p><\/p>\n\n\n\n<p><\/p>\n\n\n\n<h2 class=\"wp-block-heading\">CIRCULECON II<\/h2>\n\n\n\n<h2 class=\"wp-block-heading\">ESTRATEGIAS FISCALES APLICADAS AL TERRITORIO EN LA TRANSICI\u00d3N. HACIA UNA ECONOM\u00cdA CIRCULAR.<\/h2>\n\n\n\n<p><strong>EQUIPO DE INVESTIGACI\u00d3N:<\/strong><\/p>\n\n\n\n<p><strong>Gemma Pat\u00f3n Garc\u00eda<\/strong> &#8211; Investigadora Principal Universidad de Castilla La Mancha<\/p>\n\n\n\n<p><strong>Juan Jos\u00e9 Rubio Guerrero<\/strong> &#8211; Universidad de Castilla La Mancha<\/p>\n\n\n\n<p><strong>Gracia Mar\u00eda Luchena Mozo<\/strong> &#8211; Universidad de Castilla La Mancha<\/p>\n\n\n\n<p><strong>Gemma Dur\u00e1n Romer<\/strong>o &#8211; Universidad Aut\u00f3noma de Madrid<\/p>\n\n\n\n<p><strong>Rodolfo Salassa Boix<\/strong> -Universidad Pompeu Fabra<\/p>\n\n\n\n<p><strong>EQUIPO DE TRABAJO:<\/strong><\/p>\n\n\n\n<p><strong>C\u00e9sar Romero Molina<\/strong> -Universidad Santo Tom\u00e1s Bucaramanga (Colombia)<\/p>\n\n\n\n<p><strong>Yesenia del Carmen Trejo Cruz<\/strong> &#8211; Universidad Veracruzana (M\u00e9xico)<\/p>\n\n\n\n<p><strong>Betty Andrade<\/strong> &#8211; Universidad Aut\u00f3noma de Madrid<\/p>\n\n\n\n<p><strong>Anayibe Ome Barahona<\/strong> &#8211; Universidad de la Amazon\u00eda (Colombia)<\/p>\n\n\n\n<p><strong>Adri\u00e1n Torrealba Navas<\/strong> -Universidad Complutense de Madrid<\/p>\n\n\n\n<p><strong>Daniel Irwin Yacolca Estares<\/strong> -Pontificia Universidad Cat\u00f3lica del Per\u00fa<\/p>\n\n\n\n<p><strong>C\u00e9sar Jos\u00e9 Galarza<\/strong> &#8211; Universidad Santiago de Compostela<\/p>\n\n\n\n<p><\/p>\n\n\n\n<p><\/p>\n\n\n\n<h2 class=\"wp-block-heading\">CIRCULECON I<\/h2>\n\n\n\n<p><strong>EQUIPO DE INVESTIGACI\u00d3N<\/strong><\/p>\n\n\n\n<p><strong>Gemma Pat\u00f3n Garc\u00eda<\/strong> &#8211; Investigadora principal UCLM<\/p>\n\n\n\n<p><strong>Juan Jos\u00e9 Rubio Guerrero<\/strong> &#8211; Universidad de Castilla La Mancha<\/p>\n\n\n\n<p><strong>Marta Villar Ezcurra<\/strong> &#8211; Universidad CEU-San Pablo<\/p>\n\n\n\n<p><strong>Gracia Mar\u00eda Luchena Mozo<\/strong> &#8211; Universidad de Castilla La Mancha<\/p>\n\n\n\n<p><strong>Elena Manzano Silva<\/strong> &#8211; Universidad de Extremadura<\/p>\n\n\n\n<p><strong>EQUIPO DE TRABAJO<\/strong><\/p>\n\n\n\n<p><strong>Angel Moreno Inocencio<\/strong> &#8211; Universidad Internacional de La Rioja<\/p>\n\n\n\n<p><strong>Daniel Irvin Yacolca Estares<\/strong> &#8211; Universidad Nacional Mayor de San Marcos (Per\u00fa)<\/p>\n\n\n\n<p><strong>C\u00e9sar Landa Arroyo<\/strong> &#8211; Pontificia Universidad Cat\u00f3lica del Per\u00fa (Per\u00fa)<\/p>\n\n\n\n<p><strong>C\u00e9sar Jos\u00e9 Galarza<\/strong> &#8211; Consultor Ambiental (Argentina)<\/p>\n\n\n\n<p><strong>Yesenia del Carmen Trejo Cruz<\/strong> &#8211; Universidad Veracruzana (M\u00e9xico)<\/p>\n\n\n\n<p><strong>Anayibe Ome Barahona <\/strong>&#8211; Universidad de la Amazon\u00eda (Colombia)<\/p>\n\n\n\n<p><strong>Rodolfo Salassa Boix<\/strong> &#8211; Profesor Agregado Universidad Pompeu Fabra<\/p>\n","protected":false},"excerpt":{"rendered":"<p>CIRCULECON III REFORMA FISCAL Y ECONOM\u00cdA CIRCULAR: FACTORES CLAVES PARA LA TRANSICI\u00d3N ECOL\u00d3GICA PARA EL CUMPLIMIENTO DE LOS OBJETIVOS AMBIENTALES. EQUIPO DE INVESTIGACI\u00d3N: Gemma Pat\u00f3n Garc\u00eda Investigadora Principal &#8211; Universidad de Castilla La Mancha Gracia Mar\u00eda Luchena Mozo &#8211; Universidad &hellip; <a href=\"https:\/\/blog.uclm.es\/proyectocirculecon\/miembros-del-equipo\/\">Sigue leyendo <span class=\"meta-nav\">&rarr;<\/span><\/a><\/p>\n","protected":false},"author":130,"featured_media":0,"parent":0,"menu_order":0,"comment_status":"closed","ping_status":"closed","template":"","meta":{"footnotes":""},"class_list":["post-106","page","type-page","status-publish","hentry"],"_links":{"self":[{"href":"https:\/\/blog.uclm.es\/proyectocirculecon\/wp-json\/wp\/v2\/pages\/106","targetHints":{"allow":["GET"]}}],"collection":[{"href":"https:\/\/blog.uclm.es\/proyectocirculecon\/wp-json\/wp\/v2\/pages"}],"about":[{"href":"https:\/\/blog.uclm.es\/proyectocirculecon\/wp-json\/wp\/v2\/types\/page"}],"author":[{"embeddable":true,"href":"https:\/\/blog.uclm.es\/proyectocirculecon\/wp-json\/wp\/v2\/users\/130"}],"replies":[{"embeddable":true,"href":"https:\/\/blog.uclm.es\/proyectocirculecon\/wp-json\/wp\/v2\/comments?post=106"}],"version-history":[{"count":7,"href":"https:\/\/blog.uclm.es\/proyectocirculecon\/wp-json\/wp\/v2\/pages\/106\/revisions"}],"predecessor-version":[{"id":456,"href":"https:\/\/blog.uclm.es\/proyectocirculecon\/wp-json\/wp\/v2\/pages\/106\/revisions\/456"}],"wp:attachment":[{"href":"https:\/\/blog.uclm.es\/proyectocirculecon\/wp-json\/wp\/v2\/media?parent=106"}],"curies":[{"name":"wp","href":"https:\/\/api.w.org\/{rel}","templated":true}]}}