{"id":2,"date":"2023-09-29T12:32:32","date_gmt":"2023-09-29T10:32:32","guid":{"rendered":"https:\/\/blog.uclm.es\/proyectoccc\/?page_id=2"},"modified":"2024-11-12T20:29:20","modified_gmt":"2024-11-12T19:29:20","slug":"pagina-ejemplo","status":"publish","type":"page","link":"https:\/\/blog.uclm.es\/proyectoccc\/pagina-ejemplo\/","title":{"rendered":""},"content":{"rendered":"\n<div class=\"wp-block-group alignfull has-background-color has-white-color has-black-background-color has-text-color has-background has-link-color wp-elements-511eca1a66e4d5dbb8c43bd7c01ad3b8\" style=\"padding-top:var(--wp--preset--spacing--30);padding-right:var(--wp--preset--spacing--30);padding-bottom:var(--wp--preset--spacing--30);padding-left:var(--wp--preset--spacing--30)\"><div class=\"wp-block-group__inner-container is-layout-constrained wp-container-core-group-is-layout-97875daf wp-block-group-is-layout-constrained\">\n<div class=\"wp-block-group alignwide is-content-justification-space-between is-layout-flex wp-container-core-group-is-layout-256aec57 wp-block-group-is-layout-flex\">\n<div class=\"wp-block-group is-layout-flex wp-block-group-is-layout-flex\"><div class=\"is-default-size wp-block-site-logo\"><a href=\"https:\/\/blog.uclm.es\/proyectoccc\/\" class=\"custom-logo-link\" rel=\"home\"><img loading=\"lazy\" decoding=\"async\" width=\"1024\" height=\"176\" src=\"https:\/\/blog.uclm.es\/proyectoccc\/wp-content\/uploads\/sites\/272\/2023\/09\/Logo_uclm-1024x176-1.jpg\" class=\"custom-logo\" alt=\"Ciencia con Consecuencia\" srcset=\"https:\/\/blog.uclm.es\/proyectoccc\/wp-content\/uploads\/sites\/272\/2023\/09\/Logo_uclm-1024x176-1.jpg 1024w, https:\/\/blog.uclm.es\/proyectoccc\/wp-content\/uploads\/sites\/272\/2023\/09\/Logo_uclm-1024x176-1-300x52.jpg 300w, https:\/\/blog.uclm.es\/proyectoccc\/wp-content\/uploads\/sites\/272\/2023\/09\/Logo_uclm-1024x176-1-768x132.jpg 768w\" sizes=\"auto, (max-width: 1024px) 100vw, 1024px\" \/><\/a><\/div>\n\n<h1 class=\"has-link-color wp-elements-f1e98d6c897e424c7d4e8232ded39f0a wp-block-site-title\"><a href=\"https:\/\/blog.uclm.es\/proyectoccc\" target=\"_self\" rel=\"home\">Ciencia con Consecuencia<\/a><\/h1><\/div>\n\n\n\n<div class=\"wp-block-group is-layout-flex wp-block-group-is-layout-flex\"><nav class=\"is-responsive items-justified-right wp-block-navigation is-content-justification-right is-layout-flex wp-container-core-navigation-is-layout-3817c3ed wp-block-navigation-is-layout-flex\" aria-label=\"Navegaci\u00f3n\" \n\t\t data-wp-interactive=\"core\/navigation\" data-wp-context='{\"overlayOpenedBy\":{\"click\":false,\"hover\":false,\"focus\":false},\"type\":\"overlay\",\"roleAttribute\":\"\",\"ariaLabel\":\"Men\\u00fa\"}'><button aria-haspopup=\"dialog\" aria-label=\"Abrir el men\u00fa\" class=\"wp-block-navigation__responsive-container-open\" \n\t\t\t\tdata-wp-on--click=\"actions.openMenuOnClick\"\n\t\t\t\tdata-wp-on--keydown=\"actions.handleMenuKeydown\"\n\t\t\t><svg width=\"24\" height=\"24\" xmlns=\"http:\/\/www.w3.org\/2000\/svg\" viewBox=\"0 0 24 24\" aria-hidden=\"true\" focusable=\"false\"><path d=\"M4 7.5h16v1.5H4z\"><\/path><path d=\"M4 15h16v1.5H4z\"><\/path><\/svg><\/button>\n\t\t\t\t<div class=\"wp-block-navigation__responsive-container\"  id=\"modal-1\" \n\t\t\t\tdata-wp-class--has-modal-open=\"state.isMenuOpen\"\n\t\t\t\tdata-wp-class--is-menu-open=\"state.isMenuOpen\"\n\t\t\t\tdata-wp-watch=\"callbacks.initMenu\"\n\t\t\t\tdata-wp-on--keydown=\"actions.handleMenuKeydown\"\n\t\t\t\tdata-wp-on--focusout=\"actions.handleMenuFocusout\"\n\t\t\t\ttabindex=\"-1\"\n\t\t\t>\n\t\t\t\t\t<div class=\"wp-block-navigation__responsive-close\" tabindex=\"-1\">\n\t\t\t\t\t\t<div class=\"wp-block-navigation__responsive-dialog\" \n\t\t\t\tdata-wp-bind--aria-modal=\"state.ariaModal\"\n\t\t\t\tdata-wp-bind--aria-label=\"state.ariaLabel\"\n\t\t\t\tdata-wp-bind--role=\"state.roleAttribute\"\n\t\t\t>\n\t\t\t\t\t\t\t<button aria-label=\"Cerrar el men\u00fa\" class=\"wp-block-navigation__responsive-container-close\" \n\t\t\t\tdata-wp-on--click=\"actions.closeMenuOnClick\"\n\t\t\t><svg xmlns=\"http:\/\/www.w3.org\/2000\/svg\" viewBox=\"0 0 24 24\" width=\"24\" height=\"24\" aria-hidden=\"true\" focusable=\"false\"><path d=\"m13.06 12 6.47-6.47-1.06-1.06L12 10.94 5.53 4.47 4.47 5.53 10.94 12l-6.47 6.47 1.06 1.06L12 13.06l6.47 6.47 1.06-1.06L13.06 12Z\"><\/path><\/svg><\/button>\n\t\t\t\t\t\t\t<div class=\"wp-block-navigation__responsive-container-content\" \n\t\t\t\tdata-wp-watch=\"callbacks.focusFirstElement\"\n\t\t\t id=\"modal-1-content\">\n\t\t\t\t\t\t\t\t<ul class=\"wp-block-navigation__container is-responsive items-justified-right wp-block-navigation\"><ul class=\"wp-block-page-list\"><li class=\"wp-block-pages-list__item wp-block-navigation-item open-on-hover-click\"><a class=\"wp-block-pages-list__item__link wp-block-navigation-item__content\" href=\"https:\/\/blog.uclm.es\/proyectoccc\/pagina-ejemplo\/\">(sin t\u00edtulo)<\/a><\/li><li class=\"wp-block-pages-list__item wp-block-navigation-item open-on-hover-click\"><a class=\"wp-block-pages-list__item__link wp-block-navigation-item__content\" href=\"https:\/\/blog.uclm.es\/proyectoccc\/equipo\/\">Equipo<\/a><\/li><li class=\"wp-block-pages-list__item wp-block-navigation-item open-on-hover-click\"><a class=\"wp-block-pages-list__item__link wp-block-navigation-item__content\" href=\"https:\/\/blog.uclm.es\/proyectoccc\/filosofia-del-proyecto\/\">Filosof\u00eda del proyecto<\/a><\/li><\/ul><\/ul>\n\t\t\t\t\t\t\t<\/div>\n\t\t\t\t\t\t<\/div>\n\t\t\t\t\t<\/div>\n\t\t\t\t<\/div><\/nav><\/div>\n<\/div>\n<\/div><\/div>\n\n\n\n<p><strong>La escuela y los maestros como fuente de cultura y vocaciones cient\u00edficas<\/strong><\/p>\n\n\n\n<figure class=\"wp-block-image size-large\"><img loading=\"lazy\" decoding=\"async\" width=\"1024\" height=\"768\" src=\"https:\/\/blog.uclm.es\/proyectoccc\/wp-content\/uploads\/sites\/272\/2024\/11\/Minerales-y-rocas-1024x768.jpeg\" alt=\"\" class=\"wp-image-24\" srcset=\"https:\/\/blog.uclm.es\/proyectoccc\/wp-content\/uploads\/sites\/272\/2024\/11\/Minerales-y-rocas-1024x768.jpeg 1024w, https:\/\/blog.uclm.es\/proyectoccc\/wp-content\/uploads\/sites\/272\/2024\/11\/Minerales-y-rocas-300x225.jpeg 300w, https:\/\/blog.uclm.es\/proyectoccc\/wp-content\/uploads\/sites\/272\/2024\/11\/Minerales-y-rocas-768x576.jpeg 768w, https:\/\/blog.uclm.es\/proyectoccc\/wp-content\/uploads\/sites\/272\/2024\/11\/Minerales-y-rocas-1536x1152.jpeg 1536w, https:\/\/blog.uclm.es\/proyectoccc\/wp-content\/uploads\/sites\/272\/2024\/11\/Minerales-y-rocas-2048x1536.jpeg 2048w\" sizes=\"auto, (max-width: 1024px) 100vw, 1024px\" \/><\/figure>\n\n\n\n<blockquote class=\"wp-block-quote is-layout-flow wp-block-quote-is-layout-flow\">\n<p><\/p>\n<\/blockquote>\n\n\n\n<p>En esta p\u00e1gina:<\/p>\n\n\n\n<p>1<a href=\"https:\/\/blog.uclm.es\/proyectoccc\/filosofia-del-proyecto\/\" data-type=\"page\" data-id=\"42\">&#8211; Explicaremos la filosof\u00eda del proyecto.<\/a><\/p>\n\n\n\n<p>2- Podr\u00e1 descargar las actividades elaboradas por el equipo. <\/p>\n\n\n\n<p>3- Acceder\u00e1 a los v\u00eddeos de las formaciones.<\/p>\n\n\n\n<p>4-<a href=\"https:\/\/blog.uclm.es\/proyectoccc\/equipo\/\" data-type=\"page\" data-id=\"27\"> Conocer\u00e1 al equipo de trabajo.<\/a><\/p>\n\n\n\n<p><\/p>\n","protected":false},"excerpt":{"rendered":"<p>La escuela y los maestros como fuente de cultura y vocaciones cient\u00edficas En esta p\u00e1gina: 1&#8211; Explicaremos la filosof\u00eda del proyecto. 2- Podr\u00e1 descargar las actividades elaboradas por el equipo. 3- Acceder\u00e1 a los v\u00eddeos de las formaciones. 4- Conocer\u00e1 al equipo de trabajo.<\/p>\n","protected":false},"author":439,"featured_media":0,"parent":0,"menu_order":0,"comment_status":"closed","ping_status":"open","template":"","meta":{"footnotes":""},"class_list":["post-2","page","type-page","status-publish","hentry"],"_links":{"self":[{"href":"https:\/\/blog.uclm.es\/proyectoccc\/wp-json\/wp\/v2\/pages\/2","targetHints":{"allow":["GET"]}}],"collection":[{"href":"https:\/\/blog.uclm.es\/proyectoccc\/wp-json\/wp\/v2\/pages"}],"about":[{"href":"https:\/\/blog.uclm.es\/proyectoccc\/wp-json\/wp\/v2\/types\/page"}],"author":[{"embeddable":true,"href":"https:\/\/blog.uclm.es\/proyectoccc\/wp-json\/wp\/v2\/users\/439"}],"replies":[{"embeddable":true,"href":"https:\/\/blog.uclm.es\/proyectoccc\/wp-json\/wp\/v2\/comments?post=2"}],"version-history":[{"count":9,"href":"https:\/\/blog.uclm.es\/proyectoccc\/wp-json\/wp\/v2\/pages\/2\/revisions"}],"predecessor-version":[{"id":51,"href":"https:\/\/blog.uclm.es\/proyectoccc\/wp-json\/wp\/v2\/pages\/2\/revisions\/51"}],"wp:attachment":[{"href":"https:\/\/blog.uclm.es\/proyectoccc\/wp-json\/wp\/v2\/media?parent=2"}],"curies":[{"name":"wp","href":"https:\/\/api.w.org\/{rel}","templated":true}]}}