{"id":78,"date":"2022-01-15T14:00:31","date_gmt":"2022-01-15T13:00:31","guid":{"rendered":"https:\/\/blog.uclm.es\/proyectobioelectrominer2\/?page_id=78"},"modified":"2022-01-15T14:00:31","modified_gmt":"2022-01-15T13:00:31","slug":"congresos","status":"publish","type":"page","link":"https:\/\/blog.uclm.es\/proyectobioelectrominer2\/congresos\/","title":{"rendered":"Congresos"},"content":{"rendered":"<p>Sustainable minerals`21<br \/>\n1. Bioleaching of metals from mine tailings by acclimatized mixed culture<br \/>\nHassay Lizeth Medina, Irene Acosta, Jos\u00e9 Villase\u00f1or, Francisco Javier L\u00f3pez Bellido, Luis<br \/>\nRodr\u00edguez, Francisco Jes\u00fas Fern\u00e1ndez-Morales<\/p>\n<p>2. How the environmental risk evolves in the medium term in old metal mining areas<br \/>\nLuis Rodr\u00edguez*, Beatriz Gonz\u00e1lez-Corrochano, Francisco J. L\u00f3pez-Bellido, Hassay L. Medina,<br \/>\nJacinto Alonso-Azc\u00e1rate, Jos\u00e9 Villase\u00f1or and Francisco J. Fern\u00e1ndez-Morales<\/p>\n<p>Biomining\u00b421<br \/>\n3. How the environmental risk evolves in the medium term in old metal mining areas<br \/>\nLuis Rodr\u00edguez*, Beatriz Gonz\u00e1lez-Corrochano, Francisco J. L\u00f3pez-Bellido, Hassay L. Medina,<br \/>\nJacinto Alonso-Azc\u00e1rate, Jos\u00e9 Villase\u00f1or and Francisco J. Fern\u00e1ndez-Morales<\/p>\n<p>29th Topical Meeting of the International Society of Electrochemistry<br \/>\n4. Recovery of metals from real acid mine drainage by means of bio-electro processes<br \/>\nYelitza Delgado, Javier Llanos, Francisco Jes\u00fas Fern\u00e1ndez<\/p>\n<p>ISWEE \u201821<br \/>\n5. Recovery of metals from mine tailings by electro-phytoremediation with ryegrass: alternate vs direct electric current.<br \/>\nHassay Lizeth Medina-D\u00edaz, Francisco Javier L\u00f3pez-Bellido, Jacinto Alonso-Azc\u00e1rate, Francisco Jes\u00fas Fern\u00e1ndez-Morales, Jose Villase\u00f1or, Luis Rodr\u00edguez<\/p>\n<p>72nd Annual meeting of the International Society of Electrochemistry<br \/>\n6. Modelization of Cu Recovery from Real Acid Mine Drainage with Coupled Energy Generation.<br \/>\nYelitza Delgado, Francisco Jes\u00fas Fern\u00e1ndez, Javier Llanos.<\/p>\n<p>VIII European Bioremediation Conference<br \/>\n7.Bioleaching of real mine tailings using autochthonous microorganisms: effects of ultrasounds pretreatment<br \/>\nIrene Acosta, Francisco Jes\u00fas Fern\u00e1ndez-Morales, Hassay Lizeth Medina-D\u00edas, Luis Rodr\u00edguez y Jos\u00e9 Villase\u00f1or.<\/p>\n<p>8. T\u00edtulo: Coupling acid mine drainage treatment and bioremediation of organic biowaste by means of constructed wetlands<br \/>\nIrene Acosta, Hassay Lizeth Medina, Yelitza Delgado, Francisco Javier L\u00f3pez-Bellido, David S\u00e1nchez y Jos\u00e9 Villase\u00f1or<\/p>\n<p>9. Coupling of Electrodialysis and Bio-electrochemical systems for Metal and Energy Recovery from Acid Mine Drainage.<br \/>\nYelitza Delgado, Francisco Jes\u00fas Fern\u00e1ndez y Javier Llanos<\/p>\n<p>10.Electrokinetic assisted (AC and DC) phytoremediation of highly polluted multi-metal mine tailings using Lolium perenne<br \/>\nHassay Lizeth Medina-D\u00edaz*, Francisco Javier L\u00f3pez-Bellido, Jacinto Alonso-Azc\u00e1rate, Francisco Jes\u00fas Fern\u00e1ndez-Morales, Jose Villase\u00f1or, Luis Rodr\u00edguez<\/p>\n<p>XVI Young Science Symposium, 22-24 Junio de 2022, Ciudad Real, Espa\u00f1a.<br \/>\n11. Effects of ultrasounds as a pretreatment in bioleaching of high polluted multi-metal mine tailings<br \/>\nIrene Acosta, Luis Rodr\u00edguez y Jos\u00e9 Villase\u00f1or<\/p>\n<p>12. Influence of electric fields (ac and dc) to enhance phytoextraction of metals using Lolium perenne from multi-metal polluted mine-tailings<br \/>\nHassay Lizeth Medina-D\u00edaz*, Francisco Javier L\u00f3pez-Bellido, Jacinto Alonso-Azc\u00e1rate, Francisco Jes\u00fas Fern\u00e1ndez-Morales, Jose Villase\u00f1or, Luis Rodr\u00edguez<\/p>\n<p>13. Treatment of Real Acid Mine Drainage for Metal and Energy Recovery by Electrodialysis and Bio-electrochemical Systems.<br \/>\nYelitza Delgado, Francisco Jes\u00fas Fern\u00e1ndez y Javier Llanos<\/p>\n<p>XLII Reuni\u00f3n del Grupo Especializado de Electroqu\u00edmica de la RSEQ<br \/>\n14. Recuperaci\u00f3n de metales de efluentes \u00e1cidos de mina por combinaci\u00f3n de electrodi\u00e1lisis y sistemas bio-electroqu\u00edmicos.<br \/>\nYelitza Delgado, Mart\u00edn Mu\u00f1oz, Francisco Jes\u00fas Fern\u00e1ndez y Javier Llanos<\/p>\n<p>ISE Regional Meeting.<br \/>\n15. Design of an Improved Multistage Strategy for the Sustainable Environmental Recovery of Polluted Mining Environments.<br \/>\nYelitza Delgado, Mart\u00edn Mu\u00f1oz, Francisco Jes\u00fas Fern\u00e1ndez y Javier Llanos<\/p>\n<p>XIV Mesa Espa\u00f1ola de Tratamiento de Aguas<br \/>\n16. Acoplamiento de electrodi\u00e1lisis y sistemas bio-electroqu\u00edmicos para la recuperaci\u00f3n de metales provenientes de drenaje \u00e1cido de mina real y la producci\u00f3n de energ\u00eda.<br \/>\nYelitza Delgado, Javier Llanos, Mart\u00edn Mu\u00f1oz, Luis Rodr\u00edguez y Francisco Jes\u00fas Fern\u00e1ndez<\/p>\n<p>The 18th International Symposium on Electrokinetic Remediation<br \/>\n17. Recovery of rare earth elements from mining waste by electrokinetic-assisted phytoextraction<br \/>\nHassay Lizeth Medina-D\u00edaz, Jacinto Alonso-Azc\u00e1rate, Francisco Javier L\u00f3pez-Bellido, Mart\u00edn Mu\u00f1oz Morales, Francisco Jes\u00fas Fern\u00e1ndez-Morales, Jose Villase\u00f1or, Luis Rodr\u00edguez<\/p>\n<p>18. Coupling of Bioleaching and Electrokinetics for the removal of heavy metals from mine tailings<br \/>\nIrene Acosta Hern\u00e1ndez, Mart\u00edn Mu\u00f1oz Morales, Francisco Jes\u00fas Fern\u00e1ndez Morales, Luis Rodr\u00edguez Romero, Jos\u00e9 Villase\u00f1or Camacho<\/p>\n<p>Workshop Online: La d\u00e9cada de la restauraci\u00f3n de suelos<br \/>\nEffect of direct and alternate Current in the phytoextraction of metals by Ryegrass from multi-metal mine tailings<br \/>\nHassay Lizeth Medina-D\u00edaz, Francisco Javier L\u00f3pez-Bellido, Jacinto Alonso-Azc\u00e1rate, Francisco Jes\u00fas Fern\u00e1ndez-Morales, Jose Villase\u00f1or, Luis Rodr\u00edguez<\/p>\n<p>Congreso\/revista: ISE Regional Meeting, Praga 15-19 Agosto 2022.<\/p>\n","protected":false},"excerpt":{"rendered":"<p>Sustainable minerals`21 1. Bioleaching of metals from mine tailings by acclimatized mixed culture Hassay Lizeth Medina, Irene Acosta, Jos\u00e9 Villase\u00f1or, Francisco Javier L\u00f3pez Bellido, Luis Rodr\u00edguez, Francisco Jes\u00fas Fern\u00e1ndez-Morales 2. How the environmental risk evolves in the medium term in &hellip; <a href=\"https:\/\/blog.uclm.es\/proyectobioelectrominer2\/congresos\/\">Sigue leyendo <span class=\"meta-nav\">&rarr;<\/span><\/a><\/p>\n","protected":false},"author":150,"featured_media":0,"parent":0,"menu_order":0,"comment_status":"closed","ping_status":"closed","template":"","meta":{"footnotes":""},"class_list":["post-78","page","type-page","status-publish","hentry"],"_links":{"self":[{"href":"https:\/\/blog.uclm.es\/proyectobioelectrominer2\/wp-json\/wp\/v2\/pages\/78","targetHints":{"allow":["GET"]}}],"collection":[{"href":"https:\/\/blog.uclm.es\/proyectobioelectrominer2\/wp-json\/wp\/v2\/pages"}],"about":[{"href":"https:\/\/blog.uclm.es\/proyectobioelectrominer2\/wp-json\/wp\/v2\/types\/page"}],"author":[{"embeddable":true,"href":"https:\/\/blog.uclm.es\/proyectobioelectrominer2\/wp-json\/wp\/v2\/users\/150"}],"replies":[{"embeddable":true,"href":"https:\/\/blog.uclm.es\/proyectobioelectrominer2\/wp-json\/wp\/v2\/comments?post=78"}],"version-history":[{"count":0,"href":"https:\/\/blog.uclm.es\/proyectobioelectrominer2\/wp-json\/wp\/v2\/pages\/78\/revisions"}],"wp:attachment":[{"href":"https:\/\/blog.uclm.es\/proyectobioelectrominer2\/wp-json\/wp\/v2\/media?parent=78"}],"curies":[{"name":"wp","href":"https:\/\/api.w.org\/{rel}","templated":true}]}}