{"id":69,"date":"2022-01-15T13:45:17","date_gmt":"2022-01-15T12:45:17","guid":{"rendered":"https:\/\/blog.uclm.es\/proyectobioelectrominer2\/?page_id=69"},"modified":"2022-11-04T13:35:44","modified_gmt":"2022-11-04T12:35:44","slug":"articulos-publicados","status":"publish","type":"page","link":"https:\/\/blog.uclm.es\/proyectobioelectrominer2\/articulos-publicados\/","title":{"rendered":"Art\u00edculos publicados"},"content":{"rendered":"<p>Medina-D\u00edaz H.L., Acosta I., Mu\u00f1oz M., L\u00f3pez Bellido F.J., Villase\u00f1or J., Llanos J., Rodr\u00edguez L., Fern\u00e1ndez-Morales F.J.<br \/>\nA classical modelling of abandoned mine tailings&#8217; bioleaching by an autochthonous microbial culture<br \/>\n(2022) Journal of environmental management, 323, pp. 116251.<br \/>\nDOI: 10.1016\/j.jenvman.2022.116251<\/p>\n<p>Rodr\u00edguez, L., Gonz\u00e1lez-Corrochano, B., Medina-D\u00edaz, H., L\u00f3pez-Bellido, F.J., Fern\u00e1ndez-Morales, F.J., Alonso-Azc\u00e1rate, J.<br \/>\nDoes environmental risk really change in abandoned mining areas in the medium term when no control measures are taken?<br \/>\n(2022) Chemosphere, art. no. 133129.<br \/>\nDOI: 10.1016\/j.chemosphere.2021.133129<\/p>\n<p>Delgado, Y., Fern\u00e1ndez-Morales, F.J., Llanos, J.<br \/>\nAn old technique with a promising future: Recent advances in the use of electrodeposition for metal recovery<br \/>\n(2021) Molecules, 26 (18), art. no. 5525.<br \/>\nDOI: 10.3390\/molecules26185525<\/p>\n<p>Le\u00f3n-Fernandez, L.F., Rodr\u00edguez Romero, L., Fern\u00e1ndez-Morales, F.J., Villase\u00f1or Camacho, J.<br \/>\nModelling of a bioelectrochemical system for metal-polluted wastewater treatment and sequential metal recovery<br \/>\n(2021) Journal of Chemical Technology and Biotechnology, 96 (7), pp. 2033-2041.<br \/>\nDOI: 10.1002\/jctb.6733<\/p>\n<p>Leon-Fernandez, L.F., Medina-D\u00edaz, H.L., P\u00e9rez, O.G., Romero, L.R., Villase\u00f1or, J., Fern\u00e1ndez-Morales, F.J.<br \/>\nAcid mine drainage treatment and sequential metal recovery by means of bioelectrochemical technology<br \/>\n(2021) Journal of Chemical Technology and Biotechnology, 96 (6), pp. 1543-1552.<br \/>\nDOI: 10.1002\/jctb.6669<\/p>\n<p>Potrykus, S., Le\u00f3n-Fern\u00e1ndez, L.F., Niezna\u0144ski, J., Karkosi\u0144ski, D., Fernandez-Morales, F.J.<br \/>\nThe influence of external load on the performance of microbial fuel cells<br \/>\n(2021) Energies, 14 (3), art. no. 612.<br \/>\nDOI: 10.3390\/en14030612<\/p>\n<p>Potrykus, S., Mateo, S., Niezna\u0144ski, J., Fern\u00e1ndez-Morales, F.J.<br \/>\nThe influent effects of flow rate profile on the performance of microbial fuel cells model<br \/>\n(2020) Energies, 13 (18), art. no. 4735.<br \/>\nDOI: 10.3390\/en13184735<\/p>\n","protected":false},"excerpt":{"rendered":"<p>Medina-D\u00edaz H.L., Acosta I., Mu\u00f1oz M., L\u00f3pez Bellido F.J., Villase\u00f1or J., Llanos J., Rodr\u00edguez L., Fern\u00e1ndez-Morales F.J. A classical modelling of abandoned mine tailings&#8217; bioleaching by an autochthonous microbial culture (2022) Journal of environmental management, 323, pp. 116251. DOI: 10.1016\/j.jenvman.2022.116251 &hellip; <a href=\"https:\/\/blog.uclm.es\/proyectobioelectrominer2\/articulos-publicados\/\">Sigue leyendo <span class=\"meta-nav\">&rarr;<\/span><\/a><\/p>\n","protected":false},"author":150,"featured_media":0,"parent":0,"menu_order":0,"comment_status":"closed","ping_status":"closed","template":"","meta":{"footnotes":""},"class_list":["post-69","page","type-page","status-publish","hentry"],"_links":{"self":[{"href":"https:\/\/blog.uclm.es\/proyectobioelectrominer2\/wp-json\/wp\/v2\/pages\/69","targetHints":{"allow":["GET"]}}],"collection":[{"href":"https:\/\/blog.uclm.es\/proyectobioelectrominer2\/wp-json\/wp\/v2\/pages"}],"about":[{"href":"https:\/\/blog.uclm.es\/proyectobioelectrominer2\/wp-json\/wp\/v2\/types\/page"}],"author":[{"embeddable":true,"href":"https:\/\/blog.uclm.es\/proyectobioelectrominer2\/wp-json\/wp\/v2\/users\/150"}],"replies":[{"embeddable":true,"href":"https:\/\/blog.uclm.es\/proyectobioelectrominer2\/wp-json\/wp\/v2\/comments?post=69"}],"version-history":[{"count":1,"href":"https:\/\/blog.uclm.es\/proyectobioelectrominer2\/wp-json\/wp\/v2\/pages\/69\/revisions"}],"predecessor-version":[{"id":106,"href":"https:\/\/blog.uclm.es\/proyectobioelectrominer2\/wp-json\/wp\/v2\/pages\/69\/revisions\/106"}],"wp:attachment":[{"href":"https:\/\/blog.uclm.es\/proyectobioelectrominer2\/wp-json\/wp\/v2\/media?parent=69"}],"curies":[{"name":"wp","href":"https:\/\/api.w.org\/{rel}","templated":true}]}}