{"id":59,"date":"2021-11-03T23:17:11","date_gmt":"2021-11-03T22:17:11","guid":{"rendered":"http:\/\/blog.uclm.es\/proyectobioelectrominer2\/?page_id=59"},"modified":"2021-11-03T23:17:11","modified_gmt":"2021-11-03T22:17:11","slug":"paquetes-de-trabajo","status":"publish","type":"page","link":"https:\/\/blog.uclm.es\/proyectobioelectrominer2\/paquetes-de-trabajo\/","title":{"rendered":"Paquetes de trabajo"},"content":{"rendered":"<p>PT1 COORDINACI\u00d3N T\u00c9CNICA DEL PROYECTO Y GESTI\u00d3N ECON\u00d3MICA.<br \/>\nT1.1: Gesti\u00f3n de la coordinaci\u00f3n cient\u00edfica.<br \/>\nT1.2: Gesti\u00f3n de la contrataci\u00f3n de personal.<br \/>\nT1.3: Gesti\u00f3n de adquisiciones y gastos.<br \/>\nT1.4: Preparaci\u00f3n de informes de seguimiento cient\u00edfico t\u00e9cnico para JCCM.<br \/>\nT1.5: Preparaci\u00f3n de informes justificativos econ\u00f3micos para JCCM.<br \/>\nT1.6: Gesti\u00f3n de la propiedad intelectual.<\/p>\n<p>PT2 GESTI\u00d3N DEL CONOCIMIENTO GENERADO.<br \/>\nT2.1: Coordinaci\u00f3n de conocimientos obtenidos en el desarrollo del proyecto.<br \/>\nT2.2: Desarrollo y mantenimiento de p\u00e1gina web.<br \/>\nT2.3: Organizaci\u00f3n de workshop cient\u00edfico tecnol\u00f3gico.<br \/>\nT2.4: Coordinaci\u00f3n de la comunicaci\u00f3n externa de conocimientos.<br \/>\nT2.5. Difusi\u00f3n en abierto de resultados de investigaci\u00f3n.<br \/>\nT2.6. Informe final y preparaci\u00f3n pr\u00f3ximos proyectos.<\/p>\n<p>PT3. CARACTERIZACI\u00d3N DE ENTORNOS CONTAMINADOS ABANDONADOS.<br \/>\nT3.1 Recopilaci\u00f3n de informaci\u00f3n adicional y permisos de acceso.<br \/>\nT3.2 Caracterizaci\u00f3n de los residuos del entorno.<br \/>\nT3.3 Selecci\u00f3n de residuos para experimentaci\u00f3n.<\/p>\n<p>PT4. DESARROLLO DEL PROCESO DE BIOLAVADO PARA EXTRACCI\u00d3N DEL METAL.<br \/>\nT4.1 Selecci\u00f3n del in\u00f3culo y biolavado de escombreras y fondos de balsas.<br \/>\nT4.2 Evaluaci\u00f3n de los ultrasonidos en la eficiencia del proceso de biolavado.<br \/>\nT4.3. Optimizaci\u00f3n de las condiciones de operaci\u00f3n del proceso de biolavado.<\/p>\n<p>PT5. ELECTRODEPOSICI\u00d3N DE METALES CONTENIDOS EN EFLUENTES.<br \/>\nT5.1. Dise\u00f1o, montaje y puesta en funcionamiento de los sistemas electroqu\u00edmicos.<br \/>\nT5.2. Estudio del proceso de electromigraci\u00f3n.<br \/>\nT5.3. Estudio de las condiciones de operaci\u00f3n en el proceso de electrodeposici\u00f3n.<\/p>\n<p>PT6. TRATAMIENTO AMBIENTAL DE LOS EFLUENTES DE MINER\u00cdA.<br \/>\nT6.1. Dise\u00f1o, montaje y puesta en funcionamiento de los humedales artificiales.<br \/>\nT6.2. Obtenci\u00f3n de datos operaci\u00f3n para diferentes condiciones de operaci\u00f3n y comparaci\u00f3n con electrohumedal.<\/p>\n<p>PT7. RESTAURACI\u00d3N AMBIENTAL MEDIANTE T\u00c9CNICAS DE ELECTRO-FITORREMEDIACI\u00d3N.<br \/>\nT7.1. Evaluaci\u00f3n de la restauraci\u00f3n de fondos de balsas mediante fitorremediaci\u00f3n.<br \/>\nT7.2. Evaluaci\u00f3n de la restauraci\u00f3n de fondos de balsas mediante electro-fitorremediaci\u00f3n.<\/p>\n<p>PT8. EVALUACI\u00d3N ECON\u00d3MICA Y AMBIENTAL Y ELABORACI\u00d3N DE GU\u00cdA METODOL\u00d3GICA.<br \/>\nT8.1. Seguimiento ambiental del impacto de las t\u00e9cnicas ensayadas.<br \/>\nT8.2. Elaboraci\u00f3n de la Gu\u00eda Metodol\u00f3gica de Recuperaci\u00f3n.<\/p>\n","protected":false},"excerpt":{"rendered":"<p>PT1 COORDINACI\u00d3N T\u00c9CNICA DEL PROYECTO Y GESTI\u00d3N ECON\u00d3MICA. T1.1: Gesti\u00f3n de la coordinaci\u00f3n cient\u00edfica. T1.2: Gesti\u00f3n de la contrataci\u00f3n de personal. T1.3: Gesti\u00f3n de adquisiciones y gastos. T1.4: Preparaci\u00f3n de informes de seguimiento cient\u00edfico t\u00e9cnico para JCCM. T1.5: Preparaci\u00f3n de &hellip; <a href=\"https:\/\/blog.uclm.es\/proyectobioelectrominer2\/paquetes-de-trabajo\/\">Sigue leyendo <span class=\"meta-nav\">&rarr;<\/span><\/a><\/p>\n","protected":false},"author":150,"featured_media":0,"parent":0,"menu_order":0,"comment_status":"closed","ping_status":"closed","template":"","meta":{"footnotes":""},"class_list":["post-59","page","type-page","status-publish","hentry"],"_links":{"self":[{"href":"https:\/\/blog.uclm.es\/proyectobioelectrominer2\/wp-json\/wp\/v2\/pages\/59","targetHints":{"allow":["GET"]}}],"collection":[{"href":"https:\/\/blog.uclm.es\/proyectobioelectrominer2\/wp-json\/wp\/v2\/pages"}],"about":[{"href":"https:\/\/blog.uclm.es\/proyectobioelectrominer2\/wp-json\/wp\/v2\/types\/page"}],"author":[{"embeddable":true,"href":"https:\/\/blog.uclm.es\/proyectobioelectrominer2\/wp-json\/wp\/v2\/users\/150"}],"replies":[{"embeddable":true,"href":"https:\/\/blog.uclm.es\/proyectobioelectrominer2\/wp-json\/wp\/v2\/comments?post=59"}],"version-history":[{"count":0,"href":"https:\/\/blog.uclm.es\/proyectobioelectrominer2\/wp-json\/wp\/v2\/pages\/59\/revisions"}],"wp:attachment":[{"href":"https:\/\/blog.uclm.es\/proyectobioelectrominer2\/wp-json\/wp\/v2\/media?parent=59"}],"curies":[{"name":"wp","href":"https:\/\/api.w.org\/{rel}","templated":true}]}}