{"id":55,"date":"2021-11-03T23:06:49","date_gmt":"2021-11-03T22:06:49","guid":{"rendered":"http:\/\/blog.uclm.es\/proyectobioelectrominer2\/?page_id=55"},"modified":"2021-11-03T23:06:49","modified_gmt":"2021-11-03T22:06:49","slug":"epos","status":"publish","type":"page","link":"https:\/\/blog.uclm.es\/proyectobioelectrominer2\/epos\/","title":{"rendered":"EPOS"},"content":{"rendered":"<p>El proyecto est\u00e1 apoyado por una empresa privada y dos organismos p\u00fablicos que participan como EPOS y que est\u00e1n involucradas en diferentes estadios de la cadena de valor de la tecnolog\u00eda que se pretende desarrollar en Bio-electro MineR2. Las entidades corresponden tanto al sector privado como al p\u00fablico:<\/p>\n<p>MINAS DE ALMADEN Y ARRAYANES (MAYASA): Esta empresa privada est\u00e1 centrada en el fomento de proyectos industriales e implantaci\u00f3n de iniciativas para el desarrollo de proyectos de investigaci\u00f3n y de nuevas tecnolog\u00edas relacionadas con la actividad minera. Tambi\u00e9n realiza la explotaci\u00f3n agr\u00edcola y ganadera de sus fincas r\u00fasticas, as\u00ed como actividades de recuperaci\u00f3n y mantenimiento del patrimonio hist\u00f3rico de la compa\u00f1\u00eda y rehabilitaci\u00f3n medioambiental de su entorno.<\/p>\n<p>CONFEDERACI\u00d3N HIDROGR\u00c1FICA DEL GUADIANA (CHG): Es el organismo p\u00fablico que regula la red hidrol\u00f3gica de la cuenca del rio Guadiana con las funciones, entre otras, de ordenaci\u00f3n del uso del recurso h\u00eddrico y de velar por el mantenimiento del buen estado de sus masas de aguas.<\/p>\n<p>JUNTA DE COMUNIDADES DE CASTILLA-LA MANCHA (JCCM): Es un organismo p\u00fablico de autogobierno de la comunidad aut\u00f3noma de Castilla-La Mancha.<\/p>\n","protected":false},"excerpt":{"rendered":"<p>El proyecto est\u00e1 apoyado por una empresa privada y dos organismos p\u00fablicos que participan como EPOS y que est\u00e1n involucradas en diferentes estadios de la cadena de valor de la tecnolog\u00eda que se pretende desarrollar en Bio-electro MineR2. Las entidades &hellip; <a href=\"https:\/\/blog.uclm.es\/proyectobioelectrominer2\/epos\/\">Sigue leyendo <span class=\"meta-nav\">&rarr;<\/span><\/a><\/p>\n","protected":false},"author":150,"featured_media":0,"parent":0,"menu_order":0,"comment_status":"closed","ping_status":"closed","template":"","meta":{"footnotes":""},"class_list":["post-55","page","type-page","status-publish","hentry"],"_links":{"self":[{"href":"https:\/\/blog.uclm.es\/proyectobioelectrominer2\/wp-json\/wp\/v2\/pages\/55","targetHints":{"allow":["GET"]}}],"collection":[{"href":"https:\/\/blog.uclm.es\/proyectobioelectrominer2\/wp-json\/wp\/v2\/pages"}],"about":[{"href":"https:\/\/blog.uclm.es\/proyectobioelectrominer2\/wp-json\/wp\/v2\/types\/page"}],"author":[{"embeddable":true,"href":"https:\/\/blog.uclm.es\/proyectobioelectrominer2\/wp-json\/wp\/v2\/users\/150"}],"replies":[{"embeddable":true,"href":"https:\/\/blog.uclm.es\/proyectobioelectrominer2\/wp-json\/wp\/v2\/comments?post=55"}],"version-history":[{"count":0,"href":"https:\/\/blog.uclm.es\/proyectobioelectrominer2\/wp-json\/wp\/v2\/pages\/55\/revisions"}],"wp:attachment":[{"href":"https:\/\/blog.uclm.es\/proyectobioelectrominer2\/wp-json\/wp\/v2\/media?parent=55"}],"curies":[{"name":"wp","href":"https:\/\/api.w.org\/{rel}","templated":true}]}}