{"id":31,"date":"2021-11-03T22:26:10","date_gmt":"2021-11-03T21:26:10","guid":{"rendered":"http:\/\/blog.uclm.es\/proyectobioelectrominer2\/?page_id=31"},"modified":"2021-11-03T22:26:10","modified_gmt":"2021-11-03T21:26:10","slug":"abstract","status":"publish","type":"page","link":"https:\/\/blog.uclm.es\/proyectobioelectrominer2\/abstract\/","title":{"rendered":"Resumen"},"content":{"rendered":"<p>La contaminaci\u00f3n del medio natural constituye una de las principales preocupaciones de la sociedad actual. La contaminaci\u00f3n de las aguas cobra especial importancia en Castilla-La Mancha, debido a la escasez de la misma, lo que podr\u00eda limitar su futuro desarrollo social y econ\u00f3mico; por otro lado, tambi\u00e9n se detectan problemas puntuales importantes de contaminaci\u00f3n del suelo, el cual es tambi\u00e9n un recurso natural necesario y no renovable. Algunos de los problemas ambientales rese\u00f1ados tienen su origen en una gesti\u00f3n inexistente o ineficaz de los residuos de actividades antr\u00f3picas. La gesti\u00f3n \u00f3ptima de estos residuos en el marco de la econom\u00eda circular implicar\u00eda tanto la mitigaci\u00f3n de su impacto ambiental sobre los ecosistemas y la salud humana, como la recuperaci\u00f3n de recursos valiosos contenidos en los mismos.<br \/>\nCastilla-La Mancha presenta una larga tradici\u00f3n minera que data de la \u00e9poca romana. Desde entonces, la actividad minera ha generado una gran cantidad de residuos que, en muchos casos, fueron acumulados en los propios entornos mineros sin el tratamiento adecuado. Actualmente, estos residuos se encuentran abandonados debido al cese de actividad de las empresas que explotaban estos recursos mineros, con los consiguientes problemas ambientales que ello genera. De acuerdo con el l Plan Estrat\u00e9gico de Recursos Minerales no Energ\u00e9ticos de Castilla-La Mancha. Horizonte 2020 (PERMINE), los residuos mineros vertidos en escombreras, balsas o presas deben ser cuantificados y caracterizados, as\u00ed como evaluado el grado de reciclado o reutilizaci\u00f3n que podr\u00eda hacerse de los mismos en orden a su valorizaci\u00f3n.<br \/>\nEn este contexto, el proyecto Bio-electro MineR2 tiene como objetivo combinar biotecnolog\u00eda y tratamientos electroqu\u00edmicos para recuperar los recursos aprovechables, principalmente metales y tierras raras, contenidos en los residuos de miner\u00eda abandonados, logrando de este modo la rehabilitaci\u00f3n ambiental de los entornos contaminados mediante la aplicaci\u00f3n de principios de econom\u00eda circular. Para alcanzar este objetivo, el proyecto Bio-electro MineR2 abordar\u00e1 los siguientes aspectos:<br \/>\n1) La caracterizaci\u00f3n de los residuos abandonados (drenaje \u00e1cido de minas, escombreras y balsas) en entornos de miner\u00eda met\u00e1lica de Castilla-La Mancha, con el fin de identificar los tipos de residuos m\u00e1s problem\u00e1ticos desde el punto de vista ambiental, as\u00ed como los m\u00e1s susceptibles de valorizaci\u00f3n mediante las tecnolog\u00edas a aplicar.<br \/>\n2) Estudio de la viabilidad t\u00e9cnica de extracci\u00f3n de metales y tierras raras de inter\u00e9s de los lodos depositados en balsas mineras y escombreras abandonadas empleando procesos de biolavado capaces de generar un efluente rico en metales que ser\u00e1 tratado posteriormente para la recuperaci\u00f3n del metal.<br \/>\n3) Estudio de la viabilidad t\u00e9cnica del proceso de recuperaci\u00f3n electroqu\u00edmica de los metales contenidos en el drenaje \u00e1cido de mina y en el efluente l\u00edquido, rico en metales, procedente del biolavado. Estas tecnolog\u00edas electroqu\u00edmicas de recuperaci\u00f3n, electromigraci\u00f3n y electrodeposici\u00f3n, ser\u00e1n complementadas con el tratamiento final en humedales artificiales con el objeto de lograr el vertido cero de materiales peligrosos.<br \/>\n4) Estudio de la viabilidad t\u00e9cnica de la aplicaci\u00f3n de la fitorremediaci\u00f3n, sola o en combinaci\u00f3n con la electrorremediaci\u00f3n, para la descontaminaci\u00f3n de lodos de balsas mineras abandonadas y la eventual recuperaci\u00f3n de los metales y tierras raras acumuladas en los tejidos vegetales.<br \/>\n5) An\u00e1lisis econ\u00f3mico y ambiental de las medidas y tecnolog\u00edas estudiadas y realizaci\u00f3n de una propuesta de tratamiento combinado para la descontaminaci\u00f3n de los entornos mineros abandonados y la recuperaci\u00f3n de recursos.<br \/>\nLa consecuci\u00f3n de los objetivos establecidos permitir\u00e1 disponer de tecnolog\u00edas que puedan dar soluci\u00f3n a la gesti\u00f3n de los residuos mineros abandonados, disminuyendo de este modo su impacto sobre el medioambiente, la salud y la econom\u00eda, lo que contribuir\u00eda al progreso y desarrollo de Castilla-La Mancha.<br \/>\nLa destacable experiencia y multidisciplinariedad del equipo que conforma la solicitud, as\u00ed como la participaci\u00f3n de tres EPOs, pertenecientes tanto al sector p\u00fablico como al privado, garantizan una adecuada transferencia de resultados al sector industrial (Minas de Almad\u00e9n y Arrayanes S.A.), as\u00ed como a los organismos p\u00fablicos interesados (Confederaci\u00f3n Hidrogr\u00e1fica del Guadiana y Junta de Comunidades de Castilla-La Mancha).<br \/>\nBio-electro MineR2 encaja perfectamente dentro de las l\u00edneas prioritarias definidas en el RIS3 de Castilla-La Mancha, siendo destacable su vinculaci\u00f3n con el Desaf\u00edo 4. Lograr mayor eficiencia de los recursos y el Desaf\u00edo 9. Sostenibilidad: favorecer el paso a una econom\u00eda baja en carbono en todos los sectores, m\u00e1s concretamente con la medida 9.1 Favorecer el desarrollo de la econom\u00eda verde \u201cPromover e impulsar la gesti\u00f3n adecuada de los residuos, las pol\u00edticas de prevenci\u00f3n y reutilizaci\u00f3n de los mismos\u201d. Adicionalmente, el proyecto plantea la formaci\u00f3n de dos nuevos investigadores a nivel de doctorado, lo que est\u00e1 en l\u00ednea con lo planteado en el documento RIS3 en cuanto a capacitaci\u00f3n de personal (Desaf\u00edo 3. Potenciar los RRHH en la econom\u00eda del conocimiento).<\/p>\n","protected":false},"excerpt":{"rendered":"<p>La contaminaci\u00f3n del medio natural constituye una de las principales preocupaciones de la sociedad actual. La contaminaci\u00f3n de las aguas cobra especial importancia en Castilla-La Mancha, debido a la escasez de la misma, lo que podr\u00eda limitar su futuro desarrollo &hellip; <a href=\"https:\/\/blog.uclm.es\/proyectobioelectrominer2\/abstract\/\">Sigue leyendo <span class=\"meta-nav\">&rarr;<\/span><\/a><\/p>\n","protected":false},"author":150,"featured_media":0,"parent":0,"menu_order":0,"comment_status":"closed","ping_status":"closed","template":"","meta":{"footnotes":""},"class_list":["post-31","page","type-page","status-publish","hentry"],"_links":{"self":[{"href":"https:\/\/blog.uclm.es\/proyectobioelectrominer2\/wp-json\/wp\/v2\/pages\/31","targetHints":{"allow":["GET"]}}],"collection":[{"href":"https:\/\/blog.uclm.es\/proyectobioelectrominer2\/wp-json\/wp\/v2\/pages"}],"about":[{"href":"https:\/\/blog.uclm.es\/proyectobioelectrominer2\/wp-json\/wp\/v2\/types\/page"}],"author":[{"embeddable":true,"href":"https:\/\/blog.uclm.es\/proyectobioelectrominer2\/wp-json\/wp\/v2\/users\/150"}],"replies":[{"embeddable":true,"href":"https:\/\/blog.uclm.es\/proyectobioelectrominer2\/wp-json\/wp\/v2\/comments?post=31"}],"version-history":[{"count":0,"href":"https:\/\/blog.uclm.es\/proyectobioelectrominer2\/wp-json\/wp\/v2\/pages\/31\/revisions"}],"wp:attachment":[{"href":"https:\/\/blog.uclm.es\/proyectobioelectrominer2\/wp-json\/wp\/v2\/media?parent=31"}],"curies":[{"name":"wp","href":"https:\/\/api.w.org\/{rel}","templated":true}]}}