{"id":15,"date":"2019-07-24T15:51:50","date_gmt":"2019-07-24T14:51:50","guid":{"rendered":"http:\/\/blog.uclm.es\/proyectoaulaoesia\/?page_id=15"},"modified":"2022-11-11T09:45:20","modified_gmt":"2022-11-11T09:45:20","slug":"inicio","status":"publish","type":"page","link":"https:\/\/blog.uclm.es\/proyectoaulaoesia\/","title":{"rendered":"Inicio"},"content":{"rendered":"\n<div class=\"wp-block-columns is-layout-flex wp-container-core-columns-is-layout-9d6595d7 wp-block-columns-is-layout-flex\">\n<div class=\"wp-block-column is-layout-flow wp-block-column-is-layout-flow\">\n<figure class=\"wp-block-image size-large is-resized\"><img loading=\"lazy\" decoding=\"async\" src=\"https:\/\/blog.uclm.es\/proyectoaulaoesia\/wp-content\/uploads\/sites\/135\/2019\/09\/Logo_AulaOesia-2-1024x461.png\" alt=\"\" class=\"wp-image-43\" width=\"453\" height=\"204\" srcset=\"https:\/\/blog.uclm.es\/proyectoaulaoesia\/wp-content\/uploads\/sites\/135\/2019\/09\/Logo_AulaOesia-2-1024x461.png 1024w, https:\/\/blog.uclm.es\/proyectoaulaoesia\/wp-content\/uploads\/sites\/135\/2019\/09\/Logo_AulaOesia-2-300x135.png 300w, https:\/\/blog.uclm.es\/proyectoaulaoesia\/wp-content\/uploads\/sites\/135\/2019\/09\/Logo_AulaOesia-2-768x346.png 768w, https:\/\/blog.uclm.es\/proyectoaulaoesia\/wp-content\/uploads\/sites\/135\/2019\/09\/Logo_AulaOesia-2.png 1181w\" sizes=\"auto, (max-width: 453px) 85vw, 453px\" \/><\/figure>\n<\/div>\n\n\n\n<div class=\"wp-block-column is-layout-flow wp-block-column-is-layout-flow\" style=\"flex-basis:30%\">\n<p class=\"has-text-align-center has-white-color has-light-blue-background-color has-text-color has-background\"><a href=\"https:\/\/blog.uclm.es\/proyectoaulaoesia\/2022\/02\/24\/premios-a-los-mejores-trabajos-final-de-grado-en-big-data-y-ciberseguridad-2021-22\/\" target=\"_blank\" rel=\"noreferrer noopener\">Premios a los mejores TFG 2021\/2022 en Ciberseguridad y Big Data<\/a><\/p>\n<\/div>\n<\/div>\n\n\n\n<p>Aula UCLM-Oes\u00eda<\/p>\n\n\n\n<p>La creaci\u00f3n del Aula Oes\u00eda-UCLM de Big Data y Ciberseguridad se plantea como una forma de colaboraci\u00f3n de la UCLM con Grupo Oes\u00eda que tiene como objeto la realizaci\u00f3n de actividades de docencia, difusi\u00f3n y transferencia del conocimiento en las \u00e1reas de Big Data y Ciberseguridad.<\/p>\n\n\n\n<p>Las \u00e1reas de Big Data y Ciberseguridad son de gran inter\u00e9s no s\u00f3lo para \u00e1mbas instituciones sino tambi\u00e9n para el entorno econ\u00f3mico y social, contribuyendo con la innovaci\u00f3n a construir una sociedad mejor, m\u00e1s justas y m\u00e1s segura.<\/p>\n","protected":false},"excerpt":{"rendered":"<p>Premios a los mejores TFG 2021\/2022 en Ciberseguridad y Big Data Aula UCLM-Oes\u00eda La creaci\u00f3n del Aula Oes\u00eda-UCLM de Big Data y Ciberseguridad se plantea como una forma de colaboraci\u00f3n de la UCLM con Grupo Oes\u00eda que tiene como objeto la realizaci\u00f3n de actividades de docencia, difusi\u00f3n y transferencia del conocimiento en las \u00e1reas de &hellip; <a href=\"https:\/\/blog.uclm.es\/proyectoaulaoesia\/\" class=\"more-link\">Continuar leyendo<span class=\"screen-reader-text\"> \u00abInicio\u00bb<\/span><\/a><\/p>\n","protected":false},"author":110,"featured_media":0,"parent":0,"menu_order":0,"comment_status":"closed","ping_status":"closed","template":"","meta":{"footnotes":""},"class_list":["post-15","page","type-page","status-publish","hentry"],"_links":{"self":[{"href":"https:\/\/blog.uclm.es\/proyectoaulaoesia\/wp-json\/wp\/v2\/pages\/15","targetHints":{"allow":["GET"]}}],"collection":[{"href":"https:\/\/blog.uclm.es\/proyectoaulaoesia\/wp-json\/wp\/v2\/pages"}],"about":[{"href":"https:\/\/blog.uclm.es\/proyectoaulaoesia\/wp-json\/wp\/v2\/types\/page"}],"author":[{"embeddable":true,"href":"https:\/\/blog.uclm.es\/proyectoaulaoesia\/wp-json\/wp\/v2\/users\/110"}],"replies":[{"embeddable":true,"href":"https:\/\/blog.uclm.es\/proyectoaulaoesia\/wp-json\/wp\/v2\/comments?post=15"}],"version-history":[{"count":6,"href":"https:\/\/blog.uclm.es\/proyectoaulaoesia\/wp-json\/wp\/v2\/pages\/15\/revisions"}],"predecessor-version":[{"id":572,"href":"https:\/\/blog.uclm.es\/proyectoaulaoesia\/wp-json\/wp\/v2\/pages\/15\/revisions\/572"}],"wp:attachment":[{"href":"https:\/\/blog.uclm.es\/proyectoaulaoesia\/wp-json\/wp\/v2\/media?parent=15"}],"curies":[{"name":"wp","href":"https:\/\/api.w.org\/{rel}","templated":true}]}}