{"id":15,"date":"2018-09-24T10:50:46","date_gmt":"2018-09-24T09:50:46","guid":{"rendered":"http:\/\/blog.uclm.es\/proyectoasepham\/?page_id=15"},"modified":"2018-09-24T10:50:46","modified_gmt":"2018-09-24T09:50:46","slug":"6-progreso-del-proyecto","status":"publish","type":"page","link":"https:\/\/blog.uclm.es\/proyectoasepham\/6-progreso-del-proyecto\/","title":{"rendered":"6. Progreso del proyecto y Consecuci\u00f3n de Objetivos"},"content":{"rendered":"<p>El proyecto ha concluido con \u00e9xito.<\/p>\n<p>Objetivo 1: Desarrollo de electrolizador basado en PBI, mediante el que se pretende optimizar el dise\u00f1o del electrolizador en cuanto a componentes (tipo de membrana, catalizador) y condiciones de operaci\u00f3n (presi\u00f3n, temperatura y composici\u00f3n de la corriente de SO2 que se alimenta).<br \/>\nProgreso y consecuci\u00f3n del objetivo 1: Se ha realizado el 100 % de las actividades planificadas en este objetivo y ha sido la actividad m\u00e1s productiva en t\u00e9rminos de publicaciones ya que el desarrollo de materiales de la celda ha sido mucho m\u00e1s interesante de lo inicialmente programado. Corresponde con las actividades descritas en la Actividad 3.<\/p>\n<p>Objetivo 2: Impacto en celdas de combustible de PBI de la alimentaci\u00f3n con hidr\u00f3geno impurificado con H2S, con el que se pretende comprobar para cada uno de los ensamblajes membrana-electrodo desarrollados para alcanzar el Objetivo 1 el funcionamiento del dispositivo en modo celda de combustible cuando el hidr\u00f3geno alimentado se encuentre impurificado por diferentes cantidades de H2S, producto que se puede formar a partir de la permeaci\u00f3n transmembranar de SO2 durante el proceso electrol\u00edtico que da lugar a la generaci\u00f3n del H2<br \/>\nProgreso y consecuci\u00f3n del objetivo 2: Se ha realizado el 100 % de las actividades planificadas en este objetivo. Ha sido la actividad menos interesante, ya que es aquella de la que part\u00edamos con mayor conocimiento y por tanto no ha dado origen a publicaciones espec\u00edficas. Corresponde con las actividades descritas en la Actividad 4.<\/p>\n<p>Objetivo 3: Alimentaci\u00f3n del sistema electrol\u00edtico con fuentes de energ\u00eda renovable, mediante el que se pretende conocer c\u00f3mo influyen perfiles de intensidad de corriente variables producidos por la alimentaci\u00f3n por paneles solares fotovoltaicos en muy diferentes condiciones clim\u00e1ticas, sirviendo estos perfiles como modelo para otros tipos de alimentaci\u00f3n del sistema energ\u00e9tico ASEPHAM.<br \/>\nProgreso y consecuci\u00f3n del objetivo 3: Se ha realizado el 100 % de las actividades planteadas en este objetivo. Hemos partido de la experiencia de otros procesos y los resultados obtenidos han sido los esperados. Corresponde con las actividades descritas en la Actividad 5.<\/p>\n<p>Objetivo 4: Desarrollo de la etapa de conversi\u00f3n de \u00e1cido sulf\u00farico en SO2, mediante el que se pretende optimizar el proceso de conversi\u00f3n t\u00e9rmica de \u00e1cido sulf\u00farico a SO2 de acuerdo con las condiciones de operaci\u00f3n que se consideren m\u00e1s adecuadas para el electrolizador y la pila de combustible desarrolladas con los nuevos materiales.<br \/>\nProgreso y consecuci\u00f3n del objetivo 4: Se ha realizado el 100 % de las actividades planificadas en este objetivo. Se ha probado diferentes condiciones de operaci\u00f3n y catalizadores. Corresponde con las actividades descritas en la Actividad 6.<\/p>\n<p>Objetivo 5: Integraci\u00f3n de procesos electroqu\u00edmicos, mediante el que se pretende integrar los procesos de celda de combustible y electrolizador dentro de una celda \u00fanica regenerativa de modo que sea compatible con la producci\u00f3n de hidr\u00f3geno cuando exista exceso de energ\u00eda y con la producci\u00f3n de energ\u00eda, cuando sea esta deficitaria, a partir del hidrogeno almacenado.<br \/>\nProgreso y consecuci\u00f3n del objetivo 5: Se ha realizado el 100 % de las actividades planificadas en este objetivo. Se ha conseguido operar la tecnolog\u00eda utilizando celda regenerativa. Adem\u00e1s, se ha mejorado la sostenibilidad del proceso desarrollando un procedimiento para recuperar los catalizadores y aplicando an\u00e1lisis de ciclo de vida. Corresponde con las actividades descritas en la Actividad 7.<\/p>\n<p>Objetivo 6: Escalado, Integraci\u00f3n e Ingenier\u00eda de Procesos, con el que se pretende comprobar materiales para los distintos elementos y dimensionar adecuadamente todas las instalaciones auxiliares para realizar una prueba a escala prototipo (con pilas de celdas regenerativas). Se va a montar una instalaci\u00f3n con la que probar los procesos electrol\u00edticos y de celda de combustible en pila de tres celdas con el fin \u00faltimo de determinar qu\u00e9 efectos tiene el escalado.<br \/>\nProgreso y consecuci\u00f3n del objetivo 6: Se ha completado el 100% del objetivo. Tras realizar la simulaci\u00f3n de cada una de las etapas del proceso Westinghouse, se evalu\u00f3 el modo en el que se podr\u00eda integrar las tecnolog\u00edas sin necesidad de adquirir una planta completa (dado que no exist\u00eda presupuesto suficiente) y se puso en marcha una estrategia para la comprobaci\u00f3n completa de la tecnolog\u00eda. Corresponde con las actividades descritas en la Actividad 8.<\/p>\n<p>Objetivo 7: Prueba de concepto de la tecnolog\u00eda completa, con el que se pretende validar la tecnolog\u00eda, mediante la realizaci\u00f3n con el prototipo de dos pruebas para evaluar el funcionamiento del mismo en los dos casos de estudio para los que se encuentra mayor potencial de aplicaci\u00f3n: acumulaci\u00f3n de energ\u00eda excedente en parque solar y motor h\u00edbrido de autom\u00f3vil.<br \/>\nProgreso y consecuci\u00f3n del objetivo 7: Completado, utilizando las instalaciones aplicadas en los estudios anteriores para determinar como funcionar\u00eda el proceso en los dos casos comprometidos, siendo especialmente relevantes los resultados alcanzados en la acumulaci\u00f3n del excedente de energ\u00eda en parque solar. Se ha comprobado que es complicada la aplicaci\u00f3n a motor h\u00edbrido de autom\u00f3vil. Corresponde con las actividades descritas en la Actividad 9.<\/p>\n","protected":false},"excerpt":{"rendered":"<p>El proyecto ha concluido con \u00e9xito. Objetivo 1: Desarrollo de electrolizador basado en PBI, mediante el que se pretende optimizar el dise\u00f1o del electrolizador en cuanto a componentes (tipo de membrana, catalizador) y condiciones de operaci\u00f3n (presi\u00f3n, temperatura y composici\u00f3n de la corriente de SO2 que se alimenta). Progreso y consecuci\u00f3n del objetivo 1: Se &hellip; <\/p>\n<p class=\"link-more\"><a href=\"https:\/\/blog.uclm.es\/proyectoasepham\/6-progreso-del-proyecto\/\" class=\"more-link\">Continuar leyendo<span class=\"screen-reader-text\"> \u00ab6. Progreso del proyecto y Consecuci\u00f3n de Objetivos\u00bb<\/span><\/a><\/p>\n","protected":false},"author":213,"featured_media":0,"parent":0,"menu_order":0,"comment_status":"closed","ping_status":"closed","template":"","meta":{"footnotes":""},"class_list":["post-15","page","type-page","status-publish","hentry"],"_links":{"self":[{"href":"https:\/\/blog.uclm.es\/proyectoasepham\/wp-json\/wp\/v2\/pages\/15","targetHints":{"allow":["GET"]}}],"collection":[{"href":"https:\/\/blog.uclm.es\/proyectoasepham\/wp-json\/wp\/v2\/pages"}],"about":[{"href":"https:\/\/blog.uclm.es\/proyectoasepham\/wp-json\/wp\/v2\/types\/page"}],"author":[{"embeddable":true,"href":"https:\/\/blog.uclm.es\/proyectoasepham\/wp-json\/wp\/v2\/users\/213"}],"replies":[{"embeddable":true,"href":"https:\/\/blog.uclm.es\/proyectoasepham\/wp-json\/wp\/v2\/comments?post=15"}],"version-history":[{"count":0,"href":"https:\/\/blog.uclm.es\/proyectoasepham\/wp-json\/wp\/v2\/pages\/15\/revisions"}],"wp:attachment":[{"href":"https:\/\/blog.uclm.es\/proyectoasepham\/wp-json\/wp\/v2\/media?parent=15"}],"curies":[{"name":"wp","href":"https:\/\/api.w.org\/{rel}","templated":true}]}}