{"id":21,"date":"2019-01-17T11:29:38","date_gmt":"2019-01-17T10:29:38","guid":{"rendered":"http:\/\/blog.uclm.es\/proyectotecnocra\/?page_id=21"},"modified":"2025-12-02T11:39:44","modified_gmt":"2025-12-02T11:39:44","slug":"resumen","status":"publish","type":"page","link":"https:\/\/blog.uclm.es\/proyecto-intecra\/resumen\/","title":{"rendered":"Resumen"},"content":{"rendered":"\n<p>\u00a0El proyecto se plantea a partir de los resultados obtenidos en el proyecto <strong><a href=\"https:\/\/blog.uclm.es\/proyectotecnocra\/\">TecnoCRA<\/a><\/strong> anterior. Por tanto, la principal finalidad de este proyecto es <strong>integrar de forma natural los avances tecnol\u00f3gicos en el aula<\/strong>, de modo que <strong>faciliten la labor educativa de los docentes y mejore la experiencia de aprendizaje del alumnado<\/strong> teniendo en cuenta las particularidades de los <strong>Colegios Rurales Agrupados (CRA)<\/strong>.<\/p>\n\n\n\n<p><br>Para conseguirlo el proyecto se plantea con una doble finalidad. En primer lugar, <strong>avanzar en el conocimiento cient\u00edfico y t\u00e9cnico del campo de investigaci\u00f3n conocido internacionalmente como TEL (Technology-Enhanced Learning &#8211; Aprendizaje Enriquecido con Tecnolog\u00eda)<\/strong>. En este sentido se pretenden mejorar los resultados obtenidos previamente, aportando, por un lado, nuevos avances en el campo de la computaci\u00f3n afectiva e integrando mecanismos de gamificaci\u00f3n inteligente que mejoren la experiencia interactiva del sistema, a trav\u00e9s de la creaci\u00f3n de una robusta infraestructura basada en Fog Computing con tecnolog\u00eda IoT, que permita integrar adem\u00e1s nuevos sensores, aportar movilidad, e interactuar con el sistema de forma natural a trav\u00e9s de dispositivos wearables m\u00ednimamente invasivos e interacci\u00f3n basada en interfaces naturales.<\/p>\n\n\n\n<p><br>La segunda finalidad del proyecto ser\u00e1 <strong>aplicar estos conocimientos en el \u00e1mbito educativo de dos de los CRA (Colegio Rural Agrupado) existentes en Castilla-La Mancha<\/strong>, en concreto en el <a href=\"https:\/\/crasierradealcaraz.blogspot.com\/\" data-type=\"link\" data-id=\"https:\/\/crasierradealcaraz.blogspot.com\/\">CRA \u201cSierra de Alcaraz\u201d<\/a> ubicado en la provincia de Albacete e integrado por las secciones ubicadas en las localidades de Jard\u00edn, Pe\u00f1ascosa, Povedilla, Viveros y Robledo y, en segundo lugar, el<a href=\"https:\/\/cracaminodeanibal.blogspot.com\/\"> CRA \u201cCamino de An\u00edbal\u201d<\/a> que comprende los municipios de Lezuza, Tiriez y El Ballestero. <\/p>\n\n\n\n<blockquote class=\"wp-block-quote is-layout-flow wp-block-quote-is-layout-flow\">\n<p><strong>\u00abLas aplicaciones que se desarrollar\u00e1n permitir\u00e1n dar soporte a las actividades docentes en el \u00e1mbito de estos CRAs, tanto para la coordinaci\u00f3n del profesorado como para la participaci\u00f3n activa de padres y alumnos, enfatizando la interacci\u00f3n y comunicaci\u00f3n entre todos los agentes educativos\u00bb.<\/strong><\/p>\n<\/blockquote>\n\n\n\n<blockquote class=\"wp-block-quote is-layout-flow wp-block-quote-is-layout-flow\"><\/blockquote>\n\n\n\n<figure class=\"wp-block-image size-full\"><img loading=\"lazy\" decoding=\"async\" width=\"1280\" height=\"720\" src=\"https:\/\/blog.uclm.es\/proyecto-intecra\/wp-content\/uploads\/sites\/239\/2025\/12\/Figura_PROYECTO.png\" alt=\"\" class=\"wp-image-418\" srcset=\"https:\/\/blog.uclm.es\/proyecto-intecra\/wp-content\/uploads\/sites\/239\/2025\/12\/Figura_PROYECTO.png 1280w, https:\/\/blog.uclm.es\/proyecto-intecra\/wp-content\/uploads\/sites\/239\/2025\/12\/Figura_PROYECTO-300x169.png 300w, https:\/\/blog.uclm.es\/proyecto-intecra\/wp-content\/uploads\/sites\/239\/2025\/12\/Figura_PROYECTO-1024x576.png 1024w, https:\/\/blog.uclm.es\/proyecto-intecra\/wp-content\/uploads\/sites\/239\/2025\/12\/Figura_PROYECTO-768x432.png 768w, https:\/\/blog.uclm.es\/proyecto-intecra\/wp-content\/uploads\/sites\/239\/2025\/12\/Figura_PROYECTO-1200x675.png 1200w\" sizes=\"auto, (max-width: 709px) 85vw, (max-width: 909px) 67vw, (max-width: 1362px) 62vw, 840px\" \/><\/figure>\n\n\n\n<p>Las evaluaciones que se llevar\u00e1n a cabo cubren varios \u00e1mbitos, pues no s\u00f3lo se contempla una evaluaci\u00f3n de las aplicaciones desarrolladas desde el punto de vista operativo y de usabilidad, sino que tambi\u00e9n se plantea una <strong>evaluaci\u00f3n inicial del impacto socio-econ\u00f3mico en esas regiones de Castilla-La Mancha declaradas como zona ITI.<\/strong><\/p>\n\n\n\n<p>Entre los resultados del proyecto se esperan obtener avances en:<\/p>\n\n\n\n<ol class=\"wp-block-list\">\n<li>la <strong>tecnolog\u00eda IoT y dispositivos wearable<\/strong> aplicados en entornos educativos,<\/li>\n\n\n\n<li>el paradigma de <strong>computaci\u00f3n Fog Computing<\/strong>, como plataforma de gesti\u00f3n de la informaci\u00f3n,<\/li>\n\n\n\n<li>el campo de las <strong>interfaces de usuario naturales<\/strong>,<\/li>\n\n\n\n<li>el campo de la <strong>gamificaci\u00f3n en entornos educativos,<\/strong><\/li>\n\n\n\n<li>la incorporaci\u00f3n de <strong>sistemas de tutor\u00eda inteligentes (ITS),<\/strong><\/li>\n\n\n\n<li>la aplicaci\u00f3n de la <strong>computaci\u00f3n afectiva en el aula,<\/strong><\/li>\n\n\n\n<li>la generaci\u00f3n y evaluaci\u00f3n de <strong>prototipos aplicados a mejorar la actividad docente<\/strong>, y por \u00faltimo,<\/li>\n\n\n\n<li>avances en el campo de los m\u00e9todos de evaluaci\u00f3n de la <strong>calidad de uso<\/strong> y <strong>experiencia de usuario en entornos educativos<\/strong> enriquecidos con tecnolog\u00eda.<\/li>\n<\/ol>\n","protected":false},"excerpt":{"rendered":"<p>\u00a0El proyecto se plantea a partir de los resultados obtenidos en el proyecto TecnoCRA anterior. Por tanto, la principal finalidad de este proyecto es integrar de forma natural los avances tecnol\u00f3gicos en el aula, de modo que faciliten la labor educativa de los docentes y mejore la experiencia de aprendizaje del alumnado teniendo en cuenta &hellip; <a href=\"https:\/\/blog.uclm.es\/proyecto-intecra\/resumen\/\" class=\"more-link\">Continuar leyendo<span class=\"screen-reader-text\"> \u00abResumen\u00bb<\/span><\/a><\/p>\n","protected":false},"author":126,"featured_media":0,"parent":0,"menu_order":0,"comment_status":"closed","ping_status":"closed","template":"page-full.php","meta":{"footnotes":""},"class_list":["post-21","page","type-page","status-publish","hentry"],"_links":{"self":[{"href":"https:\/\/blog.uclm.es\/proyecto-intecra\/wp-json\/wp\/v2\/pages\/21","targetHints":{"allow":["GET"]}}],"collection":[{"href":"https:\/\/blog.uclm.es\/proyecto-intecra\/wp-json\/wp\/v2\/pages"}],"about":[{"href":"https:\/\/blog.uclm.es\/proyecto-intecra\/wp-json\/wp\/v2\/types\/page"}],"author":[{"embeddable":true,"href":"https:\/\/blog.uclm.es\/proyecto-intecra\/wp-json\/wp\/v2\/users\/126"}],"replies":[{"embeddable":true,"href":"https:\/\/blog.uclm.es\/proyecto-intecra\/wp-json\/wp\/v2\/comments?post=21"}],"version-history":[{"count":2,"href":"https:\/\/blog.uclm.es\/proyecto-intecra\/wp-json\/wp\/v2\/pages\/21\/revisions"}],"predecessor-version":[{"id":450,"href":"https:\/\/blog.uclm.es\/proyecto-intecra\/wp-json\/wp\/v2\/pages\/21\/revisions\/450"}],"wp:attachment":[{"href":"https:\/\/blog.uclm.es\/proyecto-intecra\/wp-json\/wp\/v2\/media?parent=21"}],"curies":[{"name":"wp","href":"https:\/\/api.w.org\/{rel}","templated":true}]}}