{"id":61,"date":"2019-09-30T08:56:05","date_gmt":"2019-09-30T07:56:05","guid":{"rendered":"http:\/\/blog.uclm.es\/proyectotecnocra\/?page_id=61"},"modified":"2019-09-30T08:56:05","modified_gmt":"2019-09-30T07:56:05","slug":"paquetes-de-trabajo","status":"publish","type":"page","link":"https:\/\/blog.uclm.es\/proyecto-impactcra\/paquetes-de-trabajo\/","title":{"rendered":"Paquetes de Trabajo"},"content":{"rendered":"\n<figure class=\"wp-block-image size-large\"><img decoding=\"async\" src=\"https:\/\/blog.uclm.es\/proyecto-impactcra\/proyecto-intecra\/wp-content\/uploads\/sites\/239\/2025\/12\/INTECRA_Paquetes-de-Trabajo-1024x629.png\" alt=\"\" class=\"wp-image-433\" \/><\/figure>\n\n\n\n<p><strong><em>PT0.<\/em> COORDINACI\u00d3N Y GESTI\u00d3N DEL PROYECTO<\/strong><\/p>\n\n\n\n<p>Luis Orozco y Mar\u00eda Lozano<\/p>\n\n\n\n<hr class=\"wp-block-separator has-alpha-channel-opacity\" \/>\n\n\n\n<p><em><strong>PT1.<\/strong> <\/em><strong>INTRAESTRUCTURA TECNOL\u00d3GICA BASADA EN FOG COMPUTING<\/strong><\/p>\n\n\n\n<p>Luis Orozco, Jos\u00e9 A. Gallud, Ricardo Tesoriero y F\u00e9lix Albertos<\/p>\n\n\n\n<ul class=\"wp-block-list\">\n<li>Arquitectura HW: Plataforma Fog computing<\/li>\n\n\n\n<li>Tecnolog\u00eda IoT, sensores, &#8230;<\/li>\n\n\n\n<li>Dispositivos Wearables<\/li>\n<\/ul>\n\n\n\n<hr class=\"wp-block-separator has-alpha-channel-opacity\" \/>\n\n\n\n<p><strong><em>PT2.<\/em> MECANISMOS DE GAMIFICACI\u00d3N INTELIGENTES<\/strong><\/p>\n\n\n\n<p>Mar\u00eda Lozano, Jos\u00e9 A. Gallud, F\u00e9lix Albertos,&nbsp; Eva Cerezo, Sandra Baldassarri y Effie Lai-Chong<\/p>\n\n\n\n<ul class=\"wp-block-list\">\n<li>Estrategias de Gamificaci\u00f3n. Definici\u00f3n e implementaci\u00f3n.<\/li>\n\n\n\n<li>Desarrollo de prototipos<\/li>\n\n\n\n<li>Evaluaci\u00f3n de prototipos aplicando PT5<\/li>\n<\/ul>\n\n\n\n<hr class=\"wp-block-separator has-alpha-channel-opacity\" \/>\n\n\n\n<p><strong><em>PT3.<\/em> COMPUTACI\u00d3N AFECTIVA<\/strong><\/p>\n\n\n\n<p>V\u00edctor Penichet, Mar\u00eda Lozano, Jos\u00e9 Mar\u00eda Garc\u00eda, Eva Cerezo, Sandra Baldassarri, Barbara Leporini y Effie Lai-Chong<\/p>\n\n\n\n<ul class=\"wp-block-list\">\n<li>Tecnolog\u00edas de CA. Definici\u00f3n e implementaci\u00f3n<\/li>\n\n\n\n<li>Desarrollo de prototipos<\/li>\n\n\n\n<li>Evaluaci\u00f3n de prototipos aplicando PT5<\/li>\n<\/ul>\n\n\n\n<hr class=\"wp-block-separator has-alpha-channel-opacity\" \/>\n\n\n\n<p><strong><em>PT4.<\/em> ARQUITECTURA SOFTWARE DE LOS PROTOTIPOS<\/strong><\/p>\n\n\n\n<p>Jos\u00e9 A. Gallud, Ricardo Tesoriero, Gabriel Sebastian y Jos\u00e9 Mar\u00eda Garc\u00eda<\/p>\n\n\n\n<ul class=\"wp-block-list\">\n<li>Dise\u00f1o e implementaci\u00f3n de la Arquitectura SW considerando PT1<\/li>\n\n\n\n<li>Configuraci\u00f3n de Servidores y despliegue de la arquitectura definida<\/li>\n<\/ul>\n\n\n\n<hr class=\"wp-block-separator has-alpha-channel-opacity\" \/>\n\n\n\n<p><strong><em>PT5. <\/em>M\u00c9TODOS DE EVALUACI\u00d3N DE LOS SISTEMAS DESARROLLADOS<\/strong><\/p>\n\n\n\n<p>Mar\u00eda Lozano, Gabriel Sebastian y Effie Lai-Chong<\/p>\n\n\n\n<ul class=\"wp-block-list\">\n<li>T\u00e9cnicas de evaluaci\u00f3n de la calidad de uso de los prototipos<\/li>\n\n\n\n<li>Protocolos y Plantillas<\/li>\n<\/ul>\n\n\n\n<hr class=\"wp-block-separator has-alpha-channel-opacity\" \/>\n\n\n\n<p><strong><em>PT6. <\/em>IMPACTO SOCIO-ECON\u00d3MICO DEL PROYECTO<\/strong><\/p>\n\n\n\n<p>Gabriel Sebastian, Mar\u00eda Lozano y F\u00e9lix Albertos<\/p>\n\n\n\n<ul class=\"wp-block-list\">\n<li>Dise\u00f1o de cuestionarios para los distintos agentes implicados<\/li>\n\n\n\n<li>An\u00e1lisis y evaluaci\u00f3n de resultados<\/li>\n<\/ul>\n","protected":false},"excerpt":{"rendered":"<p>PT0. COORDINACI\u00d3N Y GESTI\u00d3N DEL PROYECTO Luis Orozco y Mar\u00eda Lozano PT1. INTRAESTRUCTURA TECNOL\u00d3GICA BASADA EN FOG COMPUTING Luis Orozco, Jos\u00e9 A. Gallud, Ricardo Tesoriero y F\u00e9lix Albertos PT2. MECANISMOS DE GAMIFICACI\u00d3N INTELIGENTES Mar\u00eda Lozano, Jos\u00e9 A. Gallud, F\u00e9lix Albertos,&nbsp; Eva Cerezo, Sandra Baldassarri y Effie Lai-Chong PT3. COMPUTACI\u00d3N AFECTIVA V\u00edctor Penichet, Mar\u00eda Lozano, Jos\u00e9 &hellip; <a href=\"https:\/\/blog.uclm.es\/proyecto-impactcra\/paquetes-de-trabajo\/\" class=\"more-link\">Continuar leyendo<span class=\"screen-reader-text\"> \u00abPaquetes de Trabajo\u00bb<\/span><\/a><\/p>\n","protected":false},"author":6,"featured_media":0,"parent":0,"menu_order":0,"comment_status":"closed","ping_status":"closed","template":"page-full.php","meta":{"footnotes":""},"class_list":["post-61","page","type-page","status-publish","hentry"],"_links":{"self":[{"href":"https:\/\/blog.uclm.es\/proyecto-impactcra\/wp-json\/wp\/v2\/pages\/61","targetHints":{"allow":["GET"]}}],"collection":[{"href":"https:\/\/blog.uclm.es\/proyecto-impactcra\/wp-json\/wp\/v2\/pages"}],"about":[{"href":"https:\/\/blog.uclm.es\/proyecto-impactcra\/wp-json\/wp\/v2\/types\/page"}],"author":[{"embeddable":true,"href":"https:\/\/blog.uclm.es\/proyecto-impactcra\/wp-json\/wp\/v2\/users\/6"}],"replies":[{"embeddable":true,"href":"https:\/\/blog.uclm.es\/proyecto-impactcra\/wp-json\/wp\/v2\/comments?post=61"}],"version-history":[{"count":0,"href":"https:\/\/blog.uclm.es\/proyecto-impactcra\/wp-json\/wp\/v2\/pages\/61\/revisions"}],"wp:attachment":[{"href":"https:\/\/blog.uclm.es\/proyecto-impactcra\/wp-json\/wp\/v2\/media?parent=61"}],"curies":[{"name":"wp","href":"https:\/\/api.w.org\/{rel}","templated":true}]}}