{"id":343,"date":"2019-01-17T11:12:38","date_gmt":"2019-01-17T10:12:38","guid":{"rendered":"http:\/\/blog.uclm.es\/proyectotecnocra\/?page_id=14"},"modified":"2019-01-17T11:12:38","modified_gmt":"2019-01-17T10:12:38","slug":"investigadores","status":"publish","type":"page","link":"https:\/\/blog.uclm.es\/proyecto-impactcra\/investigadores\/","title":{"rendered":"Investigadores"},"content":{"rendered":"\n<ul class=\"wp-block-list\">\n<li><strong>Mar\u00eda Dolores Lozano P\u00e9rez<\/strong> (IP)<\/li>\n<\/ul>\n\n\n\n<p>Doctora en Ingenier\u00eda Inform\u00e1tica<br>Catedr\u00e1tica de Universidad<\/p>\n\n\n\n<hr class=\"wp-block-separator aligncenter has-alpha-channel-opacity\" \/>\n\n\n\n<ul class=\"wp-block-list\">\n<li><strong>Luis Orozco Barbosa<\/strong> (IP)<\/li>\n<\/ul>\n\n\n\n<p>Doctor en Ingenier\u00eda Inform\u00e1tica<br>Catedr\u00e1tico de Universidad<\/p>\n\n\n\n<hr class=\"wp-block-separator has-alpha-channel-opacity\" \/>\n\n\n\n<ul class=\"wp-block-list\">\n<li><strong>Jos\u00e9 Antonio Gallud L\u00e1zaro<\/strong><\/li>\n<\/ul>\n\n\n\n<p>Doctor en Ingenier\u00eda Inform\u00e1tica<br>Catedr\u00e1tico de Universidad<\/p>\n\n\n\n<hr class=\"wp-block-separator has-alpha-channel-opacity\" \/>\n\n\n\n<ul class=\"wp-block-list\">\n<li><strong>V\u00edctor Manuel Ruiz Penichet<\/strong><\/li>\n<\/ul>\n\n\n\n<p>Doctor en Ingenier\u00eda Inform\u00e1tica<br>Catedr\u00e1tico de Universidad<\/p>\n\n\n\n<hr class=\"wp-block-separator has-alpha-channel-opacity\" \/>\n\n\n\n<ul class=\"wp-block-list\">\n<li><strong>Ricardo Tesoriero Pszytula<\/strong><\/li>\n<\/ul>\n\n\n\n<p>Doctor en Ingenier\u00eda Inform\u00e1tica<br>Catedr\u00e1tico de Universidad<\/p>\n\n\n\n<hr class=\"wp-block-separator has-alpha-channel-opacity\" \/>\n\n\n\n<ul class=\"wp-block-list\">\n<li><strong>Juan Enrique Garrido<\/strong><\/li>\n<\/ul>\n\n\n\n<p>Doctor en Ingenier\u00eda Inform\u00e1tica<br>Titular de Universidad<\/p>\n\n\n\n<hr class=\"wp-block-separator has-alpha-channel-opacity\" \/>\n\n\n\n<ul class=\"wp-block-list\">\n<li><strong>Gabriel Sebasti\u00e1n Rivera<\/strong><\/li>\n<\/ul>\n\n\n\n<p>Doctor en Ingenier\u00eda Inform\u00e1tica<br>Titular de Universidad<\/p>\n\n\n\n<hr class=\"wp-block-separator has-alpha-channel-opacity\" \/>\n\n\n\n<ul class=\"wp-block-list\">\n<li><strong>F\u00e9lix Albertos Marco<\/strong><\/li>\n<\/ul>\n\n\n\n<p>Doctor en Ingenier\u00eda Inform\u00e1tica<br>Titular de Universidad<\/p>\n\n\n\n<hr class=\"wp-block-separator has-alpha-channel-opacity\" \/>\n\n\n\n<ul class=\"wp-block-list\">\n<li><strong>Felipe Costa T\u00e9bar<\/strong><\/li>\n<\/ul>\n\n\n\n<p>Estudiante de Doctorado en Tecnolog\u00edas Avanzadas<\/p>\n\n\n\n<hr class=\"wp-block-separator has-alpha-channel-opacity\" \/>\n\n\n\n<ul class=\"wp-block-list\">\n<li><strong>Luc\u00eda Polo Mart\u00ednez<\/strong><\/li>\n<\/ul>\n\n\n\n<p>Estudiante de Doctorado en Tecnolog\u00edas Avanzadas<\/p>\n\n\n\n<hr class=\"wp-block-separator has-alpha-channel-opacity\" \/>\n\n\n\n<ul class=\"wp-block-list\">\n<li><strong>Bel\u00e9n Luna Lorente<\/strong><\/li>\n<\/ul>\n\n\n\n<p>Estudiante de Doctorado en Tecnolog\u00edas Avanzadas<\/p>\n\n\n\n<hr class=\"wp-block-separator has-alpha-channel-opacity\" \/>\n","protected":false},"excerpt":{"rendered":"<p>Doctora en Ingenier\u00eda Inform\u00e1ticaCatedr\u00e1tica de Universidad Doctor en Ingenier\u00eda Inform\u00e1ticaCatedr\u00e1tico de Universidad Doctor en Ingenier\u00eda Inform\u00e1ticaCatedr\u00e1tico de Universidad Doctor en Ingenier\u00eda Inform\u00e1ticaCatedr\u00e1tico de Universidad Doctor en Ingenier\u00eda Inform\u00e1ticaCatedr\u00e1tico de Universidad Doctor en Ingenier\u00eda Inform\u00e1ticaTitular de Universidad Doctor en Ingenier\u00eda Inform\u00e1ticaTitular de Universidad Doctor en Ingenier\u00eda Inform\u00e1ticaTitular de Universidad Estudiante de Doctorado en Tecnolog\u00edas Avanzadas Estudiante &hellip; <a href=\"https:\/\/blog.uclm.es\/proyecto-impactcra\/investigadores\/\" class=\"more-link\">Continuar leyendo<span class=\"screen-reader-text\"> \u00abInvestigadores\u00bb<\/span><\/a><\/p>\n","protected":false},"author":6,"featured_media":0,"parent":0,"menu_order":0,"comment_status":"closed","ping_status":"closed","template":"page-full.php","meta":{"footnotes":""},"class_list":["post-343","page","type-page","status-publish","hentry"],"_links":{"self":[{"href":"https:\/\/blog.uclm.es\/proyecto-impactcra\/wp-json\/wp\/v2\/pages\/343","targetHints":{"allow":["GET"]}}],"collection":[{"href":"https:\/\/blog.uclm.es\/proyecto-impactcra\/wp-json\/wp\/v2\/pages"}],"about":[{"href":"https:\/\/blog.uclm.es\/proyecto-impactcra\/wp-json\/wp\/v2\/types\/page"}],"author":[{"embeddable":true,"href":"https:\/\/blog.uclm.es\/proyecto-impactcra\/wp-json\/wp\/v2\/users\/6"}],"replies":[{"embeddable":true,"href":"https:\/\/blog.uclm.es\/proyecto-impactcra\/wp-json\/wp\/v2\/comments?post=343"}],"version-history":[{"count":0,"href":"https:\/\/blog.uclm.es\/proyecto-impactcra\/wp-json\/wp\/v2\/pages\/343\/revisions"}],"wp:attachment":[{"href":"https:\/\/blog.uclm.es\/proyecto-impactcra\/wp-json\/wp\/v2\/media?parent=343"}],"curies":[{"name":"wp","href":"https:\/\/api.w.org\/{rel}","templated":true}]}}