{"id":3247,"date":"2025-01-29T12:52:42","date_gmt":"2025-01-29T11:52:42","guid":{"rendered":"https:\/\/blog.uclm.es\/prodigitaluclm\/?page_id=3247"},"modified":"2025-02-19T15:36:11","modified_gmt":"2025-02-19T14:36:11","slug":"objetivos","status":"publish","type":"page","link":"https:\/\/blog.uclm.es\/prodigitaluclm\/objetivos\/","title":{"rendered":"Objetivos"},"content":{"rendered":"\n<p>Los objetivos de estos proyectos de investigaci\u00f3n se&nbsp;centran en la<strong>&nbsp;inclusi\u00f3n tecnol\u00f3gica de colectivos vulnerables<\/strong>.<\/p>\n\n\n\n<p><strong>Prodigia<\/strong>\u00a0es el acr\u00f3nimo del proyecto de investigaci\u00f3n\u00a0<strong>nacional\u00a0<\/strong><em>\u201cProtecci\u00f3n jur\u00eddica y oportunidades de los colectivos vulnerables ante la digitalizaci\u00f3n y la inteligencia artificial\u201d<\/em>\u00a0(PID2021-124967OB-I00), financiado por MCIN\/AEI\/10.13039\/501100011033\/FEDER, UE.<\/p>\n\n\n<div class=\"wp-block-image\">\n<figure class=\"aligncenter size-full is-resized\"><img loading=\"lazy\" decoding=\"async\" width=\"699\" height=\"227\" src=\"https:\/\/blog.uclm.es\/prodigitaluclm\/wp-content\/uploads\/sites\/288\/2025\/02\/Logo-PRODIGIA.png\" alt=\"\" class=\"wp-image-3302\" style=\"width:388px;height:auto\" srcset=\"https:\/\/blog.uclm.es\/prodigitaluclm\/wp-content\/uploads\/sites\/288\/2025\/02\/Logo-PRODIGIA.png 699w, https:\/\/blog.uclm.es\/prodigitaluclm\/wp-content\/uploads\/sites\/288\/2025\/02\/Logo-PRODIGIA-300x97.png 300w\" sizes=\"auto, (max-width: 699px) 100vw, 699px\" \/><\/figure>\n<\/div>\n\n\n<p><strong>Prodigital\u00a0<\/strong>es el acr\u00f3nimo del proyecto de investigaci\u00f3n\u00a0<strong>regional\u00a0<\/strong><em>\u201cDigitalizaci\u00f3n y colectivos vulnerables: protecci\u00f3n, garant\u00edas y propuestas para su implantaci\u00f3n en Castilla-La Mancha<\/em> (SBPLY\/21\/180501\/000089), financiado por JCCM\/FEDER, UE.<\/p>\n\n\n<div class=\"wp-block-image\">\n<figure class=\"aligncenter size-full is-resized\"><img loading=\"lazy\" decoding=\"async\" width=\"712\" height=\"179\" src=\"https:\/\/blog.uclm.es\/prodigitaluclm\/wp-content\/uploads\/sites\/288\/2025\/02\/Logo-PRODIGITAL-1.png\" alt=\"\" class=\"wp-image-3305\" style=\"width:422px;height:auto\" srcset=\"https:\/\/blog.uclm.es\/prodigitaluclm\/wp-content\/uploads\/sites\/288\/2025\/02\/Logo-PRODIGITAL-1.png 712w, https:\/\/blog.uclm.es\/prodigitaluclm\/wp-content\/uploads\/sites\/288\/2025\/02\/Logo-PRODIGITAL-1-300x75.png 300w\" sizes=\"auto, (max-width: 712px) 100vw, 712px\" \/><\/figure>\n<\/div>\n\n\n<p>Ambos proyectos se dirigen a analizar el impacto de los procesos de digitalizaci\u00f3n en la sociedad y, en particular, con relaci\u00f3n a aquellos sujetos o colectivos que pueden considerarse vulnerables o que se encuentran en una situaci\u00f3n desventajosa para acceder a los bienes y servicios de la sociedad digital. Se trata, en definitiva, de abordar las denominadas&nbsp;<strong>\u201cbrechas digitales\u201d<\/strong>&nbsp;referidas a las personas con discapacidad, a quienes viven o desarrollan su actividad profesional en entornos rurales o a las mujeres.<\/p>\n\n\n\n<p>Mientras el \u00e1mbito territorial de estudio de&nbsp;<strong>Prodigital<\/strong>&nbsp;se centra en Castilla-La Mancha,&nbsp;<strong>Prodigia<\/strong>&nbsp;tiene una vocaci\u00f3n de aplicaci\u00f3n m\u00e1s amplia, incorporando adem\u00e1s los pros y contras que est\u00e1 planteando la&nbsp;<strong>\u201cInteligencia Artificial\u201d<\/strong>.<\/p>\n","protected":false},"excerpt":{"rendered":"<p>Los objetivos de estos proyectos de investigaci\u00f3n se&nbsp;centran en la&nbsp;inclusi\u00f3n tecnol\u00f3gica de colectivos vulnerables. Prodigia\u00a0es el acr\u00f3nimo del proyecto de investigaci\u00f3n\u00a0nacional\u00a0\u201cProtecci\u00f3n jur\u00eddica y oportunidades de los colectivos vulnerables ante la digitalizaci\u00f3n y la inteligencia artificial\u201d\u00a0(PID2021-124967OB-I00), financiado por MCIN\/AEI\/10.13039\/501100011033\/FEDER, UE. Prodigital\u00a0es el acr\u00f3nimo del proyecto de investigaci\u00f3n\u00a0regional\u00a0\u201cDigitalizaci\u00f3n y colectivos vulnerables: protecci\u00f3n, garant\u00edas y propuestas para su [&hellip;]<\/p>\n","protected":false},"author":477,"featured_media":0,"parent":0,"menu_order":0,"comment_status":"closed","ping_status":"closed","template":"","meta":{"footnotes":""},"class_list":["post-3247","page","type-page","status-publish","hentry"],"_links":{"self":[{"href":"https:\/\/blog.uclm.es\/prodigitaluclm\/wp-json\/wp\/v2\/pages\/3247","targetHints":{"allow":["GET"]}}],"collection":[{"href":"https:\/\/blog.uclm.es\/prodigitaluclm\/wp-json\/wp\/v2\/pages"}],"about":[{"href":"https:\/\/blog.uclm.es\/prodigitaluclm\/wp-json\/wp\/v2\/types\/page"}],"author":[{"embeddable":true,"href":"https:\/\/blog.uclm.es\/prodigitaluclm\/wp-json\/wp\/v2\/users\/477"}],"replies":[{"embeddable":true,"href":"https:\/\/blog.uclm.es\/prodigitaluclm\/wp-json\/wp\/v2\/comments?post=3247"}],"version-history":[{"count":4,"href":"https:\/\/blog.uclm.es\/prodigitaluclm\/wp-json\/wp\/v2\/pages\/3247\/revisions"}],"predecessor-version":[{"id":3389,"href":"https:\/\/blog.uclm.es\/prodigitaluclm\/wp-json\/wp\/v2\/pages\/3247\/revisions\/3389"}],"wp:attachment":[{"href":"https:\/\/blog.uclm.es\/prodigitaluclm\/wp-json\/wp\/v2\/media?parent=3247"}],"curies":[{"name":"wp","href":"https:\/\/api.w.org\/{rel}","templated":true}]}}