{"id":1186,"date":"2023-09-27T12:01:10","date_gmt":"2023-09-27T12:01:10","guid":{"rendered":"https:\/\/prodigital.web.uclm.es\/?page_id=1186"},"modified":"2026-02-25T22:00:29","modified_gmt":"2026-02-25T21:00:29","slug":"publicaciones","status":"publish","type":"page","link":"https:\/\/blog.uclm.es\/prodigitaluclm\/publicaciones\/","title":{"rendered":"Publicaciones"},"content":{"rendered":"\n<p><\/p>\n\n\n\n<p class=\"has-text-align-center\"><strong>LIBROS <\/strong><\/p>\n\n\n\n<p><\/p>\n\n\n\n<p><strong>Jos\u00e9 Antonio Moreno Molina, <\/strong><em><a href=\"https:\/\/prodigital.web.uclm.es\/wp-content\/uploads\/2024\/03\/LIBRO-DCHO-BUENA-ADMINISTRACION-1.pdf\">El derecho a una buena administraci\u00f3n<\/a>, <\/em>Ediciones de la Universidad de Castilla-La Mancha, Cuenca, 2022. ISBN: 978-84-9044-538-9<\/p>\n\n\n\n<p><strong>Francisco Puerta Seguido, <\/strong><em><a href=\"https:\/\/www.iustel.com\/\/diario_del_derecho\/noticia.asp?ref_iustel=1228258&amp;popup=\">La colaboraci\u00f3n p\u00fablico-privada en el desarrollo y explotaci\u00f3n de infraestructuras viarias: \u201cuna de arena y otra de cal\u201d<\/a>, <\/em>Iustel, Madrid, 2022. ISBN: 978-84-9890-444-4<\/p>\n\n\n\n<p><strong>Susana de la Sierra y Evangelia Psychogiopoulou (eds.), <\/strong><em><a href=\"https:\/\/www.e-elgar.com\/shop\/gbp\/digital-media-governance-and-supranational-courts-9781802202991.html\">Digital Media Governance and Supranational Courts<\/a>, <\/em>Edward Elgar Publishing, Cheltenham, 2022. ISBN: 978-1-80220-299-1<\/p>\n\n\n\n<p><strong>Francisco Bariffi, <\/strong><em><a href=\"https:\/\/back.cermi.es\/catalog\/document\/file\/3updw-por-una-gobernanza-inclusiva-de-la-inteligencia-artificial-en-las-empresas-y-organizaciones-para-un-mejor-y-mayor-empleo-de-las-personas-con-discapacidad---inclusion-37---accesible.pdf\">Por una gobernanza inclusiva de la inteligencia artificial en las empresas y organizaciones para un mejor y mayor empleo de las personas con discapacidad<\/a>, <\/em>Cinca, Madrid, 2024. ISBN: 978-84-10167-06-3<\/p>\n\n\n\n<p><strong>Juana Morcillo Moreno<\/strong>, <em><a href=\"https:\/\/editorial.tirant.com\/es\/ebook\/la-directiva-de-accesibilidad-y-su-implantacion-en-espana-un-estudio-critico-juana-morcillo-moreno-9788413367705\">La Directiva de Accesibilidad y su implantaci\u00f3n en Espa\u00f1a: un estudio cr\u00edtico<\/a>, <\/em>Tirant lo Blanch, Valencia, 2024. ISBN: 978-84-1336-770-5<\/p>\n\n\n\n<p><strong>Pablo Meix Cereceda<\/strong>, <em><a href=\"https:\/\/www.iustel.com\/\/editorial\/default.asp?ficha=1&amp;referencia=90125210&amp;popup=\">Lenguaje, poder y derecho en la Edad de la informaci\u00f3n<\/a><\/em>, Iustel, Madrid, 2025. ISBN: 9788498905007<\/p>\n\n\n\n<p><strong>VV.AA.<\/strong> <a href=\"https:\/\/www.aranzadilaley.es\/tienda\/estado-social-digital\"><em>El Estado social digital. Poderes p\u00fablicos, Inteligencia Artificial y derechos<\/em>. <\/a>Susana de la Sierra, Juana Morcillo Moreno y Pablo Meix Cereceda (dirs.). Aranzadi-La Ley, Madrid, 2025. ISBN: 978-84-1085-397-3<\/p>\n\n\n\n<p class=\"has-text-align-center\"><strong>CAP\u00cdTULOS DE<\/strong> <strong>LIBROS <\/strong><\/p>\n\n\n\n<p><strong>Susana de la Sierra<\/strong>, \u201cLa ciudadan\u00eda digital en el entorno rural: acci\u00f3n p\u00fablica para luchar contra la despoblaci\u00f3n\u201d, en Carmen Navarro, \u00c1ngel Ra\u00fal Ruiz, Francisco Velasco y Jorge Castillo (eds.), <em><a href=\"https:\/\/www.idluam.org\/blog\/wp-content\/uploads\/2022\/12\/2022_Actas_Congreso_Despoblacion.pdf\">Actas del I Congreso interdisciplinar sobre despoblaci\u00f3n. Diagn\u00f3stico, territorio y gobierno local<\/a><\/em>, Instituto de Derecho Local de la Universidad Aut\u00f3noma de Madrid, Madrid, 2023, ISBN 979-83-6821-345-3, pp. 43-56.<\/p>\n\n\n\n<p><strong>Susana de la Sierra<\/strong>, \u201cLos procesos de transformaci\u00f3n digital, las brechas y la lucha contra la despoblaci\u00f3n: \u00bfHacia una procura existencial digital?\u201d, en Carmen Navarro, \u00c1ngel Ra\u00fal Ruiz y Francisco Velasco (dirs.), <em><a href=\"https:\/\/www.marcialpons.es\/libros\/despoblacion-territorio-y-gobiernos-locales\/9788413816258\/\">Despoblaci\u00f3n, territorio y gobiernos locales<\/a><\/em>, Marcial Pons, Madrid, 2023, ISBN: 978-84-1381-625-8, pp. 120-142.<\/p>\n\n\n\n<p><strong>Jos\u00e9 Antonio Moreno Molina<\/strong>, \u201cLa interpretaci\u00f3n del Derecho de la contrataci\u00f3n p\u00fablica por la reciente jurisprudencia del Tribunal de Justicia de la Uni\u00f3n Europea\u201d, en Jos\u00e9 Mar\u00eda Gimeno (dir.) y Carmen de Guerrero (coord.), <a href=\"https:\/\/dialnet.unirioja.es\/servlet\/libro?codigo=932758\"><em>Observatorio de los Contratos P\u00fablicos 2022<\/em><\/a>, Aranzadi, Cizur Menor, 2023, ISBN: 978-84-1163-677-3, pp. 49-73.<\/p>\n\n\n\n<p><strong>Francisco Puerta Seguido<\/strong>, \u201cFundamentos jur\u00eddicos para el desarrollo de buenas pr\u00e1cticas sobre contrataci\u00f3n p\u00fablica socialmente responsable\u201d, en Jos\u00e9 Antonio Moreno y Rodolfo Cancino (coords.), <em>Mejores pr\u00e1cticas en la Contrataci\u00f3n P\u00fablica<\/em>, Bosch, Barcelona, 2023. ISBN 978-84-9090-728-3<\/p>\n\n\n\n<p><strong>Susana de la Sierra<\/strong>, \u201cEuropean integration, digitalization and the Brussels Effect\u00bb, <em><a href=\"https:\/\/blog.uclm.es\/catedrajeanmonnet\/wp-content\/uploads\/sites\/26\/2023\/11\/No.3-2023-1.pdf\">3\/23 Preprints series of the Center for European Studies Luis Ortega \u00c1lvarez and the Jean Monnet Chair of European Administrative Law in Global Perspective<\/a><\/em>, 2023.<\/p>\n\n\n\n<p><strong>Susana de la Sierra<\/strong>, \u201cLa Administraci\u00f3n europea\u201d, en Francisco Velasco y M\u00aa Merc\u00e8 Darnaculleta (dirs.), <em><a href=\"https:\/\/www.marcialpons.es\/libros\/mejores-practicas-en-la-contratacion-publica\/9788490907283\/\">Manual de Derecho administrativo<\/a><\/em>, Marcial Pons, Madrid, 2023, pp. 297-316.&nbsp;<\/p>\n\n\n\n<p><strong>Carmen Plaza Mart\u00edn<\/strong>, \u201cProtecci\u00f3n administrativa: el r\u00e9gimen de infracciones y sanciones en la Ley General\u201d, en Rafael de Lorenzo y Luis Cayo P\u00e9rez (dirs.), <em><a href=\"https:\/\/www.dykinson.com\/libros\/la-ley-general-de-derechos-de-las-personas-con-discapacidad-y-de-su-inclusion-social-2013-2023-balance-critico\/9788411620321\/\">La Ley General de derechos de las personas con discapacidad y de su inclusi\u00f3n social (2013-2023). Balance cr\u00edtico<\/a><\/em>, Aranzadi, Pamplona, 2024, pp. 249-271.<\/p>\n\n\n\n<p><strong>H\u00e9ctor \u00c1lvarez Garc\u00eda<\/strong>, \u201cLa educaci\u00f3n inclusiva en Espa\u00f1a\u201d, en Bartolom\u00e9 Piz\u00e0-Mir et al (coords.)&nbsp; <em><a href=\"https:\/\/www.dykinson.com\/libros\/herramienta-del-desarrollo-integral-humano-avances-senderos-y-miradas-desde-un-enfoque-integrado-en-los-objetivos-del-desarrollo-sostenible\/9788411705837\/\">Herramienta del desarrollo integral humano: avances, senderos y miradas desde un enfoque integrado en los objetivos del desarrollo sostenible<\/a><\/em>. Dykinson, Madrid, 2024, pp. 139-157.<\/p>\n\n\n\n<p><strong>H\u00e9ctor \u00c1lvarez Garc\u00eda<\/strong>, en \u201cPersonas mayores y discapacidad\u201d, en Judith Gifreu (dir.) <em><a href=\"https:\/\/tienda.aranzadilaley.es\/\">El envejecimiento activo como nuevo reto para los gobiernos locales: la construcci\u00f3n jur\u00eddica de servicios p\u00fablicos y espacios amigables para las personas mayores. <\/a><\/em>Aranzadi, Madrid, 2024.<\/p>\n\n\n\n<p><strong>Susana de la Sierra.<\/strong> \u201cComentarios a los art\u00edculos 100 y 101, relativos a sanciones\u201d. En: VV.AA. <em><a href=\"https:\/\/tienda.aranzadilaley.es\/comentarios-al-reglamento-europeo-de-inteligencia-artificial\">Comentarios al Reglamento Europeo de Inteligencia Artificial.<\/a><\/em> Mois\u00e9s Barrio Andr\u00e9s (dir.). La Ley, Madrid, 2024, pp. 844-850.<\/p>\n\n\n\n<p><strong>Juana Morcillo Moreno<\/strong>, \u201cInteligencia Artificial y discapacidad: entre el optimismo y la prevenci\u00f3n\u201d. En: VV.AA. <em><a href=\"http:\/\/El valor de la persona en tiempos de la Inteligencia Artificial\">El valor de la persona en tiempos de la Inteligencia Artificial<\/a><\/em>. Mar\u00eda \u00c1ngela Jim\u00e9nez Monta\u00f1\u00e9s, Susana Villaluenga de Gracia y Alicia Valma\u00f1a Ocha\u00edta (dirs.). Tirant Lo Blanch, Valencia, 2025, pp. 251-282.<\/p>\n\n\n\n<p><strong>Susana de la Sierra,<\/strong> \u201cThe European Union&#8217;s Internal Market, Susana de la Sierra\u201d. En: VV.AA. <em><a href=\"https:\/\/global.oup.com\/academic\/product\/the-international-law-of-economic-integration-9780192871626?cc=es&amp;lang=en&amp;#\">The International Law of Economic Integration<\/a><\/em>. Julien Chaisse and Christoph Herrmann (dirs.), OUP, 2025.<\/p>\n\n\n\n<p><strong>Juana Morcillo Moreno,<\/strong> \u201cApoyos al ejercicio de la capacidad jur\u00eddica y salud mental\u201d. En: VV.AA. <em><a href=\"https:\/\/blog.uclm.es\/prodigitaluclm\/wp-content\/uploads\/sites\/288\/2025\/10\/la-salud-mental-como-cuestion-de-derechos-humanos-cermi.es-93-accesible.pdf\">La salud mental como cuesti\u00f3n de Derechos Humanos<\/a><\/em>. Paula P\u00e9rez S\u00e1nchez (ed.). Cinca, Madrid, 2025, pp. 77-107.<\/p>\n\n\n\n<p><strong>Susana de la Sierra<\/strong>, \u201cAI in the Spanish Public Sector\u201d en VV.AA. <em><a href=\"https:\/\/link.springer.com\/chapter\/10.1007\/978-3-032-06490-5_5\">The EU Digital Regulation and its Impact on Member States<\/a><\/em>, Springer, Cham, 2026, 978-3-032-06489-9, pp 125\u2013148.<\/p>\n\n\n\n<p class=\"has-text-align-center\"><strong>ART\u00cdCULOS DE REVISTA<\/strong><\/p>\n\n\n\n<p><strong>Pablo Meix Cereceda (con Guillermo Ram\u00f3n Ruiz),<\/strong> \u201cEl derecho a la educaci\u00f3n. Perspectivas supranacionales y constitucionales\u201d, presentaci\u00f3n del n\u00famero monogr\u00e1fico dedicado al derecho a la educaci\u00f3n, coordinado por ambos profesores, en la <em><a href=\"https:\/\/revistas.uam.es\/jospoe\/article\/view\/18545\/16849\">Journal of Supranational Policies of Education<\/a><\/em>, n\u00fam. 18 (2023), ISSN: 2340-6720, pp. 1-5<\/p>\n\n\n\n<p><strong>Juan Azor\u00edn Toboso,<\/strong> \u201cLa educaci\u00f3n en derechos humanos en la era digital\u201d, <em><a href=\"https:\/\/revistas.uam.es\/jospoe\/article\/view\/17292\">Journal of Supranational Policies of Education<\/a><\/em>, n\u00fam. 18 (2023), ISSN: 2340-6720, pp. 45-64<\/p>\n\n\n\n<p><strong>Francisco Puerta Seguido (con Jes\u00fas Punz\u00f3n),<\/strong> \u201cEl dif\u00edcil equilibrio entre el derecho a la desconexi\u00f3n digital y la disponibilidad en el \u00e1mbito del empleo p\u00fablico\u201d, Gabilex: <em><a href=\"https:\/\/gabinetejuridico.castillalamancha.es\/ediciones\">Revista del Gabinete Jur\u00eddico de Castilla-La Mancha. Junta de Comunidades de Castilla-La Mancha<\/a><\/em>, n\u00fam. 36 (2023), ISSN-e: 2386-8104, pp. 233-306.<\/p>\n\n\n\n<p><strong>H\u00e9ctor \u00c1lvarez Garc\u00eda<\/strong>, \u201cLa discriminaci\u00f3n algor\u00edtmica por raz\u00f3n de discapacidad\u201d, <em><a href=\"https:\/\/www.upo.es\/revistas\/index.php\/ripp\/issue\/view\/460\/194\">Revista Internacional de Pensamiento Pol\u00edtico<\/a><\/em>, n\u00fam. 18 (2023), ISSN: 1885-589X, pp. 17-41.<\/p>\n\n\n\n<p><strong>Pablo Meix Cereceda<\/strong>, \u201cEl hiyab en el Derecho de la Uni\u00f3n Europea: reflexiones sobre el principio de neutralidad religiosa y el concepto de discriminaci\u00f3n\u201d, <em><a href=\"https:\/\/www.iustel.com\/\/v2\/revistas\/detalle_revista.asp?numero=61&amp;id=13&amp;popup=\">Revista General de Derecho Europeo<\/a><\/em>, n\u00fam. 61 (2023) (RI \u00a7426578). ISSN 1696-9634<\/p>\n\n\n\n<p><strong>H\u00e9ctor \u00c1lvarez Garc\u00eda<\/strong>. \u201cLa discriminaci\u00f3n algor\u00edtmica por raz\u00f3n de discapacidad\u201d. <a href=\"https:\/\/www.upo.es\/revistas\/index.php\/ripp\/article\/view\/8103\/8296\"><em>Revista internacional de pensamiento pol\u00edtico<\/em><\/a> &#8211; I \u00e9poca &#8211; vol. 18 \u2013 2023, pp. 7-41. ISSN 1885-589X.<\/p>\n\n\n\n<p><strong>Pablo Meix Cereceda<\/strong>, \u201cThe right to education in the age of digital technologies\u201d. <em><a href=\"https:\/\/eplopublications.eu\/publication\/digital-edition\/right-education-age-digital-technologies\">European Review of Public Law<\/a><\/em>. 2024 \/ Vol. 36, no. 1, (131)<\/p>\n\n\n\n<p><strong>Pablo Meix Cereceda y Juan Azor\u00edn Toboso (con Monika Stachowiak-Kud\u0142a y Sina Westa): <\/strong>\u201cImpact of Mergers on Conflicts at Universities \u2013 Conclusions from Court Decisions\u201d, <em><a href=\"https:\/\/onlinelibrary.wiley.com\/doi\/full\/10.1002\/crq.21424\">Conflict Resolution Quarterly<\/a><\/em>, n\u00fam. 42 (2024), ISSN 1541-1508 pp. 1-21.<\/p>\n\n\n\n<p><strong>Concepci\u00f3n Campos Acu\u00f1a<\/strong>. \u201cDec\u00e1logo b\u00e1sico para la implantaci\u00f3n de la Inteligencia Artificial en el \u00e1mbito local\u201d. <em><a href=\"https:\/\/elconsultor.laley.es\/Content\/Documento.aspx?params=H4sIAAAAAAAEAMtMSbF1CTEAAhNjMxMLE7Wy1KLizPw8WyMDIxMDU0MzkEBmWqVLfnJIZUGqbVpiTnEqABg3dnU1AAAAWKE\">El Consultor de los Ayuntamientos<\/a><\/em>, 16 de mayo de 2024, La Ley.<\/p>\n\n\n\n<p><strong>Concepci\u00f3n Campos Acu\u00f1a<\/strong>. \u201cLas 15 claves del Reglamento Europeo de Inteligencia Artificial\u201d. <em><a href=\"https:\/\/elconsultor.laley.es\/Content\/Documento.aspx?params=H4sIAAAAAAAEAMtMSbF1jTAAAiNTMzMzc7Wy1KLizPw8WyMDIxMDc0NTkEBmWqVLfnJIZUGqbVpiTnEqAPn2fTg1AAAAWKE\">El Consultor de los Ayuntamientos<\/a><\/em>, 15 de julio de 2024, La Ley.<\/p>\n\n\n\n<p><strong>Concepci\u00f3n Campos Acu\u00f1a.<\/strong> \u201cC\u00f3mo usar la Inteligencia Artificial para la consecuci\u00f3n de los ODS de la Agenda 2030: una visi\u00f3n desde la \u00e9tica, la innovaci\u00f3n y los algoritmos verdes\u201d. <em><a href=\"https:\/\/prodigital.web.uclm.es\/wp-content\/uploads\/2024\/09\/Como_usar_la_Inteligencia_Artificial_para_la_cons.pdf\">El Consultor de los Ayuntamientos<\/a><\/em>, N\u00ba 9, Secci\u00f3n Foro de los ODS y la Agenda 2030, Septiembre 2024, La Ley.<\/p>\n\n\n\n<p><strong>Juana Morcillo &amp; Juan Bornman.<\/strong> \u00abPromoting Autonomy and Employment of Individuals with Intellectual Disability: The Role of Universities\u00bb. <em><a href=\"https:\/\/prodigital.web.uclm.es\/wp-content\/uploads\/2024\/11\/Articulo-Bornmanb-y-Morcillo.pdf\">INKLUSI Journal of Disability Studies<\/a><\/em>, Vol. 11(2), 2024, pp. 161\u2013184.<\/p>\n\n\n\n<p><strong>Carmen Plaza Mart\u00edn.<\/strong> \u201cDe los ni\u00f1os de los Andes a las ancianas de los Alpes: nuevos hitos en la protecci\u00f3n del medio ambiente y frente al cambio clim\u00e1tico a trav\u00e9s de los derechos humanos\u201d. <em><a href=\"https:\/\/prodigital.web.uclm.es\/wp-content\/uploads\/2024\/12\/Plaza-De_los_ninos_de_los_andes_a_las_ancianas_de_los_alpes-1.pdf\">Revista Espa\u00f1ola de Derecho Europeo<\/a><\/em>, n\u00fam. 91 julio \u2013 septiembre 2024, pp. 25-66.<\/p>\n\n\n\n<p><strong>Juan Azor\u00edn Toboso<\/strong>. \u201cFundamentos, cr\u00edticas y consecuencias de la implementaci\u00f3n general del \u201cpin parental\u201d en el ordenamiento jur\u00eddico espa\u00f1ol\u201d. <em><a href=\"https:\/\/prodigital.web.uclm.es\/wp-content\/uploads\/2025\/02\/JUAN-AZORIN-TOBOSO.pdf\">Gabilex: Revista del Gabinete Jur\u00eddico de Castilla-La Mancha<\/a><\/em>, n\u00fam. 40, 2024, pp. 91-204.<\/p>\n\n\n\n<p><strong>Susana de la Sierra, <\/strong>\u201cTaming the Smart Cyber Beast: A Network of Courts and Other Authorities\u201d. <em><a href=\"https:\/\/www.erdalreview.eu\/pubblicazioni\/estratti\/10.53136\/97912218150787-estratto.html\">European Review of Digital Administration &amp; Law \u2013 Erdal<\/a><\/em>, 2024, Volume 5, Issue 1, pp. 85-97.<\/p>\n\n\n\n<p><strong>Susana de la Sierra, <\/strong>\u201cControles y colaboraci\u00f3n entre instituciones: las transformaciones de la justicia administrativa\u201d. <em><a href=\"https:\/\/www.ius-publicum.it\/wp-content\/uploads\/2025\/10\/S.DeLaSierra_IusPub_Controles_y_colaboracion_entre_instituciones_ES_docx.pdf\">Ius Publicum. Network Review,<\/a><\/em> 2025, ISSN 2039 2540, p\u00e1gs. 1-27.<\/p>\n\n\n\n<p><strong>Susana de la Sierra, <\/strong>\u201cControlli e collaborazione tra istituzioni: trasformazioni nella giustizia amministrativa\u201d. <em><a href=\"https:\/\/www.ius-publicum.it\/wp-content\/uploads\/2025\/10\/S.DeLaSierra_IusPub_Controlli_e_collaborazione_tra_istituzioni_ITA_docx.pdf\">Ius Publicum. Network Review<\/a><\/em>, 2025, ISSN 2039 2540, p\u00e1gs. 1-27.<\/p>\n\n\n\n<p class=\"has-text-align-center\"><strong>C\u00d3DIGO DE BUENAS PR\u00c1CTICAS<\/strong><\/p>\n\n\n\n<p>VV.AA. <em><a href=\"\/Contrato%20I+D\/0.C%C3%B3digo%20de%20buenas%20pr%C3%A1cticas.pdf\">Buenas pr\u00e1cticas para la inclusi\u00f3n digital de personas vulnerables<\/a><\/em>. Juana Morcillo Moreno y Susana de la Sierra (coord.). ISBN: 978-84-09-79369-3.<\/p>\n\n\n\n<p class=\"has-text-align-center\"><strong>OTRAS PUBLICACIONES Y ACTIVIDADES DE DIFUSI\u00d3N<\/strong><\/p>\n\n\n\n<p><strong>Post. <\/strong>Susana de la Sierra, \u201cLas crecientes invocaciones a la \u00e9tica en el derecho p\u00fablico: entre la incertidumbre, la sospecha y la protecci\u00f3n del estado de derecho\u201d, blog de la <em><a href=\"https:\/\/www.ibericonnect.blog\/perfil\/susana-de-la-sierra\/\">Revista Internacional de Derecho Constitucional en Espa\u00f1ol <\/a><\/em>(IberICONnect) Fecha: 16 de septiembre de 2022.<\/p>\n\n\n\n<p><strong>Entrevista. <\/strong>Susana de la Sierra. \u201cEspa\u00f1a rural\u201d. Web: <em><a href=\"https:\/\/www.rtve.es\/play\/audios\/espana-rural\/02-10-22\/6704747\/\">RTVE<\/a><\/em>. Fecha: 2 de octubre de 2022. <\/p>\n\n\n\n<p><strong>Post.<\/strong> Jos\u00e9 Antonio Moreno Molina,<strong> <\/strong>\u201cContratos celebrados entre entidades p\u00fablicas no sujetos a las normas sobre contrataci\u00f3n p\u00fablica\u201d, web <em><a href=\"https:\/\/www.gobiernolocal.org\/acento-local\/contratos-celebrados-entre-entidades-publicas-no-sujetos-a-las-normas-sobre-contratacion-publica\/\">Acento Local. Fundaci\u00f3n Democracia y Gobierno Local.<\/a><\/em> Fecha: 31 de marzo de 2023.<\/p>\n\n\n\n<p><strong>Entrevista.<\/strong> Jos\u00e9 Antonio Moreno Molina, \u201cContrataci\u00f3n p\u00fablica y accesibilidad de los productos y servicios\u201d, web del <em><a href=\"https:\/\/www.obcp.es\/opiniones\/contratacion-publica-y-accesibilidad-de-los-productos-y-servicios\">Observatorio de Contrataci\u00f3n P\u00fablica<\/a><\/em>. Fecha: 11 de septiembre de 2023.<\/p>\n\n\n\n<p><strong>Entrevista.<\/strong> Jos\u00e9 Antonio Moreno Molina,<strong> <\/strong>\u201cLa gesti\u00f3n de los fondos de recuperaci\u00f3n europeos \u201c<em><a href=\"https:\/\/cemci.wordpress.com\/2023\/03\/13\/entrevista-a-jose-antonio-moreno-molina-catedratico-de-derecho-administrativo-universidad-de-castilla-la-mancha\/\">Next Generation EU<\/a><\/em>\u201den el \u00e1mbito local\u201d.<\/p>\n\n\n\n<p><strong>Entrevista. <\/strong>Susana de la Sierra. \u201cComo el agua\u201d. Web: <em><a href=\"https:\/\/www.rtve.es\/play\/audios\/espana-rural\/como-agua\/6979469\/\">RTVE<\/a><\/em>. Fecha: 1 de octubre de 2023. <\/p>\n\n\n\n<p><strong>Post. <\/strong>Susana de la Sierra,<strong> <\/strong>\u201cVulnerabilidad administrativa y estado social digital\u201d, web de <em><a href=\"https:\/\/agendapublica.elpais.com\/noticias\/autor\/586\/susana-sierra\">Agenda P\u00fablica<\/a><\/em> Fecha: 17 de noviembre de 2023.<\/p>\n\n\n\n<p><strong>Art\u00edculo de prensa.<\/strong> Susana de la Sierra,<strong> <\/strong>\u201cLa inteligencia artificial en Europa\u201d, web de <em><a href=\"https:\/\/www.eldiariomontanes.es\/opinion\/susana-de-la-sierra-inteligencia-artificial-europa-20231217074347-nt.html\">El Diario Monta\u00f1\u00e9s<\/a><\/em> Fecha: 17 de diciembre de 2023.<\/p>\n\n\n\n<p><strong>Entrevista.<\/strong> Susana de la Sierra, \u00abLa jurista y profesora Susana De la Sierra advierte que la IA en la administraci\u00f3n p\u00fablica \u201cpuede plantear riesgos de exclusi\u00f3n\u201d. <a href=\"https:\/\/www.uimp.es\/actualidad-uimp\/la-jurista-y-profesora-susana-de-la-sierra-advierte-que-la-ia-en-la-administracion-publica-puede-plantear-riesgos-de-exclusion.html\"><em>UIMP<\/em><\/a>. <a href=\"https:\/\/www.youtube.com\/watch?v=kE74WGVkk_o\"><em>Youtube<\/em><\/a>. Fecha: 20 de agosto de 2024. <\/p>\n\n\n\n<p><strong>Post.<\/strong> Sergio S\u00e1nchez Par\u00eds, \u201cLa digitalizaci\u00f3n y los colectivos vulnerables desde la \u00f3ptica de la Ley Org\u00e1nica 1\/2025, de 2 de enero, de medidas en materia de eficiencia del servicio p\u00fablico de justicia\u201d, <a href=\"https:\/\/blog.uclm.es\/prodigitaluclm\/wp-content\/uploads\/sites\/288\/2025\/02\/SSP_Post-LO-1.2025.pdf\">web<\/a>. Fecha: 2 de febrero de 2025.<\/p>\n\n\n\n<p><strong>Entrevista.<\/strong> Susana de la Sierra, \u201cHay un riesgo real de que los territorios ricos puedan usar la IA y los pobres, no\u201d, web <em><a href=\"http:\/\/Susana de la Sierra, \u201cHay un riesgo real de que los territorios ricos puedan usar la IA y los pobres, no\u201d. Fecha: 20 de febrero de 2025.\">el Correo Gallego<\/a><\/em>. Fecha: 20 de febrero de 2025.<\/p>\n\n\n\n<p><strong>Entrevista.<\/strong> Juana Morcillo. \u201cConfiamos en la digitalizaci\u00f3n bien utilizada que no deja a nadie atr\u00e1s\u201d, web <em><a href=\"https:\/\/cadenaser.com\/castillalamancha\/2025\/07\/01\/la-uclm-invita-a-pensar-en-un-entorno-digital-inclusivo-confiamos-en-la-digitalizacion-bien-utilizada-que-no-deja-a-nadie-atras-ser-toledo\/\">La Cadena Ser<\/a><\/em>. Fecha: 1 de julio de 2025.<\/p>\n\n\n\n<p><strong>Noticia.<\/strong> Gabinete de comunicaci\u00f3n de la Universidad de Castilla-La Mancha. \u201cLa UCLM inicia sus cursos de verano en Albacete con uno sobre discapacidad, g\u00e9nero y ruralidad desde la digitalizaci\u00f3n\u201d. Web: <a href=\"https:\/\/www.uclm.es\/es\/noticias\/noticias2025\/julio\/albacete\/cv_discapacidad_digitalizacion\"><em>UCLM<\/em><\/a>. Fecha: 2 de julio de 2025.<\/p>\n\n\n\n<p><strong>Seminario. <\/strong>Pablo Meix. \u201cLanguage, power and law: from linguistics to legal reasoning\u201d. <a href=\"https:\/\/blog.uclm.es\/prodigitaluclm\/wp-content\/uploads\/sites\/288\/2025\/10\/Language-power-and-law.pdf\"><em>University of Macao (Chine)<\/em>. <\/a>Fecha: 17 de octubre de 2025.<\/p>\n","protected":false},"excerpt":{"rendered":"<p>LIBROS Jos\u00e9 Antonio Moreno Molina, El derecho a una buena administraci\u00f3n, Ediciones de la Universidad de Castilla-La Mancha, Cuenca, 2022. ISBN: 978-84-9044-538-9 Francisco Puerta Seguido, La colaboraci\u00f3n p\u00fablico-privada en el desarrollo y explotaci\u00f3n de infraestructuras viarias: \u201cuna de arena y otra de cal\u201d, Iustel, Madrid, 2022. ISBN: 978-84-9890-444-4 Susana de la Sierra y Evangelia Psychogiopoulou [&hellip;]<\/p>\n","protected":false},"author":477,"featured_media":0,"parent":0,"menu_order":0,"comment_status":"closed","ping_status":"closed","template":"","meta":{"footnotes":""},"class_list":["post-1186","page","type-page","status-publish","hentry"],"_links":{"self":[{"href":"https:\/\/blog.uclm.es\/prodigitaluclm\/wp-json\/wp\/v2\/pages\/1186","targetHints":{"allow":["GET"]}}],"collection":[{"href":"https:\/\/blog.uclm.es\/prodigitaluclm\/wp-json\/wp\/v2\/pages"}],"about":[{"href":"https:\/\/blog.uclm.es\/prodigitaluclm\/wp-json\/wp\/v2\/types\/page"}],"author":[{"embeddable":true,"href":"https:\/\/blog.uclm.es\/prodigitaluclm\/wp-json\/wp\/v2\/users\/477"}],"replies":[{"embeddable":true,"href":"https:\/\/blog.uclm.es\/prodigitaluclm\/wp-json\/wp\/v2\/comments?post=1186"}],"version-history":[{"count":22,"href":"https:\/\/blog.uclm.es\/prodigitaluclm\/wp-json\/wp\/v2\/pages\/1186\/revisions"}],"predecessor-version":[{"id":3568,"href":"https:\/\/blog.uclm.es\/prodigitaluclm\/wp-json\/wp\/v2\/pages\/1186\/revisions\/3568"}],"wp:attachment":[{"href":"https:\/\/blog.uclm.es\/prodigitaluclm\/wp-json\/wp\/v2\/media?parent=1186"}],"curies":[{"name":"wp","href":"https:\/\/api.w.org\/{rel}","templated":true}]}}