{"id":1061,"date":"2023-07-11T11:26:47","date_gmt":"2023-07-11T11:26:47","guid":{"rendered":"https:\/\/prodigital.web.uclm.es\/?page_id=15"},"modified":"2025-02-07T16:39:23","modified_gmt":"2025-02-07T15:39:23","slug":"inicio","status":"publish","type":"page","link":"https:\/\/blog.uclm.es\/prodigitaluclm\/","title":{"rendered":"Transformaci\u00f3n digital para la inclusi\u00f3n de colectivos vulnerables"},"content":{"rendered":"\n<p><em>Un mundo digital inclusivo: potenciando habilidades y rompiendo barreras<\/em><\/p>\n\n\n<div class=\"wp-block-image\">\n<figure class=\"aligncenter size-full is-resized\"><img loading=\"lazy\" decoding=\"async\" width=\"712\" height=\"179\" src=\"https:\/\/blog.uclm.es\/prodigitaluclm\/wp-content\/uploads\/sites\/288\/2025\/02\/Logo-PRODIGITAL-2.png\" alt=\"\" class=\"wp-image-3385\" style=\"width:434px;height:auto\" srcset=\"https:\/\/blog.uclm.es\/prodigitaluclm\/wp-content\/uploads\/sites\/288\/2025\/02\/Logo-PRODIGITAL-2.png 712w, https:\/\/blog.uclm.es\/prodigitaluclm\/wp-content\/uploads\/sites\/288\/2025\/02\/Logo-PRODIGITAL-2-300x75.png 300w\" sizes=\"auto, (max-width: 712px) 100vw, 712px\" \/><\/figure>\n<\/div>\n\n<div class=\"wp-block-image\">\n<figure class=\"aligncenter size-full is-resized\"><img loading=\"lazy\" decoding=\"async\" width=\"699\" height=\"227\" src=\"https:\/\/blog.uclm.es\/prodigitaluclm\/wp-content\/uploads\/sites\/288\/2025\/01\/Logo-PRODIGIA.png\" alt=\"\" class=\"wp-image-3168\" style=\"width:446px;height:auto\" srcset=\"https:\/\/blog.uclm.es\/prodigitaluclm\/wp-content\/uploads\/sites\/288\/2025\/01\/Logo-PRODIGIA.png 699w, https:\/\/blog.uclm.es\/prodigitaluclm\/wp-content\/uploads\/sites\/288\/2025\/01\/Logo-PRODIGIA-300x97.png 300w\" sizes=\"auto, (max-width: 699px) 100vw, 699px\" \/><\/figure>\n<\/div>\n\n<h2>Objetivos<\/h2>\n<p>Los objetivos de estos proyectos de investigaci\u00f3n se\u00a0centran en la<strong>\u00a0inclusi\u00f3n tecnol\u00f3gica de colectivos vulnerables<\/strong>.<\/p>\n<p><strong>Prodigia<\/strong>\u00a0es el acr\u00f3nimo del proyecto de investigaci\u00f3n\u00a0<strong>nacional\u00a0<\/strong><em>\u201cProtecci\u00f3n jur\u00eddica y oportunidades de los colectivos vulnerables ante la digitalizaci\u00f3n y la inteligencia artificial\u201d<\/em> (PID2021-124967OB-I00), financiado por MCIN\/AEI\/10.13039\/501100011033\/FEDER, UE.<\/p>\n<p><strong>Prodigital\u00a0<\/strong>es el acr\u00f3nimo del proyecto de investigaci\u00f3n\u00a0<strong>regional\u00a0<\/strong><em>\u201cDigitalizaci\u00f3n y colectivos vulnerables: protecci\u00f3n, garant\u00edas y propuestas para su implantaci\u00f3n en Castilla-La Mancha\u201d<\/em> (SBPLY\/21\/180501\/000089), financiado por JCCM\/FEDER, UE.<\/p>\n<p>Ambos proyectos se dirigen a analizar el impacto de los procesos de digitalizaci\u00f3n en la sociedad y, en particular, con relaci\u00f3n a aquellos sujetos o colectivos que pueden considerarse vulnerables o que se encuentran en una situaci\u00f3n desventajosa para acceder a los bienes y servicios de la sociedad digital. Se trata, en definitiva, de abordar las denominadas <strong>\u201cbrechas digitales\u201d<\/strong> referidas a las personas con discapacidad, a quienes viven o desarrollan su actividad profesional en entornos rurales o a las mujeres.<\/p>\n<p>Mientras el \u00e1mbito territorial de estudio de <strong>Prodigital<\/strong> se centra en Castilla-La Mancha, <strong>Prodigia<\/strong> tiene una vocaci\u00f3n de aplicaci\u00f3n m\u00e1s amplia, incorporando adem\u00e1s los pros y contras que est\u00e1 planteando la <strong>\u201cInteligencia Artificial\u201d<\/strong>. <img loading=\"lazy\" decoding=\"async\" class=\"aligncenter\" title=\"rectora\" src=\"https:\/\/prodigital.web.uclm.es\/wp-content\/uploads\/elementor\/thumbs\/rectora-qftupu8ncoz0jo9s85t2z7e5lca4w3gz5rlcchd7tc.png\" alt=\"rectora\" width=\"222\" height=\"222\" \/><br \/><img loading=\"lazy\" decoding=\"async\" class=\"aligncenter\" title=\"Imagen28\" src=\"https:\/\/prodigital.web.uclm.es\/wp-content\/uploads\/elementor\/thumbs\/Imagen28-1-qfoy8fktuafd753y2s1lkjlqjfmnmo3kv43xfc3t88.png\" alt=\"Imagen28\" width=\"337\" height=\"337\" \/><br \/><img loading=\"lazy\" decoding=\"async\" src=\"https:\/\/prodigital.web.uclm.es\/wp-content\/uploads\/2023\/09\/logo-prodigia-blanco-1.svg\" alt=\"\" width=\"1\" height=\"1\" \/><\/p>\n<h2 style=\"text-align: center\">\u00bfQu\u00e9 es Prodigia?<\/h2>\n<p style=\"font-weight: 400\">Un proyecto de investigaci\u00f3n\u00a0<strong>nacional\u00a0<\/strong>que aborda el impacto de los\u00a0<strong>procesos de digitalizaci\u00f3n,\u00a0<\/strong>prestando especial atenci\u00f3n a la\u00a0<strong>protecci\u00f3n jur\u00eddica\u00a0<\/strong>de ciertos grupos que pueden considerarse\u00a0<strong>vulnerables<\/strong>\u00a0o en desventaja para acceder a los beneficios de la sociedad digital. Asimismo, tambi\u00e9n se ocupa de las principales cuestiones que plantea la <strong>Inteligencia Artificial.<\/strong><\/p>\n<p style=\"font-weight: 400\">Su objetivo es, por tanto, analizar las denominadas \u201c<strong>brechas digitales\u201d<\/strong>\u00a0referidas a las personas con\u00a0<strong>discapacidad<\/strong>, a quienes viven o desarrollan su actividad profesional en\u00a0<strong>entornos rurales<\/strong>\u00a0o a las\u00a0<strong>mujeres<\/strong>. A estas tres brechas\u00a0<strong>se unen otras\u00a0<\/strong>\u2013como las relativas a personas mayores y migrantes\u2013, a las que se har\u00e1 referencia cuando resulte necesario.<\/p>\n<p style=\"font-weight: 400\">La transformaci\u00f3n digital comporta\u00a0<strong>indudables ventajas<\/strong>, pero tambi\u00e9n\u00a0<strong>cuantiosas\u00a0dificultades<\/strong> tanto por razones de infraestructura (dispositivos y redes insuficientes), como por razones de carencia o ausencia de capacidades digitales, sin olvidar posibles sesgos discriminatorios en el dise\u00f1o de algoritmos. Por todo ello,\u00a0Prodigia\u00a0analiza la\u00a0<strong>tutela administrativa y judicial<\/strong>, as\u00ed como los elementos que garanticen la inclusi\u00f3n de estas personas en los procesos de transformaci\u00f3n digital de las Administraciones P\u00fablicas y tambi\u00e9n en relaci\u00f3n con la jurisdicci\u00f3n contencioso-administrativa que controla a las anteriores.<\/p>\n<p style=\"font-weight: 400\">El <strong>equipo multidisciplinar\u00a0<\/strong>est\u00e1 formado por personas investigadoras a tiempo completo en la\u00a0<strong>Universidad de Castilla-La Mancha<\/strong>\u00a0(juristas y personas expertas en tecnolog\u00eda y en comunicaci\u00f3n) y en\u00a0<strong>otras universidades <\/strong>(como la Complutense de Madrid y la Pablo de Olavide de Sevilla), pero tambi\u00e9n por profesionales que cuentan con experiencia en investigaci\u00f3n y vinculados a las\u00a0<strong>Administraciones P\u00fablicas<\/strong>\u00a0y a los\u00a0<strong>Tribunales<\/strong>.<\/p>\n<p><img loading=\"lazy\" decoding=\"async\" src=\"https:\/\/prodigital.web.uclm.es\/wp-content\/uploads\/2023\/11\/logo-pro-digital-positivo.svg\" alt=\"\" width=\"800\" height=\"800\" \/><\/p>\n<h2 style=\"text-align: center\">\u00bfQu\u00e9 es Prodigital?<\/h2>\n<p>Un proyecto de investigaci\u00f3n centrado en el impacto de los <b>procesos de<\/b> <b>digitalizaci\u00f3n en Castilla-La Mancha<\/b>, particularmente en relaci\u00f3n con la <b>protecci\u00f3n jur\u00eddica de colectivos vulnerables<\/b>. Se analizan, as\u00ed, las denominadas \u201cbrechas digitales\u201d desde la \u00f3ptica de la tutela administrativa y judicial.<\/p>\n<p><a name=\"_Hlk84321627\"><\/a>En este marco se han seleccionado tres \u00e1reas que guardan relaci\u00f3n con la trayectoria investigadora y profesional de las personas integrantes del equipo, a saber: la <b>brecha de g\u00e9nero<\/b>, la <b>brecha por discapacidad<\/b> y la <b>brecha rural<\/b>. Estas tres brechas \u2013que en ocasiones se entrelazan y <b>conectan con otras<\/b> como las de edad, nacionalidad, etc.\u2013 presentan algunos elementos comunes y otros espec\u00edficos, algo que ser\u00e1 tenido en cuenta tanto en la fase de an\u00e1lisis, como en la propuesta de reformas normativas y de adopci\u00f3n de pol\u00edticas p\u00fablicas.<\/p>\n<p>Aunque el \u00e1mbito de estudio de Prodigital, por su naturaleza, se acota a la <b>regi\u00f3n castellanomanchega<\/b>, un an\u00e1lisis adecuado de la cuesti\u00f3n pasa por conocer qu\u00e9 sucede en otras partes del <b>territorio nacional<\/b> e, incluso, en <b>pa\u00edses de nuestro entorno<\/b> que son referentes en la materia.<\/p>","protected":false},"excerpt":{"rendered":"<p>Un mundo digital inclusivo: potenciando habilidades y rompiendo barreras Objetivos Los objetivos de estos proyectos de investigaci\u00f3n se\u00a0centran en la\u00a0inclusi\u00f3n tecnol\u00f3gica de colectivos vulnerables. Prodigia\u00a0es el acr\u00f3nimo del proyecto de investigaci\u00f3n\u00a0nacional\u00a0\u201cProtecci\u00f3n jur\u00eddica y oportunidades de los colectivos vulnerables ante la digitalizaci\u00f3n y la inteligencia artificial\u201d (PID2021-124967OB-I00), financiado por MCIN\/AEI\/10.13039\/501100011033\/FEDER, UE. Prodigital\u00a0es el acr\u00f3nimo del proyecto [&hellip;]<\/p>\n","protected":false},"author":477,"featured_media":3156,"parent":0,"menu_order":0,"comment_status":"closed","ping_status":"closed","template":"","meta":{"footnotes":""},"class_list":["post-1061","page","type-page","status-publish","has-post-thumbnail","hentry"],"_links":{"self":[{"href":"https:\/\/blog.uclm.es\/prodigitaluclm\/wp-json\/wp\/v2\/pages\/1061","targetHints":{"allow":["GET"]}}],"collection":[{"href":"https:\/\/blog.uclm.es\/prodigitaluclm\/wp-json\/wp\/v2\/pages"}],"about":[{"href":"https:\/\/blog.uclm.es\/prodigitaluclm\/wp-json\/wp\/v2\/types\/page"}],"author":[{"embeddable":true,"href":"https:\/\/blog.uclm.es\/prodigitaluclm\/wp-json\/wp\/v2\/users\/477"}],"replies":[{"embeddable":true,"href":"https:\/\/blog.uclm.es\/prodigitaluclm\/wp-json\/wp\/v2\/comments?post=1061"}],"version-history":[{"count":10,"href":"https:\/\/blog.uclm.es\/prodigitaluclm\/wp-json\/wp\/v2\/pages\/1061\/revisions"}],"predecessor-version":[{"id":3386,"href":"https:\/\/blog.uclm.es\/prodigitaluclm\/wp-json\/wp\/v2\/pages\/1061\/revisions\/3386"}],"wp:featuredmedia":[{"embeddable":true,"href":"https:\/\/blog.uclm.es\/prodigitaluclm\/wp-json\/wp\/v2\/media\/3156"}],"wp:attachment":[{"href":"https:\/\/blog.uclm.es\/prodigitaluclm\/wp-json\/wp\/v2\/media?parent=1061"}],"curies":[{"name":"wp","href":"https:\/\/api.w.org\/{rel}","templated":true}]}}