{"id":939,"date":"2019-03-04T11:50:17","date_gmt":"2019-03-04T10:50:17","guid":{"rendered":"http:\/\/blog.uclm.es\/premiogerardocremona\/?page_id=939"},"modified":"2019-03-04T11:50:17","modified_gmt":"2019-03-04T10:50:17","slug":"v-edicion-toledo-2019","status":"publish","type":"page","link":"https:\/\/blog.uclm.es\/premiogerardocremona\/v-edicion-toledo-2019\/","title":{"rendered":"V EDICI\u00d3N &#8211; TOLEDO 2019"},"content":{"rendered":"\n<p style=\"text-align:justify\"> La ceremonia de entrega de la quinta edici\u00f3n del Premio\nInternacional de Traducci\u00f3n Gerardo de Cremona tuvo lugar el 4 de octubre en el\nsal\u00f3n de actos de la Escuela de Traductores de Toledo (Espa\u00f1a). La ceremonia\nestuvo presidida por el Rector de la Universidad de Castilla-La Mancha, <strong>Miguel\n\u00c1ngel Collado<\/strong>, el Director General de Universidades de la Junta de\nCastilla-la Mancha, <strong>Ricardo Cuevas<\/strong>, la concejala de Hacienda del\nAyuntamiento de Toledo, <strong>Mar \u00c1lvarez<\/strong>, el concejal de Cultura del\nAyuntamiento de Cremona, <strong>Luca Burgazzi<\/strong>, el Presidente del Programa\nMED-21, <strong>Mohamed Aziza<\/strong> y la Directora de la Escuela de Traductores de\nToledo, <strong>Mar\u00eda Teresa Santamar\u00eda<\/strong>. <\/p>\n\n\n\n<figure class=\"wp-block-image\"><img loading=\"lazy\" decoding=\"async\" width=\"1024\" height=\"683\" src=\"https:\/\/blog.uclm.es\/premiogerardocremona\/files\/2019\/10\/Premio-GErardo-Cremona_oct19-1-1024x683.jpg\" alt=\"\" class=\"wp-image-1017\" srcset=\"https:\/\/blog.uclm.es\/premiogerardocremona\/wp-content\/uploads\/sites\/244\/2019\/10\/Premio-GErardo-Cremona_oct19-1-1024x683.jpg 1024w, https:\/\/blog.uclm.es\/premiogerardocremona\/wp-content\/uploads\/sites\/244\/2019\/10\/Premio-GErardo-Cremona_oct19-1-300x200.jpg 300w, https:\/\/blog.uclm.es\/premiogerardocremona\/wp-content\/uploads\/sites\/244\/2019\/10\/Premio-GErardo-Cremona_oct19-1-768x512.jpg 768w, https:\/\/blog.uclm.es\/premiogerardocremona\/wp-content\/uploads\/sites\/244\/2019\/10\/Premio-GErardo-Cremona_oct19-1-1536x1024.jpg 1536w, https:\/\/blog.uclm.es\/premiogerardocremona\/wp-content\/uploads\/sites\/244\/2019\/10\/Premio-GErardo-Cremona_oct19-1-2048x1365.jpg 2048w\" sizes=\"auto, (max-width: 1024px) 100vw, 1024px\" \/><figcaption>Mesa de autoridades<\/figcaption><\/figure>\n\n\n\n<p style=\"text-align:justify\"> En sus discursos, las autoridades recalcaron la importancia de\nunos premios que reconozcan la labor de mediaci\u00f3n intercultural que realizan\nlos traductores, especialmente en la regi\u00f3n mediterr\u00e1nea. Del mismo modo,\nexpresaron la necesidad de un compromiso de las instituciones en apoyo de los\ncentros de investigaci\u00f3n y de ense\u00f1anza dedicados al estudio de la traducci\u00f3n.<\/p>\n\n\n\n<p style=\"text-align:justify\"> Los\ngalardonados con el Premio Gerardo de Cremona en su quinta edici\u00f3n han sido <strong>Salvador Pe\u00f1a<\/strong>, profesor\nde la Universidad de M\u00e1laga y autor de numerosas traducciones del \u00e1rabe, el\nfranc\u00e9s y el ingl\u00e9s al espa\u00f1ol, entre ellas la \u00faltima versi\u00f3n de Mil y una\nnoches, que recibi\u00f3 el Premio Nacional a la Mejor Traducci\u00f3n de 2017. En su\ndiscurso de agradecimiento, Salvador Pe\u00f1a destac\u00f3 el papel de la traducci\u00f3n\ncomo utop\u00eda realizable. En la categor\u00eda de traductores de la orilla sur, el\npremio ha sido concedido al traductor marroqu\u00ed afincado en Austria <strong>Hamid Lechhab<\/strong>, que\ndestaca por sus traducciones al \u00e1rabe de obras filos\u00f3ficas en lengua alemana y\ndefini\u00f3 el car\u00e1cter de transmisor de cultura de la traducci\u00f3n.<\/p>\n\n\n\n<figure class=\"wp-block-image\"><img loading=\"lazy\" decoding=\"async\" width=\"1024\" height=\"683\" src=\"https:\/\/blog.uclm.es\/premiogerardocremona\/files\/2019\/10\/Premio-GErardo-Cremona_oct19-4-1024x683.jpg\" alt=\"\" class=\"wp-image-1022\" srcset=\"https:\/\/blog.uclm.es\/premiogerardocremona\/wp-content\/uploads\/sites\/244\/2019\/10\/Premio-GErardo-Cremona_oct19-4-1024x683.jpg 1024w, https:\/\/blog.uclm.es\/premiogerardocremona\/wp-content\/uploads\/sites\/244\/2019\/10\/Premio-GErardo-Cremona_oct19-4-300x200.jpg 300w, https:\/\/blog.uclm.es\/premiogerardocremona\/wp-content\/uploads\/sites\/244\/2019\/10\/Premio-GErardo-Cremona_oct19-4-768x512.jpg 768w, https:\/\/blog.uclm.es\/premiogerardocremona\/wp-content\/uploads\/sites\/244\/2019\/10\/Premio-GErardo-Cremona_oct19-4-1536x1024.jpg 1536w, https:\/\/blog.uclm.es\/premiogerardocremona\/wp-content\/uploads\/sites\/244\/2019\/10\/Premio-GErardo-Cremona_oct19-4-2048x1365.jpg 2048w\" sizes=\"auto, (max-width: 1024px) 100vw, 1024px\" \/><figcaption>Las autoridades del Premio junto a los galardonados<\/figcaption><\/figure>\n\n\n\n<p style=\"text-align:justify\"> En la categor\u00eda de instituciones, el premio ha reca\u00eddo sobre el <strong>Instituto Superior \u00c1rabe de\nTraducci\u00f3n<\/strong>, instituci\u00f3n acad\u00e9mica e investigadora dependiente\nde la Liga \u00c1rabe y con sede en Argel. Su directora, Inam Bioud, enfatiz\u00f3 en su\ndiscurso la necesidad de apoyar la traducci\u00f3n reforzando los v\u00ednculos\nexistentes entre las instituciones mediterr\u00e1neas dedicadas a esta disciplina.\nEl \u00faltimo galard\u00f3n recay\u00f3 sobre el&nbsp;<strong>Servicio de Traducci\u00f3n de la\nComisi\u00f3n Espa\u00f1ola de Ayuda al Refugiado,&nbsp;<\/strong>que presta apoyo\nling\u00fc\u00edstico a los solicitantes de asilo en todo el territorio espa\u00f1ol. El\nPresidente de CEAR, Carlos Berzosa, destac\u00f3 el papel de la traducci\u00f3n como\nherramienta para luchar contra los prejuicios existentes sobre las personas\nrefugiadas.<\/p>\n\n\n\n<figure class=\"wp-block-image\"><img loading=\"lazy\" decoding=\"async\" width=\"1024\" height=\"683\" src=\"https:\/\/blog.uclm.es\/premiogerardocremona\/files\/2019\/10\/Premio-GErardo-Cremona_oct19-6-1-1024x683.jpg\" alt=\"\" class=\"wp-image-1032\" srcset=\"https:\/\/blog.uclm.es\/premiogerardocremona\/wp-content\/uploads\/sites\/244\/2019\/10\/Premio-GErardo-Cremona_oct19-6-1-1024x683.jpg 1024w, https:\/\/blog.uclm.es\/premiogerardocremona\/wp-content\/uploads\/sites\/244\/2019\/10\/Premio-GErardo-Cremona_oct19-6-1-300x200.jpg 300w, https:\/\/blog.uclm.es\/premiogerardocremona\/wp-content\/uploads\/sites\/244\/2019\/10\/Premio-GErardo-Cremona_oct19-6-1-768x512.jpg 768w, https:\/\/blog.uclm.es\/premiogerardocremona\/wp-content\/uploads\/sites\/244\/2019\/10\/Premio-GErardo-Cremona_oct19-6-1-1536x1024.jpg 1536w, https:\/\/blog.uclm.es\/premiogerardocremona\/wp-content\/uploads\/sites\/244\/2019\/10\/Premio-GErardo-Cremona_oct19-6-1-2048x1365.jpg 2048w\" sizes=\"auto, (max-width: 1024px) 100vw, 1024px\" \/><\/figure>\n\n\n\n<p>En el acto participaron los miembros del Comit\u00e9 Ejecutivo del Premio, compuesto por la directora de la Escuela de Traductores de Toledo, Mar\u00eda Teresa Santamar\u00eda, el presidente del Programa MED 21, Mohamed Aziza, el director adjunto de la Fundaci\u00f3n Rey Abdul-Aziz, Mohamed Sghir Janjar y el miembro de ACE Traductores, Juan Pablo Arias. Entre el p\u00fablico se encontraban personalidades como la Vicerrectora de Internacionalizaci\u00f3n de la Universidad de Castilla-La Mancha, F\u00e1tima Guadamillas, el miembro de la Direcci\u00f3n General de Traducci\u00f3n de la Comisi\u00f3n Europea en Madrid, Luis Gonz\u00e1lez, o el catedr\u00e1tico de Historia Medieval, Ricardo Izquierdo.  La ceremonia estuvo amenizada por varias piezas musicales interpretadas por el violoncelista Chiki Serrano.<\/p>\n\n\n\n<figure class=\"wp-block-image\"><img loading=\"lazy\" decoding=\"async\" width=\"1024\" height=\"683\" src=\"https:\/\/blog.uclm.es\/premiogerardocremona\/files\/2019\/10\/Premio-GErardo-Cremona_oct19-10-1024x683.jpg\" alt=\"\" class=\"wp-image-1027\" srcset=\"https:\/\/blog.uclm.es\/premiogerardocremona\/wp-content\/uploads\/sites\/244\/2019\/10\/Premio-GErardo-Cremona_oct19-10-1024x683.jpg 1024w, https:\/\/blog.uclm.es\/premiogerardocremona\/wp-content\/uploads\/sites\/244\/2019\/10\/Premio-GErardo-Cremona_oct19-10-300x200.jpg 300w, https:\/\/blog.uclm.es\/premiogerardocremona\/wp-content\/uploads\/sites\/244\/2019\/10\/Premio-GErardo-Cremona_oct19-10-768x512.jpg 768w, https:\/\/blog.uclm.es\/premiogerardocremona\/wp-content\/uploads\/sites\/244\/2019\/10\/Premio-GErardo-Cremona_oct19-10-1536x1024.jpg 1536w, https:\/\/blog.uclm.es\/premiogerardocremona\/wp-content\/uploads\/sites\/244\/2019\/10\/Premio-GErardo-Cremona_oct19-10-2048x1365.jpg 2048w\" sizes=\"auto, (max-width: 1024px) 100vw, 1024px\" \/><\/figure>\n\n\n\n<p><strong>DOCUMENTOS:<\/strong><\/p>\n\n\n\n<ul class=\"wp-block-list\"><li>Discurso de agradecimiento de Salvador Pe\u00f1a <a href=\"https:\/\/blog.uclm.es\/premiogerardocremona\/wp-content\/uploads\/sites\/244\/2019\/10\/Discurso-SPena_ES.pdf\">(en espa\u00f1ol) <\/a>\/ <a rel=\"noreferrer noopener\" aria-label=\"(en franc\u00e9s) (abre en una nueva pesta\u00f1a)\" href=\"https:\/\/blog.uclm.es\/premiogerardocremona\/wp-content\/uploads\/sites\/244\/2019\/10\/Discurso-SPEna_FR.pdf\" target=\"_blank\">(en franc\u00e9s)<\/a><\/li><li>Discurso de agradecimiento de Hamid Lechhab <a rel=\"noreferrer noopener\" aria-label=\"(en espa\u00f1ol) (abre en una nueva pesta\u00f1a)\" href=\"https:\/\/blog.uclm.es\/premiogerardocremona\/wp-content\/uploads\/sites\/244\/2019\/10\/Discurso-Lechhab_ES.pdf\" target=\"_blank\">(en espa\u00f1ol)<\/a> \/ <a rel=\"noreferrer noopener\" aria-label=\"(en franc\u00e9s) (abre en una nueva pesta\u00f1a)\" href=\"https:\/\/blog.uclm.es\/premiogerardocremona\/wp-content\/uploads\/sites\/244\/2019\/10\/Discurso-Lechhab_FR.pdf\" target=\"_blank\">(en franc\u00e9s)<\/a><\/li><li>Discurso de agradecimiento de Inam Bioud, directora del Instituto Superior \u00c1rabe de Traducci\u00f3n <a rel=\"noreferrer noopener\" aria-label=\"(en espa\u00f1ol) (abre en una nueva pesta\u00f1a)\" href=\"https:\/\/blog.uclm.es\/premiogerardocremona\/wp-content\/uploads\/sites\/244\/2019\/10\/Discurso-Inam-BIOUD_ES.pdf\" target=\"_blank\">(en espa\u00f1ol)<\/a> \/ <a rel=\"noreferrer noopener\" aria-label=\"(en franc\u00e9s) (abre en una nueva pesta\u00f1a)\" href=\"https:\/\/blog.uclm.es\/premiogerardocremona\/wp-content\/uploads\/sites\/244\/2019\/10\/Discurso-Inam-BIOUD_FR.pdf\" target=\"_blank\">(en franc\u00e9s)<\/a><\/li><li>Discurso de agradecimiento de Carlos Berzosa, Presidente de CEAR <a href=\"https:\/\/blog.uclm.es\/premiogerardocremona\/wp-content\/uploads\/sites\/244\/2019\/10\/Discurso-CEAR_ES.pdf\" target=\"_blank\" rel=\"noreferrer noopener\" aria-label=\"(en espa\u00f1ol) (abre en una nueva pesta\u00f1a)\">(en espa\u00f1ol)<\/a> \/ <a rel=\"noreferrer noopener\" aria-label=\"(en franc\u00e9s) (abre en una nueva pesta\u00f1a)\" href=\"https:\/\/blog.uclm.es\/premiogerardocremona\/wp-content\/uploads\/sites\/244\/2019\/10\/Discurso-CEAR_FR.pdf\" target=\"_blank\">(en franc\u00e9s)<\/a><\/li><li>Intervenci\u00f3n de M. Aziza <a rel=\"noreferrer noopener\" aria-label=\"(en espa\u00f1ol) (abre en una nueva pesta\u00f1a)\" href=\"https:\/\/blog.uclm.es\/premiogerardocremona\/wp-content\/uploads\/sites\/244\/2019\/10\/Discurso-Aziza_ES.pdf\" target=\"_blank\">(en espa\u00f1ol)<\/a> \/ <a rel=\"noreferrer noopener\" aria-label=\"(en franc\u00e9s) (abre en una nueva pesta\u00f1a)\" href=\"https:\/\/blog.uclm.es\/premiogerardocremona\/wp-content\/uploads\/sites\/244\/2019\/10\/Discurso-Aziza_FR.pdf\" target=\"_blank\">(en franc\u00e9s)<\/a><\/li><li>Intervenci\u00f3n de Luca Burgazzi  <a rel=\"noreferrer noopener\" aria-label=\"(en espa\u00f1ol (abre en una nueva pesta\u00f1a)\" href=\"https:\/\/blog.uclm.es\/premiogerardocremona\/wp-content\/uploads\/sites\/244\/2019\/10\/Discurso-Luca-Burgazzi_ES.pdf\" target=\"_blank\">(en espa\u00f1ol<\/a>) \/ <a rel=\"noreferrer noopener\" aria-label=\"(en italiano) (abre en una nueva pesta\u00f1a)\" href=\"https:\/\/blog.uclm.es\/premiogerardocremona\/wp-content\/uploads\/sites\/244\/2019\/10\/Discurso-Luca-Burgazzi_IT.pdf\" target=\"_blank\">(en italiano)<\/a><\/li><\/ul>\n\n\n\n<p><\/p>\n","protected":false},"excerpt":{"rendered":"<p>La ceremonia de entrega de la quinta edici\u00f3n del Premio Internacional de Traducci\u00f3n Gerardo de Cremona tuvo lugar el 4 de octubre en el sal\u00f3n de actos de la Escuela de Traductores de Toledo (Espa\u00f1a). La ceremonia estuvo presidida por el Rector de la Universidad de Castilla-La Mancha, Miguel \u00c1ngel Collado, el Director General de [&hellip;]<\/p>\n","protected":false},"author":316,"featured_media":0,"parent":0,"menu_order":0,"comment_status":"closed","ping_status":"closed","template":"","meta":{"footnotes":""},"class_list":["post-939","page","type-page","status-publish","hentry"],"_links":{"self":[{"href":"https:\/\/blog.uclm.es\/premiogerardocremona\/wp-json\/wp\/v2\/pages\/939","targetHints":{"allow":["GET"]}}],"collection":[{"href":"https:\/\/blog.uclm.es\/premiogerardocremona\/wp-json\/wp\/v2\/pages"}],"about":[{"href":"https:\/\/blog.uclm.es\/premiogerardocremona\/wp-json\/wp\/v2\/types\/page"}],"author":[{"embeddable":true,"href":"https:\/\/blog.uclm.es\/premiogerardocremona\/wp-json\/wp\/v2\/users\/316"}],"replies":[{"embeddable":true,"href":"https:\/\/blog.uclm.es\/premiogerardocremona\/wp-json\/wp\/v2\/comments?post=939"}],"version-history":[{"count":0,"href":"https:\/\/blog.uclm.es\/premiogerardocremona\/wp-json\/wp\/v2\/pages\/939\/revisions"}],"wp:attachment":[{"href":"https:\/\/blog.uclm.es\/premiogerardocremona\/wp-json\/wp\/v2\/media?parent=939"}],"curies":[{"name":"wp","href":"https:\/\/api.w.org\/{rel}","templated":true}]}}