{"id":718,"date":"2017-04-05T12:39:00","date_gmt":"2017-04-05T11:39:00","guid":{"rendered":"http:\/\/blog.uclm.es\/premiogerardocremona\/?page_id=718&amp;lang=it"},"modified":"2017-04-05T12:39:00","modified_gmt":"2017-04-05T11:39:00","slug":"istituzioni-partecipanti","status":"publish","type":"page","link":"https:\/\/blog.uclm.es\/premiogerardocremona\/istituzioni-partecipanti\/","title":{"rendered":"Istituzioni partecipanti"},"content":{"rendered":"<h2 style=\"text-align: center\"><strong>ORGANIGRAMMA<\/strong><\/h2>\n<p><strong><u>MEMBRI FONDATORI:<\/u><\/strong><\/p>\n<ul>\n<li>Universit\u00e0 di Castilla-La Mancha<\/li>\n<li>Fondazione per le Scienze Umane e gli Studi Islamici Re Abdul-Aziz<\/li>\n<li>Programma MED21<\/li>\n<li>Comune di Cremona<\/li>\n<li>Scuola di Traduttori di Toledo<\/li>\n<\/ul>\n<p><img loading=\"lazy\" decoding=\"async\" class=\"alignleft size-full wp-image-142\" src=\"https:\/\/blog.uclm.es\/premiogerardocremona\/wp-content\/uploads\/sites\/244\/2016\/02\/Tira-de-logos.jpg\" alt=\"Tira de logos\" width=\"3160\" height=\"480\" \/><\/p>\n<p>&nbsp;<\/p>\n<p>&nbsp;<\/p>\n<p><strong><u>MEMBRI ASSOCIATI:<\/u><\/strong><\/p>\n<ul>\n<li>Fondazione Anna Lindh<\/li>\n<li>Beit al Hikma (Tunisia)<\/li>\n<li>Scuola di Traduttori e Interpreti di\u00a0Beyrouth (ETIB), Universit\u00e0 di Saint-Joseph<\/li>\n<li>ACE Traductores<\/li>\n<li>Conferencia de Centros y Departamentos de Traducci\u00f3n e Interpretaci\u00f3n del Estado Espa\u00f1ol (CCDUTI)<\/li>\n<\/ul>\n<p>&nbsp;<\/p>\n<p><strong><u>COMITATO ESECUTIVO:<\/u><\/strong><\/p>\n<p><strong>&#8211; PRESIDENTE: \u00a0<\/strong>Miguel \u00c1ngel Collado Yurrita, Rettore della UCLM<\/p>\n<p><strong>&#8211; VICE-PRESIDENTI: <\/strong>Mohamed Nadir Aziza (Programma MED21),\u00a0Mohamed Shgir Janjar (Fondazione Re Abdul-Aziz),\u00a0Gianluca Galimberti (Sindaco di Cremona)<\/p>\n<p><strong>&#8211; SEGRETARIO ESECUTIVO: <\/strong>M\u00aa Teresa Santamar\u00eda Hern\u00e1ndez (Scuola di Traduttori di Toledo)<\/p>\n<p>&nbsp;<\/p>\n<p>&nbsp;<\/p>\n<p>&nbsp;<\/p>\n<p>&nbsp;<\/p>\n","protected":false},"excerpt":{"rendered":"<p>ORGANIGRAMMA MEMBRI FONDATORI: Universit\u00e0 di Castilla-La Mancha Fondazione per le Scienze Umane e gli Studi Islamici Re Abdul-Aziz Programma MED21 Comune di Cremona Scuola di Traduttori di Toledo &nbsp; &nbsp; MEMBRI ASSOCIATI: Fondazione Anna Lindh Beit al Hikma (Tunisia) Scuola di Traduttori e Interpreti di\u00a0Beyrouth (ETIB), Universit\u00e0 di Saint-Joseph ACE Traductores Conferencia de Centros y [&hellip;]<\/p>\n","protected":false},"author":316,"featured_media":0,"parent":0,"menu_order":0,"comment_status":"closed","ping_status":"closed","template":"","meta":{"footnotes":""},"class_list":["post-718","page","type-page","status-publish","hentry"],"_links":{"self":[{"href":"https:\/\/blog.uclm.es\/premiogerardocremona\/wp-json\/wp\/v2\/pages\/718","targetHints":{"allow":["GET"]}}],"collection":[{"href":"https:\/\/blog.uclm.es\/premiogerardocremona\/wp-json\/wp\/v2\/pages"}],"about":[{"href":"https:\/\/blog.uclm.es\/premiogerardocremona\/wp-json\/wp\/v2\/types\/page"}],"author":[{"embeddable":true,"href":"https:\/\/blog.uclm.es\/premiogerardocremona\/wp-json\/wp\/v2\/users\/316"}],"replies":[{"embeddable":true,"href":"https:\/\/blog.uclm.es\/premiogerardocremona\/wp-json\/wp\/v2\/comments?post=718"}],"version-history":[{"count":0,"href":"https:\/\/blog.uclm.es\/premiogerardocremona\/wp-json\/wp\/v2\/pages\/718\/revisions"}],"wp:attachment":[{"href":"https:\/\/blog.uclm.es\/premiogerardocremona\/wp-json\/wp\/v2\/media?parent=718"}],"curies":[{"name":"wp","href":"https:\/\/api.w.org\/{rel}","templated":true}]}}