{"id":690,"date":"2017-04-04T13:40:45","date_gmt":"2017-04-04T12:40:45","guid":{"rendered":"http:\/\/blog.uclm.es\/premiogerardocremona\/?page_id=690&amp;lang=it"},"modified":"2017-04-04T13:40:45","modified_gmt":"2017-04-04T12:40:45","slug":"le-citta","status":"publish","type":"page","link":"https:\/\/blog.uclm.es\/premiogerardocremona\/le-citta\/","title":{"rendered":"Le citt\u00e0"},"content":{"rendered":"<p><strong>TOLEDO<\/strong><\/p>\n<p align=\"justify\">Citt\u00e0 delle tre culture in cui Gerardo da Cremona si \u00e8 recato per ricercare la conoscenza scientifica che ospitava le sue biblioteche. Capitale di una ricca storia, Toledo nel Medioevo ha incontrato un florido movimento di traduzione che si \u00e8\u00a0manifestato\u00a0nella Scuola di Traduttori di Toledo.<\/p>\n<p><img loading=\"lazy\" decoding=\"async\" class=\"alignnone wp-image-14\" src=\"https:\/\/blog.uclm.es\/premiogerardocremona\/wp-content\/uploads\/sites\/244\/2016\/03\/Toledo.jpg\" alt=\"51\" width=\"675\" height=\"256\" \/><\/p>\n<p><strong>CREMONA<\/strong><\/p>\n<p align=\"justify\">Citt\u00e0 natale di Gerardo da Cremona, in cui sono stati trasferiti i suoi resti e la sua biblioteca. Cremona \u00e8 una citt\u00e0 con un passato molto ricco, come dimostrano i suoi splenditi monumenti medievali e rinascimentali.<\/p>\n<p><img loading=\"lazy\" decoding=\"async\" class=\"alignnone wp-image-16\" src=\"https:\/\/blog.uclm.es\/premiogerardocremona\/wp-content\/uploads\/sites\/244\/2016\/03\/Cremona.jpg\" alt=\"3932230468_1a89d3259c_b-560x373\" width=\"673\" height=\"448\" \/><\/p>\n<p><strong>CASABLANCA<\/strong><\/p>\n<p align=\"justify\">Citt\u00e0 principale del Marocco, Casablanca \u00e8 un centro commerciale e culturale in cui\u00a0\u00e8 situata la Fondazione per le Scienze Umane e gli Studi Islamici Re Abdul-Aziz.<\/p>\n<p><img loading=\"lazy\" decoding=\"async\" class=\"alignnone size-full wp-image-18\" src=\"https:\/\/blog.uclm.es\/premiogerardocremona\/wp-content\/uploads\/sites\/244\/2016\/03\/casablanca-morocco.jpg\" alt=\"casablanca-morocco\" width=\"3504\" height=\"2336\" \/><\/p>\n<p>&nbsp;<\/p>\n","protected":false},"excerpt":{"rendered":"<p>TOLEDO Citt\u00e0 delle tre culture in cui Gerardo da Cremona si \u00e8 recato per ricercare la conoscenza scientifica che ospitava le sue biblioteche. Capitale di una ricca storia, Toledo nel Medioevo ha incontrato un florido movimento di traduzione che si \u00e8\u00a0manifestato\u00a0nella Scuola di Traduttori di Toledo. CREMONA Citt\u00e0 natale di Gerardo da Cremona, in cui [&hellip;]<\/p>\n","protected":false},"author":316,"featured_media":0,"parent":0,"menu_order":0,"comment_status":"closed","ping_status":"closed","template":"","meta":{"footnotes":""},"class_list":["post-690","page","type-page","status-publish","hentry"],"_links":{"self":[{"href":"https:\/\/blog.uclm.es\/premiogerardocremona\/wp-json\/wp\/v2\/pages\/690","targetHints":{"allow":["GET"]}}],"collection":[{"href":"https:\/\/blog.uclm.es\/premiogerardocremona\/wp-json\/wp\/v2\/pages"}],"about":[{"href":"https:\/\/blog.uclm.es\/premiogerardocremona\/wp-json\/wp\/v2\/types\/page"}],"author":[{"embeddable":true,"href":"https:\/\/blog.uclm.es\/premiogerardocremona\/wp-json\/wp\/v2\/users\/316"}],"replies":[{"embeddable":true,"href":"https:\/\/blog.uclm.es\/premiogerardocremona\/wp-json\/wp\/v2\/comments?post=690"}],"version-history":[{"count":0,"href":"https:\/\/blog.uclm.es\/premiogerardocremona\/wp-json\/wp\/v2\/pages\/690\/revisions"}],"wp:attachment":[{"href":"https:\/\/blog.uclm.es\/premiogerardocremona\/wp-json\/wp\/v2\/media?parent=690"}],"curies":[{"name":"wp","href":"https:\/\/api.w.org\/{rel}","templated":true}]}}