{"id":44,"date":"2016-02-18T09:07:31","date_gmt":"2016-02-18T09:07:31","guid":{"rendered":"https:\/\/gerardodecremona.wordpress.com\/?page_id=44"},"modified":"2016-02-18T09:07:31","modified_gmt":"2016-02-18T09:07:31","slug":"i-edicion-toledo-2015","status":"publish","type":"page","link":"https:\/\/blog.uclm.es\/premiogerardocremona\/i-edicion-toledo-2015\/","title":{"rendered":"I EDICI\u00d3N &#8211; TOLEDO 2015"},"content":{"rendered":"<p style=\"text-align: justify\">La ceremonia de entrega del Premio Internacional de Traducci\u00f3n Gerardo de Cremona en su primera edici\u00f3n tuvo lugar el 11 de noviembre en el Teatro de Rojas de Toledo (Espa\u00f1a). La ceremonia estuvo presidida por el Rector de la Universidad de Castilla-La Mancha (Miguel \u00c1ngel Collado), el ministro Miguel \u00c1ngel Moratinos, el alcalde de Cremona (Gianluca Galimberti), el Director de Anna Lindh Foundation (Hatem Atallah), el Presidente del Programa MED-21 (Mohamed Aziza) y el Director de la Escuela de Traductores (Luis Miguel Ca\u00f1ada).<\/p>\n<p style=\"text-align: justify\"><img loading=\"lazy\" decoding=\"async\" class=\"aligncenter wp-image-112\" src=\"https:\/\/blog.uclm.es\/premiogerardocremona\/wp-content\/uploads\/sites\/244\/2016\/03\/ceremonia1.jpg\" alt=\"entrega-premio-gerardo-crem\" width=\"611\" height=\"437\" \/><\/p>\n<p style=\"text-align: justify\">Los galardonados con el Premio Gerardo de Cremona en su primera edici\u00f3n han sido:<\/p>\n<p style=\"text-align: justify\"><strong>Malika Embarek<\/strong> (Madrid, 1945), traductora de cerca de sesenta obras del franc\u00e9s al espa\u00f1ol y responsable de la presencia en el \u00e1mbito del espa\u00f1ol de autores como Tahar Ben Jelloun, Mohamed Chukri o Sami Na\u00efr. En la categor\u00eda de traductores de la orilla sur, el premio ha sido concedido al traductor de origen palestino <strong>Saleh Almani<\/strong> (Homs, 1949), autor de m\u00e1s de 110 obras espa\u00f1olas e hispanoamericanas traducidas al \u00e1rabe, desde Garc\u00eda M\u00e1rquez a Pablo Neruda, Rafael Alberti o Garc\u00eda Lorca.<\/p>\n<p style=\"text-align: justify\">En la categor\u00eda de instituciones, el premio ha reca\u00eddo sobre la <strong>Ecole des Traducteurs et d&#8217;Interpr\u00e8tes de Beyrouth<\/strong>, referente tanto en la formaci\u00f3n como en la investigaci\u00f3n en Traducci\u00f3n e Interpretaci\u00f3n en el mundo \u00e1rabe desde su fundaci\u00f3n en 1980. Y sobre <strong>Next Page Foundation, <\/strong>nacida en Bulgaria en 2001 con la finalidad de promover el acercamiento intercultural mediante el apoyo a la edici\u00f3n y a la traducci\u00f3n en pa\u00edses de los Balcanes y Europa Oriental.<\/p>\n<p style=\"text-align: justify\"><img loading=\"lazy\" decoding=\"async\" class=\"alignnone size-full wp-image-111\" src=\"https:\/\/blog.uclm.es\/premiogerardocremona\/wp-content\/uploads\/sites\/244\/2016\/03\/ceremonia.jpg\" alt=\"af38af6f-0b16-ff53-445e35c12a478b14\" width=\"644\" height=\"356\" \/><\/p>\n<p style=\"text-align: justify\">En el acto participaron los miembros del Comit\u00e9 Ejecutivo del Premio, compuesto por el director de la Escuela de Traductores de Toledo, Luis Miguel Ca\u00f1ada, el presidente del Programa MED 21, Mohamed Aziza, el director adjunto de la Fundaci\u00f3n Rey Abdul-Aziz, Mohamed Sghir Janjar; el presidente de ACE Traductores, Carlos Fortea; el presidente de la Sociedad Espa\u00f1ola de Estudios \u00c1rabes, Robert Pocklington, y el presidente de la Conferencia de Departamentos y Centros Universitarios de Traducci\u00f3n e Interpretaci\u00f3n (CCDUTI), Antonio Bueno.<\/p>\n<p style=\"text-align: justify\"><strong>DOCUMENTOS:<\/strong><\/p>\n<ul>\n<li style=\"text-align: justify\">Discurso de agradecimiento de Saleh Almani<a href=\"https:\/\/blog.uclm.es\/premiogerardocremona\/wp-content\/uploads\/sites\/244\/2016\/10\/Discurso-Almani-ES.pdf\"> (en espa\u00f1ol)<\/a> \/<a href=\"https:\/\/blog.uclm.es\/premiogerardocremona\/wp-content\/uploads\/sites\/244\/2016\/10\/\u0643\u0644\u0645\u0629-\u0635\u0627\u0644\u062d-\u0639\u0644\u0645\u0627\u0646\u064a.pdf\"> (en \u00e1rabe)<\/a><\/li>\n<li style=\"text-align: justify\">Discurso de agradecimiento de Malika Embarek <a href=\"https:\/\/blog.uclm.es\/premiogerardocremona\/wp-content\/uploads\/sites\/244\/2016\/10\/Palabras_agradecimiento_premio_malika.pdf\">(en espa\u00f1ol)<\/a><\/li>\n<li style=\"text-align: justify\">Discurso de agradecimiento de Gina Aboul Fadel, directora de la\u00a0Ecole des Traducteurs et d&#8217;Interpr\u00e8tes de Beyrouth <a href=\"https:\/\/blog.uclm.es\/premiogerardocremona\/wp-content\/uploads\/sites\/244\/2016\/10\/Discurso-Gina_ES.pdf\">(en espa\u00f1ol) <\/a>\/ <a href=\"https:\/\/blog.uclm.es\/premiogerardocremona\/wp-content\/uploads\/sites\/244\/2016\/10\/Gina-AbulFadel-Mot-de-remerciement-.pdf\">(en franc\u00e9s)<\/a><\/li>\n<li style=\"text-align: justify\">Discurso de agradecimiento de Yana Guenova, directora de Next Page Foundation\u00a0<a href=\"https:\/\/blog.uclm.es\/premiogerardocremona\/wp-content\/uploads\/sites\/244\/2016\/10\/DISCURSO-DE-Da-YANA-GENOVA.pdf\">(en espa\u00f1ol)<\/a>\u00a0\/<a href=\"https:\/\/blog.uclm.es\/premiogerardocremona\/wp-content\/uploads\/sites\/244\/2016\/10\/SPEECH-BY-YANA-GUENOVA.pdf\"> (en ingl\u00e9s)<\/a><\/li>\n<li style=\"text-align: justify\">Intervenci\u00f3n de M. Aziza <a href=\"https:\/\/blog.uclm.es\/premiogerardocremona\/wp-content\/uploads\/sites\/244\/2016\/10\/Intervencion-Aziza_ES.pdf\">(en espa\u00f1ol)<\/a> \/ <a href=\"https:\/\/blog.uclm.es\/premiogerardocremona\/wp-content\/uploads\/sites\/244\/2016\/10\/Discours-M.-Aziza-Prix-Gerardo-di-Cremona.pdf\">(en franc\u00e9s)<\/a><\/li>\n<li style=\"text-align: justify\">Intervenci\u00f3n de Luis Miguel Ca\u00f1ada <a href=\"https:\/\/blog.uclm.es\/premiogerardocremona\/wp-content\/uploads\/sites\/244\/2016\/10\/Intervencion-Luis-Miguel-Perez.pdf\">(en espa\u00f1ol)<\/a><\/li>\n<\/ul>\n<p>&nbsp;<\/p>\n<p>&nbsp;<\/p>\n<p>&nbsp;<\/p>\n","protected":false},"excerpt":{"rendered":"<p>La ceremonia de entrega del Premio Internacional de Traducci\u00f3n Gerardo de Cremona en su primera edici\u00f3n tuvo lugar el 11 de noviembre en el Teatro de Rojas de Toledo (Espa\u00f1a). La ceremonia estuvo presidida por el Rector de la Universidad de Castilla-La Mancha (Miguel \u00c1ngel Collado), el ministro Miguel \u00c1ngel Moratinos, el alcalde de Cremona [&hellip;]<\/p>\n","protected":false},"author":316,"featured_media":0,"parent":0,"menu_order":0,"comment_status":"closed","ping_status":"closed","template":"","meta":{"footnotes":""},"class_list":["post-44","page","type-page","status-publish","hentry"],"_links":{"self":[{"href":"https:\/\/blog.uclm.es\/premiogerardocremona\/wp-json\/wp\/v2\/pages\/44","targetHints":{"allow":["GET"]}}],"collection":[{"href":"https:\/\/blog.uclm.es\/premiogerardocremona\/wp-json\/wp\/v2\/pages"}],"about":[{"href":"https:\/\/blog.uclm.es\/premiogerardocremona\/wp-json\/wp\/v2\/types\/page"}],"author":[{"embeddable":true,"href":"https:\/\/blog.uclm.es\/premiogerardocremona\/wp-json\/wp\/v2\/users\/316"}],"replies":[{"embeddable":true,"href":"https:\/\/blog.uclm.es\/premiogerardocremona\/wp-json\/wp\/v2\/comments?post=44"}],"version-history":[{"count":0,"href":"https:\/\/blog.uclm.es\/premiogerardocremona\/wp-json\/wp\/v2\/pages\/44\/revisions"}],"wp:attachment":[{"href":"https:\/\/blog.uclm.es\/premiogerardocremona\/wp-json\/wp\/v2\/media?parent=44"}],"curies":[{"name":"wp","href":"https:\/\/api.w.org\/{rel}","templated":true}]}}