{"id":42,"date":"2022-03-01T20:39:53","date_gmt":"2022-03-01T19:39:53","guid":{"rendered":"https:\/\/blog.uclm.es\/pedrogil\/?page_id=42"},"modified":"2025-06-04T12:20:39","modified_gmt":"2025-06-04T11:20:39","slug":"videoteca-juegos-motores","status":"publish","type":"page","link":"https:\/\/blog.uclm.es\/pedrogil\/es\/videoteca-juegos-motores\/","title":{"rendered":"VIDEOTECA"},"content":{"rendered":"\n<p>V\u00eddeos diversos sobre juego motor realizado por los componentes de este grupo<\/p>\n\n\n\n<p><\/p>\n\n\n\n<figure class=\"wp-block-image size-large\"><a href=\"https:\/\/blog.uclm.es\/pedrogil\/2022\/07\/29\/video-presentacion-pedagogia-del-juego\/\"><img loading=\"lazy\" decoding=\"async\" width=\"1024\" height=\"631\" src=\"https:\/\/blog.uclm.es\/pedrogil\/wp-content\/uploads\/sites\/221\/2022\/07\/presentacion_pedro-1024x631.png\" alt=\"\" class=\"wp-image-684\" srcset=\"https:\/\/blog.uclm.es\/pedrogil\/wp-content\/uploads\/sites\/221\/2022\/07\/presentacion_pedro-1024x631.png 1024w, https:\/\/blog.uclm.es\/pedrogil\/wp-content\/uploads\/sites\/221\/2022\/07\/presentacion_pedro-300x185.png 300w, https:\/\/blog.uclm.es\/pedrogil\/wp-content\/uploads\/sites\/221\/2022\/07\/presentacion_pedro-768x474.png 768w, https:\/\/blog.uclm.es\/pedrogil\/wp-content\/uploads\/sites\/221\/2022\/07\/presentacion_pedro.png 1200w\" sizes=\"auto, (max-width: 767px) 89vw, (max-width: 1000px) 54vw, (max-width: 1071px) 543px, 580px\" \/><\/a><\/figure>\n\n\n\n<div class=\"wp-block-columns is-layout-flex wp-container-core-columns-is-layout-9d6595d7 wp-block-columns-is-layout-flex\">\n<div class=\"wp-block-column is-layout-flow wp-block-column-is-layout-flow\">\n<h3 class=\"wp-block-heading\">Proyecto de Innovaci\u00f3n Docente: Descansos Activos en la Facultad de Educaci\u00f3n de Albacete.<\/h3>\n\n\n\n<p>May 30, 2025 | Recursos Para la Formaci\u00f3n Docente; Universidad<\/p>\n\n\n\n<figure class=\"wp-block-gallery has-nested-images columns-default is-cropped wp-block-gallery-1 is-layout-flex wp-block-gallery-is-layout-flex\">\n<figure class=\"wp-block-image size-large\"><a href=\"https:\/\/blog.uclm.es\/pedrogil\/2025\/05\/30\/proyecto-de-innovacion-docente-descansos-activos-en-la-facultad-de-educacion-de-albacete\/\" target=\"_blank\" rel=\"noreferrer noopener\"><img loading=\"lazy\" decoding=\"async\" width=\"1024\" height=\"683\" data-id=\"900\" src=\"https:\/\/blog.uclm.es\/pedrogil\/wp-content\/uploads\/sites\/221\/2025\/06\/Albacete_2015_Noticias_UCLM-3-1024x683.jpg\" alt=\"\" class=\"wp-image-900\" srcset=\"https:\/\/blog.uclm.es\/pedrogil\/wp-content\/uploads\/sites\/221\/2025\/06\/Albacete_2015_Noticias_UCLM-3-1024x683.jpg 1024w, https:\/\/blog.uclm.es\/pedrogil\/wp-content\/uploads\/sites\/221\/2025\/06\/Albacete_2015_Noticias_UCLM-3-300x200.jpg 300w, https:\/\/blog.uclm.es\/pedrogil\/wp-content\/uploads\/sites\/221\/2025\/06\/Albacete_2015_Noticias_UCLM-3-768x512.jpg 768w, https:\/\/blog.uclm.es\/pedrogil\/wp-content\/uploads\/sites\/221\/2025\/06\/Albacete_2015_Noticias_UCLM-3.jpg 1200w\" sizes=\"auto, (max-width: 767px) 89vw, (max-width: 1000px) 54vw, (max-width: 1071px) 543px, 580px\" \/><\/a><\/figure>\n<\/figure>\n\n\n\n<p>Este v\u00eddeo refleja un proyecto de Innovaci\u00f3n Docente que llevamos a cabo en la Facultad de Educaci\u00f3n de Albacete acerca de los beneficios de los descansos activos en el alumnado.<\/p>\n\n\n\n<h2 class=\"wp-block-heading\">Trabajo de Fuerza en Ni\u00f1@s<\/h2>\n\n\n\n<p>Jul 29, 2022 | Educaci\u00f3n Primaria, Coordinaci\u00f3n, Fitness Infusion, Juegos y Deportes, Valores<\/p>\n\n\n\n<figure class=\"wp-block-image size-large\"><a href=\"https:\/\/blog.uclm.es\/pedrogil\/2022\/07\/29\/trabajo-de-fuerza-en-nins\/\" target=\"_blank\" rel=\"noreferrer noopener\"><img loading=\"lazy\" decoding=\"async\" width=\"1024\" height=\"563\" src=\"https:\/\/blog.uclm.es\/pedrogil\/wp-content\/uploads\/sites\/221\/2022\/05\/videoDZ1-1024x563.png\" alt=\"\" class=\"wp-image-523\" srcset=\"https:\/\/blog.uclm.es\/pedrogil\/wp-content\/uploads\/sites\/221\/2022\/05\/videoDZ1-1024x563.png 1024w, https:\/\/blog.uclm.es\/pedrogil\/wp-content\/uploads\/sites\/221\/2022\/05\/videoDZ1-300x165.png 300w, https:\/\/blog.uclm.es\/pedrogil\/wp-content\/uploads\/sites\/221\/2022\/05\/videoDZ1-768x423.png 768w, https:\/\/blog.uclm.es\/pedrogil\/wp-content\/uploads\/sites\/221\/2022\/05\/videoDZ1-1536x845.png 1536w, https:\/\/blog.uclm.es\/pedrogil\/wp-content\/uploads\/sites\/221\/2022\/05\/videoDZ1-1200x660.png 1200w, https:\/\/blog.uclm.es\/pedrogil\/wp-content\/uploads\/sites\/221\/2022\/05\/videoDZ1.png 1792w\" sizes=\"auto, (max-width: 767px) 89vw, (max-width: 1000px) 54vw, (max-width: 1071px) 543px, 580px\" \/><\/a><\/figure>\n\n\n\n<p>Trabajo de Fuerza en ni\u00f1@s<br>Autor: David Zamorano Garc\u00eda<br>Contenidos: Fitness Infusion. Sembrando valores, alumnado de 2\u00ba de Educaci\u00f3n Primaria<\/p>\n\n\n\n<h2 class=\"wp-block-heading\">Herramientas Tecnol\u00f3gicas en Formaci\u00f3n Deportiva<\/h2>\n\n\n\n<p>Jul 29, 2022 | Recursos Para la Formaci\u00f3n Docente<\/p>\n\n\n\n<figure class=\"wp-block-image size-full\"><a href=\"https:\/\/blog.uclm.es\/pedrogil\/2022\/07\/29\/herramientas-tecnologicas-en-formacion-deportiva\/\"><img loading=\"lazy\" decoding=\"async\" width=\"787\" height=\"441\" src=\"https:\/\/blog.uclm.es\/pedrogil\/wp-content\/uploads\/sites\/221\/2022\/07\/Herramientastec.png\" alt=\"\" class=\"wp-image-725\" srcset=\"https:\/\/blog.uclm.es\/pedrogil\/wp-content\/uploads\/sites\/221\/2022\/07\/Herramientastec.png 787w, https:\/\/blog.uclm.es\/pedrogil\/wp-content\/uploads\/sites\/221\/2022\/07\/Herramientastec-300x168.png 300w, https:\/\/blog.uclm.es\/pedrogil\/wp-content\/uploads\/sites\/221\/2022\/07\/Herramientastec-768x430.png 768w\" sizes=\"auto, (max-width: 767px) 89vw, (max-width: 1000px) 54vw, (max-width: 1071px) 543px, 580px\" \/><\/a><\/figure>\n\n\n\n<p>Herramientas Tecnol\u00f3gicas en Formaci\u00f3n Deportiva<br>Autores:Alexandra Mar\u00eda Silva Monsalve, David Bohorquez Caro.<br>Contenidos: Recursos tecnol\u00f3gicos para la formaci\u00f3n docente.<\/p>\n\n\n\n<h2 class=\"wp-block-heading\"><a href=\"https:\/\/blog.uclm.es\/pedrogil\/2022\/07\/21\/proyecto-juegos-motores-facultad-educacion-albacete\/\">Proyecto Juegos Motores. Facultad Educaci\u00f3n Albacete.<\/a><\/h2>\n\n\n\n<p>Jul 21, 2022 | Cooperaci\u00f3n, Coordinaci\u00f3n, Educaci\u00f3n Infantil, Juegos y Deportes, Lateralidad<\/p>\n\n\n\n<figure class=\"wp-block-image size-large\"><a href=\"https:\/\/blog.uclm.es\/pedrogil\/2022\/07\/21\/proyecto-juegos-motores-facultad-educacion-albacete\/\" target=\"_blank\" rel=\"noreferrer noopener\"><img loading=\"lazy\" decoding=\"async\" width=\"1024\" height=\"569\" src=\"https:\/\/blog.uclm.es\/pedrogil\/wp-content\/uploads\/sites\/221\/2022\/07\/juegomotorUCLM-1024x569.png\" alt=\"\" class=\"wp-image-662\" srcset=\"https:\/\/blog.uclm.es\/pedrogil\/wp-content\/uploads\/sites\/221\/2022\/07\/juegomotorUCLM-1024x569.png 1024w, https:\/\/blog.uclm.es\/pedrogil\/wp-content\/uploads\/sites\/221\/2022\/07\/juegomotorUCLM-300x167.png 300w, https:\/\/blog.uclm.es\/pedrogil\/wp-content\/uploads\/sites\/221\/2022\/07\/juegomotorUCLM-768x427.png 768w, https:\/\/blog.uclm.es\/pedrogil\/wp-content\/uploads\/sites\/221\/2022\/07\/juegomotorUCLM.png 1046w\" sizes=\"auto, (max-width: 767px) 89vw, (max-width: 1000px) 54vw, (max-width: 1071px) 543px, 580px\" \/><\/a><\/figure>\n\n\n\n<p>Juego Motor<br>Autores: Clara L\u00f3pez Arteseros, Luc\u00eda S\u00e1nchez Picazo y Pedro Gil Madrona.<br>Contenidos: Juegos motores en educaci\u00f3n infantil.<\/p>\n\n\n\n<h2 class=\"wp-block-heading\"><a href=\"https:\/\/blog.uclm.es\/pedrogil\/2022\/06\/10\/desarrollo-curricular-e-f-ed-infantil\/\">Desarrollo Curricular E.F. Ed. Infantil<\/a><\/h2>\n\n\n\n<p>Jun 10, 2022 | <a href=\"https:\/\/blog.uclm.es\/pedrogil\/category\/recursos\/sin-categorizar\/educacion-infantil\/\">Educaci\u00f3n Infantil<\/a>, <a href=\"https:\/\/blog.uclm.es\/pedrogil\/category\/esquema-corporal\/\">Esquema Corporal<\/a>, <a href=\"https:\/\/blog.uclm.es\/pedrogil\/category\/juegos-y-deportes-en\/\">Juegos y Deportes<\/a><\/p>\n\n\n\n<figure class=\"wp-block-image size-large\"><a href=\"https:\/\/blog.uclm.es\/pedrogil\/2022\/06\/10\/desarrollo-curricular-e-f-ed-infantil\/\" target=\"_blank\" rel=\"noreferrer noopener\"><img loading=\"lazy\" decoding=\"async\" width=\"1024\" height=\"564\" src=\"https:\/\/blog.uclm.es\/pedrogil\/wp-content\/uploads\/sites\/221\/2022\/06\/ejercicio_juegos_Motores-1024x564.png\" alt=\"\" class=\"wp-image-622\" srcset=\"https:\/\/blog.uclm.es\/pedrogil\/wp-content\/uploads\/sites\/221\/2022\/06\/ejercicio_juegos_Motores-1024x564.png 1024w, https:\/\/blog.uclm.es\/pedrogil\/wp-content\/uploads\/sites\/221\/2022\/06\/ejercicio_juegos_Motores-300x165.png 300w, https:\/\/blog.uclm.es\/pedrogil\/wp-content\/uploads\/sites\/221\/2022\/06\/ejercicio_juegos_Motores-768x423.png 768w, https:\/\/blog.uclm.es\/pedrogil\/wp-content\/uploads\/sites\/221\/2022\/06\/ejercicio_juegos_Motores-1536x845.png 1536w, https:\/\/blog.uclm.es\/pedrogil\/wp-content\/uploads\/sites\/221\/2022\/06\/ejercicio_juegos_Motores-1200x660.png 1200w, https:\/\/blog.uclm.es\/pedrogil\/wp-content\/uploads\/sites\/221\/2022\/06\/ejercicio_juegos_Motores.png 1868w\" sizes=\"auto, (max-width: 767px) 89vw, (max-width: 1000px) 54vw, (max-width: 1071px) 543px, 580px\" \/><\/a><\/figure>\n\n\n\n<p>Desarrollo Curricular Educaci\u00f3n Infantil<br>Autores: Rocio G\u00f3mez Palacios, Noelia Giner Carcel\u00e9n, Mar\u00eda Bordallo Garc\u00eda, Aurora Gonz\u00e1lez Rubio.<br>Contenidos: Desarrollo Curricular en Educaci\u00f3n Infantil. Juego Motor.<\/p>\n\n\n\n<h2 class=\"wp-block-heading\">Video Sobre Juegos Motores<\/h2>\n\n\n\n<p>May 13, 2022 | <a href=\"https:\/\/blog.uclm.es\/pedrogil\/category\/recursos\/sin-categorizar\/educacion-primaria\/\">Educaci\u00f3n Primaria<\/a>, <a href=\"https:\/\/blog.uclm.es\/pedrogil\/category\/fitness-infusion\/\">Fitness Infusion<\/a>, <a href=\"https:\/\/blog.uclm.es\/pedrogil\/category\/recursos\/sin-categorizar\/juegos-y-deportes\/\">Juegos y Deportes<\/a>, <a href=\"https:\/\/blog.uclm.es\/pedrogil\/category\/valores\/\">Valores<\/a><\/p>\n\n\n\n<figure class=\"wp-block-image size-large\"><a href=\"https:\/\/blog.uclm.es\/pedrogil\/2022\/05\/13\/video-sobre-juegos-motores\/\"><img loading=\"lazy\" decoding=\"async\" width=\"1024\" height=\"573\" src=\"https:\/\/blog.uclm.es\/pedrogil\/wp-content\/uploads\/sites\/221\/2022\/05\/Video_Alumnos1-1024x573.png\" alt=\"\" class=\"wp-image-538\" srcset=\"https:\/\/blog.uclm.es\/pedrogil\/wp-content\/uploads\/sites\/221\/2022\/05\/Video_Alumnos1-1024x573.png 1024w, https:\/\/blog.uclm.es\/pedrogil\/wp-content\/uploads\/sites\/221\/2022\/05\/Video_Alumnos1-300x168.png 300w, https:\/\/blog.uclm.es\/pedrogil\/wp-content\/uploads\/sites\/221\/2022\/05\/Video_Alumnos1-768x430.png 768w, https:\/\/blog.uclm.es\/pedrogil\/wp-content\/uploads\/sites\/221\/2022\/05\/Video_Alumnos1-1536x860.png 1536w, https:\/\/blog.uclm.es\/pedrogil\/wp-content\/uploads\/sites\/221\/2022\/05\/Video_Alumnos1-1200x672.png 1200w, https:\/\/blog.uclm.es\/pedrogil\/wp-content\/uploads\/sites\/221\/2022\/05\/Video_Alumnos1.png 1818w\" sizes=\"auto, (max-width: 767px) 89vw, (max-width: 1000px) 54vw, (max-width: 1071px) 543px, 580px\" \/><\/a><\/figure>\n\n\n\n<p>Proyecto de Juegos Motores Alumnos<br>Autores: Pablo Escribano Contreras, Silvia P\u00e9rez Miguel, Alberto Qu\u00edlez Cuartero<br>Contenido: Siete loco, Drag\u00f3n Drag\u00f3n, Acorralar (Desarrollo matem\u00e1tico, coordinaci\u00f3n, experimentaci\u00f3n, trabajo en equipo, cultura de aprendizaje colaborativo)<br>Experiencia en el pr\u00e1cticum. \u2013 Estudiantes del grado de maestro de la menci\u00f3n de educaci\u00f3n f\u00edsica, con alumnos de 1\u00ba de Educaci\u00f3n Primaria.<\/p>\n<\/div>\n\n\n\n<div class=\"wp-block-column is-layout-flow wp-block-column-is-layout-flow\">\n<h3 class=\"wp-block-heading\">V\u00eddeo: Developmental Play-Based Assessment in Early Childhood Education. A systematic review.<\/h3>\n\n\n\n<p>May 22, 2022 | Actividades y Materiales; Educaci\u00f3n Infantil<\/p>\n\n\n\n<figure class=\"wp-block-image size-large\"><a href=\"https:\/\/blog.uclm.es\/pedrogil\/es\/2025\/05\/22\/video-developmental-play-based-assessment-in-early-childhood-education-a-systematic-review\/\"><img loading=\"lazy\" decoding=\"async\" width=\"1024\" height=\"570\" src=\"https:\/\/blog.uclm.es\/pedrogil\/wp-content\/uploads\/sites\/221\/2025\/06\/Sin-titulo-1024x570.png\" alt=\"\" class=\"wp-image-903\" srcset=\"https:\/\/blog.uclm.es\/pedrogil\/wp-content\/uploads\/sites\/221\/2025\/06\/Sin-titulo-1024x570.png 1024w, https:\/\/blog.uclm.es\/pedrogil\/wp-content\/uploads\/sites\/221\/2025\/06\/Sin-titulo-300x167.png 300w, https:\/\/blog.uclm.es\/pedrogil\/wp-content\/uploads\/sites\/221\/2025\/06\/Sin-titulo-768x427.png 768w, https:\/\/blog.uclm.es\/pedrogil\/wp-content\/uploads\/sites\/221\/2025\/06\/Sin-titulo-1536x855.png 1536w, https:\/\/blog.uclm.es\/pedrogil\/wp-content\/uploads\/sites\/221\/2025\/06\/Sin-titulo.png 1705w\" sizes=\"auto, (max-width: 767px) 89vw, (max-width: 1000px) 54vw, (max-width: 1071px) 543px, 580px\" \/><\/a><\/figure>\n\n\n\n<p>En este v\u00eddeo pod\u00e9is ver al Dr. Carlos Montoya Fern\u00e1ndez presentando <em><strong>Developmental Play-Based Assessment in Early Childhood Education. A systematic review<\/strong><\/em>  bajo el marco del Proyecto Project Zero de la Universidad  de Harvard<\/p>\n\n\n\n<h2 class=\"wp-block-heading\">Cooperative Challenges<\/h2>\n\n\n\n<p>Jul 29, 2022 | Cooperaci\u00f3n, Coordinaci\u00f3n, Educaci\u00f3n Primaria, Educaci\u00f3n Primaria<\/p>\n\n\n\n<figure class=\"wp-block-image size-full\"><a href=\"https:\/\/blog.uclm.es\/pedrogil\/2022\/07\/29\/cooperative-challenges\/\" target=\"_blank\" rel=\"noreferrer noopener\"><img loading=\"lazy\" decoding=\"async\" width=\"787\" height=\"450\" src=\"https:\/\/blog.uclm.es\/pedrogil\/wp-content\/uploads\/sites\/221\/2022\/07\/cooperative.png\" alt=\"\" class=\"wp-image-717\" srcset=\"https:\/\/blog.uclm.es\/pedrogil\/wp-content\/uploads\/sites\/221\/2022\/07\/cooperative.png 787w, https:\/\/blog.uclm.es\/pedrogil\/wp-content\/uploads\/sites\/221\/2022\/07\/cooperative-300x172.png 300w, https:\/\/blog.uclm.es\/pedrogil\/wp-content\/uploads\/sites\/221\/2022\/07\/cooperative-768x439.png 768w\" sizes=\"auto, (max-width: 767px) 89vw, (max-width: 1000px) 54vw, (max-width: 1071px) 543px, 580px\" \/><\/a><\/figure>\n\n\n\n<p>Cooperative Challenges<br>Autores:Sergio Villar Mart\u00ednez.<br>Contenidos: Desarrollo Curricular en Educaci\u00f3n Primaria. <\/p>\n\n\n\n<p>Juego Motor. Juegos Cooperativos<\/p>\n\n\n\n<h2 class=\"wp-block-heading\">Juegos Motores Ense\u00f1anza Interculturalidad Argentina.<\/h2>\n\n\n\n<p>Jun 13, 2022 | Educaci\u00f3n Primaria, Educaci\u00f3n Primaria, Valores<\/p>\n\n\n\n<figure class=\"wp-block-image size-large\"><a href=\"https:\/\/blog.uclm.es\/pedrogil\/2022\/06\/13\/juegos-motores-ensenanza-interculturalidad-argentina\/\" target=\"_blank\" rel=\"noreferrer noopener\"><img loading=\"lazy\" decoding=\"async\" width=\"1024\" height=\"572\" src=\"https:\/\/blog.uclm.es\/pedrogil\/wp-content\/uploads\/sites\/221\/2022\/06\/Video_argentino-1024x572.png\" alt=\"\" class=\"wp-image-634\" srcset=\"https:\/\/blog.uclm.es\/pedrogil\/wp-content\/uploads\/sites\/221\/2022\/06\/Video_argentino-1024x572.png 1024w, https:\/\/blog.uclm.es\/pedrogil\/wp-content\/uploads\/sites\/221\/2022\/06\/Video_argentino-300x167.png 300w, https:\/\/blog.uclm.es\/pedrogil\/wp-content\/uploads\/sites\/221\/2022\/06\/Video_argentino-768x429.png 768w, https:\/\/blog.uclm.es\/pedrogil\/wp-content\/uploads\/sites\/221\/2022\/06\/Video_argentino-1536x857.png 1536w, https:\/\/blog.uclm.es\/pedrogil\/wp-content\/uploads\/sites\/221\/2022\/06\/Video_argentino-1200x670.png 1200w, https:\/\/blog.uclm.es\/pedrogil\/wp-content\/uploads\/sites\/221\/2022\/06\/Video_argentino.png 1806w\" sizes=\"auto, (max-width: 767px) 89vw, (max-width: 1000px) 54vw, (max-width: 1071px) 543px, 580px\" \/><\/a><\/figure>\n\n\n\n<p>Juegos Motores para ense\u00f1ar la interculturalidad en Argentina.<br>Autora: Stela Maris Ferrarese<br>Contenidos: Desarrollo Curricular en Educaci\u00f3n Primaria. Juego Motor. Interculturalidad<\/p>\n\n\n\n<h2 class=\"wp-block-heading\">Juego Motor Hombre Caim\u00e1n.<\/h2>\n\n\n\n<p>May 30, 2022 | Educaci\u00f3n Infantil, Educaci\u00f3n Primaria, Juegos y Deportes<\/p>\n\n\n\n<figure class=\"wp-block-image size-large\"><a href=\"https:\/\/blog.uclm.es\/pedrogil\/2022\/05\/30\/juego-motor-hombre-caiman\/\" target=\"_blank\" rel=\"noreferrer noopener\"><img loading=\"lazy\" decoding=\"async\" width=\"1024\" height=\"574\" src=\"https:\/\/blog.uclm.es\/pedrogil\/wp-content\/uploads\/sites\/221\/2022\/05\/hombrecaiman-2-1024x574.png\" alt=\"\" class=\"wp-image-591\" srcset=\"https:\/\/blog.uclm.es\/pedrogil\/wp-content\/uploads\/sites\/221\/2022\/05\/hombrecaiman-2-1024x574.png 1024w, https:\/\/blog.uclm.es\/pedrogil\/wp-content\/uploads\/sites\/221\/2022\/05\/hombrecaiman-2-300x168.png 300w, https:\/\/blog.uclm.es\/pedrogil\/wp-content\/uploads\/sites\/221\/2022\/05\/hombrecaiman-2-768x430.png 768w, https:\/\/blog.uclm.es\/pedrogil\/wp-content\/uploads\/sites\/221\/2022\/05\/hombrecaiman-2-1200x672.png 1200w, https:\/\/blog.uclm.es\/pedrogil\/wp-content\/uploads\/sites\/221\/2022\/05\/hombrecaiman-2.png 1278w\" sizes=\"auto, (max-width: 767px) 89vw, (max-width: 1000px) 54vw, (max-width: 1071px) 543px, 580px\" \/><\/a><\/figure>\n\n\n\n<p>Juego Motor Hombre Caim\u00e1n<br>Autor: Yulmis Isabel Rodriguez Guerrero.<br>Contenido: Juego Motor<\/p>\n\n\n\n<h2 class=\"wp-block-heading\">F\u00fatbol Sin Bal\u00f3n.<\/h2>\n\n\n\n<p>Ene 21, 2022 | Cooperaci\u00f3n, Educaci\u00f3n Primaria, Inclusi\u00f3n, Juegos y Deportes<\/p>\n\n\n\n<figure class=\"wp-block-image size-large\"><a href=\"https:\/\/blog.uclm.es\/pedrogil\/2022\/01\/21\/hola-mundo\/\"><img loading=\"lazy\" decoding=\"async\" width=\"1024\" height=\"572\" src=\"https:\/\/blog.uclm.es\/pedrogil\/wp-content\/uploads\/sites\/221\/2022\/05\/futbolsalasinbalon-1024x572.png\" alt=\"\" class=\"wp-image-464\" srcset=\"https:\/\/blog.uclm.es\/pedrogil\/wp-content\/uploads\/sites\/221\/2022\/05\/futbolsalasinbalon-1024x572.png 1024w, https:\/\/blog.uclm.es\/pedrogil\/wp-content\/uploads\/sites\/221\/2022\/05\/futbolsalasinbalon-300x168.png 300w, https:\/\/blog.uclm.es\/pedrogil\/wp-content\/uploads\/sites\/221\/2022\/05\/futbolsalasinbalon-768x429.png 768w, https:\/\/blog.uclm.es\/pedrogil\/wp-content\/uploads\/sites\/221\/2022\/05\/futbolsalasinbalon-1536x858.png 1536w, https:\/\/blog.uclm.es\/pedrogil\/wp-content\/uploads\/sites\/221\/2022\/05\/futbolsalasinbalon-1200x671.png 1200w, https:\/\/blog.uclm.es\/pedrogil\/wp-content\/uploads\/sites\/221\/2022\/05\/futbolsalasinbalon.png 1587w\" sizes=\"auto, (max-width: 767px) 89vw, (max-width: 1000px) 54vw, (max-width: 1071px) 543px, 580px\" \/><\/a><\/figure>\n\n\n\n<p>Video Sobre F\u00fatbol Sala Sin Bal\u00f3n.<br>Autora: Pilar Codina Lorente<br>Contenidos: Futbol sin bal\u00f3n. Inclusi\u00f3n, trabajo en equipo. Pensamiento visible. 6\u00aa curso de Educaci\u00f3n Primaria<\/p>\n\n\n\n<h2 class=\"wp-block-heading\">Juegos Motores Ense\u00f1anza Interculturalidad 1.<\/h2>\n\n\n\n<p>Ene 21, 2022 | Cooperaci\u00f3n, Educaci\u00f3n Primaria, Inclusi\u00f3n, Juegos y Deportes<\/p>\n\n\n<div class=\"wp-block-image\">\n<figure class=\"aligncenter size-full is-resized\"><a href=\"https:\/\/blog.uclm.es\/pedrogil\/2022\/06\/12\/juegos-motores-ensenanza-interculturalidad\/\" target=\"_blank\" rel=\"noreferrer noopener\"><img loading=\"lazy\" decoding=\"async\" width=\"800\" height=\"752\" src=\"https:\/\/blog.uclm.es\/pedrogil\/wp-content\/uploads\/sites\/221\/2022\/03\/language-school-illustration-07.png\" alt=\"\" class=\"wp-image-84\" style=\"width:182px;height:171px\" srcset=\"https:\/\/blog.uclm.es\/pedrogil\/wp-content\/uploads\/sites\/221\/2022\/03\/language-school-illustration-07.png 800w, https:\/\/blog.uclm.es\/pedrogil\/wp-content\/uploads\/sites\/221\/2022\/03\/language-school-illustration-07-300x282.png 300w, https:\/\/blog.uclm.es\/pedrogil\/wp-content\/uploads\/sites\/221\/2022\/03\/language-school-illustration-07-768x722.png 768w\" sizes=\"auto, (max-width: 767px) 89vw, (max-width: 1000px) 54vw, (max-width: 1071px) 543px, 580px\" \/><\/a><\/figure>\n<\/div>\n\n\n<p>Juegos Motores para ense\u00f1ar la interculturalidad.<br>Autora: Stela Maris Ferrarese<br>Contenidos: Desarrollo Curricular en Educaci\u00f3n Primaria. Juego Motor. Interculturalidad<\/p>\n<\/div>\n<\/div>\n\n\n\n<p><\/p>\n","protected":false},"excerpt":{"rendered":"<p>V\u00eddeos diversos sobre juego motor realizado por los componentes de este grupo Proyecto de Innovaci\u00f3n Docente: Descansos Activos en la Facultad de Educaci\u00f3n de Albacete. May 30, 2025 | Recursos Para la Formaci\u00f3n Docente; Universidad Este v\u00eddeo refleja un proyecto de Innovaci\u00f3n Docente que llevamos a cabo en la Facultad de Educaci\u00f3n de Albacete acerca &hellip; <\/p>\n<p class=\"link-more\"><a href=\"https:\/\/blog.uclm.es\/pedrogil\/es\/videoteca-juegos-motores\/\" class=\"more-link\">Continuar leyendo<span class=\"screen-reader-text\"> \u00abVIDEOTECA\u00bb<\/span><\/a><\/p>\n","protected":false},"author":256,"featured_media":0,"parent":0,"menu_order":0,"comment_status":"closed","ping_status":"closed","template":"","meta":{"footnotes":""},"class_list":["post-42","page","type-page","status-publish","hentry"],"_links":{"self":[{"href":"https:\/\/blog.uclm.es\/pedrogil\/es\/wp-json\/wp\/v2\/pages\/42","targetHints":{"allow":["GET"]}}],"collection":[{"href":"https:\/\/blog.uclm.es\/pedrogil\/es\/wp-json\/wp\/v2\/pages"}],"about":[{"href":"https:\/\/blog.uclm.es\/pedrogil\/es\/wp-json\/wp\/v2\/types\/page"}],"author":[{"embeddable":true,"href":"https:\/\/blog.uclm.es\/pedrogil\/es\/wp-json\/wp\/v2\/users\/256"}],"replies":[{"embeddable":true,"href":"https:\/\/blog.uclm.es\/pedrogil\/es\/wp-json\/wp\/v2\/comments?post=42"}],"version-history":[{"count":28,"href":"https:\/\/blog.uclm.es\/pedrogil\/es\/wp-json\/wp\/v2\/pages\/42\/revisions"}],"predecessor-version":[{"id":907,"href":"https:\/\/blog.uclm.es\/pedrogil\/es\/wp-json\/wp\/v2\/pages\/42\/revisions\/907"}],"wp:attachment":[{"href":"https:\/\/blog.uclm.es\/pedrogil\/es\/wp-json\/wp\/v2\/media?parent=42"}],"curies":[{"name":"wp","href":"https:\/\/api.w.org\/{rel}","templated":true}]}}