{"id":19,"date":"2022-03-01T15:42:59","date_gmt":"2022-03-01T14:42:59","guid":{"rendered":"https:\/\/blog.uclm.es\/pedrogil\/?page_id=19"},"modified":"2025-03-13T10:39:09","modified_gmt":"2025-03-13T09:39:09","slug":"recursos","status":"publish","type":"page","link":"https:\/\/blog.uclm.es\/pedrogil\/es\/recursos\/","title":{"rendered":"RECURSOS"},"content":{"rendered":"\n<h1 class=\"wp-block-heading has-text-align-center\">Art\u00edculos Cient\u00edficos, Libros y Materiales Sobre el Juego Motor<\/h1>\n\n\n<h4>Por Fecha de publicaci\u00f3n.<\/h4>\n<p style=\"font-weight: 400\">Gil-Madrona, Pedro &amp; Sim\u00f3n-Piqueras, Juan \u00c1ngel (2025). Dise\u00f1o Curricular Docente de Descansos Activos a Tr\u00e1ves de Juegos Motores para Alumnos de Universitarios.\u00a0 <a href=\"http:\/\/dx.doi.org\/10.13140\/RG.2.2.22466.29122\" target=\"_blank\" rel=\"noopener\">http:\/\/dx.doi.org\/10.13140\/RG.2.2.22466.29122<\/a><\/p>\n<p><a href=\"https:\/\/doi.org\/10.3390\/bs13100828\" target=\"_blank\" rel=\"noopener\">Enlace a publicaci\u00f3n<\/a><\/p>\n<p style=\"font-weight: 400\">Gil-Madrona, P., G\u00f3mez J.L., Aguilar-Jurado, M.\u00c1. and Guti\u00e9rrez-Mar\u00edn, E.C. (2020) <strong>Appropriate Self-Perceived Behaviors in Primary Education Pupils During Sports Games.<\/strong> Front. Psychol. 11:1528. DOI: <a href=\"https:\/\/doi.org\/10.3389\/fpsyg.2020.01528\">https:\/\/doi.org\/10.3389\/fpsyg.2020.01528<\/a><\/p>\n<p><a href=\"https:\/\/blog.uclm.es\/pedrogil\/wp-content\/uploads\/sites\/221\/2025\/01\/fpsyg-11-01528-7.pdf\">Enlace a publicaci\u00f3n<\/a><\/p>\n<p>Rodr\u00edguez-Guerrero, Y. I., Gil-Madrona, P., Pilar Leon, M., &amp; V\u00e1squez-Cruz, A. E. (2023)<br \/>T\u00edtulo: Relationship between fine\/gross motor skills and language and math development in Colombian Caribbean children: A study in Barranquilla. Revista: Infant and Child Development. 32(4). Editorial wiley.com ISSN: On-line versi\u00f3n ISSN 0718-5006 Volumen: 32 (4) DOI: https: 10.1002\/icd.2430<\/p>\n<p><a href=\"https:\/\/blog.uclm.es\/pedrogil\/wp-content\/uploads\/sites\/221\/2025\/01\/Infant-and-Child-Development-2023-Rodr-guez\u2010Guerrero-Relationship-between-fine-gross-motor-skills-and-language-and.pdf\">Enlace publicaci\u00f3n<\/a><\/p>\n<p style=\"font-weight: 400\">Honrubia Montesinos, C., Gil Madrona, P., Losada Puente, L., Brian, A., &amp; Saraiva, L. (2023). The Relationship Between Early Childhood Teachers\u2019 Professional Development in Physical Education and Children\u2019s Fundamental Movement Skills.\u00a0<em>Early Education and Development<\/em>,\u00a0<em>35<\/em>(5), 950\u2013963. <a href=\"https:\/\/doi.org\/10.1080\/10409289.2023.2221766\">https:\/\/doi.org\/10.1080\/10409289.2023.2221766<\/a><\/p>\n<p><a href=\"https:\/\/blog.uclm.es\/pedrogil\/wp-content\/uploads\/sites\/221\/2025\/01\/Blinded-document-CON-CAMBIOS7-1-002.docx\" target=\"_blank\" rel=\"noopener\">Enlace publicaci\u00f3n<\/a><\/p>\n<p>Gil-Madrona P, Romero-Mart\u00ednez SJ and Roz-Faraco CC (2021) Extracurricular Physical Activities and the Condition of Being an Only Child as a Conditioning Factor in the Psychomotor Development of 5-Year-Old Children.\u00a0<i>Front. Pediatr.<\/i>\u00a09:684418. doi: 10.3389\/fped.2021.684418<\/p>\n<p><a href=\"https:\/\/blog.uclm.es\/pedrogil\/wp-content\/uploads\/sites\/221\/2025\/01\/fped-09-684418-37.pdf\" target=\"_blank\" rel=\"noopener\">Enlace publicaci\u00f3n<\/a><\/p>\n<p>Gil-Madrona, P., Hinojosa, L. M. M., P\u00e9rez-Segura, J. J., S\u00e1ez-S\u00e1nchez, M. B., &amp; Poblete, G. Z. (2020). Scale of Pedagogical Authority Meanings in the classroom (ESAPA) for Ibero-America built on the opinions of teaching students. Teaching and Teacher Education, 93, 103079.<\/p>\n<p><a href=\"https:\/\/blog.uclm.es\/pedrogil\/wp-content\/uploads\/sites\/221\/2025\/01\/FINAL_12-03-2020-ESAPA_Manuscript.pdf\" target=\"_blank\" rel=\"noopener\">Enlace publicaci\u00f3n<\/a><\/p>\n<p>Zamora-Poblete, G., Gil-Madrona, P., M\u00e9ndez-Hinojosa, LM, Galvis-Leal, P., &amp; Tadeo-Morales, J. (2020). Significados de la autoridad pedag\u00f3gica en los futuros docentes de Espa\u00f1a y Am\u00e9rica Latina. Comprensiones en Educaci\u00f3n Estudiantes de Chile, Colombia, Venezuela y Espa\u00f1a. Cultura y Educaci\u00f3n, 32, 242-271<\/p>\n<p><a href=\"https:\/\/blog.uclm.es\/pedrogil\/wp-content\/uploads\/sites\/221\/2025\/01\/zamora-poblete-et-al-2020-meanings-of-pedagogical-authority-in-future-teachers-in-spain-and-latin-america.pdf\" target=\"_blank\" rel=\"noopener\">Enlace publicaci\u00f3n<\/a><\/p>\n<p>Luz Marina M\u00e9ndez-Hinojosa, Guillermo Zamora-Poblete, Pedro Gil-Madrona, Jos\u00e9 Jaime P\u00e9rez-Segura, Mar\u00eda Bel\u00e9n S\u00e1ez-S\u00e1nchez,<br \/>Cross-national dataset from Chile, Spain, Venezuela and Colombia to analyze the meanings students attribute to the pedagogical authority of teachers, Data in Brief, Volume 30, 2020 DOI: https:\/\/doi.org\/10.1016\/j.dib.2020.105655<\/p>\n<p><a href=\"https:\/\/blog.uclm.es\/pedrogil\/wp-content\/uploads\/sites\/221\/2025\/01\/1-s2.0-S2352340920305497-main-2-1.pdf\" target=\"_blank\" rel=\"noopener\">Enlace publicaci\u00f3n<\/a><\/p>\n<p style=\"font-weight: 400\">Arroyo Resino, D., Constante-Amores, A., Gil Madrona, P., y Carrillo L\u00f3pez, PJ (2024). Bienestar estudiantil y desempe\u00f1o en alfabetizaci\u00f3n matem\u00e1tica en PISA 2018: un enfoque de aprendizaje autom\u00e1tico.\u00a0<em>Psicolog\u00eda Educativa<\/em>\u00a0,\u00a0<em>44<\/em>\u00a0(3), 340\u2013357. <a href=\"https:\/\/doi.org\/10.1080\/01443410.2024.2359104\">https:\/\/doi.org\/10.1080\/01443410.2024.2359104 <\/a><\/p>\n<p style=\"font-weight: 400\"><a href=\"https:\/\/blog.uclm.es\/pedrogil\/wp-content\/uploads\/sites\/221\/2025\/01\/Manuscript_Anon_v3_without-track-changes.-final.pdf\">Ultima Versi\u00f3n enviada a la Revista<\/a><\/p>\n<p>Sim\u00f3n-Piqueras J\u00c1, Prieto-Ayuso A, G\u00f3mez-Moreno E, Mart\u00ednez-L\u00f3pez M, Gil-Madrona P. Evaluation of a Program of Aquatic Motor Games in the Improvement of Motor Competence in Children from 4 to 5 Years Old. Children. 2022; 9(8):1141. https:\/\/doi.org\/10.3390\/children9081141<a href=\"https:\/\/www.mdpi.com\/2227-9067\/9\/8\/1141\/pdf?version=1659095994\">https:\/\/www.mdpi.com\/2227-9067\/9\/8\/1141\/pdf?version=1659095994<\/a><\/p>\n<p>Handbook of Research on Using Motor Games in Teaching and Learning Strategy.\u00a0Hardback. e-Book Collection &#8211; Copyright 2022. English. Edited by Pedro Gil-Madrona. <a href=\"https:\/\/www.bookdepository.com\/es\/Handbook-Research-on-Using-Motor-Games-Teaching-Learning-Strategy-Pedro-Gil-Madrona\/9781799896210\">https:\/\/www.bookdepository.com\/es\/Handbook-Research-on-Using-Motor-Games-Teaching-Learning-Strategy-Pedro-Gil-Madrona\/9781799896210<\/a>\u00a0<\/p>\n<p>Gil-Madrona, P., Pascual-Franc\u00e9s, L., Jord\u00e1-Espi, A., Mujica-Johnson, F., &amp; Fern\u00e1ndez-Revelles, A. B. (2020). Affectivity and Motor Interaction in Popular Motor Games at School. Apunts. Educaci\u00f3n F\u00edsica y Deportes, 139, 42-48.. <a href=\"https:\/\/doi.org\/10.5672\/apunts.2014-0983.es.(2020\/1).139.06\">DOI: https:\/\/doi.org\/10.5672\/apunts.2014-0983.es.(2020\/1).139.06<\/a><\/p>\n<p>Quintanilla Bautista, E., Sim\u00f3n Piqueras, J. A., Le\u00f3n Gonz\u00e1lez, M. P., &amp; Contreras Jord\u00e1n, O. (2018). Inluencia de distintos materiales did\u00e1cticos acu\u00e1ticos sobre la competencia percibida en el medio acu\u00e1tico por alumnos de segundo ciclo de educaci\u00f3n infantil. SPORT TK-Revista EuroAmericana de Ciencias del Deporte, 7(2), 73\u201380. <a href=\"https:\/\/doi.org\/10.6018\/sportk.342941\">https:\/\/doi.org\/10.6018\/sportk.342941<\/a><\/p>\n<p>Zamorano Garc\u00eda, M.; Gil-Madrona, P.; Prieto-Ayuso, A. y Zamorano Garc\u00eda, D. (2018). Emociones generadas por distintos tipos de juegos en clase de \u00a0 educaci\u00f3n f\u00edsica \/ Generated Emotions by Various Types of Games in Physical Education. Revista Internacional de Medicina y Ciencias de la Actividad F\u00edsica y el Deporte vol. 18 (69) pp. 1-26\u00a0http:\/\/<a href=\"cdeporte.rediris.es\/revista\/revista69\/artemociones869.htm\">cdeporte.rediris.es\/revista\/revista69\/artemociones869.htm <\/a>DOI: <a href=\"https:\/\/doi.org\/10.15366\/rimcafd2018.69.001\">https:\/\/doi.org\/10.15366\/rimcafd2018.69.001)<\/a><\/p>\n<p>S\u00e1nchez Oliver, A; Navarro-Mart\u00ednez, R; Sim\u00f3n-Piqueras, J.A. (2018). Propuesta de ambientes acu\u00e1ticos de aprendizaje en educaci\u00f3n infantil Comunicaciones T\u00e9cnicas, N\u00ba. 1, 2018, p\u00e1gs. 26-44. <a href=\"https:\/\/dialnet.unirioja.es\/servlet\/articulo?codigo=6363823\">https:\/\/dialnet.unirioja.es\/servlet\/articulo?codigo=6363823<\/a><\/p>\n<p>Navarro-Mart\u00ednez, R; S\u00e1nchez Oliver, A; Sim\u00f3n-Piqueras, J.A. (2017). Percepci\u00f3n de los profesores de nataci\u00f3n sobre la aplicaci\u00f3n y utilizaci\u00f3n de cuentos motores acu\u00e1ticos. Comunicaciones T\u00e9cnicas, N\u00ba. 1, 2017, p\u00e1gs. 2-7. <a href=\"https:\/\/dialnet.unirioja.es\/servlet\/articulo?codigo=6360632\">https:\/\/dialnet.unirioja.es\/servlet\/articulo?codigo=6360632<\/a><\/p>\n<p>Cuesta, C., Prieto Ayuso, A., G\u00f3mez Barreto, I. M., Ximena Barrera, M. y Gil-Madrona, P. (2016). La contribuci\u00f3n de los juegos cooperativos a la mejora psicomotriz en ni\u00f1os de educaci\u00f3n infantil. Paradigma, 37(1), 99-134. \u00a0<a href=\"http:\/\/ve.scielo.org\/pdf\/pdg\/v37n1\/art07.pdf\">http:\/\/ve.scielo.org\/pdf\/pdg\/v37n1\/art07.pdf<\/a><\/p>\n<p>Mediaci\u00f3n educativa: Juegos, ocio y recreaci\u00f3n (Psicolog\u00eda) Tapa blanda \u2013 15 septiembre 2016.\u00a0Pedro Gil Madrona (Autor), Jorge Abell\u00e1n (Autor). <a href=\"https:\/\/www.amazon.es\/Mediaci%C3%B3n-educativa-Juegos-recreaci%C3%B3n-Psicolog%C3%ADa\/dp\/843683609X\">https:\/\/www.amazon.es\/Mediaci%C3%B3n-educativa-Juegos-recreaci%C3%B3n-Psicolog%C3%ADa\/dp\/843683609X<\/a><\/p>\n<p>Una experiencia interdisciplinar desde el \u00e1rea de Educaci\u00f3n F\u00edsicael \u00abQuijote\u00bb y sus juegos motores.\u00a0Autores:, Pedro Gil Madrona y Onofre Contreras Jord\u00e1n. Localizaci\u00f3n: Revista de educaci\u00f3n, ISSN 0034-8082, N\u00ba Extra 1, 2004 (Ejemplar dedicado a: El Quijote y la educaci\u00f3n), p\u00e1gs. 227-243.\u00a0Idioma: espa\u00f1ol. <a href=\"https:\/\/www.educacionyfp.gob.es\/dam\/jcr:2c476413-3cc3-4aa4-a93d-b35323c94282\/re200419-pdf\">https:\/\/www.educacionyfp.gob.es\/dam\/jcr:2c476413-3cc3-4aa4-a93d-b35323c94282\/re200419-pdf.<\/a><\/p>","protected":false},"excerpt":{"rendered":"<p>Art\u00edculos Cient\u00edficos, Libros y Materiales Sobre el Juego Motor Por Fecha de publicaci\u00f3n. Gil-Madrona, Pedro &amp; Sim\u00f3n-Piqueras, Juan \u00c1ngel (2025). Dise\u00f1o Curricular Docente de Descansos Activos a Tr\u00e1ves de Juegos Motores para Alumnos de Universitarios.\u00a0 http:\/\/dx.doi.org\/10.13140\/RG.2.2.22466.29122 Enlace a publicaci\u00f3n Gil-Madrona, P., G\u00f3mez J.L., Aguilar-Jurado, M.\u00c1. and Guti\u00e9rrez-Mar\u00edn, E.C. (2020) Appropriate Self-Perceived Behaviors in Primary Education &hellip; <\/p>\n<p class=\"link-more\"><a href=\"https:\/\/blog.uclm.es\/pedrogil\/es\/recursos\/\" class=\"more-link\">Continuar leyendo<span class=\"screen-reader-text\"> \u00abRECURSOS\u00bb<\/span><\/a><\/p>\n","protected":false},"author":256,"featured_media":0,"parent":0,"menu_order":4,"comment_status":"closed","ping_status":"closed","template":"","meta":{"footnotes":""},"class_list":["post-19","page","type-page","status-publish","hentry"],"_links":{"self":[{"href":"https:\/\/blog.uclm.es\/pedrogil\/es\/wp-json\/wp\/v2\/pages\/19","targetHints":{"allow":["GET"]}}],"collection":[{"href":"https:\/\/blog.uclm.es\/pedrogil\/es\/wp-json\/wp\/v2\/pages"}],"about":[{"href":"https:\/\/blog.uclm.es\/pedrogil\/es\/wp-json\/wp\/v2\/types\/page"}],"author":[{"embeddable":true,"href":"https:\/\/blog.uclm.es\/pedrogil\/es\/wp-json\/wp\/v2\/users\/256"}],"replies":[{"embeddable":true,"href":"https:\/\/blog.uclm.es\/pedrogil\/es\/wp-json\/wp\/v2\/comments?post=19"}],"version-history":[{"count":12,"href":"https:\/\/blog.uclm.es\/pedrogil\/es\/wp-json\/wp\/v2\/pages\/19\/revisions"}],"predecessor-version":[{"id":879,"href":"https:\/\/blog.uclm.es\/pedrogil\/es\/wp-json\/wp\/v2\/pages\/19\/revisions\/879"}],"wp:attachment":[{"href":"https:\/\/blog.uclm.es\/pedrogil\/es\/wp-json\/wp\/v2\/media?parent=19"}],"curies":[{"name":"wp","href":"https:\/\/api.w.org\/{rel}","templated":true}]}}