{"id":13,"date":"2022-02-09T17:05:07","date_gmt":"2022-02-09T16:05:07","guid":{"rendered":"https:\/\/blog.uclm.es\/pedrogil\/?page_id=13"},"modified":"2025-06-02T16:17:08","modified_gmt":"2025-06-02T15:17:08","slug":"quienes-somos","status":"publish","type":"page","link":"https:\/\/blog.uclm.es\/pedrogil\/es\/quienes-somos\/","title":{"rendered":"About Us \/ \u00bfQui\u00e9nes Somos?"},"content":{"rendered":"\n<h2 class=\"wp-block-heading\">En este apartado pod\u00e9is conocer m\u00e1s a fondo qui\u00e9nes estamos detr\u00e1s de este proyecto de la Pedagog\u00eda del Juego.<\/h2>\n\n\n\n<div class=\"wp-block-columns is-layout-flex wp-container-core-columns-is-layout-9d6595d7 wp-block-columns-is-layout-flex\">\n<div class=\"wp-block-column is-layout-flow wp-block-column-is-layout-flow\">\n<div class=\"wp-block-columns is-layout-flex wp-container-core-columns-is-layout-9d6595d7 wp-block-columns-is-layout-flex\">\n<div class=\"wp-block-column is-layout-flow wp-block-column-is-layout-flow\">\n<figure class=\"wp-block-image size-full\"><img loading=\"lazy\" decoding=\"async\" width=\"200\" height=\"194\" src=\"https:\/\/blog.uclm.es\/pedrogil\/wp-content\/uploads\/sites\/221\/2022\/03\/Sin-titulo.png\" alt=\"\" class=\"wp-image-131\" \/><\/figure>\n<\/div>\n\n\n\n<div class=\"wp-block-column is-layout-flow wp-block-column-is-layout-flow\">\n<h2 class=\"wp-block-heading\">Pedro Gil Madrona<\/h2>\n\n\n\n<p>P.\/A Titular de Universidad<br>FACULTAD DE EDUCACI\u00d3N DE ALBACETE |<br><a href=\"tel:+34:&nbsp;&nbsp;Tfno:967599200\">Tfno: 967 599 200 <\/a>|&nbsp;<a href=\"mailto:Pedro.Gil@uclm.es\">Pedro.Gil@uclm.es<\/a><br><a href=\"https:\/\/www.researchgate.net\/profile\/Pedro-Madrona\" target=\"_blank\" rel=\"noreferrer noopener\">https:\/\/www.researchgate.net\/profile\/Pedro-Madrona<\/a>&nbsp;|&nbsp;&nbsp;<\/p>\n\n\n\n<figure class=\"wp-block-image\"><a href=\"http:\/\/orcid.org\/0000-0002-1503-6394\"><img decoding=\"async\" src=\"http:\/\/www.uclm.es\/comun\/imgweb\/firma_correo\/orcid.jpg\" alt=\"ORCID\" \/><\/a><\/figure>\n\n\n\n<figure class=\"wp-block-image\"><a href=\"https:\/\/scholar.google.es\/citations?user=mVAvv-4AAAAJ&amp;hl=es\"><img decoding=\"async\" src=\"http:\/\/www.uclm.es\/comun\/imgweb\/firma_correo\/googlescholar.png\" alt=\"Google Scholar\" \/><\/a><\/figure>\n<\/div>\n<\/div>\n\n\n\n<div class=\"wp-block-columns is-layout-flex wp-container-core-columns-is-layout-9d6595d7 wp-block-columns-is-layout-flex\">\n<div class=\"wp-block-column is-layout-flow wp-block-column-is-layout-flow\">\n<figure class=\"wp-block-image size-full\"><img loading=\"lazy\" decoding=\"async\" width=\"200\" height=\"197\" src=\"https:\/\/blog.uclm.es\/pedrogil\/wp-content\/uploads\/sites\/221\/2022\/03\/DavidZamorano.png\" alt=\"\" class=\"wp-image-400\" \/><\/figure>\n<\/div>\n\n\n\n<div class=\"wp-block-column is-layout-flow wp-block-column-is-layout-flow\">\n<h2 class=\"wp-block-heading\">DAVID ZAMORANO GARC\u00cdA<\/h2>\n\n\n\n<p>P. Asociado\/A<br>FACULTAD DE EDUCACI\u00d3N DE ALBACETE |<br><a href=\"tel:+34:&nbsp;&nbsp;Tfno:967599200\">Tfno: 967 599 200 <\/a>| <a href=\"mailto:David.Zamorano@uclm.es\">David.Zamorano@uclm.es<\/a><br><a href=\"https:\/\/www.researchgate.net\/profile\/David-Zamorano-Garcia\" target=\"_blank\" rel=\"noreferrer noopener\">https:\/\/www.researchgate.net\/profile\/David-Zamorano-Garcia<\/a>&nbsp;|&nbsp;&nbsp;<\/p>\n\n\n\n<figure class=\"wp-block-image\"><a href=\"https:\/\/orcid.org\/0000-0001-5785-0215\"><img decoding=\"async\" src=\"http:\/\/www.uclm.es\/comun\/imgweb\/firma_correo\/orcid.jpg\" alt=\"ORCID\" \/><\/a><\/figure>\n\n\n\n<figure class=\"wp-block-image\"><a href=\"https:\/\/scholar.google.es\/citations?hl=es&amp;user=B-NMixsAAAAJ\"><img decoding=\"async\" src=\"http:\/\/www.uclm.es\/comun\/imgweb\/firma_correo\/googlescholar.png\" alt=\"Google Scholar\" \/><\/a><\/figure>\n<\/div>\n<\/div>\n\n\n\n<div class=\"wp-block-columns is-layout-flex wp-container-core-columns-is-layout-9d6595d7 wp-block-columns-is-layout-flex\">\n<div class=\"wp-block-column is-layout-flow wp-block-column-is-layout-flow\"><\/div>\n<\/div>\n<\/div>\n\n\n\n<div class=\"wp-block-column is-layout-flow wp-block-column-is-layout-flow\">\n<div class=\"wp-block-columns is-layout-flex wp-container-core-columns-is-layout-9d6595d7 wp-block-columns-is-layout-flex\">\n<div class=\"wp-block-column is-layout-flow wp-block-column-is-layout-flow\">\n<figure class=\"wp-block-image size-full\"><img loading=\"lazy\" decoding=\"async\" width=\"198\" height=\"191\" src=\"https:\/\/blog.uclm.es\/pedrogil\/wp-content\/uploads\/sites\/221\/2022\/03\/juan.png\" alt=\"\" class=\"wp-image-163\" \/><\/figure>\n<\/div>\n\n\n\n<div class=\"wp-block-column is-layout-flow wp-block-column-is-layout-flow\">\n<h2 class=\"wp-block-heading\">Juan \u00c1ngel Sim\u00f3n Piqueras<\/h2>\n\n\n\n<p>P. Asociado\/A<br>FACULTAD DE EDUCACI\u00d3N DE ALBACETE |<br><a href=\"tel:+34:&nbsp;&nbsp;Tfno:967599200\">Tfno: 967 599 200 <\/a>| <a href=\"mailto:JuanAngel.Simon@uclm.es\">JuanAngel.Simon@uclm.es<\/a><br><a href=\"https:\/\/www.researchgate.net\/profile\/Juan-Angel-Simon-Piqueras\" target=\"_blank\" rel=\"noreferrer noopener\">https:\/\/www.researchgate.net\/profile\/Juan-Angel-Simon-Piqueras<\/a>&nbsp;|&nbsp;&nbsp;<\/p>\n\n\n\n<figure class=\"wp-block-image\"><a href=\"http:\/\/orcid.org\/0000-0002-5851-523X\"><img decoding=\"async\" src=\"http:\/\/www.uclm.es\/comun\/imgweb\/firma_correo\/orcid.jpg\" alt=\"ORCID\" \/><\/a><\/figure>\n<\/div>\n<\/div>\n\n\n\n<div class=\"wp-block-columns is-layout-flex wp-container-core-columns-is-layout-9d6595d7 wp-block-columns-is-layout-flex\">\n<div class=\"wp-block-column is-layout-flow wp-block-column-is-layout-flow\"><\/div>\n<\/div>\n\n\n\n<div class=\"wp-block-columns is-layout-flex wp-container-core-columns-is-layout-9d6595d7 wp-block-columns-is-layout-flex\">\n<div class=\"wp-block-column is-layout-flow wp-block-column-is-layout-flow\"><\/div>\n\n\n\n<div class=\"wp-block-column is-layout-flow wp-block-column-is-layout-flow\">\n<h2 class=\"wp-block-heading\"><\/h2>\n<\/div>\n<\/div>\n<\/div>\n<\/div>\n","protected":false},"excerpt":{"rendered":"<p>En este apartado pod\u00e9is conocer m\u00e1s a fondo qui\u00e9nes estamos detr\u00e1s de este proyecto de la Pedagog\u00eda del Juego. Pedro Gil Madrona P.\/A Titular de UniversidadFACULTAD DE EDUCACI\u00d3N DE ALBACETE |Tfno: 967 599 200 |&nbsp;Pedro.Gil@uclm.eshttps:\/\/www.researchgate.net\/profile\/Pedro-Madrona&nbsp;|&nbsp;&nbsp; DAVID ZAMORANO GARC\u00cdA P. Asociado\/AFACULTAD DE EDUCACI\u00d3N DE ALBACETE |Tfno: 967 599 200 | David.Zamorano@uclm.eshttps:\/\/www.researchgate.net\/profile\/David-Zamorano-Garcia&nbsp;|&nbsp;&nbsp; Juan \u00c1ngel Sim\u00f3n Piqueras P. &hellip; <\/p>\n<p class=\"link-more\"><a href=\"https:\/\/blog.uclm.es\/pedrogil\/es\/quienes-somos\/\" class=\"more-link\">Continuar leyendo<span class=\"screen-reader-text\"> \u00abAbout Us \/ \u00bfQui\u00e9nes Somos?\u00bb<\/span><\/a><\/p>\n","protected":false},"author":256,"featured_media":0,"parent":0,"menu_order":2,"comment_status":"closed","ping_status":"closed","template":"","meta":{"footnotes":""},"class_list":["post-13","page","type-page","status-publish","hentry"],"_links":{"self":[{"href":"https:\/\/blog.uclm.es\/pedrogil\/es\/wp-json\/wp\/v2\/pages\/13","targetHints":{"allow":["GET"]}}],"collection":[{"href":"https:\/\/blog.uclm.es\/pedrogil\/es\/wp-json\/wp\/v2\/pages"}],"about":[{"href":"https:\/\/blog.uclm.es\/pedrogil\/es\/wp-json\/wp\/v2\/types\/page"}],"author":[{"embeddable":true,"href":"https:\/\/blog.uclm.es\/pedrogil\/es\/wp-json\/wp\/v2\/users\/256"}],"replies":[{"embeddable":true,"href":"https:\/\/blog.uclm.es\/pedrogil\/es\/wp-json\/wp\/v2\/comments?post=13"}],"version-history":[{"count":3,"href":"https:\/\/blog.uclm.es\/pedrogil\/es\/wp-json\/wp\/v2\/pages\/13\/revisions"}],"predecessor-version":[{"id":894,"href":"https:\/\/blog.uclm.es\/pedrogil\/es\/wp-json\/wp\/v2\/pages\/13\/revisions\/894"}],"wp:attachment":[{"href":"https:\/\/blog.uclm.es\/pedrogil\/es\/wp-json\/wp\/v2\/media?parent=13"}],"curies":[{"name":"wp","href":"https:\/\/api.w.org\/{rel}","templated":true}]}}