{"id":13,"date":"2022-07-20T10:26:46","date_gmt":"2022-07-20T09:26:46","guid":{"rendered":"https:\/\/blogdev.uclm.es\/fullsite\/?page_id=13"},"modified":"2022-07-20T10:26:46","modified_gmt":"2022-07-20T09:26:46","slug":"blog","status":"publish","type":"page","link":"https:\/\/blog.uclm.es\/pascualmartinez\/blog\/","title":{"rendered":"Blog"},"content":{"rendered":"\n<div class=\"wp-block-group alignfull has-background-color has-text-color has-background has-link-color wp-elements-f857db027ea75259b7e7c053f0dfe5e5\" style=\"background-color:#b30033;padding-top:6rem;padding-bottom:6rem\"><div class=\"wp-block-group__inner-container is-layout-constrained wp-block-group-is-layout-constrained\">\n<div class=\"wp-block-media-text alignwide has-media-on-the-right is-stacked-on-mobile is-vertically-aligned-bottom\"><figure class=\"wp-block-media-text__media\"><img loading=\"lazy\" decoding=\"async\" width=\"1024\" height=\"683\" src=\"https:\/\/blog.uclm.es\/pascualmartinez\/wp-content\/uploads\/sites\/116\/2022\/10\/Bienvenido-1024x683-1.jpg\" alt=\"\" class=\"wp-image-315 size-full\" srcset=\"https:\/\/blog.uclm.es\/pascualmartinez\/wp-content\/uploads\/sites\/116\/2022\/10\/Bienvenido-1024x683-1.jpg 1024w, https:\/\/blog.uclm.es\/pascualmartinez\/wp-content\/uploads\/sites\/116\/2022\/10\/Bienvenido-1024x683-1-300x200.jpg 300w, https:\/\/blog.uclm.es\/pascualmartinez\/wp-content\/uploads\/sites\/116\/2022\/10\/Bienvenido-1024x683-1-768x512.jpg 768w\" sizes=\"auto, (max-width: 709px) 85vw, (max-width: 909px) 67vw, (max-width: 1362px) 62vw, 840px\" \/><\/figure><div class=\"wp-block-media-text__content\">\n<p class=\"has-large-font-size\" style=\"text-transform:uppercase\"><strong>Lorem ipsum<\/strong><\/p>\n\n\n\n<p>Lorem ipsum dolor sit amet, consectetur adipiscing elit, sed do eiusmod tempor incididunt ut labore et dolore magna aliqua.<\/p>\n\n\n\n<p>Vel elit scelerisque mauris pellentesque pulvinar pellentesque habitant. Tellus in metus vulputate eu scelerisque. Enim facilisis gravida neque convallis a cras semper auctor neque. Tortor id aliquet lectus proin.&nbsp;<\/p>\n<\/div><\/div>\n<\/div><\/div>\n\n\n\n<div class=\"wp-block-group alignfull\" style=\"padding-top:var(--wp--custom--spacing--small, 1.25rem);padding-bottom:0px\"><div class=\"wp-block-group__inner-container is-layout-constrained wp-block-group-is-layout-constrained\">\n<div class=\"wp-block-columns alignwide is-layout-flex wp-container-core-columns-is-layout-adfb9f59 wp-block-columns-is-layout-flex\" style=\"margin-top:0px;margin-bottom:0px\">\n<div class=\"wp-block-column is-layout-flow wp-block-column-is-layout-flow\" style=\"flex-basis:20%\"><h1 style=\"font-style:italic;font-weight:300;line-height:1.1; margin-top:0px;margin-bottom:1rem;\" class=\"wp-block-site-title has-var-wp-custom-typography-font-size-huge-clamp-2-25-rem-4-vw-2-75-rem-font-size has-source-serif-pro-font-family\">Sitio Personal Pascual Martinez<\/h1>\n\n<p class=\"wp-block-site-tagline has-small-font-size\">Web Pascual Mart\u00ednez Esp\u00edn<\/p>\n\n\n<hr class=\"wp-block-separator has-text-color has-background has-foreground-background-color has-foreground-color is-style-wide\"\/>\n\n\n\n<div style=\"height:16px\" aria-hidden=\"true\" class=\"wp-block-spacer\"><\/div>\n\n\n<nav class=\"is-responsive items-justified-left is-vertical wp-block-navigation is-content-justification-left is-layout-flex wp-container-core-navigation-is-layout-c0ca7d81 wp-block-navigation-is-layout-flex\" aria-label=\"Navegaci\u00f3n 9\" \n\t\t data-wp-interactive=\"core\/navigation\" data-wp-context='{\"overlayOpenedBy\":{\"click\":false,\"hover\":false,\"focus\":false},\"type\":\"overlay\",\"roleAttribute\":\"\",\"ariaLabel\":\"Men\\u00fa\"}'><button aria-haspopup=\"dialog\" aria-label=\"Abrir el men\u00fa\" class=\"wp-block-navigation__responsive-container-open\" \n\t\t\t\tdata-wp-on--click=\"actions.openMenuOnClick\"\n\t\t\t\tdata-wp-on--keydown=\"actions.handleMenuKeydown\"\n\t\t\t><svg width=\"24\" height=\"24\" xmlns=\"http:\/\/www.w3.org\/2000\/svg\" viewBox=\"0 0 24 24\" aria-hidden=\"true\" focusable=\"false\"><path d=\"M4 7.5h16v1.5H4z\"><\/path><path d=\"M4 15h16v1.5H4z\"><\/path><\/svg><\/button>\n\t\t\t\t<div class=\"wp-block-navigation__responsive-container\"  id=\"modal-1\" \n\t\t\t\tdata-wp-class--has-modal-open=\"state.isMenuOpen\"\n\t\t\t\tdata-wp-class--is-menu-open=\"state.isMenuOpen\"\n\t\t\t\tdata-wp-watch=\"callbacks.initMenu\"\n\t\t\t\tdata-wp-on--keydown=\"actions.handleMenuKeydown\"\n\t\t\t\tdata-wp-on--focusout=\"actions.handleMenuFocusout\"\n\t\t\t\ttabindex=\"-1\"\n\t\t\t>\n\t\t\t\t\t<div class=\"wp-block-navigation__responsive-close\" tabindex=\"-1\">\n\t\t\t\t\t\t<div class=\"wp-block-navigation__responsive-dialog\" \n\t\t\t\tdata-wp-bind--aria-modal=\"state.ariaModal\"\n\t\t\t\tdata-wp-bind--aria-label=\"state.ariaLabel\"\n\t\t\t\tdata-wp-bind--role=\"state.roleAttribute\"\n\t\t\t>\n\t\t\t\t\t\t\t<button aria-label=\"Cerrar el men\u00fa\" class=\"wp-block-navigation__responsive-container-close\" \n\t\t\t\tdata-wp-on--click=\"actions.closeMenuOnClick\"\n\t\t\t><svg xmlns=\"http:\/\/www.w3.org\/2000\/svg\" viewBox=\"0 0 24 24\" width=\"24\" height=\"24\" aria-hidden=\"true\" focusable=\"false\"><path d=\"m13.06 12 6.47-6.47-1.06-1.06L12 10.94 5.53 4.47 4.47 5.53 10.94 12l-6.47 6.47 1.06 1.06L12 13.06l6.47 6.47 1.06-1.06L13.06 12Z\"><\/path><\/svg><\/button>\n\t\t\t\t\t\t\t<div class=\"wp-block-navigation__responsive-container-content\" \n\t\t\t\tdata-wp-watch=\"callbacks.focusFirstElement\"\n\t\t\t id=\"modal-1-content\">\n\t\t\t\t\t\t\t\t<ul class=\"wp-block-navigation__container is-responsive items-justified-left is-vertical wp-block-navigation\"><ul class=\"wp-block-page-list\"><li class=\"wp-block-pages-list__item wp-block-navigation-item open-on-hover-click\"><a class=\"wp-block-pages-list__item__link wp-block-navigation-item__content\" href=\"https:\/\/blog.uclm.es\/pascualmartinez\/pagina-ejemplo-2\/\">Bienvenida<\/a><\/li><li class=\"wp-block-pages-list__item wp-block-navigation-item open-on-hover-click\"><a class=\"wp-block-pages-list__item__link wp-block-navigation-item__content\" href=\"https:\/\/blog.uclm.es\/pascualmartinez\/blog\/\">Blog<\/a><\/li><li class=\"wp-block-pages-list__item wp-block-navigation-item open-on-hover-click\"><a class=\"wp-block-pages-list__item__link wp-block-navigation-item__content\" href=\"https:\/\/blog.uclm.es\/pascualmartinez\/curriculum\/\">Curriculum<\/a><\/li><li class=\"wp-block-pages-list__item wp-block-navigation-item open-on-hover-click\"><a class=\"wp-block-pages-list__item__link wp-block-navigation-item__content\" href=\"https:\/\/blog.uclm.es\/pascualmartinez\/docencia\/\">Docencia<\/a><\/li><li class=\"wp-block-pages-list__item wp-block-navigation-item open-on-hover-click\"><a class=\"wp-block-pages-list__item__link wp-block-navigation-item__content\" href=\"https:\/\/blog.uclm.es\/pascualmartinez\/galeria\/\">Galeria<\/a><\/li><li class=\"wp-block-pages-list__item wp-block-navigation-item open-on-hover-click\"><a class=\"wp-block-pages-list__item__link wp-block-navigation-item__content\" href=\"https:\/\/blog.uclm.es\/pascualmartinez\/investigacion\/\">Investigaci\u00f3n<\/a><\/li><li class=\"wp-block-pages-list__item wp-block-navigation-item open-on-hover-click\"><a class=\"wp-block-pages-list__item__link wp-block-navigation-item__content\" href=\"https:\/\/blog.uclm.es\/pascualmartinez\/pagina-ejemplo\/\">P\u00e1gina de ejemplo<\/a><\/li><li class=\"wp-block-pages-list__item wp-block-navigation-item open-on-hover-click\"><a class=\"wp-block-pages-list__item__link wp-block-navigation-item__content\" href=\"https:\/\/blog.uclm.es\/pascualmartinez\/publicaciones\/\">Publicaciones<\/a><\/li><\/ul><\/ul>\n\t\t\t\t\t\t\t<\/div>\n\t\t\t\t\t\t<\/div>\n\t\t\t\t\t<\/div>\n\t\t\t\t<\/div><\/nav>\n\n\n<div style=\"height:16px\" aria-hidden=\"true\" class=\"wp-block-spacer\"><\/div>\n\n\n\n<div style=\"height:16px\" aria-hidden=\"true\" class=\"wp-block-spacer\"><\/div>\n\n\n\n<div style=\"height:16px\" aria-hidden=\"true\" class=\"wp-block-spacer\"><\/div>\n<\/div>\n\n\n\n<div class=\"wp-block-column is-layout-flow wp-block-column-is-layout-flow\" style=\"flex-basis:80%\">\n<div class=\"wp-block-query is-layout-constrained wp-block-query-is-layout-constrained\"><ul class=\"is-flex-container columns-3 wp-block-post-template is-layout-flow wp-block-post-template-is-layout-flow\"><li class=\"wp-block-post post-11 post type-post status-publish format-standard hentry category-uncategorized\">\n\n\n\n<div class=\"wp-block-group is-content-justification-space-between is-layout-flex wp-container-core-group-is-layout-3d213aab wp-block-group-is-layout-flex\"><h2 style=\"font-style:normal;font-weight:400;\" class=\"has-link-color wp-elements-9cfcdb54d33065e9947fd2c70dea3afe wp-block-post-title has-small-font-size has-system-font-font-family\"><a href=\"https:\/\/blog.uclm.es\/pascualmartinez\/2013\/01\/15\/curriculum-vitae\/\" target=\"_self\" >CURRICULUM VITAE<\/a><\/h2>\n\n<div style=\"font-style:italic;font-weight:400;\" class=\"wp-block-post-date has-small-font-size\"><time datetime=\"2013-01-15T16:30:36+01:00\">01.15.13<\/time><\/div><\/div>\n\n<\/li><li class=\"wp-block-post post-342 post type-post status-publish format-standard hentry category-bienvenida\">\n\n\n\n<div class=\"wp-block-group is-content-justification-space-between is-layout-flex wp-container-core-group-is-layout-3d213aab wp-block-group-is-layout-flex\"><h2 style=\"font-style:normal;font-weight:400;\" class=\"has-link-color wp-elements-9cfcdb54d33065e9947fd2c70dea3afe wp-block-post-title has-small-font-size has-system-font-font-family\"><a href=\"https:\/\/blog.uclm.es\/pascualmartinez\/2012\/12\/21\/hola-mundo-2\/\" target=\"_self\" >Bienvenido a la p\u00e1gina web de Pascual Mart\u00ednez Esp\u00edn<\/a><\/h2>\n\n<div style=\"font-style:italic;font-weight:400;\" class=\"wp-block-post-date has-small-font-size\"><time datetime=\"2012-12-21T17:51:17+01:00\">12.21.12<\/time><\/div><\/div>\n\n<\/li><\/ul>\n\n<\/div>\n<\/div>\n<\/div>\n<\/div><\/div>\n\n\n\n<div class=\"wp-block-group alignfull\" style=\"padding-top:0px;padding-bottom:var(--wp--custom--spacing--small, 1.25rem)\"><div class=\"wp-block-group__inner-container is-layout-constrained wp-block-group-is-layout-constrained\">\n<div class=\"wp-block-columns alignwide is-layout-flex wp-container-core-columns-is-layout-adfb9f59 wp-block-columns-is-layout-flex\" style=\"margin-top:0px;margin-bottom:0px\">\n<div class=\"wp-block-column is-layout-flow wp-block-column-is-layout-flow\" style=\"flex-basis:100%\">\n<hr class=\"wp-block-separator is-style-wide\"\/>\n\n\n\n<div style=\"height:50px\" aria-hidden=\"true\" class=\"wp-block-spacer\"><\/div>\n\n\n\n<div class=\"wp-block-query is-layout-flow wp-block-query-is-layout-flow\"><ul class=\"wp-block-post-template is-layout-flow wp-block-post-template-is-layout-flow\"><li class=\"wp-block-post post-11 post type-post status-publish format-standard hentry category-uncategorized\">\n\n<div class=\"wp-block-columns alignwide is-layout-flex wp-container-core-columns-is-layout-9d6595d7 wp-block-columns-is-layout-flex\">\n<div class=\"wp-block-column is-layout-flow wp-block-column-is-layout-flow\" style=\"flex-basis:45%\"><\/div>\n\n\n\n<div class=\"wp-block-column is-layout-flow wp-block-column-is-layout-flow\"><h2 style=\"font-style:normal;font-weight:400; margin-top:0px;margin-right:0px;margin-bottom:0px;margin-left:0px;\" class=\"has-link-color wp-elements-34734ae9bf788db26a6a00cf76bea4fb wp-block-post-title has-small-font-size has-system-font-font-family\"><a href=\"https:\/\/blog.uclm.es\/pascualmartinez\/2013\/01\/15\/curriculum-vitae\/\" target=\"_self\" >CURRICULUM VITAE<\/a><\/h2>\n\n<div class=\"wp-block-post-excerpt\"><p class=\"wp-block-post-excerpt__excerpt\">1986-1991). Durante los tres \u00faltimos cursos de la Licenciatura fu\u00ed Becario de Colaboraci\u00f3n del \u00c1rea de Derecho Civil, bajo la direcci\u00f3n del Profesor Angel Carrasco Perera. Estoy vinculado a la UCLM desde el 1 de septiembre de 1991, como Profesor Ayudante. Curs\u00e9 estudios de Doctorado en la Universidad de Paris II (Pantheon-Assas), bajo la direcci\u00f3n<\/p><p class=\"wp-block-post-excerpt__more-text\"><a class=\"wp-block-post-excerpt__more-link\" href=\"https:\/\/blog.uclm.es\/pascualmartinez\/2013\/01\/15\/curriculum-vitae\/\">Leer m\u00e1s<\/a><\/p><\/div><\/div>\n<\/div>\n\n<\/li><li class=\"wp-block-post post-342 post type-post status-publish format-standard hentry category-bienvenida\">\n\n<div class=\"wp-block-columns alignwide is-layout-flex wp-container-core-columns-is-layout-9d6595d7 wp-block-columns-is-layout-flex\">\n<div class=\"wp-block-column is-layout-flow wp-block-column-is-layout-flow\" style=\"flex-basis:45%\"><\/div>\n\n\n\n<div class=\"wp-block-column is-layout-flow wp-block-column-is-layout-flow\"><h2 style=\"font-style:normal;font-weight:400; margin-top:0px;margin-right:0px;margin-bottom:0px;margin-left:0px;\" class=\"has-link-color wp-elements-34734ae9bf788db26a6a00cf76bea4fb wp-block-post-title has-small-font-size has-system-font-font-family\"><a href=\"https:\/\/blog.uclm.es\/pascualmartinez\/2012\/12\/21\/hola-mundo-2\/\" target=\"_self\" >Bienvenido a la p\u00e1gina web de Pascual Mart\u00ednez Esp\u00edn<\/a><\/h2>\n\n<div class=\"wp-block-post-excerpt\"><p class=\"wp-block-post-excerpt__excerpt\">BIENVENIDOS A MI BLOG PERSONAL Estimados\u00a0\u00a0 amigos:\u00a0\u00a0 Les\u00a0 doy\u00a0 la\u00a0 bienvenida\u00a0 a mi\u00a0 blog\u00a0 en\u00a0 el\u00a0 cual\u00a0 vamos a\u00a0 tratar\u00a0 temas\u00a0 referidos\u00a0al\u00a0\u00a0 Derecho Civil . Espero\u00a0 sus\u00a0 comentarios\u00a0 que\u00a0 permitan\u00a0 fortalecer\u00a0\u00a0nuestro\u00a0 conocimiento.<\/p><p class=\"wp-block-post-excerpt__more-text\"><a class=\"wp-block-post-excerpt__more-link\" href=\"https:\/\/blog.uclm.es\/pascualmartinez\/2012\/12\/21\/hola-mundo-2\/\">Leer m\u00e1s<\/a><\/p><\/div><\/div>\n<\/div>\n\n<\/li><\/ul><\/div>\n<\/div>\n<\/div>\n<\/div><\/div>\n\n\n\n<div class=\"wp-block-group alignfull\" style=\"padding-top:0px;padding-bottom:var(--wp--custom--spacing--small, 1.25rem)\"><div class=\"wp-block-group__inner-container is-layout-constrained wp-block-group-is-layout-constrained\">\n<div class=\"wp-block-columns alignwide has-foreground-color has-text-color has-link-color wp-elements-759e9c8b3d7169d5ab8a6f98d3c686a6 is-layout-flex wp-container-core-columns-is-layout-afb53d8e wp-block-columns-is-layout-flex\" style=\"margin-top:0px;margin-bottom:0px\">\n<div class=\"wp-block-column is-layout-flow wp-block-column-is-layout-flow\" style=\"padding-bottom:6rem;flex-basis:66.66%\">\n<div class=\"wp-block-query is-layout-constrained wp-block-query-is-layout-constrained\"><ul class=\"wp-block-post-template is-layout-flow wp-block-post-template-is-layout-flow\"><li class=\"wp-block-post post-11 post type-post status-publish format-standard hentry category-uncategorized\">\n<h2 style=\"color:#b30033; font-style:normal;font-weight:400;text-transform:uppercase; margin-top:0;margin-bottom:1rem;\" class=\"has-link-color wp-elements-395cef90cb1fd9a77d11d8849d0376cb wp-block-post-title has-text-color has-small-font-size has-system-font-font-family\"><a href=\"https:\/\/blog.uclm.es\/pascualmartinez\/2013\/01\/15\/curriculum-vitae\/\" target=\"_self\" >CURRICULUM VITAE<\/a><\/h2>\n\n\n\n<div class=\"wp-block-post-excerpt\"><p class=\"wp-block-post-excerpt__excerpt\">1986-1991). Durante los tres \u00faltimos cursos de la Licenciatura fu\u00ed Becario de Colaboraci\u00f3n del \u00c1rea de Derecho Civil, bajo la direcci\u00f3n del Profesor Angel Carrasco Perera. Estoy vinculado a la UCLM desde el 1 de septiembre de 1991, como Profesor Ayudante. Curs\u00e9 estudios de Doctorado en la Universidad de Paris II (Pantheon-Assas), bajo la direcci\u00f3n<\/p><p class=\"wp-block-post-excerpt__more-text\"><a class=\"wp-block-post-excerpt__more-link\" href=\"https:\/\/blog.uclm.es\/pascualmartinez\/2013\/01\/15\/curriculum-vitae\/\">Leer m\u00e1s<\/a><\/p><\/div>\n\n\n<div class=\"wp-block-group is-layout-flex wp-block-group-is-layout-flex\"><div style=\"font-style:normal;font-weight:400;\" class=\"wp-block-post-date has-small-font-size\"><time datetime=\"2013-01-15T16:30:36+01:00\">enero 15, 2013<\/time><\/div>\n\n<div class=\"taxonomy-category wp-block-post-terms has-small-font-size\"><a href=\"https:\/\/blog.uclm.es\/pascualmartinez\/category\/uncategorized\/\" rel=\"tag\">Uncategorized<\/a><\/div>\n\n<\/div>\n\n\n\n<div style=\"height:64px\" aria-hidden=\"true\" class=\"wp-block-spacer\"><\/div>\n\n<\/li><li class=\"wp-block-post post-342 post type-post status-publish format-standard hentry category-bienvenida\">\n<h2 style=\"color:#b30033; font-style:normal;font-weight:400;text-transform:uppercase; margin-top:0;margin-bottom:1rem;\" class=\"has-link-color wp-elements-395cef90cb1fd9a77d11d8849d0376cb wp-block-post-title has-text-color has-small-font-size has-system-font-font-family\"><a href=\"https:\/\/blog.uclm.es\/pascualmartinez\/2012\/12\/21\/hola-mundo-2\/\" target=\"_self\" >Bienvenido a la p\u00e1gina web de Pascual Mart\u00ednez Esp\u00edn<\/a><\/h2>\n\n\n\n<div class=\"wp-block-post-excerpt\"><p class=\"wp-block-post-excerpt__excerpt\">BIENVENIDOS A MI BLOG PERSONAL Estimados\u00a0\u00a0 amigos:\u00a0\u00a0 Les\u00a0 doy\u00a0 la\u00a0 bienvenida\u00a0 a mi\u00a0 blog\u00a0 en\u00a0 el\u00a0 cual\u00a0 vamos a\u00a0 tratar\u00a0 temas\u00a0 referidos\u00a0al\u00a0\u00a0 Derecho Civil . Espero\u00a0 sus\u00a0 comentarios\u00a0 que\u00a0 permitan\u00a0 fortalecer\u00a0\u00a0nuestro\u00a0 conocimiento.<\/p><p class=\"wp-block-post-excerpt__more-text\"><a class=\"wp-block-post-excerpt__more-link\" href=\"https:\/\/blog.uclm.es\/pascualmartinez\/2012\/12\/21\/hola-mundo-2\/\">Leer m\u00e1s<\/a><\/p><\/div>\n\n\n<div class=\"wp-block-group is-layout-flex wp-block-group-is-layout-flex\"><div style=\"font-style:normal;font-weight:400;\" class=\"wp-block-post-date has-small-font-size\"><time datetime=\"2012-12-21T17:51:17+01:00\">diciembre 21, 2012<\/time><\/div>\n\n<div class=\"taxonomy-category wp-block-post-terms has-small-font-size\"><a href=\"https:\/\/blog.uclm.es\/pascualmartinez\/category\/bienvenida\/\" rel=\"tag\">BIENVENIDA<\/a><\/div>\n\n<\/div>\n\n\n\n<div style=\"height:64px\" aria-hidden=\"true\" class=\"wp-block-spacer\"><\/div>\n\n<\/li><\/ul>\n\n<\/div>\n<\/div>\n\n\n\n<div class=\"wp-block-column is-layout-flow wp-block-column-is-layout-flow\" style=\"flex-basis:33.33%\"><h1 style=\"font-style:normal;font-weight:300;line-height:1.2;\" class=\"wp-block-site-title has-large-font-size has-source-serif-pro-font-family\">Sitio Personal Pascual Martinez<\/h1>\n\n<p class=\"wp-block-site-tagline\">Web Pascual Mart\u00ednez Esp\u00edn<\/p>\n\n\n<div style=\"height:16px\" aria-hidden=\"true\" class=\"wp-block-spacer\"><\/div>\n\n\n\n<h4 class=\"has-large-font-size wp-block-heading\"><em>Categor\u00edas<\/em><\/h4>\n\n\n<p class=\"wp-block-tag-cloud\"><a href=\"https:\/\/blog.uclm.es\/pascualmartinez\/category\/bienvenida\/\" class=\"tag-cloud-link tag-link-7 tag-link-position-1\" style=\"font-size: 8pt;\" aria-label=\"BIENVENIDA (1 elemento)\">BIENVENIDA<span class=\"tag-link-count\"> (1)<\/span><\/a>\n<a href=\"https:\/\/blog.uclm.es\/pascualmartinez\/category\/uncategorized\/\" class=\"tag-cloud-link tag-link-2 tag-link-position-2\" style=\"font-size: 8pt;\" aria-label=\"Uncategorized (1 elemento)\">Uncategorized<span class=\"tag-link-count\"> (1)<\/span><\/a><\/p>\n\n\n<h4 class=\"has-large-font-size wp-block-heading\"><em>Etiquetas<\/em><\/h4>\n\n\n<p class=\"wp-block-tag-cloud\">Todav\u00eda no hay contenido que mostrar aqu\u00ed.<\/p><\/div>\n<\/div>\n<\/div><\/div>\n\n\n\n<p><\/p>\n","protected":false},"excerpt":{"rendered":"<p>Lorem ipsum Lorem ipsum dolor sit amet, consectetur adipiscing elit, sed do eiusmod tempor incididunt ut labore et dolore magna aliqua. Vel elit scelerisque mauris pellentesque pulvinar pellentesque habitant. Tellus in metus vulputate eu scelerisque. Enim facilisis gravida neque convallis a cras semper auctor neque. Tortor id aliquet lectus proin.&nbsp; Categor\u00edas Etiquetas<\/p>\n","protected":false},"author":7,"featured_media":99,"parent":0,"menu_order":0,"comment_status":"closed","ping_status":"closed","template":"","meta":{"footnotes":""},"class_list":["post-13","page","type-page","status-publish","has-post-thumbnail","hentry"],"_links":{"self":[{"href":"https:\/\/blog.uclm.es\/pascualmartinez\/wp-json\/wp\/v2\/pages\/13","targetHints":{"allow":["GET"]}}],"collection":[{"href":"https:\/\/blog.uclm.es\/pascualmartinez\/wp-json\/wp\/v2\/pages"}],"about":[{"href":"https:\/\/blog.uclm.es\/pascualmartinez\/wp-json\/wp\/v2\/types\/page"}],"author":[{"embeddable":true,"href":"https:\/\/blog.uclm.es\/pascualmartinez\/wp-json\/wp\/v2\/users\/7"}],"replies":[{"embeddable":true,"href":"https:\/\/blog.uclm.es\/pascualmartinez\/wp-json\/wp\/v2\/comments?post=13"}],"version-history":[{"count":0,"href":"https:\/\/blog.uclm.es\/pascualmartinez\/wp-json\/wp\/v2\/pages\/13\/revisions"}],"wp:featuredmedia":[{"embeddable":true,"href":"https:\/\/blog.uclm.es\/pascualmartinez\/wp-json\/"}],"wp:attachment":[{"href":"https:\/\/blog.uclm.es\/pascualmartinez\/wp-json\/wp\/v2\/media?parent=13"}],"curies":[{"name":"wp","href":"https:\/\/api.w.org\/{rel}","templated":true}]}}