{"id":93,"date":"2018-08-31T16:56:03","date_gmt":"2018-08-31T15:56:03","guid":{"rendered":"http:\/\/blog.uclm.es\/pascualgonzalez\/?page_id=93"},"modified":"2025-03-12T21:09:24","modified_gmt":"2025-03-12T20:09:24","slug":"miembro-de-equipo-investigador","status":"publish","type":"page","link":"https:\/\/blog.uclm.es\/pascualgonzalez\/miembro-de-equipo-investigador\/","title":{"rendered":"Miembro del Equipo de Investigaci\u00f3n"},"content":{"rendered":"<p>\u2022 Gemelos digitales humanos para fomentar un comportamiento prosocial (16\/10\/2023- 15\/10\/2026); Importe: 119.500 \u20ac<br \/>\nEntidad financiadora: MCIN \/AEI \/10.13039\/501100011033-FEDER \u00a0(PID2022-PID2022-140907OB-I00)<br \/>\nInvestigador responsable: V\u00edctor L\u00f3pez L\u00f3pez, Francisco Montero Simarro<\/p>\n<p>\u2022 Reconfigurable heterogeneous highly parallel processing platform for safe and secure AI (31\/12\/2022-31\/07\/2026);Importe: 162.795\u20ac<br \/>\nEntidad financiadora: HORIZON-KDT-JU-2021-2-RIA(101097224) MCIN\/AEI\/10.13039\/501100011033 (PCI2022-135043-2)<br \/>\nInvestigador responsable: Arturo S. Garc\u00eda Jim\u00e9nez<\/p>\n<p>\u2022 Design and evaluation of a framework driven by the user experience for the development of cyberphysical social systems for healthcare (01\/06\/2020- 29\/02\/2024); Importe: 115.797 \u20ac<br \/>\nEntidad financiadora: Ministerio de Econom\u00eda, Industria y Competitividad (PID2019-108915RB-I00)<br \/>\nInvestigador responsable: Elena Navarro Mart\u00ednez, V\u00edctor L\u00f3pez L\u00f3pez<\/p>\n<p>\u2022 Verification and validation of automated systems\u2019 safety and security funding organization (01\/05\/2020- 30\/04\/2023); Importe: 119.270 \u20ac<br \/>\nEntidad financiadora: H2020-ECSEL(VALU3S, 876852)<br \/>\nInvestigador responsable: Jos\u00e9 Luis de la Vara<\/p>\n<p>\u2022 iRel4.0 intelligent reliability 4.0 (01\/05\/2020- 30\/04\/2023); Importe: 119.270 \u20ac<br \/>\nEntidad financiadora: H2020-ECSEL(iRel 4.0 8766592)<br \/>\nInvestigador responsable: Antonio Fern\u00e1ndez Caballero<\/p>\n<p>\u2022 Simbiosis Humano-Avatar en Ciberterapias Cognitivas: Prueba de Concepto para Alucinaciones Auditivas rehabilitaci\u00f3n (01\/01\/2017 &#8211; 31\/12\/2018); Importe: 50.000 \u20ac<br \/>\nEntidad financiadora: Ministerio de Econom\u00eda y Competitividad (TIN2015-72931-EXP)<br \/>\nEntidades participantes: Hospital 12 de Octubre; Complejo Hospitalario Universitario de Albacete (CHUA)<br \/>\nInvestigador responsable: Antonio Fern\u00e1ndez Caballero<\/p>\n<p>\u2022 User interface eXtensible Mark-up Language (27\/07\/2011 &#8211; 26\/07\/2013) 37.049 \u20ac<br \/>\nEntidad financiadora: Avanza I+D (TSI-020400-2011-20)<br \/>\nEntidades participantes: Bilbom\u00e1tica, Vector SF, Prodevelop, Symbia it, Universidad Polit\u00e9cnica de Valencia<br \/>\nInvestigador responsable: Victor L\u00f3pez-Jaquero<\/p>\n<p>\u2022 Ingenieria conducida por modelos para el desarrollo de sistemas multisensoriales de vigilancia (01\/04\/2009 &#8211; 31\/03\/12); Importe: 90.000 \u20ac<br \/>\nEntidad financiadora: JCCM (PII2I09-0069-0094)<br \/>\nInvestigador responsable: Antonio Fernandez Caballero<\/p>\n<p>\u2022 Aplicaci\u00f3n de tecnolog\u00edas l\u00edder a aeronaves no tripuladas para la Investigaci\u00f3n y Desarrollo en ATM (ATLANTIDA) (07\/09\/2007 &#8211; 31\/12\/2010); Importe: 477.818,19 \u20ac<br \/>\nEntidad financiadora: CDTI, Programa CENIT<br \/>\nEntidades participantes: Boeing Research &amp; Technology Europe, S.L.; Indra; Gmv; Altran; Atos Origin; Tti; Isdefe; Iberia; Aernnova; Tcp; Insa; Aerovision;<br \/>\nInvestigador responsable: Luis Orozco Barbosa<\/p>\n<p>\u2022 DOLMEN\/Mejora en el desarrollo de objetos (1\/12\/2000 &#8211; 1\/12\/2003); Importe: 14.840.000 pts.<br \/>\nEntidad financiadora: CICYT (TIC 2000-1673-C06-06)<br \/>\nInvestigador responsable: Mario Piattini Velthuis<\/p>\n<p>\u2022 GEOZOCO \/ Estudio de interoperatividad en sistemas distribuidos: aplicaci\u00f3n a los sistemas de informaci\u00f3n geogr\u00e1fica (1\/12\/2000 &#8211; 1\/12\/2003); Importe: 6.700.000 pts.<br \/>\nEntidad financiadora: CICYT (TIC 2000-1106-C02-02)<br \/>\nInvestigador responsable: Jes\u00fas Garc\u00eda-Consuegra Bleda<\/p>\n<p>\u2022 Intervenci\u00f3n en educaci\u00f3n infantil y primaria, mediante material l\u00fadico did\u00e1ctico PRISMAKER, para la optimizaci\u00f3n del desarrollo (1\/01\/2000 &#8211; 31\/12\/2001); Importe: 25.641.000 pts.<br \/>\nEntidad financiadora: Cofinanciado con Fondos FEDER y CICYT (ref. 1FD97-1017)<br \/>\nEntidades participantes: PRIMAKER SYSTEM<br \/>\nInvestigador responsable: Juan Monta\u00f1es Rodr\u00edguez<\/p>\n<p>\u2022 Creaci\u00f3n de un sistema inform\u00e1tico integrado para an\u00e1lisis y mejora de datos de la raza ovina manchega (1\/04\/1999 &#8211; 31\/12\/2001); Importe: 15.332.000 pts.<br \/>\nEntidad financiadora: Cofinanciado con Fondos FEDER y CICYT (ref. 1FD97-0678-C02-02)<br \/>\nEntidades participantes: CERSYRA,AGRAMA<br \/>\nInvestigador responsable: Fernando Cuartero G\u00f3mez<\/p>\n<p>\u2022 Dise\u00f1o de un Sistema Telem\u00e1tico con tecnolog\u00eda Internet para An\u00e1lisis de Datos Distribuidos (1\/03\/1999 &#8211; 31\/12\/1999); Importe: 6.170.000 pts.<br \/>\nEntidad financiadora: Junta de Comunidades de Castilla-La Mancha y Fondo Social Europeo<br \/>\nInvestigador responsable: Jos\u00e9 Luis S\u00e1nchez Garc\u00eda<\/p>\n<p>\u2022 Ampliaci\u00f3n del proyecto Telem\u00e9dico Hospitalario en Castilla-La Mancha (1\/03\/1999 &#8211; 31\/12\/1999); Importe: 9.205.000 pts.<br \/>\nEntidad financiadora: Junta de Comunidades de Castilla-La Mancha y Fondo Social Europeo<br \/>\nEntidades participantes: Cl\u00ednicas Recoletas<br \/>\nInvestigador responsable: Antonio Garrido del Solo<\/p>\n<p>\u2022 Desarrollo de una red de estaciones de trabajo de altas prestaciones y bajo coste (1\/08\/1997 &#8211; 1\/08\/2000); Importe: 11.200.000 pts.<br \/>\nEntidad financiadora: CICYT (TIC97-0897-C04-03)<br \/>\nInvestigador responsable: Francisco Jos\u00e9 Quiles Flor<\/p>\n<p>\u2022 Desarrollo de t\u00e9cnicas de encaminamiento adaptativo. Aplicaci\u00f3n a redes de interconexi\u00f3n para computadores masivamente paralelos (5\/04\/94 -19\/05\/97); Importe: 7.920.000 pts.<br \/>\nEntidad financiadora: CICYT (TIC94-0510-C02-02)<br \/>\nInvestigador responsable: Jos\u00e9 Manuel Garc\u00eda Carrasco<\/p>\n<p>\u2022 \u00c1mbito distribuido para aplicaciones de sistemas de informaci\u00f3n geogr\u00e1fica (1\/01\/2003 &#8211; 31\/12\/2004)<br \/>\nEntidad financiadora: Fondos FEDER Infraestructura Cient\u00edfica (UNCM03-23-054-2)<br \/>\nInvestigador responsable: Jes\u00fas Garc\u00eda-Consuegra.<\/p>\n<p>\u2022 Equipo para modelado y evaluaci\u00f3n de redes avanzadas (1\/01\/2002 &#8211; 31\/12\/2003)<br \/>\nEntidad financiadora: Fondos FEDER Infraestructura Cient\u00edfica (UNCM00-23-025) 2002-2003<br \/>\nInvestigador responsable: Antonio Garrido.<\/p>\n","protected":false},"excerpt":{"rendered":"<p>\u2022 Gemelos digitales humanos para fomentar un comportamiento prosocial (16\/10\/2023- 15\/10\/2026); Importe: 119.500 \u20ac Entidad financiadora: MCIN \/AEI \/10.13039\/501100011033-FEDER \u00a0(PID2022-PID2022-140907OB-I00) Investigador responsable: V\u00edctor L\u00f3pez L\u00f3pez, Francisco Montero Simarro \u2022 Reconfigurable heterogeneous highly parallel processing platform for safe and secure AI (31\/12\/2022-31\/07\/2026);Importe: 162.795\u20ac Entidad financiadora: HORIZON-KDT-JU-2021-2-RIA(101097224) MCIN\/AEI\/10.13039\/501100011033 (PCI2022-135043-2) Investigador responsable: Arturo S. Garc\u00eda Jim\u00e9nez \u2022 Design &hellip; <a href=\"https:\/\/blog.uclm.es\/pascualgonzalez\/miembro-de-equipo-investigador\/\" class=\"more-link\">Seguir leyendo <span class=\"screen-reader-text\">Miembro del Equipo de Investigaci\u00f3n<\/span> <span class=\"meta-nav\">&rarr;<\/span><\/a><\/p>\n","protected":false},"author":113,"featured_media":0,"parent":0,"menu_order":0,"comment_status":"closed","ping_status":"closed","template":"","meta":{"footnotes":""},"class_list":["post-93","page","type-page","status-publish","hentry"],"_links":{"self":[{"href":"https:\/\/blog.uclm.es\/pascualgonzalez\/wp-json\/wp\/v2\/pages\/93","targetHints":{"allow":["GET"]}}],"collection":[{"href":"https:\/\/blog.uclm.es\/pascualgonzalez\/wp-json\/wp\/v2\/pages"}],"about":[{"href":"https:\/\/blog.uclm.es\/pascualgonzalez\/wp-json\/wp\/v2\/types\/page"}],"author":[{"embeddable":true,"href":"https:\/\/blog.uclm.es\/pascualgonzalez\/wp-json\/wp\/v2\/users\/113"}],"replies":[{"embeddable":true,"href":"https:\/\/blog.uclm.es\/pascualgonzalez\/wp-json\/wp\/v2\/comments?post=93"}],"version-history":[{"count":5,"href":"https:\/\/blog.uclm.es\/pascualgonzalez\/wp-json\/wp\/v2\/pages\/93\/revisions"}],"predecessor-version":[{"id":686,"href":"https:\/\/blog.uclm.es\/pascualgonzalez\/wp-json\/wp\/v2\/pages\/93\/revisions\/686"}],"wp:attachment":[{"href":"https:\/\/blog.uclm.es\/pascualgonzalez\/wp-json\/wp\/v2\/media?parent=93"}],"curies":[{"name":"wp","href":"https:\/\/api.w.org\/{rel}","templated":true}]}}