{"id":85,"date":"2018-08-30T13:16:22","date_gmt":"2018-08-30T12:16:22","guid":{"rendered":"http:\/\/blog.uclm.es\/pascualgonzalez\/?page_id=85"},"modified":"2026-03-23T19:33:46","modified_gmt":"2026-03-23T18:33:46","slug":"proyectos-como-ip","status":"publish","type":"page","link":"https:\/\/blog.uclm.es\/pascualgonzalez\/proyectos-como-ip\/","title":{"rendered":"Investigador Principal"},"content":{"rendered":"<blockquote><p><strong>Europeos<\/strong><\/p><\/blockquote>\n<p>\u2022 Enhancing user interface design. UsiXML (01\/10\/2009 &#8211; 28\/02\/2012)<br \/>\nEntidad financiadora: EUREKA-ITEA2 (08026)<br \/>\nEntidades participantes: A\u00e9rodrones, Baum Engineering,CSB Hanse, Company for Software and Development, DAI-Labor, DefiMedia, ErgoSign, Gostai, Informatics-Telematics Inst., Inst. T\u00e9l\u00e9com, LIP6,Namahn, OutSystems, ProDevelop, See &amp; Touch, SIV AG, Telef\u00f3nica I+D, Thales, Univ. Castilla-La Mancha, Univ. Madeira, Univ. Polit\u00e9cnica de Valencia, Univ. Joseph Fourier, Univ. Catholique de Louvain, Univ. Namur,Univ. Paderborn, Univ. Rostock,VRSense<br \/>\nInvestigador responsable: Pascual Gonz\u00e1lez L\u00f3pez<\/p>\n<p>\u2022 MyMobileWeb: Advanced technologies enabling multi-device mobile access to current and future web applications, services and information portals (01\/01\/2007 &#8211; 31\/12\/2009)<br \/>\nEntidad financiadora: EUREKA-CELTIC (ID: CP4-020)<br \/>\nEntidades participantes: Telef\u00f3nica I+D; Telef\u00f3nica M\u00f3viles; GERMINUS XXI; INTERNET WEB SERVIES; ANSWARETECH; YACO; Fundaci\u00f3n CTIC; Universidad Polit\u00e9cnica de Madrid, Tisco<br \/>\nInvestigador responsable: Pascual Gonz\u00e1lez L\u00f3pez<\/p>\n<blockquote><p><strong>Nacionales<\/strong><\/p><\/blockquote>\n<p>\u2022 Arquitectura y tecnolog\u00edas post-wimp para el desarrollo de entornos virtuales sociales, multi-sensoriales y adaptativos en tele-rehabilitaci\u00f3n (01\/01\/2017 &#8211; 31\/12\/2019); Importe: 90.900 \u20ac<br \/>\nEntidad financiadora: Ministerio de Econom\u00eda y Competitividad (TIN2016-79100-R)<br \/>\nInvestigadores responsables: Pascual Gonz\u00e1lez L\u00f3pez, Elena Navarro Mart\u00ednez<\/p>\n<p>\u2022 Ampliando UsiXML para el desarrollo de interfaces de usuario post-wimp (01\/01\/2013 &#8211; 31\/12\/2015); Importe: 130.900 \u20ac<br \/>\nEntidad financiadora: Ministerio de Econom\u00eda y Competitividad (TIN2012-34003)<br \/>\nInvestigador responsable: Pascual Gonz\u00e1lez L\u00f3pez<\/p>\n<p>\u2022 Calidad, adaptaci\u00f3n y nuevos paradigmas aplicados a sistemas colaborativos (01\/01\/2009 &#8211; 31\/12\/2012); Importe: 102.000 \u20ac<br \/>\nEntidad financiadora: Ministerio de Ciencia e Innovaci\u00f3n (TIN2008-06596-C02-01)<br \/>\nEntidades participantes: Universidad de Granada, Universidad de Lleida<br \/>\nInvestigador responsable: Pascual Gonz\u00e1lez L\u00f3pez<\/p>\n<p>\u2022 ADACO\/ Entornos colaborativos: metodolog\u00edas de desarrollo de interfaces adaptativas (COMEDIA) (13\/12\/2004 &#8211; 31\/12\/2007); Importe: 55.200,00 \u20ac<br \/>\nEntidad financiadora: CICYT (TIN2004-08000-C03-01)<br \/>\nEntidades participantes: Universidad de Granada, Universidad de Lleida<br \/>\nInvestigador responsable: Pascual Gonz\u00e1lez L\u00f3pez<\/p>\n<p>\u2022 MyMobileWeb: Advanced technologies enabling multi-device mobile access to current and future web applications, services and information portals (25\/06\/2007 &#8211; 31\/03\/2011) ; Importe: 75.000,00 \u20ac ; 43.000 \u20ac; 21.302 \u20ac; 16.207 \u20ac<br \/>\nEntidad financiadora: PROFIT (FIT-350405-2007-1); AvanzaI+D (TSI-020301-2008-25); AvanzaI+D (TSI-020301-2009-14); AvanzaCompetitividadI+D+I (TSI-020400-2010-118)<br \/>\nEntidades participantes: Telef\u00f3nica I+D; Telef\u00f3nica M\u00f3viles; GERMINUS XXI; Internet web servies; ANSWARETECH; YACO; Fundaci\u00f3n CTIC; Universidad Polit\u00e9cnica de Madrid<br \/>\nInvestigador responsable: Pascual Gonz\u00e1lez L\u00f3pez<\/p>\n<p>\u2022 7th International Conference on Computer Aided Design on User Interface (01\/01\/2008 &#8211; 22\/12\/2008) ; Importe: 12.000 \u20ac<br \/>\nEntidad financiadora: Ministerio de Ciencia e Innovaci\u00f3n (TIN2008-02066-E)<br \/>\nInvestigador responsable: Pascual Gonz\u00e1lez L\u00f3pez<\/p>\n<p>\u2022 IX Congreso Internacional de Interacci\u00f3n Persona-Ordenador (01\/01\/2008 &#8211; 22\/12\/2008) ; Importe: 3.000 \u20ac<br \/>\nEntidad financiadora: Ministerio de Ciencia e Innovaci\u00f3n (TIN2008-00797-E)<br \/>\nInvestigador responsable: Pascual Gonz\u00e1lez L\u00f3pez<\/p>\n<blockquote><p><strong>Regionales<\/strong><\/p><\/blockquote>\n<p>\u2022 A framework for developing federated digital twins to pursue the society 5.0 (01\/09\/2025 &#8211; 31\/08\/2028): Importe: 113.218,59 \u20ac<br \/>\nEntidad financiadora: Junta de Comunidades de Castilla-La Mancha-FEDER (SBPLY\/24\/180225\/000020)<br \/>\nInvestigadores responsables: Elena Navarro, Pascual Gonz\u00e1lez<\/p>\n<p>\u2022 A holistic approach to domain independent development of digital twins (01\/09\/2025 &#8211; 31\/08\/2026); Importe: 90.136,28 \u20ac<br \/>\nEntidad financiadora: Universidad de Castilla-La Mancha-FEDER (2025-GRIN-38441)<br \/>\nInvestigadores responsables: Pascual Gonz\u00e1lez L\u00f3pez<\/p>\n<p>\u2022 Dise\u00f1o centrado en el usuario de drones asistenciales mediante gemelos digitales (01\/09\/2022 &#8211; 31\/08\/2025); Importe: 116.803 \u20ac<br \/>\nEntidad financiadora: Junta de Comunidades de Castilla-La Mancha-FEDER (SBPLY\/21\/180501\/000030)<br \/>\nInvestigadores responsables: Pascual Gonz\u00e1lez L\u00f3pez, Rafael Morales Herrera<\/p>\n<p>\u2022 Paradigmas de interacci\u00f3n para la nueva era de resiliencia digital (01\/04\/2023 &#8211; 31\/03\/2025); Importe: 60.820 \u20ac<br \/>\nEntidad financiadora: Universidad de Castilla-La Mancha-FEDER (2022-GRIN-34436)<br \/>\nInvestigadores responsables: Pascual Gonz\u00e1lez L\u00f3pez<\/p>\n<p>\u2022 Nuevos entornos y paradigmas de interacci\u00f3n (01\/04\/2009 &#8211; 31\/12\/2012); Importe: 180.000 \u20ac<br \/>\nEntidad financiadora: JCCM (PEII09-0054-9581)<br \/>\nInvestigador responsable: Pascual Gonz\u00e1lez L\u00f3pez<\/p>\n<p>\u2022 Moodle Mobile de la Mancha (27\/07\/2010 &#8211; 26\/07\/2012); Importe: 12.000 \u20ac<br \/>\nEntidad financiadora: JCCM (Proyectos de innovaci\u00f3n e investigaci\u00f3n. Programa IV convenio cooperaci\u00f3n UCLM-JCCM)<br \/>\nInvestigador responsable: Pascual Gonz\u00e1lez L\u00f3pez<\/p>\n<p>\u2022 Entornos virtuales colaborativos aplicados a sistemas de aprendizaje( 09\/04\/2006 &#8211; 31\/12\/2008); Importe: 101.980,00 \u20ac<br \/>\nEntidad financiadora: JCCM (PAI06-0093-8836)<br \/>\nEntidades participantes: Universidad Miguel Hern\u00e1ndez<br \/>\nInvestigador responsable: Pascual Gonz\u00e1lez L\u00f3pez<\/p>\n<p>\u2022 Nuevas t\u00e9cnicas de interacci\u00f3n: realidad virtual y visi\u00f3n por computador (1\/04\/2005 &#8211; 31\/12\/2007); Importe: 130.092,34 \u20ac<br \/>\nEntidad financiadora: Fondos FEDER Infraestructura Cient\u00edfica (UNCM05-23-050)<br \/>\nInvestigador responsable: Pascual Gonz\u00e1lez L\u00f3pez<\/p>\n<p>\u2022 Metodolog\u00edas de desarrollo de Interfaces de usuario din\u00e1micas (1\/01\/2003 &#8211; 31\/12\/2005); Importe: 78.000,00 \u20ac<br \/>\nEntidad financiadora: Junta de Comunidades de Castilla-La Mancha (PBC-03-003)<br \/>\nEntidades participantes: Universidad Polit\u00e9cnica de Valencia, Universidad Miguel Hern\u00e1ndez<br \/>\nInvestigador responsable: Pascual Gonz\u00e1lez L\u00f3pez<\/p>\n<p>\u2022 Red de estaciones de trabajo para gesti\u00f3n de aplicaciones de realidad virtual (1\/08\/2002 &#8211; 31\/12\/2003); Importe: 125.010,52 \u20ac<br \/>\nEntidad financiadora: Fondos FEDER Infraestructura Cient\u00edfica<br \/>\nInvestigador responsable: Pascual Gonz\u00e1lez L\u00f3pez<\/p>\n<p>\u2022 Intervenci\u00f3n en educaci\u00f3n infantil y primaria, mediante material l\u00fadico did\u00e1ctico VIRTUAL-PRISMAKER (1\/01\/2001 &#8211; 31\/12\/2001); Importe: 6.500.000 pts.<br \/>\nEntidad financiadora: Junta de Comunidades de Castilla-La Mancha y el Fondo Social Europeo. (2000020264)<br \/>\nEntidades participantes: PRIMAKER SYSTEM, S.L.<br \/>\nInvestigador responsable: Pascual Gonz\u00e1lez L\u00f3pez<\/p>\n<p>\u2022 Estudio de Metodolog\u00edas de Dise\u00f1o de Interfaces de Usuario en Entornos Distribuidos y Portables (1\/01\/2001 &#8211; 31\/12\/2001); Importe: 500.000 pts.<br \/>\nEntidad financiadora: Universidad de Castilla-La Mancha. (011.1255)<br \/>\nInvestigador responsable: Pascual Gonz\u00e1lez L\u00f3pez<\/p>\n<p>\u2022 Gesti\u00f3n de explotaciones ganaderas (1\/07\/2000 &#8211; 31\/3\/2001); Importe: 6.896.551 pts.<br \/>\nEntidad financiadora: Junta de Comunidades de Castilla-La Mancha<br \/>\nInvestigador responsable: Pascual Gonz\u00e1lez L\u00f3pez<\/p>\n","protected":false},"excerpt":{"rendered":"<p>Europeos \u2022 Enhancing user interface design. UsiXML (01\/10\/2009 &#8211; 28\/02\/2012) Entidad financiadora: EUREKA-ITEA2 (08026) Entidades participantes: A\u00e9rodrones, Baum Engineering,CSB Hanse, Company for Software and Development, DAI-Labor, DefiMedia, ErgoSign, Gostai, Informatics-Telematics Inst., Inst. T\u00e9l\u00e9com, LIP6,Namahn, OutSystems, ProDevelop, See &amp; Touch, SIV AG, Telef\u00f3nica I+D, Thales, Univ. Castilla-La Mancha, Univ. Madeira, Univ. Polit\u00e9cnica de Valencia, Univ. Joseph &hellip; <a href=\"https:\/\/blog.uclm.es\/pascualgonzalez\/proyectos-como-ip\/\" class=\"more-link\">Seguir leyendo <span class=\"screen-reader-text\">Investigador Principal<\/span> <span class=\"meta-nav\">&rarr;<\/span><\/a><\/p>\n","protected":false},"author":113,"featured_media":0,"parent":0,"menu_order":0,"comment_status":"closed","ping_status":"closed","template":"","meta":{"footnotes":""},"class_list":["post-85","page","type-page","status-publish","hentry"],"_links":{"self":[{"href":"https:\/\/blog.uclm.es\/pascualgonzalez\/wp-json\/wp\/v2\/pages\/85","targetHints":{"allow":["GET"]}}],"collection":[{"href":"https:\/\/blog.uclm.es\/pascualgonzalez\/wp-json\/wp\/v2\/pages"}],"about":[{"href":"https:\/\/blog.uclm.es\/pascualgonzalez\/wp-json\/wp\/v2\/types\/page"}],"author":[{"embeddable":true,"href":"https:\/\/blog.uclm.es\/pascualgonzalez\/wp-json\/wp\/v2\/users\/113"}],"replies":[{"embeddable":true,"href":"https:\/\/blog.uclm.es\/pascualgonzalez\/wp-json\/wp\/v2\/comments?post=85"}],"version-history":[{"count":3,"href":"https:\/\/blog.uclm.es\/pascualgonzalez\/wp-json\/wp\/v2\/pages\/85\/revisions"}],"predecessor-version":[{"id":726,"href":"https:\/\/blog.uclm.es\/pascualgonzalez\/wp-json\/wp\/v2\/pages\/85\/revisions\/726"}],"wp:attachment":[{"href":"https:\/\/blog.uclm.es\/pascualgonzalez\/wp-json\/wp\/v2\/media?parent=85"}],"curies":[{"name":"wp","href":"https:\/\/api.w.org\/{rel}","templated":true}]}}