{"id":79,"date":"2018-08-29T18:08:06","date_gmt":"2018-08-29T17:08:06","guid":{"rendered":"http:\/\/blog.uclm.es\/pascualgonzalez\/?page_id=79"},"modified":"2025-03-12T20:36:10","modified_gmt":"2025-03-12T19:36:10","slug":"transferencia","status":"publish","type":"page","link":"https:\/\/blog.uclm.es\/pascualgonzalez\/transferencia\/","title":{"rendered":"Transferencia"},"content":{"rendered":"<blockquote><p><strong>SPIN-OFF<\/strong><\/p><\/blockquote>\n<p>Socio fundador (2008) y presidente del Consejo de Adminsitraci\u00f3n (2012), de la Spin-off Symbia-IT<\/p>\n<blockquote><p><strong>Contratos<\/strong><\/p><\/blockquote>\n<p>\u2022 Desarrollo de sistema de monitorizaci\u00f3n para empresa de cuchiller\u00eda<br \/>\nEntidad financiadora: MART\u00cdNEZ Y GASC\u00d3N, S.A. (16\/10\/2018-16\/05\/2019) 18. Importe: 102.487,00 \u20ac<br \/>\nInvestigador responsable: Rafael Morales Herrera<\/p>\n<p>\u2022 Apoyo a las actividades I+D para sistema de monitorizaci\u00f3n en empresa de cuchiller\u00eda<br \/>\nEntidad financiadora: MART\u00cdNEZ Y GASC\u00d3N, S.A. (18\/01\/2017 &#8211; 18\/05\/2017); Importe: 8.099,17 \u20ac<br \/>\nInvestigador responsable: Rafael Morales Herrera<\/p>\n<p>\u2022 The cybercopter platform and widget catalog. Virtual cockpit<br \/>\nEntidad financiadora: EUROCOPTER Espa\u00f1a (10\/02\/2010 &#8211; 31\/03\/2011); Importe: 210.121,82 \u20ac<br \/>\nInvestigador responsable: Jos\u00e9 Pascual Molina Mass\u00f3<\/p>\n<p>\u2022 Widget catalog development<br \/>\nEntidad financiadora: EUROCOPTER Espa\u00f1a (22\/07\/2009 &#8211; 31\/12\/2010); Importe: 69.201,82 \u20ac<br \/>\nInvestigador responsable: Jos\u00e9 Pascual Molina Mass\u00f3<\/p>\n<p>\u2022 External equipment integration activities<br \/>\nEntidad financiadora: EUROCOPTER Espa\u00f1a (02\/03\/2009 &#8211; 30\/06\/2009); Importe: 8.545,35 \u20ac<br \/>\nInvestigador responsable: Pascual Gonz\u00e1lez L\u00f3pez<\/p>\n<p>\u2022 DMAP application<br \/>\nEntidad financiadora: EUROCOPTER Espa\u00f1a (14\/03\/2008 &#8211; 31\/01\/2009); Importe: 61.152 \u20ac<br \/>\nInvestigador responsable: Pascual Gonz\u00e1lez L\u00f3pez<\/p>\n<p>\u2022 MCDU simulator development<br \/>\nEntidad financiadora: EUROCOPTER Espa\u00f1a (14\/03\/2008 &#8211; 31\/01\/2009); Importe: 61.152 \u20ac<br \/>\nInvestigador responsable: Pascual Gonz\u00e1lez L\u00f3pez<\/p>\n<p>\u2022 3D-TV<br \/>\nEntidad financiadora: Unimedia Desarrollos Multimedia, S.L. (01\/10\/2006 &#8211; 31\/03\/2007); Importe: 3.527 \u20ac<br \/>\nInvestigador responsable: Pascual Gonz\u00e1lez L\u00f3pez<\/p>\n<p>\u2022 Dise\u00f1o e implementaci\u00f3n de un sistema de comunicaci\u00f3n v\u00eda web entre los Colegios Oficiales de Ingenier\u00eda T\u00e9cnica Industrial de Castilla-La Mancha.<br \/>\nEntidad financiadora: Colegio oficial de Ingenieros T\u00e9cnicos Industriales (1\/10\/01 &#8211; 31\/06\/02); Importe: 21.035 \u20ac<br \/>\nInvestigador responsable: Pascual Gonz\u00e1lez L\u00f3pez<\/p>\n<p>\u2022 Curso de formaci\u00f3n en los m\u00f3dulos de la Suite Office 2000 de Microsoft.<br \/>\nEntidad financiadora: Maestranza A\u00e9rea de Albacete (5\/11\/01 &#8211; 31\/11\/01); Importe: 8.414 \u20ac<br \/>\nInvestigador responsable: Pascual Gonz\u00e1lez L\u00f3pez<\/p>\n<p>\u2022 Sistema Inform\u00e1tico para la Gesti\u00f3n de las Personas con Minusval\u00eda Ps\u00edquica<br \/>\nEntidad financiadora: FAPMAN (5\/07\/96 &#8211; 31\/01\/97); Importe: 25.242 \u20ac<br \/>\nInvestigador responsable: Pascual Gonz\u00e1lez L\u00f3pez<\/p>\n<blockquote><p><strong>Patentes<\/strong><\/p><\/blockquote>\n<p>1.- Inventors: Oscar Ciudad Ceprian, Jonathan Mart\u00ednez Mu\u00f1oz, Antonio Jos\u00e9 L\u00f3pez S\u00e1nchez, Arturo Garc\u00eda Jim\u00e9nez, Jos\u00e9 Pascual Molina Mass\u00f3, Pascual Gonz\u00e1lez L\u00f3pez<\/p>\n<p>VIRTUAL MOCK UP WITH HAPTIC HAND HELD AID<\/p>\n<p>Patent Number : EP264238 date: 02\/02\/2012<\/p>\n<p>N. Applic.: EP12380006.2 -1222 \/ 2624238A1<\/p>\n<p>Owner: EUROCOPTER ESPA\u00d1A (Airbus Helicopters Espa\u00f1a S.A.)<br \/>\nCountries: AL, AT, BE, BG, CH, CY, CZ, DE, DK, EE, ES, FI, FR, GB, GR, HR, HU, IE, IS, IT ,LI, LU, LV, MC, MK, MT, NL, NO, PL, PT, RO, RS, SE, SI, SK, SM, TR<\/p>\n<p>2.- Inventors: Rafael Morales Herrera; Alejandro Lucas Borja; Antonio Fern\u00e1ndez Caballero; Pascual Gonz\u00e1lez L\u00f3pez; Jonatan Mart\u00ednez Mu\u00f1oz, Rub\u00e9n Ib\u00e1\u00f1ez Mart\u00ednez,<\/p>\n<p>SYSTEM FOR MONITORING THE USE OF HAND TOOLS, HAND TOOL, AND METHOD FOR THE MONITORING OF HAND TOOLS<\/p>\n<p>Patent Number : ES2844589A1 &#8211; EP4095777A1 date: 21\/01\/2021<\/p>\n<p>N. Applic.:\u00a0 EP21708712.1\u00a0 \u00a021.01.2021 \/ 4095777A1<\/p>\n<p>Owner: Mart\u00ednez y Gasc\u00f3n . S.A<br \/>\nCountries: AL, AT, BE, BG, CH, CY, CZ, DE, DK, EE, ES, FI, FR, GB, GR, HR, HU, IE, IS, IT ,LI, LU, LV, MC, MK, MT, NL, NO, PL, PT, RO, RS, SE, SI, SK, SM, TR<\/p>\n","protected":false},"excerpt":{"rendered":"<p>SPIN-OFF Socio fundador (2008) y presidente del Consejo de Adminsitraci\u00f3n (2012), de la Spin-off Symbia-IT Contratos \u2022 Desarrollo de sistema de monitorizaci\u00f3n para empresa de cuchiller\u00eda Entidad financiadora: MART\u00cdNEZ Y GASC\u00d3N, S.A. (16\/10\/2018-16\/05\/2019) 18. Importe: 102.487,00 \u20ac Investigador responsable: Rafael Morales Herrera \u2022 Apoyo a las actividades I+D para sistema de monitorizaci\u00f3n en empresa de &hellip; <a href=\"https:\/\/blog.uclm.es\/pascualgonzalez\/transferencia\/\" class=\"more-link\">Seguir leyendo <span class=\"screen-reader-text\">Transferencia<\/span> <span class=\"meta-nav\">&rarr;<\/span><\/a><\/p>\n","protected":false},"author":113,"featured_media":0,"parent":0,"menu_order":0,"comment_status":"closed","ping_status":"closed","template":"","meta":{"footnotes":""},"class_list":["post-79","page","type-page","status-publish","hentry"],"_links":{"self":[{"href":"https:\/\/blog.uclm.es\/pascualgonzalez\/wp-json\/wp\/v2\/pages\/79","targetHints":{"allow":["GET"]}}],"collection":[{"href":"https:\/\/blog.uclm.es\/pascualgonzalez\/wp-json\/wp\/v2\/pages"}],"about":[{"href":"https:\/\/blog.uclm.es\/pascualgonzalez\/wp-json\/wp\/v2\/types\/page"}],"author":[{"embeddable":true,"href":"https:\/\/blog.uclm.es\/pascualgonzalez\/wp-json\/wp\/v2\/users\/113"}],"replies":[{"embeddable":true,"href":"https:\/\/blog.uclm.es\/pascualgonzalez\/wp-json\/wp\/v2\/comments?post=79"}],"version-history":[{"count":2,"href":"https:\/\/blog.uclm.es\/pascualgonzalez\/wp-json\/wp\/v2\/pages\/79\/revisions"}],"predecessor-version":[{"id":683,"href":"https:\/\/blog.uclm.es\/pascualgonzalez\/wp-json\/wp\/v2\/pages\/79\/revisions\/683"}],"wp:attachment":[{"href":"https:\/\/blog.uclm.es\/pascualgonzalez\/wp-json\/wp\/v2\/media?parent=79"}],"curies":[{"name":"wp","href":"https:\/\/api.w.org\/{rel}","templated":true}]}}